{"id":160172,"date":"2025-11-21T11:12:31","date_gmt":"2025-11-21T10:12:31","guid":{"rendered":"https:\/\/secureus.se\/?post_type=product&#038;p=160172"},"modified":"2026-04-09T11:18:26","modified_gmt":"2026-04-09T09:18:26","slug":"axis-m5526-e-50-hz-4mp-ptz-dome-kamera-inomhus-och-utomhus-10x-zoom-och-focus-recall","status":"publish","type":"product","link":"https:\/\/secureus.se\/dk\/axis-m5526-e-50-hz-4mp-ptz-dome-kamera-inomhus-och-utomhus-10x-zoom-och-focus-recall\/","title":{"rendered":"AXIS M5526-E 50 Hz 4MP PTZ Dome-kamera, indend\u00f8rs og udend\u00f8rs, 10x zoom og fokusgenkaldelse"},"content":{"rendered":"<h1>AXIS M5526-E 50 Hz 4MP PTZ Dome-kamera, indend\u00f8rs og udend\u00f8rs, 10x zoom og fokusgenkaldelse<\/h1>\n<p class=\"ds-markdown-paragraph\">AXIS M5526-E PTZ-kameraet er et alsidigt og intelligent domekamera, der kombinerer avanceret PTZ-funktionalitet med AI-baseret analyse til en overkommelig pris.<\/p>\n<p class=\"ds-markdown-paragraph\">Den er designet til b\u00e5de indend\u00f8rs og udend\u00f8rs brug og leverer enest\u00e5ende billedkvalitet og smarte funktioner til en bred vifte af overv\u00e5gningsbehov.<\/p>\n<p class=\"ds-markdown-paragraph\"><strong>Enest\u00e5ende billedkvalitet og PTX-ydeevne<\/strong><br \/>\nKameraets 4 MP-sensor og 10x optiske zoom (i alt 120x med digital zoom) giver dig mulighed for at optage klare og detaljerede billeder, uanset om du har et overblik eller har brug for at zoome ind p\u00e5 en specifik begivenhed.<\/p>\n<p class=\"ds-markdown-paragraph\">Den tilbyder kontinuerlig 360\u00b0 panorering og hurtig, p\u00e5lidelig autofokus (inklusive &quot;Focus Recall&quot;), der sikrer skarphed hver gang. For at h\u00e5ndtere udfordrende lysforhold er den udstyret med Forensic WDR (op til 120 dB) og Lightfinder 2.0-teknologi, der giver klare farvebilleder selv i scenarier med st\u00e6rkt baglys eller i n\u00e6sten m\u00f8rke.<\/p>\n<p class=\"ds-markdown-paragraph\"><strong>AI-baseret analyse til proaktiv sikkerhed<\/strong><br \/>\nM5526-E er bygget p\u00e5 det kraftfulde ARTPEC-8-chips\u00e6t og inkluderer en Deep Learning Processing Unit (DLPU) til avanceret analyse direkte i kameraet (ved kanten).<\/p>\n<p class=\"ds-markdown-paragraph\">Den forudinstallerede analytiker\u00a0<strong>AXIS Objektanalyse<\/strong>\u00a0kan ikke blot registrere, men ogs\u00e5 klassificere objekter s\u00e5som mennesker og forskellige typer k\u00f8ret\u00f8jer (biler, busser, lastbiler, motorcykler).<\/p>\n<p class=\"ds-markdown-paragraph\">Den underst\u00f8tter scenarier som linjeoverskridelse, omr\u00e5deindtr\u00e6ngning og bev\u00e6gelsesanalyse, hvilket muligg\u00f8r proaktive alarmer og smart s\u00f8gning i optagede optagelser.<\/p>\n<p class=\"ds-markdown-paragraph\"><strong>Robust konstruktion og f\u00f8rende cybersikkerhed<\/strong><br \/>\nMed beskyttelsesklasserne IP66 og IK09 kan kameraet modst\u00e5 elementerne og fysisk belastning, hvilket g\u00f8r det velegnet til installation i indgange, parkeringspladser, butikker og varehuse.<\/p>\n<p class=\"ds-markdown-paragraph\">Som et ekstra lag af sikkerhed inkluderer den den hardwarebaserede platform\u00a0<strong>Axis Edge Vault<\/strong>, som beskytter enhedens identitet og integritet gennem funktioner som sikker opstart og signeret video, hvilket forhindrer manipulation og sikrer, at beviserne er \u00e6gte.<\/p>\n<p class=\"ds-markdown-paragraph\"><strong>Softwareplatform og integration<\/strong><br \/>\nKameraet er en fuldt udstyret netv\u00e6rksenhed med underst\u00f8ttelse af flere videostreams i H.264 og H.265, inklusive Axis Zipstream, for at reducere b\u00e5ndbredde- og lagerkrav.<\/p>\n<p class=\"ds-markdown-paragraph\">Den integreres nemt med f\u00f8rende VMS-systemer via ONVIF-profiler (G, M, S, T) og Axis&#039; egne platforme s\u00e5som AXIS Camera Station. Indbyggede lyd- og I\/O-porte giver dig mulighed for at tilslutte eksterne enheder s\u00e5som mikrofoner, h\u00f8jttalere og sensorer.<\/p>\n<p class=\"ds-markdown-paragraph\"><strong>Resum\u00e9<\/strong><br \/>\nAXIS M5526-E PTZ-kameraet er et fremragende valg for dem, der leder efter et omkostningseffektivt, intelligent og alsidigt kamera, der fungerer b\u00e5de indend\u00f8rs og udend\u00f8rs.<\/p>\n<p class=\"ds-markdown-paragraph\">Kombinationen af h\u00f8j billedkvalitet, problemfri PTX-mobilitet, kraftfuld AI-analyse og robust cybersikkerhed g\u00f8r den til et p\u00e5lideligt valg til at beskytte dine aktiver og \u00f8ge situationsbevidstheden.<\/p>\n<p class=\"ds-markdown-paragraph\"><strong>Vigtige specifikationer:<\/strong><\/p>\n<ul>\n<li>\n<p class=\"ds-markdown-paragraph\"><strong>Sensor:<\/strong>\u00a01\/3\u2033 RGB CMOS, 4MP<\/p>\n<\/li>\n<li>\n<p class=\"ds-markdown-paragraph\"><strong>Objektiv:<\/strong>\u00a04,7\u201347 mm, F1,6\u20133,0, 10x optisk zoom<\/p>\n<\/li>\n<li>\n<p class=\"ds-markdown-paragraph\"><strong>PTX:<\/strong>\u00a0360\u00b0 kontinuerlig panorering, 90\u00b0 h\u00e6ldning<\/p>\n<\/li>\n<li>\n<p class=\"ds-markdown-paragraph\"><strong>Billedteknologi:<\/strong>\u00a0Retsmedicinsk WDR, Lightfinder 2.0<\/p>\n<\/li>\n<li>\n<p class=\"ds-markdown-paragraph\"><strong>Analyse:<\/strong>\u00a0AXIS Object Analytics (Personer, K\u00f8ret\u00f8jer) via DLPU<\/p>\n<\/li>\n<li>\n<p class=\"ds-markdown-paragraph\"><strong>Cybersikkerhed:<\/strong>\u00a0Axis Edge Vault<\/p>\n<\/li>\n<li>\n<p class=\"ds-markdown-paragraph\"><strong>Beskyttelsesklasse:<\/strong>\u00a0IP66, IK09<\/p>\n<\/li>\n<li>\n<p class=\"ds-markdown-paragraph\"><strong>Str\u00f8mforsyning:<\/strong>\u00a0PoE (IEEE 802.3af\/at) eller 24 V DC<\/p>\n<\/li>\n<li>\n<p class=\"ds-markdown-paragraph\"><strong>Garanti:<\/strong>\u00a05 \u00e5rs garanti<\/p>\n<\/li>\n<\/ul>\n<div class=\"sc-bczRLJ fySwpa\">\n<div class=\"sc-bczRLJ kEeNDb\"><\/div>\n<\/div>","protected":false},"excerpt":{"rendered":"<p class=\"ds-markdown-paragraph\">AXIS M5526-E er et kompakt og prisvenligt PTZ-domekamera til b\u00e5de indend\u00f8rs og udend\u00f8rs brug.<\/p>\n<p class=\"ds-markdown-paragraph\">Den leverer skarp billedkvalitet i 4 MP og har en kraftfuld 10x optisk zoom, der indfanger detaljerede n\u00e6rbilleder p\u00e5 afstand.<\/p>\n<p class=\"ds-markdown-paragraph\">Kameraet tilbyder kontinuerlig 360\u00b0 panorering og hurtig autofokus, der sikrer skarpe billeder i enhver position.<\/p>","protected":false},"featured_media":160169,"template":"","meta":{"_acf_changed":false},"product_brand":[],"product_cat":[4950],"product_tag":[],"class_list":{"0":"post-160172","1":"product","2":"type-product","3":"status-publish","4":"has-post-thumbnail","6":"product_cat-axis-domekameror","7":"pa_brands-axis","8":"pa_farg-vit","9":"tm-no-options","11":"first","12":"instock","13":"sale","14":"taxable","15":"shipping-taxable","16":"purchasable","17":"product-type-simple"},"acf":[],"_links":{"self":[{"href":"https:\/\/secureus.se\/dk\/wp-json\/wp\/v2\/product\/160172","targetHints":{"allow":["GET"]}}],"collection":[{"href":"https:\/\/secureus.se\/dk\/wp-json\/wp\/v2\/product"}],"about":[{"href":"https:\/\/secureus.se\/dk\/wp-json\/wp\/v2\/types\/product"}],"wp:featuredmedia":[{"embeddable":true,"href":"https:\/\/secureus.se\/dk\/wp-json\/wp\/v2\/media\/160169"}],"wp:attachment":[{"href":"https:\/\/secureus.se\/dk\/wp-json\/wp\/v2\/media?parent=160172"}],"wp:term":[{"taxonomy":"product_brand","embeddable":true,"href":"https:\/\/secureus.se\/dk\/wp-json\/wp\/v2\/product_brand?post=160172"},{"taxonomy":"product_cat","embeddable":true,"href":"https:\/\/secureus.se\/dk\/wp-json\/wp\/v2\/product_cat?post=160172"},{"taxonomy":"product_tag","embeddable":true,"href":"https:\/\/secureus.se\/dk\/wp-json\/wp\/v2\/product_tag?post=160172"}],"curies":[{"name":"wp","href":"https:\/\/api.w.org\/{rel}","templated":true}]}}