{"id":160176,"date":"2025-11-21T11:12:31","date_gmt":"2025-11-21T10:12:31","guid":{"rendered":"https:\/\/secureus.se\/?post_type=product&#038;p=160176"},"modified":"2026-04-09T11:18:21","modified_gmt":"2026-04-09T09:18:21","slug":"axis-q6075-e-60-hz-nm-dome-ptz-ip-kamera-hdtv-1080p-50-hz","status":"publish","type":"product","link":"https:\/\/secureus.se\/dk\/axis-q6075-e-60-hz-nm-dome-ptz-ip-kamera-hdtv-1080p-50-hz\/","title":{"rendered":"AXIS Q6075-E 60 Hz NM Dome PTZ IP-kamera, HDTV 1080p, 50 Hz"},"content":{"rendered":"<h1>AXIS Q6075-E 60 Hz NM Dome PTZ IP-kamera, HDTV 1080p, 50 Hz<\/h1>\n<p class=\"ds-markdown-paragraph\">AXIS Q6075-E PTZ-netv\u00e6rkskamera er et robust og kraftfuldt udend\u00f8rskamera designet til at opfylde kravene i omfattende overv\u00e5gningsscenarier.<\/p>\n<p class=\"ds-markdown-paragraph\">Med sin imponerende 40x optiske zoom og HDTV 1080p-opl\u00f8sning giver den b\u00e5de et bredt overblik og evnen til at identificere kritiske detaljer p\u00e5 afstand, hvilket g\u00f8r den ideel til at beskytte store omr\u00e5der s\u00e5som industriomr\u00e5der, parkeringspladser, havneomr\u00e5der og offentlige steder.<\/p>\n<p class=\"ds-markdown-paragraph\"><strong>Avanceret PTZ-ydeevne og intelligent sporing<\/strong><br \/>\nKameraets fysiske ydeevne er enest\u00e5ende og tilbyder hurtig og j\u00e6vn 360\u00b0 panorering og 220\u00b0 h\u00e6ldning med justerbare zoomhastigheder.<\/p>\n<p class=\"ds-markdown-paragraph\">Det mest fremtr\u00e6dende tr\u00e6k er\u00a0<strong>Automatisk sporing 2<\/strong>, som inkluderer &quot;klik og spor&quot;. Dette giver en operat\u00f8r mulighed for blot at klikke p\u00e5 et objekt i livevisningen, hvorefter kameraet automatisk begynder at spore dets bev\u00e6gelse.<\/p>\n<p class=\"ds-markdown-paragraph\">En &quot;orienteringshj\u00e6lp&quot; giver en visuel reference til hurtigt at forst\u00e5 kameraets retning i realtid.<\/p>\n<p class=\"ds-markdown-paragraph\"><strong>Enest\u00e5ende billedkvalitet under alle lysforhold<\/strong><br \/>\nAXIS Q6075-E er udstyret med\u00a0<strong>Axis Lightfinder 2.0<\/strong>teknologi, som sikrer, at kameraet producerer farverige, skarpe og brugbare billeder selv i situationer med meget svagt lys.<\/p>\n<p class=\"ds-markdown-paragraph\">Den h\u00e5ndterer ogs\u00e5 scenarier med h\u00f8j kontrast takket v\u00e6re Wide Dynamic Range (WDR) p\u00e5 op til 120 dB. Billedstabilisering (EIS) kompenserer for vibrationer og vind, hvilket resulterer i stabile videoklip.<\/p>\n<p class=\"ds-markdown-paragraph\"><strong>Indbygget analyse og banebrydende cybersikkerhed<\/strong><br \/>\nKameraet drives af et ARTPEC-7-chips\u00e6t med en Machine Learning Processing Unit (MLPU) til intelligent analyse i edge-omr\u00e5det.<\/p>\n<p class=\"ds-markdown-paragraph\">Den forudinstallerede\u00a0<strong>AXIS Objektanalyse<\/strong>\u00a0kan registrere personer og k\u00f8ret\u00f8jer og bruges i scenarier s\u00e5som linjeoverskridelse og indtr\u00e6den i forbudte zoner.<\/p>\n<p class=\"ds-markdown-paragraph\">For at beskytte systemets integritet har kameraet en hardwarebaseret sikkerhedsplatform\u00a0<strong>Axis Edge Vault<\/strong>\u00a0med et TPM 2.0-modul, der er\u00a0<strong>FIPS 140-2 niveau 2-certificeret<\/strong>.<\/p>\n<p class=\"ds-markdown-paragraph\">Dette sikrer sikker opstart, signeret firmware og beskytter kameraets identitet og data.<\/p>\n<p class=\"ds-markdown-paragraph\"><strong>Robust konstruktion til ekstreme udend\u00f8rsmilj\u00f8er<\/strong><br \/>\nMed et IP66\/IP67-klassificeret hus, NEMA 4X og IK10-klassificering er dette kamera bygget til at overleve og yde under ekstreme vejrforhold, herunder regn, st\u00f8v og fysisk belastning.<\/p>\n<p class=\"ds-markdown-paragraph\">Den er ogs\u00e5 designet til arktiske klimaer med en arktisk temperaturkontrol, der muligg\u00f8r start ned til -40\u00b0C.<\/p>\n<p class=\"ds-markdown-paragraph\">Den leveres med en dedikeret\u00a0<strong>Axis High PoE 60 W SFP midspan<\/strong>\u00a0for at sikre p\u00e5lidelig str\u00f8mforsyning over lange afstande.<\/p>\n<p class=\"ds-markdown-paragraph\"><strong>Resum\u00e9<\/strong><br \/>\nAXIS Q6075-E er et f\u00f8rsteklasses valg til professionelle udend\u00f8rsoverv\u00e5gningsbehov, hvor lang r\u00e6kkevidde, intelligent sporing og absolut p\u00e5lidelighed er afg\u00f8rende.<\/p>\n<p class=\"ds-markdown-paragraph\">Dens kombination af optisk kraft, avanceret billedbehandling, proaktiv analyse og uovertruffen holdbarhed g\u00f8r den til en hj\u00f8rnesten i moderne sikkerhedssystemer.<\/p>\n<p class=\"ds-markdown-paragraph\"><strong>Vigtige specifikationer:<\/strong><\/p>\n<ul>\n<li>\n<p class=\"ds-markdown-paragraph\"><strong>Sensor:<\/strong>\u00a01\/2,8\u2033 progressiv scanning CMOS<\/p>\n<\/li>\n<li>\n<p class=\"ds-markdown-paragraph\"><strong>Objektiv:<\/strong>\u00a04,25-170 mm, F1,6-4,95, 40x optisk zoom<\/p>\n<\/li>\n<li>\n<p class=\"ds-markdown-paragraph\"><strong>PTZ:<\/strong>\u00a0360\u00b0 panorering, 220\u00b0 h\u00e6ldning, Autotracking 2<\/p>\n<\/li>\n<li>\n<p class=\"ds-markdown-paragraph\"><strong>Billedteknologi:<\/strong>\u00a0Lightfinder 2.0, WDR (op til 120 dB)<\/p>\n<\/li>\n<li>\n<p class=\"ds-markdown-paragraph\"><strong>Analyse:<\/strong>\u00a0AXIS Objektanalyse (Mennesker, K\u00f8ret\u00f8jer)<\/p>\n<\/li>\n<li>\n<p class=\"ds-markdown-paragraph\"><strong>Cybersikkerhed:<\/strong>\u00a0Axis Edge Vault, TPM (FIPS 140-2 niveau 2)<\/p>\n<\/li>\n<li>\n<p class=\"ds-markdown-paragraph\"><strong>Beskyttelsesklasse:<\/strong>\u00a0IP66\/IP67, IK10, NEMA 4X<\/p>\n<\/li>\n<li>\n<p class=\"ds-markdown-paragraph\"><strong>Str\u00f8mforsyning:<\/strong>\u00a0Inkluderer 60W h\u00f8j PoE midspan<\/p>\n<\/li>\n<li>\n<p class=\"ds-markdown-paragraph\"><strong>Garanti:<\/strong>\u00a05 \u00e5rs garanti<\/p>\n<\/li>\n<\/ul>\n<div class=\"sc-bczRLJ fySwpa\">\n<div class=\"sc-bczRLJ kEeNDb\"><\/div>\n<\/div>","protected":false},"excerpt":{"rendered":"<p>AXIS Q6075-E er et h\u00f8jtydende PTZ-kamera til kr\u00e6vende udend\u00f8rsmilj\u00f8er.<\/p>\n<p>Den tilbyder skarpe billeder i HDTV 1080p og en exceptionel 40x optisk zoom, der lader dig optage detaljerede n\u00e6rbilleder p\u00e5 afstand.<\/p>\n<p>Kameraet er udstyret med den avancerede Autotracking 2-funktion med &quot;klik og spor&quot;, som automatisk sporer og f\u00f8lger objekter i bev\u00e6gelse for at sikre, at ingen vigtige begivenheder g\u00e5r glip af.<\/p>","protected":false},"featured_media":160173,"template":"","meta":{"_acf_changed":false},"product_brand":[],"product_cat":[4948,4952],"product_tag":[],"class_list":{"0":"post-160176","1":"product","2":"type-product","3":"status-publish","4":"has-post-thumbnail","6":"product_cat-axis-kamerasystem","7":"product_cat-axis-ptz-kamera","8":"pa_brands-axis","9":"tm-no-options","11":"first","12":"onbackorder","13":"sale","14":"taxable","15":"shipping-taxable","16":"purchasable","17":"product-type-simple"},"acf":[],"_links":{"self":[{"href":"https:\/\/secureus.se\/dk\/wp-json\/wp\/v2\/product\/160176","targetHints":{"allow":["GET"]}}],"collection":[{"href":"https:\/\/secureus.se\/dk\/wp-json\/wp\/v2\/product"}],"about":[{"href":"https:\/\/secureus.se\/dk\/wp-json\/wp\/v2\/types\/product"}],"wp:featuredmedia":[{"embeddable":true,"href":"https:\/\/secureus.se\/dk\/wp-json\/wp\/v2\/media\/160173"}],"wp:attachment":[{"href":"https:\/\/secureus.se\/dk\/wp-json\/wp\/v2\/media?parent=160176"}],"wp:term":[{"taxonomy":"product_brand","embeddable":true,"href":"https:\/\/secureus.se\/dk\/wp-json\/wp\/v2\/product_brand?post=160176"},{"taxonomy":"product_cat","embeddable":true,"href":"https:\/\/secureus.se\/dk\/wp-json\/wp\/v2\/product_cat?post=160176"},{"taxonomy":"product_tag","embeddable":true,"href":"https:\/\/secureus.se\/dk\/wp-json\/wp\/v2\/product_tag?post=160176"}],"curies":[{"name":"wp","href":"https:\/\/api.w.org\/{rel}","templated":true}]}}