{"id":160180,"date":"2025-11-21T11:12:31","date_gmt":"2025-11-21T10:12:31","guid":{"rendered":"https:\/\/secureus.se\/?post_type=product&#038;p=160180"},"modified":"2026-04-01T12:14:12","modified_gmt":"2026-04-01T10:14:12","slug":"axis-q6074-e-q60-serien-1mp-ip-ptz-kamera-425-1275-mm-motoriserat-objektiv-ip66-vit","status":"publish","type":"product","link":"https:\/\/secureus.se\/dk\/axis-q6074-e-q60-serien-1mp-ip-ptz-kamera-425-1275-mm-motoriserat-objektiv-ip66-vit\/","title":{"rendered":"AXIS Q6074-E Q60-serien, 1MP IP PTZ-kamera, 4,25-127,5 mm motoriseret linse, IP66, hvid"},"content":{"rendered":"<h1>AXIS Q6074-E Q60-serien, 1MP IP PTZ-kamera, 4,25-127,5 mm motoriseret linse, IP66, hvid<\/h1>\n<p class=\"ds-markdown-paragraph\">AXIS Q6074-E PTZ-netv\u00e6rkskameraet er en alsidig udend\u00f8rs overv\u00e5gningsl\u00f8sning, der kombinerer imponerende optiske egenskaber med intelligente funktioner.<\/p>\n<p class=\"ds-markdown-paragraph\">Dette kamera er designet til professionelle sikkerhedsapplikationer og leverer p\u00e5lidelig ydeevne under forskellige milj\u00f8forhold, samtidig med at det opretholder billedkvalitet og driftseffektivitet.<\/p>\n<p class=\"ds-markdown-paragraph\">Optisk ydeevne og billedkvalitet<br \/>\nI hjertet af Q6074-E er et 30x optisk zoomobjektiv (4,25-127,5 mm), der giver fleksibilitet til overv\u00e5gning af b\u00e5de store omr\u00e5der og specifikke detaljer p\u00e5 afstand.<\/p>\n<p class=\"ds-markdown-paragraph\">Kameraet optager video i HDTV 720p-opl\u00f8sning, hvilket sikrer god billedkvalitet til identifikation og overv\u00e5gningsform\u00e5l.<\/p>\n<p class=\"ds-markdown-paragraph\">Den automatiske bl\u00e6nde og autofokus opretholder optimal billedklarhed p\u00e5 tv\u00e6rs af forskellige zoomniveauer og lysforhold.<\/p>\n<p class=\"ds-markdown-paragraph\">Avanceret billeddannelsesteknologi<br \/>\nKameraet har Axis Lightfinder 2.0-teknologi, der g\u00f8r det muligt at producere farvebilleder med bedre m\u00e6tning og skarpere detaljer, selv i situationer med svagt lys.<\/p>\n<p class=\"ds-markdown-paragraph\">Dette er is\u00e6r v\u00e6rdifuldt til overv\u00e5gningsapplikationer d\u00f8gnet rundt, hvor lysforholdene konstant \u00e6ndrer sig.<\/p>\n<p class=\"ds-markdown-paragraph\">Kameraet har ogs\u00e5 en WDR-kapacitet (Wide Dynamic Range) p\u00e5 op til 120 dB, hvilket g\u00f8r det muligt at h\u00e5ndtere udfordrende modlyssituationer og scener med ekstrem kontrast mellem lyse og m\u00f8rke omr\u00e5der.<\/p>\n<p class=\"ds-markdown-paragraph\">Intelligent sporing og analyse<br \/>\nEn n\u00f8glefunktion ved Q6074-E er dens Autotracking 2-funktionalitet, som inkluderer klik-og-spor-funktion.<\/p>\n<p class=\"ds-markdown-paragraph\">Dette giver operat\u00f8rer mulighed for blot at klikke p\u00e5 et objekt i livevisningen for at starte automatisk sporing af objektets bev\u00e6gelse.<\/p>\n<p class=\"ds-markdown-paragraph\">Kameraet har ogs\u00e5 en orienteringshj\u00e6lp, der giver visuelle referencepunkter til hurtig positionering og forst\u00e5else af kameraets aktuelle synsfelt.<\/p>\n<p class=\"ds-markdown-paragraph\">Indbyggede analyser som AXIS Video Motion Detection, AXIS Fence Guard og AXIS Loitering Guard giver yderligere intelligens til proaktiv sikkerhedsoverv\u00e5gning.<\/p>\n<p class=\"ds-markdown-paragraph\">Robust konstruktion og milj\u00f8beskyttelse<br \/>\nQ6074-E er bygget til udend\u00f8rs brug og har et metalhus med IP66-, IP67- og IK10-klassificeringer, der giver beskyttelse mod st\u00f8v, vand og fysiske p\u00e5virkninger.<\/p>\n<p class=\"ds-markdown-paragraph\">Kameraet kan fungere i temperaturer helt ned til -50\u00b0C med den passende str\u00f8mforsyning (60W High PoE), hvilket g\u00f8r det velegnet til ekstreme vejrforhold. Den medf\u00f8lgende solsk\u00e6rm beskytter mod direkte sollys og vejrforhold.<\/p>\n<p class=\"ds-markdown-paragraph\">Sikkerhed og systemintegration<br \/>\nSikkerheden forbedres gennem flere beskyttelseslag, herunder signeret firmware, sikker opstart og et TPM 2.0-modul, der er certificeret i henhold til FIPS 140-2-standarderne.<\/p>\n<p class=\"ds-markdown-paragraph\">Disse funktioner sikrer integriteten af kameraets software og beskytter mod uautoriseret adgang. Kameraet underst\u00f8tter forskellige netv\u00e6rksprotokoller og integreres problemfrit med videostyringssystemer via ONVIF-profiler og Axis&#039; egen VAPIX API.<\/p>\n<p class=\"ds-markdown-paragraph\">Effektiv b\u00e5ndbredde- og lagerstyring<br \/>\nAxis Zipstream-teknologi, der er tilg\u00e6ngelig i b\u00e5de H.264- og H.265-komprimeringsformater, reducerer b\u00e5ndbredde- og lagerkrav betydeligt, samtidig med at vigtige retsmedicinske detaljer bevares i videoen.<\/p>\n<p class=\"ds-markdown-paragraph\">Dette g\u00f8r kameraet mere effektivt til kontinuerlig optagelse og fjernvisning.<\/p>\n<p class=\"ds-markdown-paragraph\">Oversigt<br \/>\nAXIS Q6074-E PTZ-netv\u00e6rkskameraet tilbyder en afbalanceret kombination af optisk ydeevne, intelligente funktioner og robust konstruktion, der er egnet til forskellige udend\u00f8rs overv\u00e5gningsscenarier.<\/p>\n<p class=\"ds-markdown-paragraph\">Dens 30x zoomfunktion, avancerede billedteknologier og sikkerhedsfunktioner g\u00f8r den til et p\u00e5lideligt valg til perimeterbeskyttelse, overv\u00e5gning af kritisk infrastruktur og andre sikkerhedsapplikationer, hvor b\u00e5de overblik og detaljer er vigtige.<\/p>\n<p class=\"ds-markdown-paragraph\">N\u00f8glespecifikationer:<\/p>\n<ul>\n<li>\n<p class=\"ds-markdown-paragraph\">Opl\u00f8sning: HDTV 720p (1280\u00d7720)<\/p>\n<\/li>\n<li>\n<p class=\"ds-markdown-paragraph\">Objektiv: 4,25-127,5 mm, 30x optisk zoom<\/p>\n<\/li>\n<li>\n<p class=\"ds-markdown-paragraph\">Billedteknologi: Lightfinder 2.0, WDR op til 120 dB<\/p>\n<\/li>\n<li>\n<p class=\"ds-markdown-paragraph\">Sporing: Autotracking 2 med klik-og-spor<\/p>\n<\/li>\n<li>\n<p class=\"ds-markdown-paragraph\">Beskyttelsesklasse: IP66\/IP67, IK10<\/p>\n<\/li>\n<li>\n<p class=\"ds-markdown-paragraph\">Sikkerhed: TPM 2.0 (FIPS 140-2-certificeret)<\/p>\n<\/li>\n<li>\n<p class=\"ds-markdown-paragraph\">Str\u00f8m: H\u00f8j PoE (inkluderet 60W midspan)<\/p>\n<\/li>\n<li>\n<p class=\"ds-markdown-paragraph\">Driftstemperatur: -50\u00b0C til 50\u00b0C (med 60W effekt)<\/p>\n<\/li>\n<li>\n<p class=\"ds-markdown-paragraph\">Garanti: 3 \u00e5rs garanti<\/p>\n<\/li>\n<\/ul>\n<div class=\"sc-bczRLJ fySwpa\">\n<div class=\"sc-bczRLJ kEeNDb\"><\/div>\n<\/div>","protected":false},"excerpt":{"rendered":"<p>AXIS Q6074-E er et robust PTZ-netv\u00e6rkskamera designet til udend\u00f8rs overv\u00e5gning.<\/p>\n<p>Den leverer klar HDTV 720p-video med en kraftfuld 30x optisk zoom, der giver b\u00e5de brede oversigter og detaljerede n\u00e6rbilleder.<\/p>\n<p>Kameraet klarer sig exceptionelt godt under udfordrende lysforhold takket v\u00e6re Axis Lightfinder 2.0-teknologien.<\/p>","protected":false},"featured_media":160177,"template":"","meta":{"_acf_changed":false},"product_brand":[],"product_cat":[4952],"product_tag":[],"class_list":{"0":"post-160180","1":"product","2":"type-product","3":"status-publish","4":"has-post-thumbnail","6":"product_cat-axis-ptz-kamera","7":"pa_brands-axis","8":"pa_farg-vit","9":"tm-no-options","11":"first","12":"instock","13":"sale","14":"taxable","15":"shipping-taxable","16":"purchasable","17":"product-type-simple"},"acf":[],"_links":{"self":[{"href":"https:\/\/secureus.se\/dk\/wp-json\/wp\/v2\/product\/160180","targetHints":{"allow":["GET"]}}],"collection":[{"href":"https:\/\/secureus.se\/dk\/wp-json\/wp\/v2\/product"}],"about":[{"href":"https:\/\/secureus.se\/dk\/wp-json\/wp\/v2\/types\/product"}],"wp:featuredmedia":[{"embeddable":true,"href":"https:\/\/secureus.se\/dk\/wp-json\/wp\/v2\/media\/160177"}],"wp:attachment":[{"href":"https:\/\/secureus.se\/dk\/wp-json\/wp\/v2\/media?parent=160180"}],"wp:term":[{"taxonomy":"product_brand","embeddable":true,"href":"https:\/\/secureus.se\/dk\/wp-json\/wp\/v2\/product_brand?post=160180"},{"taxonomy":"product_cat","embeddable":true,"href":"https:\/\/secureus.se\/dk\/wp-json\/wp\/v2\/product_cat?post=160180"},{"taxonomy":"product_tag","embeddable":true,"href":"https:\/\/secureus.se\/dk\/wp-json\/wp\/v2\/product_tag?post=160180"}],"curies":[{"name":"wp","href":"https:\/\/api.w.org\/{rel}","templated":true}]}}