{"id":160185,"date":"2025-11-21T11:12:31","date_gmt":"2025-11-21T10:12:31","guid":{"rendered":"https:\/\/secureus.se\/?post_type=product&#038;p=160185"},"modified":"2026-04-09T11:18:19","modified_gmt":"2026-04-09T09:18:19","slug":"axis-q6135-le-q61-serien-2mp-zipstream-ip-ptz-kamera-med-32x-optisk-zoom-43-1376-mm-motoriserat-objektiv-ir-190-m-ip66-vit","status":"publish","type":"product","link":"https:\/\/secureus.se\/dk\/axis-q6135-le-q61-serien-2mp-zipstream-ip-ptz-kamera-med-32x-optisk-zoom-43-1376-mm-motoriserat-objektiv-ir-190-m-ip66-vit\/","title":{"rendered":"AXIS Q6135-LE Q61-serien, 2MP Zipstream IP PTZ-kamera med 32x optisk zoom, 4,3-137,6 mm motoriseret linse, IR 190 M, IP66, hvid"},"content":{"rendered":"<h1>AXIS Q6135-LE Q61-serien, 2MP Zipstream IP PTZ-kamera med 32x optisk zoom, 4,3-137,6 mm motoriseret linse, IR 190 M, IP66, hvid<\/h1>\n<div class=\"dad65929\">\n<div class=\"_4f9bf79 d7dc56a8 _43c05b5\">\n<div class=\"ds-message _63c77b1\">\n<div class=\"ds-markdown\">\n<p class=\"ds-markdown-paragraph\">AXIS Q6135-LE PTZ-netv\u00e6rkskameraet er et specialbygget kamera til kr\u00e6vende overv\u00e5gningsapplikationer, hvor lang r\u00e6kkevidde og p\u00e5lidelig ydeevne under alle lysforhold er afg\u00f8rende.<\/p>\n<p class=\"ds-markdown-paragraph\">Den kombinerer avanceret optik, intelligent IR-belysning og robust konstruktion for at tilbyde en komplet l\u00f8sning til beskyttelse af kritiske omr\u00e5der s\u00e5som lufthavne, havne, store industrianl\u00e6g og gr\u00e6nseoverv\u00e5gning.<\/p>\n<p class=\"ds-markdown-paragraph\"><strong>Enest\u00e5ende optisk ydeevne og IR med lang r\u00e6kkevidde<\/strong><br \/>\nKernen i Q6135-LE er dens 32x optiske zoom (4,3-137,6 mm objektiv), som giver dig mulighed for at identificere objekter p\u00e5 meget lange afstande med full HD 1080p-opl\u00f8sning.<\/p>\n<p class=\"ds-markdown-paragraph\">Den er udstyret med\u00a0<strong>Optimeret IR<\/strong>teknologi, der justerer IR-belysningen for at opn\u00e5 optimal belysning uden overeksponering. Med et dedikeret 60W High PoE-mellemsp\u00e6ndvidde n\u00e5r IR-belysningen op til\u00a0<strong>250 meter<\/strong>, hvilket sikrer klare sort-hvide billeder selv i totalt m\u00f8rke.<\/p>\n<p class=\"ds-markdown-paragraph\"><strong>Avanceret billedteknologi for overlegen billedkvalitet<\/strong><br \/>\nFor at h\u00e5ndtere udfordrende lysforhold bruger kameraet\u00a0<strong>Axis Lightfinder 2.0<\/strong>\u00a0at levere farverige og skarpe billeder i svagt lys.<\/p>\n<p class=\"ds-markdown-paragraph\">Den inkluderer ogs\u00e5 Forensic WDR (Wide Dynamic Range) p\u00e5 op til 120 dB for at afbalancere scener med meget h\u00f8je kontraster, s\u00e5som modlys.<\/p>\n<p class=\"ds-markdown-paragraph\">Det banebrydende\u00a0<strong>Sharpdome-teknologi<\/strong>\u00a0er en unik fordel \u2013 det eliminerer den traditionelle forvr\u00e6ngning, der findes i domekameraer, og giver den samme skarpe billedkvalitet op til 20\u00b0 over horisonten, hvilket er afg\u00f8rende for at detektere begivenheder, der forekommer h\u00f8jt oppe i billedet.<\/p>\n<p class=\"ds-markdown-paragraph\"><strong>Intelligente funktioner til proaktiv overv\u00e5gning<\/strong><br \/>\nKameraet er udstyret med\u00a0<strong>Automatisk sporing 2<\/strong>, som inkluderer den intuitive &quot;klik og spor&quot;-funktion.<\/p>\n<p class=\"ds-markdown-paragraph\">Dette g\u00f8r det muligt for en operat\u00f8r nemt at markere et mist\u00e6nkeligt objekt, s\u00e5 kameraet automatisk begynder at spore dets bev\u00e6gelse p\u00e5 tv\u00e6rs af stedet.<\/p>\n<p class=\"ds-markdown-paragraph\">Den indbyggede\u00a0<strong>AXIS Objektanalyse<\/strong>\u00a0kan registrere personer og k\u00f8ret\u00f8jer og bruges til at oprette intelligente alarmregler baseret p\u00e5 adf\u00e6rd, s\u00e5som linjeoverskridelse eller indtr\u00e6den i forbudte zoner.<\/p>\n<p class=\"ds-markdown-paragraph\"><strong>Robust og sikker konstruktion<\/strong><br \/>\nKameraet er bygget til ekstreme udend\u00f8rsmilj\u00f8er og har et IP66- og NEMA 4X-klassificeret hus samt IK10-beskyttelse mod h\u00e6rv\u00e6rk.<\/p>\n<p class=\"ds-markdown-paragraph\">For at beskytte selve systemet er den hardwarebaserede sikkerhedsplatform integreret\u00a0<strong>Axis Edge Vault<\/strong>\u00a0med en\u00a0<strong>TPM 2.0-modul, der er FIPS 140-2 niveau 2-certificeret<\/strong>Dette sikrer sikker opstart, signeret firmware og beskytter kameraets identitet og videointegritet mod uautoriseret adgang.<\/p>\n<p class=\"ds-markdown-paragraph\"><strong>Resum\u00e9<\/strong><br \/>\nAXIS Q6135-LE er den ultimative l\u00f8sning til situationer, hvor synsafstand og billedklarhed er absolut afg\u00f8rende, d\u00f8gnet rundt.<\/p>\n<p class=\"ds-markdown-paragraph\">Dens unikke kombination af langdistancezoom, avanceret IR-belysning, Sharpdome-teknologi og intelligente sporingsfunktioner g\u00f8r den til et uovertruffent valg til beskyttelse af store, \u00e5bne og f\u00f8lsomme udend\u00f8rsomr\u00e5der.<\/p>\n<p class=\"ds-markdown-paragraph\"><strong>Vigtige specifikationer:<\/strong><\/p>\n<ul>\n<li>\n<p class=\"ds-markdown-paragraph\"><strong>Sensor:<\/strong>\u00a01\/2,8\u2033 progressiv scanning CMOS<\/p>\n<\/li>\n<li>\n<p class=\"ds-markdown-paragraph\"><strong>Objektiv:<\/strong>\u00a04,3\u2013137,6 mm, F1,4\u20134,0, 32x optisk zoom<\/p>\n<\/li>\n<li>\n<p class=\"ds-markdown-paragraph\"><strong>IR-afstand:<\/strong>\u00a0Op til 250 m (med 60W mellemsp\u00e6ndvidde)<\/p>\n<\/li>\n<li>\n<p class=\"ds-markdown-paragraph\"><strong>Billedteknologi:<\/strong>\u00a0Lightfinder 2.0, Forensisk WDR, Sharpdome<\/p>\n<\/li>\n<li>\n<p class=\"ds-markdown-paragraph\"><strong>Sporing:<\/strong>\u00a0Autotracking 2 med &quot;klik og spor&quot;<\/p>\n<\/li>\n<li>\n<p class=\"ds-markdown-paragraph\"><strong>Analyse:<\/strong>\u00a0AXIS Objektanalyse (Mennesker, K\u00f8ret\u00f8jer)<\/p>\n<\/li>\n<li>\n<p class=\"ds-markdown-paragraph\"><strong>Beskyttelsesklasse:<\/strong>\u00a0IP66, NEMA 4X, IK10<\/p>\n<\/li>\n<li>\n<p class=\"ds-markdown-paragraph\"><strong>Sikkerhed:<\/strong>\u00a0Axis Edge Vault, TPM (FIPS 140-2 niveau 2)<\/p>\n<\/li>\n<li>\n<p class=\"ds-markdown-paragraph\"><strong>Garanti:<\/strong>\u00a05 \u00e5rs garanti<\/p>\n<\/li>\n<\/ul>\n<\/div>\n<\/div>\n<\/div>\n<\/div>","protected":false},"excerpt":{"rendered":"<p>AXIS Q6135-LE er et h\u00f8jtydende PTZ-kamera, der er specielt designet til overv\u00e5gning over lange afstande i udfordrende milj\u00f8er.<\/p>\n<p>Den tilbyder skarpe billeder i HDTV 1080p med en kraftfuld 32x optisk zoom. En unik funktion er dens langtr\u00e6kkende OptimizedIR, der effektivt oplyser scener p\u00e5 afstande op til 250 meter, afh\u00e6ngigt af forholdene.<\/p>\n<p>For at sikre billedkvalitet i svagt lys er kameraet udstyret med Axis Lightfinder 2.0.<\/p>","protected":false},"featured_media":160181,"template":"","meta":{"_acf_changed":false},"product_brand":[],"product_cat":[4952],"product_tag":[],"class_list":{"0":"post-160185","1":"product","2":"type-product","3":"status-publish","4":"has-post-thumbnail","6":"product_cat-axis-ptz-kamera","7":"pa_brands-axis","8":"pa_farg-vit","9":"tm-no-options","11":"first","12":"instock","13":"sale","14":"taxable","15":"shipping-taxable","16":"purchasable","17":"product-type-simple"},"acf":[],"_links":{"self":[{"href":"https:\/\/secureus.se\/dk\/wp-json\/wp\/v2\/product\/160185","targetHints":{"allow":["GET"]}}],"collection":[{"href":"https:\/\/secureus.se\/dk\/wp-json\/wp\/v2\/product"}],"about":[{"href":"https:\/\/secureus.se\/dk\/wp-json\/wp\/v2\/types\/product"}],"wp:featuredmedia":[{"embeddable":true,"href":"https:\/\/secureus.se\/dk\/wp-json\/wp\/v2\/media\/160181"}],"wp:attachment":[{"href":"https:\/\/secureus.se\/dk\/wp-json\/wp\/v2\/media?parent=160185"}],"wp:term":[{"taxonomy":"product_brand","embeddable":true,"href":"https:\/\/secureus.se\/dk\/wp-json\/wp\/v2\/product_brand?post=160185"},{"taxonomy":"product_cat","embeddable":true,"href":"https:\/\/secureus.se\/dk\/wp-json\/wp\/v2\/product_cat?post=160185"},{"taxonomy":"product_tag","embeddable":true,"href":"https:\/\/secureus.se\/dk\/wp-json\/wp\/v2\/product_tag?post=160185"}],"curies":[{"name":"wp","href":"https:\/\/api.w.org\/{rel}","templated":true}]}}