{"id":160192,"date":"2025-11-21T11:12:31","date_gmt":"2025-11-21T10:12:31","guid":{"rendered":"https:\/\/secureus.se\/?post_type=product&#038;p=160192"},"modified":"2026-04-09T11:18:07","modified_gmt":"2026-04-09T09:18:07","slug":"axis-a8207-ve-mkll-dorrstation-for-natverksvideo-gra","status":"publish","type":"product","link":"https:\/\/secureus.se\/dk\/axis-a8207-ve-mkll-dorrstation-for-natverksvideo-gra\/","title":{"rendered":"AXIS A8207-VE MKll Netv\u00e6rksvideod\u00f8rstation, Gr\u00e5"},"content":{"rendered":"<h1>AXIS A8207-VE MKll Netv\u00e6rksvideod\u00f8rstation, Gr\u00e5<\/h1>\n<p class=\"ds-markdown-paragraph\">AXIS A8207-VE MkII Network Video Door Station er en alsidig og intelligent indgangsl\u00f8sning, der kombinerer avanceret videooverv\u00e5gning, lydkommunikation og fysisk adgangskontrol i en enkelt, kompakt enhed.<\/p>\n<p class=\"ds-markdown-paragraph\">Det er designet til at forbedre sikkerhed og effektivitet ved indgange med h\u00f8j trafik af b\u00e5de kendte medarbejdere og bes\u00f8gende.<\/p>\n<p class=\"ds-markdown-paragraph\"><strong>Avanceret video- og billedkvalitet<\/strong><br \/>\nI hjertet af d\u00f8rstationen sidder en 6 MP-sensor med en fast 1,56 mm-linse, der tilbyder et us\u00e6dvanligt bredt 180\u00b0 vandret synsfelt. Dette eliminerer blinde vinkler og giver et komplet udsyn til personer ved d\u00f8ren.<\/p>\n<p class=\"ds-markdown-paragraph\">For at h\u00e5ndtere udfordrende lysforhold er den udstyret med Forensic WDR (Wide Dynamic Range) p\u00e5 op til 120 dB. Axis Zipstream-teknologi optimerer b\u00e5ndbreddeforbruget uden at g\u00e5 p\u00e5 kompromis med vigtige visuelle detaljer.<\/p>\n<p class=\"ds-markdown-paragraph\"><strong>Omfattende adgangskontrol og godkendelse<\/strong><br \/>\nEn integreret multifrekvens RFID-l\u00e6ser underst\u00f8tter en bred vifte af kortteknologier, herunder MiFARE Classic\/Plus\/DesFire, HID iCLASS og HID Prox.<\/p>\n<p class=\"ds-markdown-paragraph\">Kombineret med et tastatur til PIN-indtastning muligg\u00f8r dette fleksible godkendelsesmetoder: kort, tag, PIN-kode eller d\u00f8rkode. Underst\u00f8ttelse af standardprotokoller som OSDP over RS485 og Wiegand sikrer nem integration med de fleste adgangskontrolsystemer p\u00e5 markedet.<\/p>\n<p class=\"ds-markdown-paragraph\"><strong>Kvalitativ kommunikation og brugerinteraktion<\/strong><br \/>\nD\u00f8rstationen er udstyret med en dobbelt indbygget mikrofon, en indbygget h\u00f8jttaler med en 2 W forst\u00e6rker og en separat 4 W forst\u00e6rker til teleslyngen.<\/p>\n<p class=\"ds-markdown-paragraph\">Den tilbyder tovejs, fuld duplex lydkommunikation med avanceret ekkod\u00e6mpning og st\u00f8jreduktion for krystalklare samtaler. Brugerforst\u00e5elsen forbedres yderligere af \u00f8jeblikkelig visuel feedback (oplyste symboler, indikatorstribe) og h\u00f8rbar feedback.<\/p>\n<p class=\"ds-markdown-paragraph\"><strong>Robust integration og cybersikkerhed<\/strong><br \/>\nEnheden er bygget p\u00e5 \u00e5bne standarder og underst\u00f8tter VAPIX API, ONVIF Profile S og G samt Session Initiation Protocol (SIP) til direkte integration med VoIP-systemer og PBX&#039;er.<\/p>\n<p class=\"ds-markdown-paragraph\">Cybersikkerheden er forbedret med signeret firmware, Secure Boot og en omfattende r\u00e6kke netv\u00e6rksbeskyttelsesfunktioner, der beskytter enheden og dataene mod uautoriseret adgang.<\/p>\n<p class=\"ds-markdown-paragraph\"><strong>Holdbar konstruktion og alsidighed<\/strong><br \/>\nMed et IP66- og IK08-klassificeret aluminium- og polycarbonathus kan enheden modst\u00e5 elementerne og fysisk belastning.<\/p>\n<p class=\"ds-markdown-paragraph\">Den kan str\u00f8mforsynes via PoE\/PoE+ eller 8-28V DC, hvilket giver fleksibilitet i installationen. En microHDMI-udgang giver dig mulighed for at streame livevideo til en sk\u00e6rm i n\u00e6rheden til offentlig visning.<\/p>\n<p class=\"ds-markdown-paragraph\"><strong>Resum\u00e9<\/strong><br \/>\nAXIS A8207-VE MkII er mere end en d\u00f8rstation; den er en central komponent i et moderne sikkerhedssystem.<\/p>\n<p class=\"ds-markdown-paragraph\">Dens evne til problemfrit at kombinere HD-video, intelligent analyse, effektiv adgangskontrol og klar kommunikation g\u00f8r den til et ideelt valg til at skabe sikre, effektive og brugervenlige indgange til kontorer, skoler, hospitaler og offentlige bygninger.<\/p>\n<p class=\"ds-markdown-paragraph\"><strong>Vigtige specifikationer:<\/strong><\/p>\n<ul>\n<li>\n<p class=\"ds-markdown-paragraph\"><strong>Kamera:<\/strong>\u00a06 MP, 180\u00b0 vandret synsfelt<\/p>\n<\/li>\n<li>\n<p class=\"ds-markdown-paragraph\"><strong>Godkendelse:<\/strong>\u00a0RFID (13,56 MHz og 125 kHz), PIN-kode<\/p>\n<\/li>\n<li>\n<p class=\"ds-markdown-paragraph\"><strong>Sund:<\/strong>\u00a0Tovejslyd med ekkoreduktion og teleslynge til h\u00f8reapparater<\/p>\n<\/li>\n<li>\n<p class=\"ds-markdown-paragraph\"><strong>Integration:<\/strong>\u00a0SIP, ONVIF, VAPIX, OSDP, Wiegand<\/p>\n<\/li>\n<li>\n<p class=\"ds-markdown-paragraph\"><strong>Forbindelser:<\/strong>\u00a0PoE\/PoE+, I\/O, Rel\u00e6er, RS485, microHDMI<\/p>\n<\/li>\n<li>\n<p class=\"ds-markdown-paragraph\"><strong>Beskyttelsesklasse:<\/strong>\u00a0IP66, IK08, NEMA 4X<\/p>\n<\/li>\n<li>\n<p class=\"ds-markdown-paragraph\"><strong>Sikkerhed:<\/strong>\u00a0Signeret firmware, sikker opstart<\/p>\n<\/li>\n<li>\n<p class=\"ds-markdown-paragraph\"><strong>Garanti:<\/strong>\u00a05 \u00e5rs garanti<\/p>\n<\/li>\n<\/ul>\n<div class=\"sc-bczRLJ gTFQwC\"><\/div>","protected":false},"excerpt":{"rendered":"<p>AXIS A8207-VE MkII er en avanceret netv\u00e6rksd\u00f8rstation, der kombinerer videooverv\u00e5gning, tovejskommunikation og adgangskontrol i \u00e9n enhed.<\/p>\n<p>Den er udstyret med et 6 MP kamera med et 180\u00b0 vidvinkelsynsfelt, der giver fremragende billedd\u00e6kning ved indgange.<\/p>\n<p>Den integrerede RFID-l\u00e6ser underst\u00f8tter flere frekvenser og korttyper, herunder HID iClass, hvilket muligg\u00f8r problemfri integration med eksisterende adgangskontrolsystemer.<\/p>","protected":false},"featured_media":160190,"template":"","meta":{"_acf_changed":false},"product_brand":[],"product_cat":[4956],"product_tag":[],"class_list":{"0":"post-160192","1":"product","2":"type-product","3":"status-publish","4":"has-post-thumbnail","6":"product_cat-ovrigt-fran-axis","7":"pa_brands-axis","8":"pa_farg-gra","9":"tm-no-options","11":"first","12":"instock","13":"sale","14":"taxable","15":"shipping-taxable","16":"purchasable","17":"product-type-simple"},"acf":[],"_links":{"self":[{"href":"https:\/\/secureus.se\/dk\/wp-json\/wp\/v2\/product\/160192","targetHints":{"allow":["GET"]}}],"collection":[{"href":"https:\/\/secureus.se\/dk\/wp-json\/wp\/v2\/product"}],"about":[{"href":"https:\/\/secureus.se\/dk\/wp-json\/wp\/v2\/types\/product"}],"wp:featuredmedia":[{"embeddable":true,"href":"https:\/\/secureus.se\/dk\/wp-json\/wp\/v2\/media\/160190"}],"wp:attachment":[{"href":"https:\/\/secureus.se\/dk\/wp-json\/wp\/v2\/media?parent=160192"}],"wp:term":[{"taxonomy":"product_brand","embeddable":true,"href":"https:\/\/secureus.se\/dk\/wp-json\/wp\/v2\/product_brand?post=160192"},{"taxonomy":"product_cat","embeddable":true,"href":"https:\/\/secureus.se\/dk\/wp-json\/wp\/v2\/product_cat?post=160192"},{"taxonomy":"product_tag","embeddable":true,"href":"https:\/\/secureus.se\/dk\/wp-json\/wp\/v2\/product_tag?post=160192"}],"curies":[{"name":"wp","href":"https:\/\/api.w.org\/{rel}","templated":true}]}}