{"id":160378,"date":"2025-11-24T15:14:31","date_gmt":"2025-11-24T14:14:31","guid":{"rendered":"https:\/\/secureus.se\/metallkapsling-till-easyline-4g\/"},"modified":"2026-03-27T15:07:07","modified_gmt":"2026-03-27T14:07:07","slug":"metallkapsling-till-easyline-4g","status":"publish","type":"product","link":"https:\/\/secureus.se\/dk\/metallkapsling-till-easyline-4g\/","title":{"rendered":"Metalhus til EasyLine 4G"},"content":{"rendered":"<h1>Metalhus til EasyLine 4G-sender<\/h1>\n<p class=\"ds-markdown-paragraph\">Forborede huller til korrekt montering af EasyLine 4G-modulet.<\/p>\n<p class=\"ds-markdown-paragraph\">GSM\/GPRS-modulerne kan nemt monteres i metalkassen, som er udstyret med en sabotageafbryder og en plastikafstandsholder.<\/p>\n<p class=\"ds-markdown-paragraph\"><strong>Beskrivelse:<\/strong><br \/>\nIndbygget sabotageafbryder<br \/>\nModulet indeholder fastg\u00f8relsesbeslag<br \/>\nMetald\u00f8ren kan fjernes med \u00e9n h\u00e5ndbev\u00e6gelse<br \/>\nIndbygget sabotageafbryder.<br \/>\nDer er forberedte huller til Easyline 4G-sendere.<br \/>\nMetald\u00f8ren kan nemt fjernes.<\/p>\n<p>Dimensioner: 125 mm (bredde) x 155 mm (h\u00f8jde) x 52 mm (dybde) + 8 mm (afstand)<\/p>","protected":false},"excerpt":{"rendered":"<p>Denne holdbare metalkasse er specielt designet til sikkert at opbevare og beskytte din Easyline 4G-sender.<\/p>\n<p>&nbsp;<\/p>","protected":false},"featured_media":160373,"template":"","meta":{"_acf_changed":false},"product_brand":[],"product_cat":[3323,1551],"product_tag":[],"class_list":{"0":"post-160378","1":"product","2":"type-product","3":"status-publish","4":"has-post-thumbnail","6":"product_cat-kapsling","7":"product_cat-larmoverforing","8":"pa_brands-asc","9":"tm-no-options","11":"first","12":"instock","13":"sale","14":"taxable","15":"shipping-taxable","16":"purchasable","17":"product-type-simple"},"acf":[],"_links":{"self":[{"href":"https:\/\/secureus.se\/dk\/wp-json\/wp\/v2\/product\/160378","targetHints":{"allow":["GET"]}}],"collection":[{"href":"https:\/\/secureus.se\/dk\/wp-json\/wp\/v2\/product"}],"about":[{"href":"https:\/\/secureus.se\/dk\/wp-json\/wp\/v2\/types\/product"}],"wp:featuredmedia":[{"embeddable":true,"href":"https:\/\/secureus.se\/dk\/wp-json\/wp\/v2\/media\/160373"}],"wp:attachment":[{"href":"https:\/\/secureus.se\/dk\/wp-json\/wp\/v2\/media?parent=160378"}],"wp:term":[{"taxonomy":"product_brand","embeddable":true,"href":"https:\/\/secureus.se\/dk\/wp-json\/wp\/v2\/product_brand?post=160378"},{"taxonomy":"product_cat","embeddable":true,"href":"https:\/\/secureus.se\/dk\/wp-json\/wp\/v2\/product_cat?post=160378"},{"taxonomy":"product_tag","embeddable":true,"href":"https:\/\/secureus.se\/dk\/wp-json\/wp\/v2\/product_tag?post=160378"}],"curies":[{"name":"wp","href":"https:\/\/api.w.org\/{rel}","templated":true}]}}