{"id":160704,"date":"2025-12-05T13:22:57","date_gmt":"2025-12-05T12:22:57","guid":{"rendered":"https:\/\/secureus.se\/sma-cable-sma-antennforlangning-2m\/"},"modified":"2026-02-09T16:19:18","modified_gmt":"2026-02-09T15:19:18","slug":"sma-cable-sma-antennforlangning-2m","status":"publish","type":"product","link":"https:\/\/secureus.se\/dk\/sma-cable-sma-antennforlangning-2m\/","title":{"rendered":"SMA-kabel \u2013 SMA-antenneforl\u00e6nger 2m"},"content":{"rendered":"<p data-start=\"104\" data-end=\"286\">Antenneforl\u00e6ngerkabel til SMA-forbindelse. Perfekt n\u00e5r antennen skal placeres l\u00e6ngere v\u00e6k fra GSM-modulet for at sikre bedre d\u00e6kning og signalstyrke.<\/p>\n<p data-start=\"288\" data-end=\"444\"><strong data-start=\"288\" data-end=\"309\">Anvendelsesomr\u00e5de<\/strong><br data-start=\"309\" data-end=\"312\" \/>Ideel i for eksempel garager, elevatorskakte og andre installationer, hvor antennekablet skal forl\u00e6nges for at opn\u00e5 et stabilt GSM-signal.<\/p>\n<p data-start=\"446\" data-end=\"542\" data-is-last-node=\"\" data-is-only-node=\"\"><strong data-start=\"446\" data-end=\"465\">specifikationer<\/strong><br data-start=\"465\" data-end=\"468\" \/>\u2013 2 meter kabel<br data-start=\"483\" data-end=\"486\" \/>\u2013 SMA-stik<br data-start=\"499\" data-end=\"502\" \/>\u2013 Velegnet til forl\u00e6ngelse af SMA-antenner<\/p>","protected":false},"excerpt":{"rendered":"<p>2M antenneforl\u00e6ngerkabel til SMA-forbindelse. Perfekt n\u00e5r antennen skal placeres l\u00e6ngere v\u00e6k fra GSM-modulet for at sikre bedre d\u00e6kning og signalstyrke.<\/p>","protected":false},"featured_media":160702,"template":"","meta":{"_acf_changed":false},"product_brand":[],"product_cat":[1551],"product_tag":[],"class_list":{"0":"post-160704","1":"product","2":"type-product","3":"status-publish","4":"has-post-thumbnail","6":"product_cat-larmoverforing","7":"pa_brands-asc","8":"tm-no-options","10":"first","11":"instock","12":"taxable","13":"shipping-taxable","14":"purchasable","15":"product-type-simple"},"acf":[],"_links":{"self":[{"href":"https:\/\/secureus.se\/dk\/wp-json\/wp\/v2\/product\/160704","targetHints":{"allow":["GET"]}}],"collection":[{"href":"https:\/\/secureus.se\/dk\/wp-json\/wp\/v2\/product"}],"about":[{"href":"https:\/\/secureus.se\/dk\/wp-json\/wp\/v2\/types\/product"}],"wp:featuredmedia":[{"embeddable":true,"href":"https:\/\/secureus.se\/dk\/wp-json\/wp\/v2\/media\/160702"}],"wp:attachment":[{"href":"https:\/\/secureus.se\/dk\/wp-json\/wp\/v2\/media?parent=160704"}],"wp:term":[{"taxonomy":"product_brand","embeddable":true,"href":"https:\/\/secureus.se\/dk\/wp-json\/wp\/v2\/product_brand?post=160704"},{"taxonomy":"product_cat","embeddable":true,"href":"https:\/\/secureus.se\/dk\/wp-json\/wp\/v2\/product_cat?post=160704"},{"taxonomy":"product_tag","embeddable":true,"href":"https:\/\/secureus.se\/dk\/wp-json\/wp\/v2\/product_tag?post=160704"}],"curies":[{"name":"wp","href":"https:\/\/api.w.org\/{rel}","templated":true}]}}