{"id":160947,"date":"2025-12-16T12:42:01","date_gmt":"2025-12-16T11:42:01","guid":{"rendered":"https:\/\/secureus.se\/?post_type=product&#038;p=160947"},"modified":"2026-04-23T12:28:19","modified_gmt":"2026-04-23T10:28:19","slug":"zebra-800010-140-ymco-ribbon-400-prints","status":"publish","type":"product","link":"https:\/\/secureus.se\/dk\/zebra-800010-140-ymco-ribbon-400-prints\/","title":{"rendered":"Zebra YMCO-b\u00e5nd \u2013 800010-140 (400 print)"},"content":{"rendered":"<h1>B\u00e5nd<br \/>\n  Zebra YMCO \u2013 800010-140 (400 udskrifter)<\/h1>\n<p>Zebra YMCO-b\u00e5nd \u2013 800010-140 (400 print) er et b\u00e5nd<br \/>\n  til udskrivning af plastikkort med skarpe farver, klar tekst og god<br \/>\n  YMCO-b\u00e5ndtypen giver den rette kombination af farvepaneler og<br \/>\n  Beskyttende overlay til professionel korttryk.<\/p>\n<p>Velegnet til ID-kort, adgangskort, medlemskort og andet<br \/>\n  plastikkort, hvor h\u00f8j udskriftskvalitet og p\u00e5lidelighed er afg\u00f8rende<br \/>\n  vigtig.<\/p>\n<ul>\n<li>Kapacitet: op til 400 udskrifter<\/li>\n<li>B\u00e5ndtype: YMCO<\/li>\n<li>Originalt produkt<\/li>\n<li>Artikelnummer: 800010-140<\/li>\n<\/ul>\n<p><strong>Produktv\u00e6gt:<\/strong> 0,20 kg<\/p>","protected":false},"excerpt":{"rendered":"<p>Zebra 800010-140 YMCO Ribbon er et 4-panels b\u00e5nd af h\u00f8j kvalitet, specielt designet til Zebra ZC10L kortprinteren.<\/p>\n<p>B\u00e5ndet giver 400 print med levende farver og beskyttende overlay, hvilket g\u00f8r det ideelt til print af store g\u00e6stebadges og VIP-pas til konferencer, festivaler, sportsbegivenheder og andre s\u00e6rlige begivenheder.<\/p>","protected":false},"featured_media":160946,"template":"","meta":{"_acf_changed":false},"product_brand":[],"product_cat":[3218],"product_tag":[],"class_list":{"0":"post-160947","1":"product","2":"type-product","3":"status-publish","4":"has-post-thumbnail","6":"product_cat-zebra-fargband-retransfer","7":"pa_brands-zebra","8":"tm-has-options","10":"first","11":"instock","12":"sale","13":"taxable","14":"shipping-taxable","15":"purchasable","16":"product-type-simple"},"acf":[],"_links":{"self":[{"href":"https:\/\/secureus.se\/dk\/wp-json\/wp\/v2\/product\/160947","targetHints":{"allow":["GET"]}}],"collection":[{"href":"https:\/\/secureus.se\/dk\/wp-json\/wp\/v2\/product"}],"about":[{"href":"https:\/\/secureus.se\/dk\/wp-json\/wp\/v2\/types\/product"}],"wp:featuredmedia":[{"embeddable":true,"href":"https:\/\/secureus.se\/dk\/wp-json\/wp\/v2\/media\/160946"}],"wp:attachment":[{"href":"https:\/\/secureus.se\/dk\/wp-json\/wp\/v2\/media?parent=160947"}],"wp:term":[{"taxonomy":"product_brand","embeddable":true,"href":"https:\/\/secureus.se\/dk\/wp-json\/wp\/v2\/product_brand?post=160947"},{"taxonomy":"product_cat","embeddable":true,"href":"https:\/\/secureus.se\/dk\/wp-json\/wp\/v2\/product_cat?post=160947"},{"taxonomy":"product_tag","embeddable":true,"href":"https:\/\/secureus.se\/dk\/wp-json\/wp\/v2\/product_tag?post=160947"}],"curies":[{"name":"wp","href":"https:\/\/api.w.org\/{rel}","templated":true}]}}