{"id":161311,"date":"2026-01-07T12:58:07","date_gmt":"2026-01-07T11:58:07","guid":{"rendered":"https:\/\/secureus.se\/ajax-fireprotect-2-heat-co-endast-varme-och-co-vit\/"},"modified":"2026-04-10T13:53:35","modified_gmt":"2026-04-10T11:53:35","slug":"ajax-fireprotect-2-heat-co-endast-varme-och-co-vit","status":"publish","type":"product","link":"https:\/\/secureus.se\/dk\/ajax-fireprotect-2-heat-co-endast-varme-och-co-vit\/","title":{"rendered":"Ajax FireProtect 2 RB (Varme\/CO) \u2013 Kun varme og CO (Hvid)"},"content":{"rendered":"<p data-start=\"594\" data-end=\"901\">Denne <strong data-start=\"600\" data-end=\"647\">Tr\u00e5dl\u00f8s varme- og kuliltedetektor (CO)<\/strong> er udviklet til at yde p\u00e5lidelig og tidlig beskyttelse mod brand og farlige CO-gasser i boliger og bygninger. Detektoren er beregnet til <strong data-start=\"782\" data-end=\"800\">indend\u00f8rs installation<\/strong> og er udstyret med begge dele <strong data-start=\"826\" data-end=\"869\">indbygget sirene og tydelig LED-indikation<\/strong> til \u00f8jeblikkelig advarsel i tilf\u00e6lde af alarm.<\/p>\n<h3 data-start=\"903\" data-end=\"944\">Beskyttelse mod b\u00e5de varme og kulilte<\/h3>\n<p data-start=\"945\" data-end=\"1019\">I mods\u00e6tning til traditionelle r\u00f8gdetektorer reagerer denne detektor p\u00e5:<\/p>\n<ul data-start=\"1020\" data-end=\"1114\">\n<li data-start=\"1020\" data-end=\"1072\">\n<p data-start=\"1022\" data-end=\"1072\"><strong data-start=\"1022\" data-end=\"1072\">Hurtig temperaturstigning eller h\u00f8je temperaturer<\/strong><\/p>\n<\/li>\n<li data-start=\"1073\" data-end=\"1114\">\n<p data-start=\"1075\" data-end=\"1114\"><strong data-start=\"1075\" data-end=\"1112\">Farlige niveauer af kulilte (CO)<\/strong><\/p>\n<\/li>\n<\/ul>\n<p data-start=\"1116\" data-end=\"1223\">I tilf\u00e6lde af alarm aktiveres den indbyggede sirene (85 dB), og LED-indikatoren lyser r\u00f8dt for en tydelig visuel advarsel.<\/p>\n<h3 data-start=\"1225\" data-end=\"1263\">Interoperable alarmer i hele systemet<\/h3>\n<p data-start=\"1264\" data-end=\"1506\">Detektoren kan konfigureres til at <strong data-start=\"1298\" data-end=\"1365\">alle r\u00f8g-, varme- og CO-detektorer i systemet udl\u00f8ser alarm samtidigt<\/strong> n\u00e5r en detektor aktiveres. Dette giver en h\u00f8j og tydelig alarm i hele bygningen, selv hvis der opst\u00e5r brand eller CO-udledning i et andet rum.<\/p>\n<h3 data-start=\"1508\" data-end=\"1545\">Selvtest og h\u00f8j driftssikkerhed<\/h3>\n<p data-start=\"1546\" data-end=\"1639\">For maksimal sikkerhed udf\u00f8rer detektoren <strong data-start=\"1583\" data-end=\"1610\">regelm\u00e6ssige selvtests<\/strong> og giver dig automatisk besked om:<\/p>\n<ul data-start=\"1640\" data-end=\"1693\">\n<li data-start=\"1640\" data-end=\"1651\">\n<p data-start=\"1642\" data-end=\"1651\">Sensorfejl<\/p>\n<\/li>\n<li data-start=\"1652\" data-end=\"1669\">\n<p data-start=\"1654\" data-end=\"1669\">Lavt batteriniveau<\/p>\n<\/li>\n<li data-start=\"1670\" data-end=\"1693\">\n<p data-start=\"1672\" data-end=\"1693\">Funktionelle abnormiteter<\/p>\n<\/li>\n<\/ul>\n<p data-start=\"1695\" data-end=\"1777\">Dette minimerer risikoen for, at en detektor ikke virker, n\u00e5r der virkelig er brug for den.<\/p>\n<h3 data-start=\"1779\" data-end=\"1814\">Fungerer selv uden alarmsystem<\/h3>\n<p data-start=\"1815\" data-end=\"1953\">Detektoren kan bruges <strong data-start=\"1838\" data-end=\"1852\">uafh\u00e6ngig<\/strong>, ligesom en almindelig r\u00f8galarm, hvilket g\u00f8r den fleksibel i b\u00e5de alarmerede og ikke-alarmerede milj\u00f8er.<\/p>\n<h3 data-start=\"1955\" data-end=\"2001\">Lang levetid og lave vedligeholdelsesomkostninger<\/h3>\n<ul data-start=\"2002\" data-end=\"2155\">\n<li data-start=\"2002\" data-end=\"2059\">\n<p data-start=\"2004\" data-end=\"2059\">Op til <strong data-start=\"2013\" data-end=\"2033\">7 \u00e5rs batterilevetid<\/strong> med udskiftelige batterier<\/p>\n<\/li>\n<li data-start=\"2060\" data-end=\"2098\">\n<p data-start=\"2062\" data-end=\"2098\"><strong data-start=\"2062\" data-end=\"2096\">10 \u00e5rs levetid for CO-sensoren<\/strong><\/p>\n<\/li>\n<li data-start=\"2099\" data-end=\"2155\">\n<p data-start=\"2101\" data-end=\"2155\">Tr\u00e5dl\u00f8s r\u00e6kkevidde op til <strong data-start=\"2127\" data-end=\"2155\">1700 meter i \u00e5bent terr\u00e6n<\/strong><\/p>\n<\/li>\n<\/ul>\n<hr data-start=\"2157\" data-end=\"2160\" \/>\n<h2 data-start=\"2162\" data-end=\"2189\">Tekniske specifikationer<\/h2>\n<ul data-start=\"2191\" data-end=\"2638\">\n<li data-start=\"2191\" data-end=\"2234\">\n<p data-start=\"2193\" data-end=\"2234\"><strong data-start=\"2193\" data-end=\"2201\">Type:<\/strong> Tr\u00e5dl\u00f8s varme- og CO-detektor<\/p>\n<\/li>\n<li data-start=\"2235\" data-end=\"2269\">\n<p data-start=\"2237\" data-end=\"2269\"><strong data-start=\"2237\" data-end=\"2259\">Anvendelsesomr\u00e5de:<\/strong> Indend\u00f8rs<\/p>\n<\/li>\n<li data-start=\"2270\" data-end=\"2345\">\n<p data-start=\"2272\" data-end=\"2345\"><strong data-start=\"2272\" data-end=\"2291\">Kompatibilitet:<\/strong> Hub Plus, Hub 2, Hub 2 Plus, Hub Hybrid, ReX, ReX 2<\/p>\n<\/li>\n<li data-start=\"2346\" data-end=\"2401\">\n<p data-start=\"2348\" data-end=\"2401\"><strong data-start=\"2348\" data-end=\"2369\">Tr\u00e5dl\u00f8s r\u00e6kkevidde:<\/strong> Op til 1700 m (\u00e5bent terr\u00e6n)<\/p>\n<\/li>\n<li data-start=\"2402\" data-end=\"2429\">\n<p data-start=\"2404\" data-end=\"2429\"><strong data-start=\"2404\" data-end=\"2416\">Batteri:<\/strong> 2 \u00d7 CR123A<\/p>\n<\/li>\n<li data-start=\"2430\" data-end=\"2469\">\n<p data-start=\"2432\" data-end=\"2469\"><strong data-start=\"2432\" data-end=\"2453\">Batteri liv:<\/strong> Op til 7 \u00e5r<\/p>\n<\/li>\n<li data-start=\"2470\" data-end=\"2504\">\n<p data-start=\"2472\" data-end=\"2504\"><strong data-start=\"2472\" data-end=\"2496\">CO-sensorens levetid:<\/strong> 10 \u00e5r<\/p>\n<\/li>\n<li data-start=\"2505\" data-end=\"2547\">\n<p data-start=\"2507\" data-end=\"2547\"><strong data-start=\"2507\" data-end=\"2528\">Temperaturomr\u00e5de:<\/strong> 0\u00b0C til +50\u00b0C<\/p>\n<\/li>\n<li data-start=\"2548\" data-end=\"2579\">\n<p data-start=\"2550\" data-end=\"2579\"><strong data-start=\"2550\" data-end=\"2572\">Maksimal luftfugtighed:<\/strong> 80 %<\/p>\n<\/li>\n<li data-start=\"2580\" data-end=\"2602\">\n<p data-start=\"2582\" data-end=\"2602\"><strong data-start=\"2582\" data-end=\"2595\">IP klasse:<\/strong> IP20<\/p>\n<\/li>\n<li data-start=\"2603\" data-end=\"2638\">\n<p data-start=\"2605\" data-end=\"2638\"><strong data-start=\"2605\" data-end=\"2620\">Bind:<\/strong> 85 dB (ved 3 m)<\/p>\n<\/li>\n<\/ul>\n<h3 data-start=\"2640\" data-end=\"2664\">Alarmt\u00e6rskler \u2013 varme<\/h3>\n<ul data-start=\"2665\" data-end=\"2725\">\n<li data-start=\"2665\" data-end=\"2675\">\n<p data-start=\"2667\" data-end=\"2675\">+64 \u00b0C<\/p>\n<\/li>\n<li data-start=\"2676\" data-end=\"2725\">\n<p data-start=\"2678\" data-end=\"2725\">Temperaturstigning \u2265 10 \u00b0C p\u00e5 mindre end 1 minut<\/p>\n<\/li>\n<\/ul>\n<h3 data-start=\"2727\" data-end=\"2761\">Alarmt\u00e6rskler \u2013 kulilte (CO)<\/h3>\n<ul data-start=\"2762\" data-end=\"2889\">\n<li data-start=\"2762\" data-end=\"2804\">\n<p data-start=\"2764\" data-end=\"2804\"><strong data-start=\"2764\" data-end=\"2785\">50 ppm (0,005 %):<\/strong> alarm inden for 90 minutter<\/p>\n<\/li>\n<li data-start=\"2805\" data-end=\"2847\">\n<p data-start=\"2807\" data-end=\"2847\"><strong data-start=\"2807\" data-end=\"2828\">100 ppm (0,01 %):<\/strong> alarm inden for 40 min<\/p>\n<\/li>\n<li data-start=\"2848\" data-end=\"2889\">\n<p data-start=\"2850\" data-end=\"2889\"><strong data-start=\"2850\" data-end=\"2871\">300 ppm (0,03 %):<\/strong> alarm inden for 3 minutter<\/p>\n<\/li>\n<\/ul>","protected":false},"excerpt":{"rendered":"<p><strong data-start=\"201\" data-end=\"263\">Tr\u00e5dl\u00f8s varme- og kuliltedetektor (CO) til indend\u00f8rs brug<\/strong> Med indbygget sirene og LED-indikation. Detektoren alarmerer ved en hurtig temperaturstigning eller farlige CO-niveauer og kan interagere med andre branddetektorer i systemet for en f\u00e6lles alarm. Fungerer ogs\u00e5 uafh\u00e6ngigt som en almindelig r\u00f8galarm. Op til 7 \u00e5rs batterilevetid og 10 \u00e5rs levetid for CO-sensoren.<\/p>","protected":false},"featured_media":161310,"template":"","meta":{"_acf_changed":false},"product_brand":[],"product_cat":[3159],"product_tag":[],"class_list":{"0":"post-161311","1":"product","2":"type-product","3":"status-publish","4":"has-post-thumbnail","6":"product_cat-brandvarnare","7":"pa_brands-ajax-systems","8":"tm-no-options","10":"first","11":"instock","12":"taxable","13":"shipping-taxable","14":"purchasable","15":"product-type-simple"},"acf":[],"_links":{"self":[{"href":"https:\/\/secureus.se\/dk\/wp-json\/wp\/v2\/product\/161311","targetHints":{"allow":["GET"]}}],"collection":[{"href":"https:\/\/secureus.se\/dk\/wp-json\/wp\/v2\/product"}],"about":[{"href":"https:\/\/secureus.se\/dk\/wp-json\/wp\/v2\/types\/product"}],"wp:featuredmedia":[{"embeddable":true,"href":"https:\/\/secureus.se\/dk\/wp-json\/wp\/v2\/media\/161310"}],"wp:attachment":[{"href":"https:\/\/secureus.se\/dk\/wp-json\/wp\/v2\/media?parent=161311"}],"wp:term":[{"taxonomy":"product_brand","embeddable":true,"href":"https:\/\/secureus.se\/dk\/wp-json\/wp\/v2\/product_brand?post=161311"},{"taxonomy":"product_cat","embeddable":true,"href":"https:\/\/secureus.se\/dk\/wp-json\/wp\/v2\/product_cat?post=161311"},{"taxonomy":"product_tag","embeddable":true,"href":"https:\/\/secureus.se\/dk\/wp-json\/wp\/v2\/product_tag?post=161311"}],"curies":[{"name":"wp","href":"https:\/\/api.w.org\/{rel}","templated":true}]}}