{"id":161368,"date":"2026-01-07T15:39:15","date_gmt":"2026-01-07T14:39:15","guid":{"rendered":"https:\/\/secureus.se\/usb-c-kabel-5m-a-till-c\/"},"modified":"2026-05-02T16:27:00","modified_gmt":"2026-05-02T14:27:00","slug":"usb-c-kabel-5m-a-till-c","status":"publish","type":"product","link":"https:\/\/secureus.se\/dk\/usb-c-kabel-5m-a-till-c\/","title":{"rendered":"USB C-kabel 5 m - USB-A til USB-C str\u00f8mkabel"},"content":{"rendered":"<h3 data-start=\"385\" data-end=\"434\">USB-C str\u00f8mkabel for sikker og stabil drift<\/h3>\n<p data-start=\"435\" data-end=\"669\">Dette 5 meter lange USB-C str\u00f8mkabel er designet til at str\u00f8mforsyne enheder, der kr\u00e6ver USB-C-forbindelse, men ikke dataoverf\u00f8rsel. Det lange kabel giver mulighed for fleksibel placering af enheder i b\u00e5de hjem, virksomheder og tekniske installationer.<\/p>\n<h3 data-start=\"671\" data-end=\"700\">Hvad bruges kablet til?<\/h3>\n<p data-start=\"701\" data-end=\"872\">Kablet er beregnet til kontinuerlig str\u00f8mforsyning til USB-C-enheder med lavt str\u00f8mforbrug, s\u00e5som sikkerhedsprodukter, hvor stabil drift er vigtigere end opladningshastighed eller datafunktion.<\/p>\n<h3 data-start=\"874\" data-end=\"888\">Fordele<\/h3>\n<ul data-start=\"889\" data-end=\"1060\">\n<li data-start=\"889\" data-end=\"937\">\n<p data-start=\"891\" data-end=\"937\">5 meter kabell\u00e6ngde for fleksibel installation<\/p>\n<\/li>\n<li data-start=\"938\" data-end=\"968\">\n<p data-start=\"940\" data-end=\"968\">Stabil 5V str\u00f8mforsyning<\/p>\n<\/li>\n<li data-start=\"969\" data-end=\"1017\">\n<p data-start=\"971\" data-end=\"1017\">Tykt kabel (3,5 mm) for p\u00e5lidelig brug<\/p>\n<\/li>\n<li data-start=\"1018\" data-end=\"1060\">\n<p data-start=\"1020\" data-end=\"1060\">Enkel plug-and-play uden konfiguration<\/p>\n<\/li>\n<\/ul>\n<h3 data-start=\"1062\" data-end=\"1086\">Vigtig information<\/h3>\n<p data-start=\"1087\" data-end=\"1200\">Dette er en <strong data-start=\"1099\" data-end=\"1117\">rent str\u00f8mkabel<\/strong>Kablet er <strong data-start=\"1129\" data-end=\"1199\">ikke beregnet til dataoverf\u00f8rsel, synkronisering eller hurtigopladning<\/strong>.<\/p>\n<h3 data-start=\"1202\" data-end=\"1226\">Anvendelsesomr\u00e5der<\/h3>\n<ul data-start=\"1227\" data-end=\"1364\">\n<li data-start=\"1227\" data-end=\"1250\">\n<p data-start=\"1229\" data-end=\"1250\">Overv\u00e5gningskameraer<\/p>\n<\/li>\n<li data-start=\"1251\" data-end=\"1283\">\n<p data-start=\"1253\" data-end=\"1283\">Alarm- og sikkerhedsudstyr<\/p>\n<\/li>\n<li data-start=\"1284\" data-end=\"1326\">\n<p data-start=\"1286\" data-end=\"1326\">Sensorer og tilbeh\u00f8r med USB-C-str\u00f8mforsyning<\/p>\n<\/li>\n<li data-start=\"1327\" data-end=\"1364\">\n<p data-start=\"1329\" data-end=\"1364\">Fast eller semi-fast installation<\/p>\n<\/li>\n<\/ul>\n<hr data-start=\"1366\" data-end=\"1369\" \/>\n<p data-start=\"1371\" data-end=\"1402\"><strong data-start=\"1371\" data-end=\"1400\">TEKNISKE SPECIFIKATIONER:<\/strong><\/p>\n<ul data-start=\"1403\" data-end=\"1649\">\n<li data-start=\"1403\" data-end=\"1435\">\n<p data-start=\"1405\" data-end=\"1435\">Forbindelse: USB-A til USB-C<\/p>\n<\/li>\n<li data-start=\"1436\" data-end=\"1475\">\n<p data-start=\"1438\" data-end=\"1475\">Funktion: Kun str\u00f8m<\/p>\n<\/li>\n<li data-start=\"1476\" data-end=\"1493\">\n<p data-start=\"1478\" data-end=\"1493\">Sp\u00e6nding: 5V<\/p>\n<\/li>\n<li data-start=\"1494\" data-end=\"1516\">\n<p data-start=\"1496\" data-end=\"1516\">Str\u00f8m: 0,5 A<\/p>\n<\/li>\n<li data-start=\"1517\" data-end=\"1534\">\n<p data-start=\"1519\" data-end=\"1534\">Effekt: 2,5 W<\/p>\n<\/li>\n<li data-start=\"1535\" data-end=\"1556\">\n<p data-start=\"1537\" data-end=\"1556\">Kabell\u00e6ngde: 5,0 m<\/p>\n<\/li>\n<li data-start=\"1557\" data-end=\"1587\">\n<p data-start=\"1559\" data-end=\"1587\">Kabeldiameter (OD): 3,5 mm<\/p>\n<\/li>\n<li data-start=\"1588\" data-end=\"1601\">\n<p data-start=\"1590\" data-end=\"1601\">Farve: Hvid<\/p>\n<\/li>\n<li data-start=\"1602\" data-end=\"1628\">\n<p data-start=\"1604\" data-end=\"1628\">Emballage: Plastikpose<\/p>\n<\/li>\n<li data-start=\"1629\" data-end=\"1649\">\n<p data-start=\"1631\" data-end=\"1649\">Certificering: CE<\/p>\n<\/li>\n<\/ul>","protected":false},"excerpt":{"rendered":"<p>USB-C str\u00f8mkabel p\u00e5 5 meter for enkel og stabil str\u00f8mforsyning. Beregnet til USB-C enheder s\u00e5som kameraer, alarmer og andet lavstr\u00f8msudstyr. Kun til str\u00f8m, ikke dataoverf\u00f8rsel.<\/p>","protected":false},"featured_media":161367,"template":"","meta":{"_acf_changed":false},"product_brand":[],"product_cat":[4959],"product_tag":[],"class_list":{"0":"post-161368","1":"product","2":"type-product","3":"status-publish","4":"has-post-thumbnail","6":"product_cat-stromforsorjning","7":"product_shipping_class-postnord-varubrev","8":"tm-no-options","10":"first","11":"instock","12":"taxable","13":"shipping-taxable","14":"purchasable","15":"product-type-simple"},"acf":[],"_links":{"self":[{"href":"https:\/\/secureus.se\/dk\/wp-json\/wp\/v2\/product\/161368","targetHints":{"allow":["GET"]}}],"collection":[{"href":"https:\/\/secureus.se\/dk\/wp-json\/wp\/v2\/product"}],"about":[{"href":"https:\/\/secureus.se\/dk\/wp-json\/wp\/v2\/types\/product"}],"wp:featuredmedia":[{"embeddable":true,"href":"https:\/\/secureus.se\/dk\/wp-json\/wp\/v2\/media\/161367"}],"wp:attachment":[{"href":"https:\/\/secureus.se\/dk\/wp-json\/wp\/v2\/media?parent=161368"}],"wp:term":[{"taxonomy":"product_brand","embeddable":true,"href":"https:\/\/secureus.se\/dk\/wp-json\/wp\/v2\/product_brand?post=161368"},{"taxonomy":"product_cat","embeddable":true,"href":"https:\/\/secureus.se\/dk\/wp-json\/wp\/v2\/product_cat?post=161368"},{"taxonomy":"product_tag","embeddable":true,"href":"https:\/\/secureus.se\/dk\/wp-json\/wp\/v2\/product_tag?post=161368"}],"curies":[{"name":"wp","href":"https:\/\/api.w.org\/{rel}","templated":true}]}}