{"id":161370,"date":"2026-01-09T15:12:43","date_gmt":"2026-01-09T14:12:43","guid":{"rendered":"https:\/\/secureus.se\/usb-c-till-usb-c-kabel-5m\/"},"modified":"2026-02-03T11:48:15","modified_gmt":"2026-02-03T10:48:15","slug":"usb-c-till-usb-c-kabel-5m","status":"publish","type":"product","link":"https:\/\/secureus.se\/dk\/usb-c-till-usb-c-kabel-5m\/","title":{"rendered":"USB C-kabel 5m \u2013 USB-C til USB-C str\u00f8mkabel"},"content":{"rendered":"<h3 data-start=\"348\" data-end=\"413\">USB-C til USB-C str\u00f8mkabel til fast og sikker installation<\/h3>\n<p data-start=\"414\" data-end=\"634\">Dette 5 meter lange USB-C til USB-C str\u00f8mkabel er designet til at str\u00f8mforsyne enheder, der bruger USB-C p\u00e5 b\u00e5de str\u00f8mkilden og enheden. Kablet er velegnet til installationer, hvor stabil drift og l\u00e6ngere r\u00e6kkevidde er p\u00e5kr\u00e6vet.<\/p>\n<h3 data-start=\"636\" data-end=\"659\">Anvendelsesomr\u00e5de<\/h3>\n<p data-start=\"660\" data-end=\"821\">Kablet bruges til kontinuerlig str\u00f8mforsyning til USB-C-enheder med lavt str\u00f8mforbrug. Det er s\u00e6rligt velegnet til sikkerhedsprodukter, hvor dataoverf\u00f8rsel ikke er n\u00f8dvendig.<\/p>\n<h3 data-start=\"823\" data-end=\"837\">Fordele<\/h3>\n<ul data-start=\"838\" data-end=\"1002\">\n<li data-start=\"838\" data-end=\"883\">\n<p data-start=\"840\" data-end=\"883\">5 meter kabell\u00e6ngde for fleksibel placering<\/p>\n<\/li>\n<li data-start=\"884\" data-end=\"921\">\n<p data-start=\"886\" data-end=\"921\">Stabil str\u00f8mforsyning via USB-C<\/p>\n<\/li>\n<li data-start=\"922\" data-end=\"965\">\n<p data-start=\"924\" data-end=\"965\">Tykt kabel (3,5 mm) for p\u00e5lidelig drift<\/p>\n<\/li>\n<li data-start=\"966\" data-end=\"1002\">\n<p data-start=\"968\" data-end=\"1002\">Nem plug-and-play-installation<\/p>\n<\/li>\n<\/ul>\n<h3 data-start=\"1004\" data-end=\"1028\">Vigtig information<\/h3>\n<p data-start=\"1029\" data-end=\"1142\">Dette er en <strong data-start=\"1041\" data-end=\"1059\">rent str\u00f8mkabel<\/strong>Kablet er <strong data-start=\"1071\" data-end=\"1141\">ikke beregnet til dataoverf\u00f8rsel, synkronisering eller hurtigopladning<\/strong>.<\/p>\n<h3 data-start=\"1144\" data-end=\"1176\">Typiske anvendelser<\/h3>\n<ul data-start=\"1177\" data-end=\"1323\">\n<li data-start=\"1177\" data-end=\"1200\">\n<p data-start=\"1179\" data-end=\"1200\">Overv\u00e5gningskameraer<\/p>\n<\/li>\n<li data-start=\"1201\" data-end=\"1233\">\n<p data-start=\"1203\" data-end=\"1233\">Alarm- og sikkerhedsudstyr<\/p>\n<\/li>\n<li data-start=\"1234\" data-end=\"1285\">\n<p data-start=\"1236\" data-end=\"1285\">Sensorer og teknisk tilbeh\u00f8r med USB-C-str\u00f8m<\/p>\n<\/li>\n<li data-start=\"1286\" data-end=\"1323\">\n<p data-start=\"1288\" data-end=\"1323\">Fast eller semi-fast installation<\/p>\n<\/li>\n<\/ul>\n<hr data-start=\"1325\" data-end=\"1328\" \/>\n<p data-start=\"1330\" data-end=\"1361\"><strong data-start=\"1330\" data-end=\"1359\">TEKNISKE SPECIFIKATIONER:<\/strong><\/p>\n<ul data-start=\"1362\" data-end=\"1608\">\n<li data-start=\"1362\" data-end=\"1394\">\n<p data-start=\"1364\" data-end=\"1394\">Forbindelse: USB-C til USB-C<\/p>\n<\/li>\n<li data-start=\"1395\" data-end=\"1434\">\n<p data-start=\"1397\" data-end=\"1434\">Funktion: Kun str\u00f8m<\/p>\n<\/li>\n<li data-start=\"1435\" data-end=\"1452\">\n<p data-start=\"1437\" data-end=\"1452\">Sp\u00e6nding: 5V<\/p>\n<\/li>\n<li data-start=\"1453\" data-end=\"1475\">\n<p data-start=\"1455\" data-end=\"1475\">Str\u00f8m: 0,5 A<\/p>\n<\/li>\n<li data-start=\"1476\" data-end=\"1493\">\n<p data-start=\"1478\" data-end=\"1493\">Effekt: 2,5 W<\/p>\n<\/li>\n<li data-start=\"1494\" data-end=\"1515\">\n<p data-start=\"1496\" data-end=\"1515\">Kabell\u00e6ngde: 5,0 m<\/p>\n<\/li>\n<li data-start=\"1516\" data-end=\"1546\">\n<p data-start=\"1518\" data-end=\"1546\">Kabeldiameter (OD): 3,5 mm<\/p>\n<\/li>\n<li data-start=\"1547\" data-end=\"1560\">\n<p data-start=\"1549\" data-end=\"1560\">Farve: Hvid<\/p>\n<\/li>\n<li data-start=\"1561\" data-end=\"1587\">\n<p data-start=\"1563\" data-end=\"1587\">Emballage: Plastikpose<\/p>\n<\/li>\n<li data-start=\"1588\" data-end=\"1608\">\n<p data-start=\"1590\" data-end=\"1608\">Certificering: CE<\/p>\n<\/li>\n<\/ul>","protected":false},"excerpt":{"rendered":"<p>USB-C til USB-C str\u00f8mkabel, 5 meter, for stabil str\u00f8mforsyning. Beregnet til USB-C enheder s\u00e5som kameraer, alarmer og andre enheder med lavt str\u00f8mforbrug. Kun til str\u00f8m, ikke dataoverf\u00f8rsel.<\/p>","protected":false},"featured_media":161369,"template":"","meta":{"_acf_changed":false},"product_brand":[],"product_cat":[4959],"product_tag":[],"class_list":{"0":"post-161370","1":"product","2":"type-product","3":"status-publish","4":"has-post-thumbnail","6":"product_cat-stromforsorjning","7":"product_shipping_class-postnord-varubrev","8":"tm-no-options","10":"first","11":"outofstock","12":"taxable","13":"shipping-taxable","14":"purchasable","15":"product-type-simple"},"acf":[],"_links":{"self":[{"href":"https:\/\/secureus.se\/dk\/wp-json\/wp\/v2\/product\/161370","targetHints":{"allow":["GET"]}}],"collection":[{"href":"https:\/\/secureus.se\/dk\/wp-json\/wp\/v2\/product"}],"about":[{"href":"https:\/\/secureus.se\/dk\/wp-json\/wp\/v2\/types\/product"}],"wp:featuredmedia":[{"embeddable":true,"href":"https:\/\/secureus.se\/dk\/wp-json\/wp\/v2\/media\/161369"}],"wp:attachment":[{"href":"https:\/\/secureus.se\/dk\/wp-json\/wp\/v2\/media?parent=161370"}],"wp:term":[{"taxonomy":"product_brand","embeddable":true,"href":"https:\/\/secureus.se\/dk\/wp-json\/wp\/v2\/product_brand?post=161370"},{"taxonomy":"product_cat","embeddable":true,"href":"https:\/\/secureus.se\/dk\/wp-json\/wp\/v2\/product_cat?post=161370"},{"taxonomy":"product_tag","embeddable":true,"href":"https:\/\/secureus.se\/dk\/wp-json\/wp\/v2\/product_tag?post=161370"}],"curies":[{"name":"wp","href":"https:\/\/api.w.org\/{rel}","templated":true}]}}