{"id":161373,"date":"2026-01-07T15:44:02","date_gmt":"2026-01-07T14:44:02","guid":{"rendered":"https:\/\/secureus.se\/?post_type=product&#038;p=161373"},"modified":"2026-04-16T22:49:45","modified_gmt":"2026-04-16T20:49:45","slug":"stromadapter-12v-2a-5m-vit","status":"publish","type":"product","link":"https:\/\/secureus.se\/dk\/stromadapter-12v-2a-5m-vit\/","title":{"rendered":"Str\u00f8madapter 12V 2A \u2013 5m kabel \u2013 Hvid"},"content":{"rendered":"<h3 data-start=\"2124\" data-end=\"2173\">P\u00e5lidelig str\u00f8mforsyning med lang r\u00e6kkevidde<\/h3>\n<p data-start=\"2174\" data-end=\"2366\">Denne 12V str\u00f8madapter leverer op til 2A og er designet til kontinuerlig drift af sikkerhedsprodukter. Med et 5 meter langt kabel bliver installationen fleksibel, selv n\u00e5r stikkontakten er l\u00e6ngere v\u00e6k.<\/p>\n<h3 data-start=\"2368\" data-end=\"2382\">Fordele<\/h3>\n<ul data-start=\"2383\" data-end=\"2530\">\n<li data-start=\"2383\" data-end=\"2406\">\n<p data-start=\"2385\" data-end=\"2406\">Stabil 12V DC-str\u00f8m<\/p>\n<\/li>\n<li data-start=\"2407\" data-end=\"2448\">\n<p data-start=\"2409\" data-end=\"2448\">5 meter kabel for nem installation<\/p>\n<\/li>\n<li data-start=\"2449\" data-end=\"2476\">\n<p data-start=\"2451\" data-end=\"2476\">Formonteret DC-stik<\/p>\n<\/li>\n<li data-start=\"2477\" data-end=\"2530\">\n<p data-start=\"2479\" data-end=\"2530\">Velegnet til diskrete installationer takket v\u00e6re den hvide farve<\/p>\n<\/li>\n<\/ul>\n<h3 data-start=\"2532\" data-end=\"2556\">Anvendelsesomr\u00e5der<\/h3>\n<p data-start=\"2557\" data-end=\"2656\">Anvendes til alarmer, tastaturer og andet sikkerhedsudstyr, der kr\u00e6ver en ekstern 12V str\u00f8mforsyning.<\/p>\n<h3 data-start=\"2658\" data-end=\"2678\">Kompatibilitet<\/h3>\n<ul data-start=\"2679\" data-end=\"2737\">\n<li data-start=\"2679\" data-end=\"2711\">\n<p data-start=\"2681\" data-end=\"2711\">Udstyr med 12V DC-indgang<\/p>\n<\/li>\n<li data-start=\"2712\" data-end=\"2737\">\n<p data-start=\"2714\" data-end=\"2737\">DC-stik 5,5 \u00d7 2,1 mm<\/p>\n<\/li>\n<\/ul>\n<hr data-start=\"2739\" data-end=\"2742\" \/>\n<p data-start=\"2744\" data-end=\"2775\"><strong data-start=\"2744\" data-end=\"2773\">TEKNISKE SPECIFIKATIONER:<\/strong><\/p>\n<ul data-start=\"2776\" data-end=\"3044\">\n<li data-start=\"2776\" data-end=\"2816\">\n<p data-start=\"2778\" data-end=\"2816\">Indgangssp\u00e6nding: AC 100-240V, 0,8A<\/p>\n<\/li>\n<li data-start=\"2817\" data-end=\"2839\">\n<p data-start=\"2819\" data-end=\"2839\">Frekvens: 50\/60 Hz<\/p>\n<\/li>\n<li data-start=\"2840\" data-end=\"2868\">\n<p data-start=\"2842\" data-end=\"2868\">Udgangssp\u00e6nding: DC 12 V<\/p>\n<\/li>\n<li data-start=\"2869\" data-end=\"2900\">\n<p data-start=\"2871\" data-end=\"2900\">Udgangsstr\u00f8m: 2 A (2000 mA)<\/p>\n<\/li>\n<li data-start=\"2901\" data-end=\"2917\">\n<p data-start=\"2903\" data-end=\"2917\">Effekt: 24W<\/p>\n<\/li>\n<li data-start=\"2918\" data-end=\"2941\">\n<p data-start=\"2920\" data-end=\"2941\">Kontakt: EU-kontakt<\/p>\n<\/li>\n<li data-start=\"2942\" data-end=\"2987\">\n<p data-start=\"2944\" data-end=\"2987\">DC-stik: 5,5 \u00d7 2,1 mm, 10 mm l\u00e6ngde, 180\u00b0<\/p>\n<\/li>\n<li data-start=\"2988\" data-end=\"3009\">\n<p data-start=\"2990\" data-end=\"3009\">Kabell\u00e6ngde: 5,0 m<\/p>\n<\/li>\n<li data-start=\"3010\" data-end=\"3023\">\n<p data-start=\"3012\" data-end=\"3023\">Farve: Hvid<\/p>\n<\/li>\n<li data-start=\"3024\" data-end=\"3044\">\n<p data-start=\"3026\" data-end=\"3044\">Certificering: CE<\/p>\n<\/li>\n<\/ul>","protected":false},"excerpt":{"rendered":"<p>12V str\u00f8madapter med 5 meter kabel for stabil og sikker str\u00f8mforsyning. Velegnet til alarmer og sikkerhedsudstyr, der kr\u00e6ver 12V DC. Leveres med EU-stik og DC-stik.<\/p>","protected":false},"featured_media":161374,"template":"","meta":{"_acf_changed":false},"product_brand":[],"product_cat":[4959],"product_tag":[4863],"class_list":{"0":"post-161373","1":"product","2":"type-product","3":"status-publish","4":"has-post-thumbnail","6":"product_cat-stromforsorjning","7":"product_tag-pf","8":"product_shipping_class-postnord-varubrev","9":"pa_brands-stonehouse-security","10":"pa_farg-vit","11":"tm-no-options","13":"first","14":"instock","15":"taxable","16":"shipping-taxable","17":"purchasable","18":"product-type-simple"},"acf":[],"_links":{"self":[{"href":"https:\/\/secureus.se\/dk\/wp-json\/wp\/v2\/product\/161373","targetHints":{"allow":["GET"]}}],"collection":[{"href":"https:\/\/secureus.se\/dk\/wp-json\/wp\/v2\/product"}],"about":[{"href":"https:\/\/secureus.se\/dk\/wp-json\/wp\/v2\/types\/product"}],"wp:featuredmedia":[{"embeddable":true,"href":"https:\/\/secureus.se\/dk\/wp-json\/wp\/v2\/media\/161374"}],"wp:attachment":[{"href":"https:\/\/secureus.se\/dk\/wp-json\/wp\/v2\/media?parent=161373"}],"wp:term":[{"taxonomy":"product_brand","embeddable":true,"href":"https:\/\/secureus.se\/dk\/wp-json\/wp\/v2\/product_brand?post=161373"},{"taxonomy":"product_cat","embeddable":true,"href":"https:\/\/secureus.se\/dk\/wp-json\/wp\/v2\/product_cat?post=161373"},{"taxonomy":"product_tag","embeddable":true,"href":"https:\/\/secureus.se\/dk\/wp-json\/wp\/v2\/product_tag?post=161373"}],"curies":[{"name":"wp","href":"https:\/\/api.w.org\/{rel}","templated":true}]}}