{"id":161491,"date":"2026-01-12T14:11:32","date_gmt":"2026-01-12T13:11:32","guid":{"rendered":"https:\/\/secureus.se\/safetron-ellas-sl620-rattvand-generations-2\/"},"modified":"2026-01-22T11:06:48","modified_gmt":"2026-01-22T10:06:48","slug":"safetron-ellas-sl620-rattvand-generations-2","status":"publish","type":"product","link":"https:\/\/secureus.se\/dk\/safetron-ellas-sl620-rattvand-generations-2\/","title":{"rendered":"Safetron elektrisk l\u00e5s SL620 h\u00f8jreh\u00e5ndet (Generationer 2)"},"content":{"rendered":"<p>SAFETRON SL620 Generation 2 er den nye version af multifunktionelle elektriske trykknapl\u00e5se med splitfunktion og patenteret hybridteknologi. Hybridteknologien muligg\u00f8r justering af stemplets placering mellem ASSA connect og Classic-modulet. SL620 har en h\u00f8jrevendt funktion.<\/p>\n<p>V\u00e6lg mellem delt h\/h og simpel funktion gennem l\u00e5sens funktionsv\u00e6lger. Splitfunktion betyder, at trykket p\u00e5 ydersiden er elektrisk styret, mens trykket p\u00e5 indersiden altid er mekanisk forbundet og derved altid tillader en mekanisk udgang. Enkel betjening betyder, at begge skub er l\u00e5st, og der kr\u00e6ves passagekontrol fra begge sider af d\u00f8ren.<\/p>\n<p>Der gives indikation for l\u00e5sning, trykbev\u00e6gelse, d\u00f8rstatus gennem magnetkontakt og knopindikation.<\/p>\n<p>\u2022 Split eller enkelt funktion<\/p>\n<p>\u2022 Hybridteknologi: Justerbar stempelplacering mellem ASSA connect\/classic<\/p>\n<p>\u2022 Brandgodkendt: 120min<\/p>\n<p>\u2022 H\u00f8jrevendt funktion<\/p>\n<p>\u2022 Indikationer: l\u00e5sning, trykbev\u00e6gelse, knap- og d\u00f8rstatus<\/p>\n<p>\u2022 Multisp\u00e6nding: 10-30VDC<\/p>\n<p>\u2022 Str\u00f8mforbrug: 40mA ved 24VDC<\/p>\n<p>\u2022 Godkendt n\u00f8devakuering sammen med n\u00f8dudstyr 793 &amp; 794<\/p>\n<p>\u2022 Godkendt med koblingsregel type T<\/p>","protected":false},"excerpt":{"rendered":"<p>SAFETRON SL620 Generation 2 er den nye version af multifunktionelle elektriske trykknapl\u00e5se med splitfunktion og patenteret hybridteknologi. Hybridteknologien giver mulighed for at justere stempelplaceringen mellem ASSA connect og Classic-modulet. SL620<\/p>","protected":false},"featured_media":142864,"template":"","meta":{"_acf_changed":false},"product_brand":[],"product_cat":[2429],"product_tag":[2286,4510,4866,4511],"class_list":{"0":"post-161491","1":"product","2":"type-product","3":"status-publish","4":"has-post-thumbnail","6":"product_cat-ellas","7":"product_tag-ellas-eltryckeslas","8":"product_tag-rel-safetron-eltryckeslas","9":"product_tag-safetron-20","10":"product_tag-safetron-eltryckeslas","11":"product_shipping_class-tunga-paket","12":"pa_brands-7safetron","13":"tm-no-options","15":"first","16":"instock","17":"sale","18":"featured","19":"taxable","20":"shipping-taxable","21":"purchasable","22":"product-type-simple"},"acf":[],"_links":{"self":[{"href":"https:\/\/secureus.se\/dk\/wp-json\/wp\/v2\/product\/161491","targetHints":{"allow":["GET"]}}],"collection":[{"href":"https:\/\/secureus.se\/dk\/wp-json\/wp\/v2\/product"}],"about":[{"href":"https:\/\/secureus.se\/dk\/wp-json\/wp\/v2\/types\/product"}],"wp:featuredmedia":[{"embeddable":true,"href":"https:\/\/secureus.se\/dk\/wp-json\/wp\/v2\/media\/142864"}],"wp:attachment":[{"href":"https:\/\/secureus.se\/dk\/wp-json\/wp\/v2\/media?parent=161491"}],"wp:term":[{"taxonomy":"product_brand","embeddable":true,"href":"https:\/\/secureus.se\/dk\/wp-json\/wp\/v2\/product_brand?post=161491"},{"taxonomy":"product_cat","embeddable":true,"href":"https:\/\/secureus.se\/dk\/wp-json\/wp\/v2\/product_cat?post=161491"},{"taxonomy":"product_tag","embeddable":true,"href":"https:\/\/secureus.se\/dk\/wp-json\/wp\/v2\/product_tag?post=161491"}],"curies":[{"name":"wp","href":"https:\/\/api.w.org\/{rel}","templated":true}]}}