{"id":161493,"date":"2022-07-04T07:50:02","date_gmt":"2022-07-04T05:50:02","guid":{"rendered":"https:\/\/secureus.se\/ellas-sl630\/"},"modified":"2026-03-18T12:11:00","modified_gmt":"2026-03-18T11:11:00","slug":"ellas-sl630","status":"publish","type":"product","link":"https:\/\/secureus.se\/dk\/ellas-sl630\/","title":{"rendered":"Safetron elektrisk l\u00e5s SL630 (ny generation)"},"content":{"rendered":"<p>SAFETRON SL630 (ny generation) er en elektromekanisk l\u00e5s med patentanmeldt strimmeltrykteknologi. L\u00e5sen har et bredt og unikt anvendelsesomr\u00e5de, der d\u00e6kker funktionelle krav som elektrisk aktivering, d\u00f8rautomatisering, n\u00f8devakuering, brandslukning, splitfunktion og genbrug. Aldrig f\u00f8r er s\u00e5 mange komplekse funktionelle krav blevet opfyldt af \u00e9t og samme l\u00e5sehus.<\/p>\n<p>SAFETRON SL630 kan med fordel bruges i kombination med d\u00f8rautomatik, men er samtidig udstyret med de tryk, der aktiveres elektronisk. L\u00e5sen er udstyret med dobbelte solenoider, den ene styrer opl\u00e5sningen af dobbeltfunktionskassen og den anden aktiveringen af trykfunktionen. Det betyder, at der kan kobles separat til henholdsvis d\u00f8rautomatik og passagesystemer.<\/p>\n<p>\u2022 Etui med dobbelt funktion: H\u00f8jrevendt funktion<\/p>\n<p>\u2022 Tryk: Omvendt funktion<\/p>\n<p>SAFETRON SL630 kan indstilles i split eller single mode, hvilket betyder at knapperne \u00e5bnes via elektronisk aktivering fra begge sider.<\/p>\n<p>SAFETRON SL630 er certificeret og CE-m\u00e6rket til brug i brandcellegr\u00e6nser af h\u00f8jeste brandtekniske klasse: 120min.<\/p>\n<p>SAFETRON SL630 kan udstyres med to forskellige n\u00f8dudgangsbeslag: 793 eller 794. V\u00e6lg 793 for trykpositionen, n\u00e5r l\u00e5sen er indstillet i splitfunktion eller 794 for cylinderpositionen, n\u00e5r l\u00e5sen er indstillet i enkeltfunktion eller n\u00e5r tr\u00e6kh\u00e5ndtaget er skal bruges.<\/p>\n<p>SAFETRON SL630 opfylder ogs\u00e5 kravene til genhusning. L\u00e5sens trykfunktion har den modsatte funktion og derved aktiveres genhusning ved at nedbryde sp\u00e6ndingen til d\u00f8rmilj\u00f8et. Nedbruddet kan ske ved aktiveret brandalarm eller ved aktiveret n\u00f8dbeslag 794 i kombination med SAFETRON REC (Re-entry card) rel\u00e6kort.<\/p>\n<p>\u2022 Split eller enkelt funktion<\/p>\n<p>\u2022 Listeudskrivningsteknologi<\/p>\n<p>\u2022 Brandgodkendt: 120min<\/p>\n<p>\u2022 Tilpasset d\u00f8rautomatik<\/p>\n<p>\u2022 Moderne stempelplacering<\/p>\n<p>\u2022 Frem- og tilbagefunktion<\/p>\n<p>\u2022 N\u00f8devakuering i henhold til SS-EN 179<\/p>\n<p>\u2022 Indikationer: l\u00e5sning, trykbev\u00e6gelse, cylinder- og d\u00f8rstatus<\/p>\n<p>\u2022 Multisp\u00e6nding: 10-30VDC<\/p>\n<p>\u2022 Godkendt n\u00f8devakuering sammen med n\u00f8dudstyr 793 &amp; 794<\/p>\n<p>\u2022 Genbes\u00e6ttelse gennem brandalarmnedbrud eller via SAFETRON REC (Re-entry card)<\/p>","protected":false},"excerpt":{"rendered":"<p>SAFETRON SL630 (nya geneationen)\u00a0 \u00e4r ett elektromekaniskt l\u00e5s med patents\u00f6kt listtrycksteknik. L\u00e5set har ett brett och unikt anv\u00e4ndningsomr\u00e5de som t\u00e4cker in funktionskrav s\u00e5som elektrisk aktivering, d\u00f6rrautomatik, n\u00f6dutrymning, brandigenh\u00e5llning, splitfunktion samt<\/p>","protected":false},"featured_media":142242,"template":"","meta":{"_acf_changed":false},"product_brand":[],"product_cat":[2429],"product_tag":[2286,4510,4866,4511],"class_list":{"0":"post-161493","1":"product","2":"type-product","3":"status-publish","4":"has-post-thumbnail","6":"product_cat-ellas","7":"product_tag-ellas-eltryckeslas","8":"product_tag-rel-safetron-eltryckeslas","9":"product_tag-safetron-20","10":"product_tag-safetron-eltryckeslas","11":"product_shipping_class-tunga-paket","12":"pa_brands-7safetron","13":"tm-no-options","15":"first","16":"instock","17":"sale","18":"featured","19":"taxable","20":"shipping-taxable","21":"purchasable","22":"product-type-simple"},"acf":[],"_links":{"self":[{"href":"https:\/\/secureus.se\/dk\/wp-json\/wp\/v2\/product\/161493","targetHints":{"allow":["GET"]}}],"collection":[{"href":"https:\/\/secureus.se\/dk\/wp-json\/wp\/v2\/product"}],"about":[{"href":"https:\/\/secureus.se\/dk\/wp-json\/wp\/v2\/types\/product"}],"wp:featuredmedia":[{"embeddable":true,"href":"https:\/\/secureus.se\/dk\/wp-json\/wp\/v2\/media\/142242"}],"wp:attachment":[{"href":"https:\/\/secureus.se\/dk\/wp-json\/wp\/v2\/media?parent=161493"}],"wp:term":[{"taxonomy":"product_brand","embeddable":true,"href":"https:\/\/secureus.se\/dk\/wp-json\/wp\/v2\/product_brand?post=161493"},{"taxonomy":"product_cat","embeddable":true,"href":"https:\/\/secureus.se\/dk\/wp-json\/wp\/v2\/product_cat?post=161493"},{"taxonomy":"product_tag","embeddable":true,"href":"https:\/\/secureus.se\/dk\/wp-json\/wp\/v2\/product_tag?post=161493"}],"curies":[{"name":"wp","href":"https:\/\/api.w.org\/{rel}","templated":true}]}}