{"id":161793,"date":"2025-11-20T10:17:32","date_gmt":"2025-11-20T09:17:32","guid":{"rendered":"https:\/\/secureus.se\/blixtljus-vit-led-td-sl32-12-24v\/"},"modified":"2026-03-31T13:25:46","modified_gmt":"2026-03-31T11:25:46","slug":"blixtljus-vit-led-td-sl32-12-24v","status":"publish","type":"product","link":"https:\/\/secureus.se\/dk\/blixtljus-vit-led-td-sl32-12-24v\/","title":{"rendered":"Blinkende lys HVID LED TD-SL32 12-24V Lampe med 90 blink pr. minut 12-24V"},"content":{"rendered":"<h2 data-start=\"0\" data-end=\"39\">Strobelys TD-SL32 \u2013 Hvid LED (12\u201324V)<\/h2>\n<p data-start=\"41\" data-end=\"261\">TD-SL32 er en kompakt <strong data-start=\"64\" data-end=\"81\">LED-blitzlys<\/strong> som bruges som et tydeligt, visuelt advarselssignal i forskellige typer alarmsystemer. N\u00e5r alarmen aktiveres, blinker stroboskoplyset klart til begge <strong data-start=\"221\" data-end=\"242\">advare omgivelserne<\/strong> og <strong data-start=\"247\" data-end=\"260\">afskr\u00e6kke<\/strong>.<\/p>\n<p data-start=\"263\" data-end=\"382\">Velegnet til f.eks. villaer, garager, opbevaringsrum, butikker og andre milj\u00f8er, hvor man \u00f8nsker en ekstra tydelig alarmindikation.<\/p>\n<hr data-start=\"384\" data-end=\"387\" \/>\n<h3 data-start=\"389\" data-end=\"401\">Fordele<\/h3>\n<ul data-start=\"402\" data-end=\"635\">\n<li data-start=\"402\" data-end=\"442\">\n<p data-start=\"404\" data-end=\"442\">Tydeligvis <strong data-start=\"412\" data-end=\"431\">stroboskopblitz<\/strong> i tilf\u00e6lde af alarm<\/p>\n<\/li>\n<li data-start=\"443\" data-end=\"506\">\n<p data-start=\"445\" data-end=\"506\"><strong data-start=\"445\" data-end=\"459\">LED-teknologi<\/strong> for lang levetid og lavt energiforbrug<\/p>\n<\/li>\n<li data-start=\"507\" data-end=\"543\">\n<p data-start=\"509\" data-end=\"543\">Virker p\u00e5 <strong data-start=\"521\" data-end=\"541\">12V eller 24V DC<\/strong><\/p>\n<\/li>\n<li data-start=\"544\" data-end=\"585\">\n<p data-start=\"546\" data-end=\"585\">Robust hus lavet af slidst\u00e6rk ABS-plast<\/p>\n<\/li>\n<li data-start=\"586\" data-end=\"635\">\n<p data-start=\"588\" data-end=\"635\">Nem montering med medf\u00f8lgende beslag\/skruer<\/p>\n<\/li>\n<\/ul>\n<hr data-start=\"637\" data-end=\"640\" \/>\n<h3 data-start=\"642\" data-end=\"670\">Tekniske specifikationer<\/h3>\n<ul data-start=\"671\" data-end=\"945\">\n<li data-start=\"671\" data-end=\"694\">\n<p data-start=\"673\" data-end=\"694\"><strong data-start=\"673\" data-end=\"684\">Model:<\/strong> TD-SL32<\/p>\n<\/li>\n<li data-start=\"695\" data-end=\"712\">\n<p data-start=\"697\" data-end=\"712\"><strong data-start=\"697\" data-end=\"706\">Farve:<\/strong> hvid<\/p>\n<\/li>\n<li data-start=\"713\" data-end=\"735\">\n<p data-start=\"715\" data-end=\"735\"><strong data-start=\"715\" data-end=\"729\">Lyskilde:<\/strong> LED&#039;er<\/p>\n<\/li>\n<li data-start=\"736\" data-end=\"771\">\n<p data-start=\"738\" data-end=\"771\"><strong data-start=\"738\" data-end=\"756\">Driftssp\u00e6nding:<\/strong> DC 12V \/ 24V<\/p>\n<\/li>\n<li data-start=\"772\" data-end=\"805\">\n<p data-start=\"774\" data-end=\"805\"><strong data-start=\"774\" data-end=\"795\">Str\u00f8mforbrug:<\/strong> \u2264 80mA<\/p>\n<\/li>\n<li data-start=\"806\" data-end=\"846\">\n<p data-start=\"808\" data-end=\"846\"><strong data-start=\"808\" data-end=\"826\">Flash frekvens:<\/strong> cirka 90 blink\/minut<\/p>\n<\/li>\n<li data-start=\"847\" data-end=\"891\">\n<p data-start=\"849\" data-end=\"891\"><strong data-start=\"849\" data-end=\"870\">Arbejdstemperatur:<\/strong> \u221210\u00b0C til +50\u00b0C<\/p>\n<\/li>\n<li data-start=\"892\" data-end=\"917\">\n<p data-start=\"894\" data-end=\"917\"><strong data-start=\"894\" data-end=\"903\">V\u00e6gt:<\/strong> ca. 99\u2013100 g<\/p>\n<\/li>\n<li data-start=\"918\" data-end=\"945\">\n<p data-start=\"920\" data-end=\"945\"><strong data-start=\"920\" data-end=\"929\">M\u00e5le:<\/strong> ca. 70 \u00d7 45 mm<\/p>\n<\/li>\n<\/ul>\n<hr data-start=\"947\" data-end=\"950\" \/>\n<h3 data-start=\"952\" data-end=\"978\">Montering og tilslutning<\/h3>\n<p data-start=\"979\" data-end=\"1220\">TD-SL32 er typisk tilsluttet <strong data-start=\"1011\" data-end=\"1036\">alarmcentralens udgang<\/strong> (sirene\/blitzudgang) s\u00e5 den aktiveres i tilf\u00e6lde af alarm. Den kan ogs\u00e5 str\u00f8mforsynes via <strong data-start=\"1113\" data-end=\"1123\">12V DC<\/strong> hvis du vil bruge den i en standalone-l\u00f8sning (forudsat at din installation underst\u00f8tter dette).<\/p>\n<p data-start=\"1222\" data-end=\"1237\"><strong data-start=\"1222\" data-end=\"1237\">Forbindelse:<\/strong><\/p>\n<ul data-start=\"1238\" data-end=\"1294\">\n<li data-start=\"1238\" data-end=\"1265\">\n<p data-start=\"1240\" data-end=\"1265\"><strong data-start=\"1240\" data-end=\"1254\">R\u00f8dt kabel:<\/strong> + (plus)<\/p>\n<\/li>\n<li data-start=\"1266\" data-end=\"1294\">\n<p data-start=\"1268\" data-end=\"1294\"><strong data-start=\"1268\" data-end=\"1284\">Sort kabel:<\/strong> \u2212 (minus)<\/p>\n<\/li>\n<\/ul>\n<p data-start=\"1296\" data-end=\"1386\">Monteres nemt med skruer og beslag, s\u00e5 blitzlyset er tydeligt synligt fra den \u00f8nskede retning.<\/p>","protected":false},"excerpt":{"rendered":"<p>Dette hvide strobelyssignal (model TD-SL32) er en p\u00e5lidelig visuel advarselsenhed til alarmsystemer.<\/p>\n<p>Den fungerer med 12V- eller 24V-systemer og giver et kraftigt, blinkende hvidt lys (90 blink\/minut) for at afskr\u00e6kke ubudne g\u00e6ster.<\/p>","protected":false},"featured_media":161792,"template":"","meta":{"_acf_changed":false},"product_brand":[],"product_cat":[1562,5103],"product_tag":[5076],"class_list":{"0":"post-161793","1":"product","2":"type-product","3":"status-publish","4":"has-post-thumbnail","6":"product_cat-larmdon-blixtljus","7":"product_cat-blixtljus-kombisiren","8":"product_tag-larmdon-blixtljus-vit","9":"product_shipping_class-postnord-varubrev","10":"pa_brands-stonehouse-security","11":"pa_farg-vit","12":"tm-no-options","14":"first","15":"instock","16":"sale","17":"featured","18":"taxable","19":"shipping-taxable","20":"purchasable","21":"product-type-simple"},"acf":[],"_links":{"self":[{"href":"https:\/\/secureus.se\/dk\/wp-json\/wp\/v2\/product\/161793","targetHints":{"allow":["GET"]}}],"collection":[{"href":"https:\/\/secureus.se\/dk\/wp-json\/wp\/v2\/product"}],"about":[{"href":"https:\/\/secureus.se\/dk\/wp-json\/wp\/v2\/types\/product"}],"wp:featuredmedia":[{"embeddable":true,"href":"https:\/\/secureus.se\/dk\/wp-json\/wp\/v2\/media\/161792"}],"wp:attachment":[{"href":"https:\/\/secureus.se\/dk\/wp-json\/wp\/v2\/media?parent=161793"}],"wp:term":[{"taxonomy":"product_brand","embeddable":true,"href":"https:\/\/secureus.se\/dk\/wp-json\/wp\/v2\/product_brand?post=161793"},{"taxonomy":"product_cat","embeddable":true,"href":"https:\/\/secureus.se\/dk\/wp-json\/wp\/v2\/product_cat?post=161793"},{"taxonomy":"product_tag","embeddable":true,"href":"https:\/\/secureus.se\/dk\/wp-json\/wp\/v2\/product_tag?post=161793"}],"curies":[{"name":"wp","href":"https:\/\/api.w.org\/{rel}","templated":true}]}}