{"id":161862,"date":"2026-01-30T14:48:29","date_gmt":"2026-01-30T13:48:29","guid":{"rendered":"https:\/\/secureus.se\/?post_type=product&#038;p=161862"},"modified":"2026-03-24T15:42:26","modified_gmt":"2026-03-24T14:42:26","slug":"ljuslist-30cm-led-lampa-med-rorelsesensor-perfekt-garderobsbelysning-och-skapbelysning","status":"publish","type":"product","link":"https:\/\/secureus.se\/dk\/ljuslist-30cm-led-lampa-med-rorelsesensor-perfekt-garderobsbelysning-och-skapbelysning\/","title":{"rendered":"Light Strip 30CM LED-lampe med bev\u00e6gelsessensor \u2013 perfekt garderobebelysning og skabsbelysning"},"content":{"rendered":"<p>Denne 30 cm LED-stribe med bev\u00e6gelsessensor er den perfekte l\u00f8sning til at tilf\u00f8je ekstra lys til dine garderober, skabe eller andre m\u00f8rke rum. Dens ultraslanke design betyder, at den nemt falder i \u00e9t med omgivelserne og optager minimal plads, mens dens avancerede sensorer sikrer, at lyset kun aktiveres, n\u00e5r du har brug for det. Med justerbar lysstyrke skaber den den rette atmosf\u00e6re til enhver lejlighed.<\/p>\n<p><strong>Funktioner og fordele:<\/strong><\/p>\n<ul>\n<li><strong>Bev\u00e6gelsessensor med lysf\u00f8lsomhed:<\/strong> T\u00e6nder automatisk, n\u00e5r der er bev\u00e6gelse, n\u00e5r det omgivende lys er m\u00f8rkt, og slukker, n\u00e5r der ikke er nogen i n\u00e6rheden.<\/li>\n<li><strong>Tyndt og stilrent design:<\/strong> Lavet af slidst\u00e6rkt aluminium og PC-materiale, perfekt til diskret placering.<\/li>\n<li><strong>Justerbar lysstyrke:<\/strong> Langt tryk p\u00e5 knappen justerer lysstyrken, s\u00e5 du f\u00e5r pr\u00e6cis det lys, du \u00f8nsker.<\/li>\n<li><strong>Lang batterilevetid:<\/strong> 1100 mAh lithiumbatteri, der holder op til 30 dage i sensortilstand. Kan oplades over 500 gange via USB-C.<\/li>\n<li><strong>Fleksibel installation:<\/strong> Nem montering med magnetiske fastg\u00f8relsesanordninger. Fastg\u00f8res nemt p\u00e5 den \u00f8nskede overflade med selvkl\u00e6bende plader.<\/li>\n<\/ul>\n<p><strong>Specifikationer:<\/strong><\/p>\n<ul>\n<li><strong>Produktst\u00f8rrelse:<\/strong> 40<em>1.2<\/em>400 mm<\/li>\n<li><strong>Materiale:<\/strong> Aluminium<\/li>\n<li><strong>USB-opladning:<\/strong> Type-C<\/li>\n<li><strong>Batterikapacitet:<\/strong> 1100mAh lithium batteri<\/li>\n<li><strong>Antal lysdioder:<\/strong> 70 stk<\/li>\n<li><strong>F\u00f8ler afstand:<\/strong> Op til 3 meter, med en induktionsvinkel p\u00e5 120\u00b0<\/li>\n<li><strong>Lys farve:<\/strong> Varm eller kold (valgfrit)<\/li>\n<li><strong>Pakken indeholder:<\/strong> 1 lysb\u00e5nd, 2 magnetiske fastg\u00f8relsesplader, USB-C ladekabel, manual<\/li>\n<\/ul>\n<p><strong>Anvendelsesomr\u00e5der:<\/strong><br \/>\nPerfekt til garderobeskabe, skabe, k\u00f8kkener, k\u00e6ldre og andre rum, der har brug for ekstra lys. Kan ogs\u00e5 bruges p\u00e5 hjemmekontorer eller som natbelysning takket v\u00e6re dens justerbare lysstyrke og bev\u00e6gelsessensor.<\/p>\n<p><strong>Fordele ved Light Strip 30CM:<\/strong><\/p>\n<ul>\n<li>Mere omfattende belysning end mindre modeller takket v\u00e6re 30 cm l\u00e6ngde og 70 LED-lys.<\/li>\n<li>H\u00f8jere batterikapacitet (1100mAh), hvilket giver l\u00e6ngere brugstid mellem opladningerne.<\/li>\n<li>Velegnet til st\u00f8rre rum, der kr\u00e6ver mere lys.<\/li>\n<\/ul>","protected":false},"excerpt":{"rendered":"<p>Ultratynd og kraftig 30 cm lysstrimmel med bev\u00e6gelsessensor, ideel til garderober, skabe og andre rum, hvor der er brug for ekstra belysning. Udstyret med 70 LED'er til kraftig og j\u00e6vn belysning og justerbar lysstyrke. Nem installation med magnetisk beslag og USB-opladning.<\/p>","protected":false},"featured_media":134784,"template":"","meta":{"_acf_changed":false},"product_brand":[],"product_cat":[4181],"product_tag":[],"class_list":{"0":"post-161862","1":"product","2":"type-product","3":"status-publish","4":"has-post-thumbnail","6":"product_cat-belysning","7":"pa_brands-secureus","8":"tm-no-options","10":"first","11":"instock","12":"sale","13":"featured","14":"taxable","15":"shipping-taxable","16":"purchasable","17":"product-type-simple"},"acf":[],"_links":{"self":[{"href":"https:\/\/secureus.se\/dk\/wp-json\/wp\/v2\/product\/161862","targetHints":{"allow":["GET"]}}],"collection":[{"href":"https:\/\/secureus.se\/dk\/wp-json\/wp\/v2\/product"}],"about":[{"href":"https:\/\/secureus.se\/dk\/wp-json\/wp\/v2\/types\/product"}],"wp:featuredmedia":[{"embeddable":true,"href":"https:\/\/secureus.se\/dk\/wp-json\/wp\/v2\/media\/134784"}],"wp:attachment":[{"href":"https:\/\/secureus.se\/dk\/wp-json\/wp\/v2\/media?parent=161862"}],"wp:term":[{"taxonomy":"product_brand","embeddable":true,"href":"https:\/\/secureus.se\/dk\/wp-json\/wp\/v2\/product_brand?post=161862"},{"taxonomy":"product_cat","embeddable":true,"href":"https:\/\/secureus.se\/dk\/wp-json\/wp\/v2\/product_cat?post=161862"},{"taxonomy":"product_tag","embeddable":true,"href":"https:\/\/secureus.se\/dk\/wp-json\/wp\/v2\/product_tag?post=161862"}],"curies":[{"name":"wp","href":"https:\/\/api.w.org\/{rel}","templated":true}]}}