{"id":161944,"date":"2022-04-29T14:31:00","date_gmt":"2022-04-29T12:31:00","guid":{"rendered":"https:\/\/secureus.se\/kombitagg-lika-chip-assa-pro\/"},"modified":"2026-03-27T15:20:09","modified_gmt":"2026-03-27T14:20:09","slug":"kombitagg-lika-chip-assa-pro","status":"publish","type":"product","link":"https:\/\/secureus.se\/dk\/kombitagg-lika-chip-assa-pro\/","title":{"rendered":"Kombinationsm\u00e6rke EM + Mifare1k\u00ae til ASSA ARX med samme numre programmeret \u2013 Pro"},"content":{"rendered":"<h1>Kombineret tag EM\/Mifare1k<\/h1>\n<h3><strong>Alarmpaskontrol - Booking - Bes\u00f8g<\/strong><\/h3>\n<h3>Her har vi indgraveret et nummer, der har samme programmering til Bewator.<\/h3>\n<p><strong>Det betyder, at det fungerer i b\u00e5de EM og Mifare systemer, men med den fordel, at du kun har \u00e9t nummer at arbejde med og indtaste i dit bewator system. I normale tilf\u00e6lde har du forskellige tal for EM og Mifare, hvilket betyder, at du skal indtaste 2 tal i stedet for blot at kopiere over \u00e9t tal, hvilket sparer tid.<\/strong>Dette tag virker i alle systemer, der bruger EM og Mifare teknologi, herunder RCO, Bewator\/Vanderbilt, Aptus, ASSA ARX og andre typer systemer, f.eks. login til computere\/printere. Vores Rfid tag &quot;ABS Pro&quot; er skabt til at im\u00f8dekomme de mest kr\u00e6vende behov inden for sikkerhed og identifikation. Med sin robuste konstruktion i ABS-materiale og tynde profil p\u00e5 kun 2,9 mm giver den en perfekt balance mellem holdbarhed og elegance. Dens stilfulde finish g\u00f8r den ideel til gravering med standardnumre eller inklusive dit logo, enten gennem graveret eller farvet finish, hvad enten du har brug for et p\u00e5lideligt produkt til adgangskontrol, bes\u00f8gssystemer, booking, alarmer, bilopladere, lagerstyring eller andre applikationer. &quot; ABS Pro&quot; det perfekte valg. Den f\u00e5s i mange varianter, og vi kan ogs\u00e5 fremstille den med dit eget valg af chip. Standard i dag for adgangsm\u00e6rker er: EM4200, Mifare1k, kombinationen af Mifare1k og EM4200, Mifare4k, kombinationen af Mifare4k og EM4200, samt DESFire, kan du skr\u00e6ddersy din l\u00f8sning, s\u00e5 den passer til dine specifikke behov. Vi forst\u00e5r vigtigheden af at levere RFID-produkter af h\u00f8j kvalitet, der opfylder nutidens krav og forventninger. Det er derfor, vi str\u00e6ber efter at tilbyde den bedste teknologi og kompatibilitet for at forbedre sikkerheden og effektiviteten af dine systemer.<\/p>\n<h3><strong>Tilpasset til unikke projekter \u2013 Kombinationsm\u00e6rke til ASSA ARX<\/strong><\/h3>\n<p>Fordelene ved vores RFID-tags inkluderer kompatibilitet med forskellige systemer\/teknologier samt muligheden for at skr\u00e6ddersy taggene til at passe til unikke projekter. Vi kan programmere og integrere forskellige chips for at opfylde specifikke applikationskrav og skabe skr\u00e6ddersyede l\u00f8sninger. Kontakt os i dag for at diskutere dine projektideer og f\u00e5 en skr\u00e6ddersyet RFID-tag-l\u00f8sning til dine behov.<\/p>\n<h5><strong>Hurtig levering og altid p\u00e5 lager<\/strong><\/h5>\n<p>&quot;ABS Pro&quot; RFID n\u00f8glebrik er altid p\u00e5 lager med over 80.000 enheder i 6 farver (r\u00f8d, bl\u00e5, hvid, sort, gr\u00f8n, gul) og med forskellige chips Ved hj\u00e6lp af vores lasermaskiner og software kan du v\u00e6lge logo &amp; unikt nummer til gravering med levering indenfor 1-3 dage.<\/p>\n<h3>Som altid! Rfid passer tag med Original chip fra<a href=\"https:\/\/www.nxp.com\/\" rel=\"noopener\"> NXP<\/a> og <a href=\"https:\/\/www.emmicroelectronic.com\/\" rel=\"noopener\">EM mikroelektronik.<\/a><\/h3>\n<p><strong>Velegnet til alt og alle!<\/strong><\/p>\n<ul>\n<li>Pass system<\/li>\n<li>Bes\u00f8gssystem<\/li>\n<li>Reservation<\/li>\n<li>Alarm og sikkerhedssystem<\/li>\n<\/ul>\n<p><strong>Fordele ved &quot;ABS Pro&quot; Combination tag til ASSA ARX<\/strong><\/p>\n<ul>\n<li>Robust konstruktion i ABS-materiale<\/li>\n<li>Tynd profil p\u00e5 kun 2,9 mm<\/li>\n<li>Mulighed for at gravere standardnummer eller inkludere logo<\/li>\n<li>Stort udvalg af chipvarianter, der passer til forskellige behov og altid p\u00e5 lager.<\/li>\n<\/ul>","protected":false},"excerpt":{"rendered":"<p>Vores mest popul\u00e6re RFID-tag &quot;ABS Pro&quot; - den perfekte l\u00f8sning til sikkerheds- og identifikationssystemer. Her med dobbelt chip i kombinationsm\u00e6rke: EM4200+Mifare1k chip med samme chipnummer for lettere h\u00e5ndtering. Tagget er kun 2,9 mm tykt, lavet af h\u00e5rdt ABS-materiale med en elegant overflade, der passer overalt. Dette produkt har certificeret chip fra NXP\u00ae, en global teknologivirksomhed med hovedkontor i Holland. NXP\u00ae er specialiseret i RFID og NFC og tilbyder en r\u00e6kke produkter inden for sikkerhed, tilslutningsmuligheder og indlejrede l\u00f8sninger<\/p>","protected":false},"featured_media":163686,"template":"","meta":{"_acf_changed":false},"product_brand":[],"product_cat":[4786],"product_tag":[4146,2095,2958],"class_list":{"0":"post-161944","1":"product","2":"type-product","3":"status-publish","4":"has-post-thumbnail","6":"product_cat-mifare1kem4200-tagg","7":"product_tag-nxp","8":"product_tag-rfid-500","9":"product_tag-stonehouse-produkt","10":"product_shipping_class-postnord-varubrev","11":"pa_brands-stonehouse-security","12":"pa_chip-teknik-lika-chipnummer-1-nummer-graverat-kombitagg","13":"pa_farg-svart","14":"tm-no-options","16":"first","17":"instock","18":"sale","19":"featured","20":"taxable","21":"shipping-taxable","22":"purchasable","23":"product-type-simple"},"acf":[],"_links":{"self":[{"href":"https:\/\/secureus.se\/dk\/wp-json\/wp\/v2\/product\/161944","targetHints":{"allow":["GET"]}}],"collection":[{"href":"https:\/\/secureus.se\/dk\/wp-json\/wp\/v2\/product"}],"about":[{"href":"https:\/\/secureus.se\/dk\/wp-json\/wp\/v2\/types\/product"}],"wp:featuredmedia":[{"embeddable":true,"href":"https:\/\/secureus.se\/dk\/wp-json\/wp\/v2\/media\/163686"}],"wp:attachment":[{"href":"https:\/\/secureus.se\/dk\/wp-json\/wp\/v2\/media?parent=161944"}],"wp:term":[{"taxonomy":"product_brand","embeddable":true,"href":"https:\/\/secureus.se\/dk\/wp-json\/wp\/v2\/product_brand?post=161944"},{"taxonomy":"product_cat","embeddable":true,"href":"https:\/\/secureus.se\/dk\/wp-json\/wp\/v2\/product_cat?post=161944"},{"taxonomy":"product_tag","embeddable":true,"href":"https:\/\/secureus.se\/dk\/wp-json\/wp\/v2\/product_tag?post=161944"}],"curies":[{"name":"wp","href":"https:\/\/api.w.org\/{rel}","templated":true}]}}