{"id":161946,"date":"2025-10-01T16:44:15","date_gmt":"2025-10-01T14:44:15","guid":{"rendered":"https:\/\/secureus.se\/batteribackup-12v-3a-for-cctv\/"},"modified":"2026-04-15T16:35:12","modified_gmt":"2026-04-15T14:35:12","slug":"batteribackup-12v-3a-for-cctv","status":"publish","type":"product","link":"https:\/\/secureus.se\/dk\/batteribackup-12v-3a-for-cctv\/","title":{"rendered":"Batteri-backup 12V 3A med 4-kanals UPS til CCTV"},"content":{"rendered":"<h3 data-start=\"789\" data-end=\"847\">Batteri-backup 12V 3A til CCTV-kameraer \u2013 SPF-12V-3A<\/h3>\n<p data-start=\"849\" data-end=\"1002\">SPF-12V-3A er en <strong data-start=\"866\" data-end=\"916\">12V DC UPS specielt designet til CCTV-systemer<\/strong>, hvor flere kameraer har brug for en stabil og sikker str\u00f8mforsyning \u2013 selv under str\u00f8mafbrydelser.<\/p>\n<p data-start=\"1004\" data-end=\"1204\">UPS&#039;en har <strong data-start=\"1015\" data-end=\"1044\">fire separate DC-udgange<\/strong>, hvor hvert output er individuelt <strong data-start=\"1079\" data-end=\"1089\">sikret<\/strong>, som giver h\u00f8j driftssikkerhed og beskytter b\u00e5de kameraer og kabler i tilf\u00e6lde af fejl eller kortslutning p\u00e5 en enkelt kanal.<\/p>\n<p data-start=\"1206\" data-end=\"1378\">I tilf\u00e6lde af str\u00f8msvigt skifter enheden automatisk til batteridrift via en ekstern <strong data-start=\"1288\" data-end=\"1309\">12V\/7Ah batteri<\/strong>, s\u00e5 kameraer og tilbeh\u00f8r forts\u00e6tter med at fungere uden afbrydelser.<\/p>\n<p data-start=\"1567\" data-end=\"1601\">Klar <strong data-start=\"1575\" data-end=\"1594\">LED indikatorer<\/strong> viser:<\/p>\n<ul data-start=\"1602\" data-end=\"1678\">\n<li data-start=\"1602\" data-end=\"1620\">\n<p data-start=\"1604\" data-end=\"1620\">AC-netsp\u00e6nding<\/p>\n<\/li>\n<li data-start=\"1621\" data-end=\"1634\">\n<p data-start=\"1623\" data-end=\"1634\">DC-udgang<\/p>\n<\/li>\n<li data-start=\"1635\" data-end=\"1654\">\n<p data-start=\"1637\" data-end=\"1654\">Batteriopladning<\/p>\n<\/li>\n<li data-start=\"1655\" data-end=\"1678\">\n<p data-start=\"1657\" data-end=\"1678\">Lav batterisp\u00e6nding<\/p>\n<\/li>\n<\/ul>\n<p data-start=\"789\" data-end=\"847\">Batteri-backup 12V 3A til CCTV <span style=\"font-size: 16px;\">er udstyret med beskyttelse mod <\/span>kortslutning, overstr\u00f8m, overopladning og dyb afladning<span style=\"font-size: 16px;\">, med automatisk nulstilling, n\u00e5r fejlen forsvinder.<\/span><\/p>\n<hr data-start=\"1828\" data-end=\"1831\" \/>\n<h3 data-start=\"1833\" data-end=\"1860\">Funktioner og fordele<\/h3>\n<ul data-start=\"1862\" data-end=\"2187\">\n<li data-start=\"1862\" data-end=\"1901\">\n<p data-start=\"1864\" data-end=\"1901\">Specielt tilpasset til CCTV-kameraer<\/p>\n<\/li>\n<li data-start=\"1902\" data-end=\"1943\">\n<p data-start=\"1904\" data-end=\"1943\">4 individuelt sikrede DC-udgange<\/p>\n<\/li>\n<li data-start=\"1944\" data-end=\"1988\">\n<p data-start=\"1946\" data-end=\"1988\">Automatisk batteridrift i tilf\u00e6lde af str\u00f8msvigt<\/p>\n<\/li>\n<li data-start=\"2030\" data-end=\"2058\">\n<p data-start=\"2032\" data-end=\"2058\">Maks. samlet belastning: 3A<\/p>\n<\/li>\n<li data-start=\"2059\" data-end=\"2095\">\n<p data-start=\"2061\" data-end=\"2095\">LED-status for nem overv\u00e5gning<\/p>\n<\/li>\n<li data-start=\"2096\" data-end=\"2128\">\n<p data-start=\"2098\" data-end=\"2128\">Beskyttelse mod elektriske og batterifejl<\/p>\n<\/li>\n<li data-start=\"2129\" data-end=\"2187\">\n<p data-start=\"2131\" data-end=\"2187\">Stabil l\u00f8sning til professionelle kamerainstallationer<\/p>\n<\/li>\n<\/ul>\n<hr data-start=\"2189\" data-end=\"2192\" \/>\n<h3 data-start=\"2194\" data-end=\"2222\">Tekniske specifikationer<\/h3>\n<ul data-start=\"2224\" data-end=\"2657\">\n<li data-start=\"2224\" data-end=\"2260\">\n<p data-start=\"2226\" data-end=\"2260\"><strong data-start=\"2226\" data-end=\"2237\">Indgang:<\/strong> 100\u2013240 V AC, 50\/60 Hz<\/p>\n<\/li>\n<li data-start=\"2349\" data-end=\"2382\">\n<p data-start=\"2351\" data-end=\"2382\"><strong data-start=\"2351\" data-end=\"2367\">Maks. udgangsstr\u00f8m:<\/strong> 3,0A (i alt)<\/p>\n<\/li>\n<li data-start=\"2383\" data-end=\"2412\">\n<p data-start=\"2385\" data-end=\"2412\"><strong data-start=\"2385\" data-end=\"2405\">Batteriopladning:<\/strong> 0,8A<\/p>\n<\/li>\n<li data-start=\"2413\" data-end=\"2459\">\n<p data-start=\"2415\" data-end=\"2459\"><strong data-start=\"2415\" data-end=\"2428\">Udgange:<\/strong> 4 \u00d7 DC, individuelt sikret<\/p>\n<\/li>\n<li data-start=\"2460\" data-end=\"2511\">\n<p data-start=\"2462\" data-end=\"2511\"><strong data-start=\"2462\" data-end=\"2488\">Anbefalet batteri:<\/strong> 12V \/ 7Ah (medf\u00f8lger ikke)<\/p>\n<\/li>\n<li data-start=\"2512\" data-end=\"2547\">\n<p data-start=\"2514\" data-end=\"2547\"><strong data-start=\"2514\" data-end=\"2529\">Temperatur:<\/strong> -20 til +45\u00b0C<\/p>\n<\/li>\n<li data-start=\"2548\" data-end=\"2599\">\n<p data-start=\"2550\" data-end=\"2599\"><strong data-start=\"2550\" data-end=\"2564\">Fugtighed:<\/strong> Op til 90 % (ikke-kondenserende)<\/p>\n<\/li>\n<li data-start=\"2600\" data-end=\"2632\">\n<p data-start=\"2602\" data-end=\"2632\"><strong data-start=\"2602\" data-end=\"2616\">Montering:<\/strong> Indend\u00f8rs, v\u00e6g<\/p>\n<\/li>\n<li data-start=\"2633\" data-end=\"2657\">\n<p data-start=\"2635\" data-end=\"2657\"><strong data-start=\"2635\" data-end=\"2652\">Certificering:<\/strong> CE<\/p>\n<\/li>\n<\/ul>\n<hr data-start=\"2659\" data-end=\"2662\" \/>\n<h3 data-start=\"2664\" data-end=\"2694\">Typiske anvendelser<\/h3>\n<ul data-start=\"2696\" data-end=\"2881\">\n<li data-start=\"2696\" data-end=\"2734\">\n<p data-start=\"2698\" data-end=\"2734\">CCTV-kameraer (analoge og IP via 12V)<\/p>\n<\/li>\n<li data-start=\"2735\" data-end=\"2773\">\n<p data-start=\"2737\" data-end=\"2773\">Sm\u00e5 og mellemstore kamerasystemer<\/p>\n<\/li>\n<li data-start=\"2774\" data-end=\"2813\">\n<p data-start=\"2776\" data-end=\"2813\">NVR\/DVR med ekstern str\u00f8mforsyning<\/p>\n<\/li>\n<li data-start=\"2814\" data-end=\"2881\">\n<p data-start=\"2816\" data-end=\"2881\">Sikkerhedsinstallationer hvor flere belastninger kr\u00e6ver separate sikringer<\/p>\n<\/li>\n<\/ul>\n<hr data-start=\"2883\" data-end=\"2886\" \/>\n<h3 data-start=\"2888\" data-end=\"2904\">Installation<\/h3>\n<p data-start=\"2906\" data-end=\"3104\">Beregnet til <strong data-start=\"2917\" data-end=\"2940\">indend\u00f8rs installation<\/strong>.<br data-start=\"2941\" data-end=\"2944\" \/>UPS&#039;en er monteret p\u00e5 v\u00e6ggen og tilsluttet via klemr\u00e6kker.<br data-start=\"2998\" data-end=\"3001\" \/>Det anbefales at udf\u00f8re installationen af <strong data-start=\"3043\" data-end=\"3063\">autoriseret tekniker<\/strong>, is\u00e6r med flerkanals kamerasystemer.<\/p>\n<p data-start=\"2906\" data-end=\"3104\"><span data-teams=\"true\">St\u00f8rrelse: 195 x 225 x 83 mm<\/span><\/p>","protected":false},"excerpt":{"rendered":"<p data-start=\"376\" data-end=\"675\"><strong data-start=\"376\" data-end=\"440\">12V 3A UPS til CCTV-kameraer med 4 separate sikrede udgange.<\/strong><br data-start=\"440\" data-end=\"443\" \/>SPF-12V-3A er en professionel UPS, der er specielt designet til kamerainstallationer. Automatisk batteridrift i tilf\u00e6lde af str\u00f8msvigt, justerbar udgangssp\u00e6nding og individuelt sikrede udgange g\u00f8r den ideel til drift af flere overv\u00e5gningskameraer.<\/p>\n<p data-start=\"677\" data-end=\"723\"><em data-start=\"677\" data-end=\"723\">Anbefalet batteri: 12V \/ 7Ah (medf\u00f8lger ikke).<\/em><\/p>","protected":false},"featured_media":161945,"template":"","meta":{"_acf_changed":false},"product_brand":[],"product_cat":[2721],"product_tag":[],"class_list":{"0":"post-161946","1":"product","2":"type-product","3":"status-publish","4":"has-post-thumbnail","6":"product_cat-batteribackuper","7":"pa_brands-stonehouse-security","8":"tm-no-options","10":"first","11":"instock","12":"sale","13":"taxable","14":"shipping-taxable","15":"purchasable","16":"product-type-simple"},"acf":[],"_links":{"self":[{"href":"https:\/\/secureus.se\/dk\/wp-json\/wp\/v2\/product\/161946","targetHints":{"allow":["GET"]}}],"collection":[{"href":"https:\/\/secureus.se\/dk\/wp-json\/wp\/v2\/product"}],"about":[{"href":"https:\/\/secureus.se\/dk\/wp-json\/wp\/v2\/types\/product"}],"wp:featuredmedia":[{"embeddable":true,"href":"https:\/\/secureus.se\/dk\/wp-json\/wp\/v2\/media\/161945"}],"wp:attachment":[{"href":"https:\/\/secureus.se\/dk\/wp-json\/wp\/v2\/media?parent=161946"}],"wp:term":[{"taxonomy":"product_brand","embeddable":true,"href":"https:\/\/secureus.se\/dk\/wp-json\/wp\/v2\/product_brand?post=161946"},{"taxonomy":"product_cat","embeddable":true,"href":"https:\/\/secureus.se\/dk\/wp-json\/wp\/v2\/product_cat?post=161946"},{"taxonomy":"product_tag","embeddable":true,"href":"https:\/\/secureus.se\/dk\/wp-json\/wp\/v2\/product_tag?post=161946"}],"curies":[{"name":"wp","href":"https:\/\/api.w.org\/{rel}","templated":true}]}}