{"id":162199,"date":"2025-11-21T14:39:25","date_gmt":"2025-11-21T13:39:25","guid":{"rendered":"https:\/\/secureus.se\/provkit-testifire-xtr2-provningshojd-4-m-varme-rok\/"},"modified":"2026-04-23T12:45:11","modified_gmt":"2026-04-23T10:45:11","slug":"provkit-testifire-xtr2-provningshojd-4-m-varme-rok","status":"publish","type":"product","link":"https:\/\/secureus.se\/dk\/provkit-testifire-xtr2-provningshojd-4-m-varme-rok\/","title":{"rendered":"Testkit Testifire XTR2 testh\u00f8jde 4 m (Varme + R\u00f8g)"},"content":{"rendered":"<h1>Testkit Testifire XTR2 testh\u00f8jde 4 m (Varme + R\u00f8g)<\/h1>\n<h3 data-start=\"510\" data-end=\"571\">Sikker test af r\u00f8g- og varmedetektorer op til 4 m<\/h3>\n<p data-start=\"572\" data-end=\"833\">Testifire XTR2 testkittet er udviklet til effektiv funktionstest af r\u00f8g- og varmedetektorer i bygninger, hvor loftsh\u00f8jden overstiger standardniveauer.<\/p>\n<p data-start=\"572\" data-end=\"833\">Ved at udf\u00f8re test fra gulvniveau reduceres behovet for stiger, hvilket forbedrer b\u00e5de sikkerheden og arbejdsmilj\u00f8et.<\/p>\n<h3 data-start=\"835\" data-end=\"874\">Realistisk test med r\u00f8g og varme<\/h3>\n<p data-start=\"875\" data-end=\"1119\">Testifire 1001 genererer kontrolleret r\u00f8g og varme for at aktivere detektoren p\u00e5 en realistisk m\u00e5de.<\/p>\n<p data-start=\"875\" data-end=\"1119\">Dette sikrer, at detektorer reagerer korrekt i tilf\u00e6lde af brand og opfylder kravene til service, inspektion og tilbagevendende kontrol.<\/p>\n<h3 data-start=\"1121\" data-end=\"1164\">Enkel og professionel arbejdsl\u00f8sning<\/h3>\n<p data-start=\"1165\" data-end=\"1401\">Med Solo 108-stangen kan du n\u00e5 detektorer op til cirka 4 meter h\u00f8je p\u00e5 en stabil og kontrolleret m\u00e5de.<\/p>\n<p data-start=\"1165\" data-end=\"1401\">S\u00e6ttet er nemt at bruge og velegnet til dagligt arbejde p\u00e5 for eksempel kontorer, skoler, sundhedsfaciliteter og offentlige bygninger.<\/p>\n<p data-start=\"1403\" data-end=\"1561\">Testkittet er et fremragende valg for installat\u00f8rer, servicevirksomheder og ejendomsadministratorer, der har brug for en p\u00e5lidelig l\u00f8sning til regelm\u00e6ssig detektortest.<\/p>\n<p data-start=\"1568\" data-end=\"1599\"><strong data-start=\"1568\" data-end=\"1597\">TEKNISKE SPECIFIKATIONER:<\/strong><\/p>\n<ul data-start=\"1600\" data-end=\"1766\">\n<li data-start=\"1600\" data-end=\"1628\">\n<p data-start=\"1602\" data-end=\"1628\">Testh\u00f8jde: cirka 4 m<\/p>\n<\/li>\n<li data-start=\"1629\" data-end=\"1672\">\n<p data-start=\"1631\" data-end=\"1672\">Detektortyper: R\u00f8g- og varmedetektorer<\/p>\n<\/li>\n<li data-start=\"1673\" data-end=\"1707\">\n<p data-start=\"1675\" data-end=\"1707\">Testudstyr: Testifire 1001<\/p>\n<\/li>\n<li data-start=\"1708\" data-end=\"1727\">\n<p data-start=\"1710\" data-end=\"1727\">Stang: Solo 108<\/p>\n<\/li>\n<li data-start=\"1728\" data-end=\"1766\">\n<p data-start=\"1730\" data-end=\"1766\">Anvendelse: Test fra gulvniveau<\/p>\n<\/li>\n<\/ul>","protected":false},"excerpt":{"rendered":"<p>Testkit Testifire XTR2 er et praktisk testkit til test af r\u00f8g- og varmedetektorer op til cirka 4 meter i h\u00f8jden.<\/p>\n<p>S\u00e6ttet er beregnet til sikker testning fra gulvniveau i milj\u00f8er med mellemh\u00f8jde til loftet.<\/p>\n<p>Velegnet til professionel service og vedligeholdelse af brandalarmsystemer.<\/p>","protected":false},"featured_media":162198,"template":"","meta":{"_acf_changed":false},"product_brand":[],"product_cat":[3848,2946],"product_tag":[],"class_list":{"0":"post-162199","1":"product","2":"type-product","3":"status-publish","4":"has-post-thumbnail","6":"product_cat-testifire-kit","7":"product_cat-testifire","8":"tm-no-options","10":"first","11":"instock","12":"taxable","13":"shipping-taxable","14":"purchasable","15":"product-type-simple"},"acf":[],"_links":{"self":[{"href":"https:\/\/secureus.se\/dk\/wp-json\/wp\/v2\/product\/162199","targetHints":{"allow":["GET"]}}],"collection":[{"href":"https:\/\/secureus.se\/dk\/wp-json\/wp\/v2\/product"}],"about":[{"href":"https:\/\/secureus.se\/dk\/wp-json\/wp\/v2\/types\/product"}],"wp:featuredmedia":[{"embeddable":true,"href":"https:\/\/secureus.se\/dk\/wp-json\/wp\/v2\/media\/162198"}],"wp:attachment":[{"href":"https:\/\/secureus.se\/dk\/wp-json\/wp\/v2\/media?parent=162199"}],"wp:term":[{"taxonomy":"product_brand","embeddable":true,"href":"https:\/\/secureus.se\/dk\/wp-json\/wp\/v2\/product_brand?post=162199"},{"taxonomy":"product_cat","embeddable":true,"href":"https:\/\/secureus.se\/dk\/wp-json\/wp\/v2\/product_cat?post=162199"},{"taxonomy":"product_tag","embeddable":true,"href":"https:\/\/secureus.se\/dk\/wp-json\/wp\/v2\/product_tag?post=162199"}],"curies":[{"name":"wp","href":"https:\/\/api.w.org\/{rel}","templated":true}]}}