{"id":162222,"date":"2025-11-21T12:45:42","date_gmt":"2025-11-21T11:45:42","guid":{"rendered":"https:\/\/secureus.se\/testifire-cha-laddningsvagga-till-xtr2\/"},"modified":"2026-04-08T16:05:39","modified_gmt":"2026-04-08T14:05:39","slug":"testifire-cha-laddningsvagga-till-xtr2","status":"publish","type":"product","link":"https:\/\/secureus.se\/dk\/testifire-cha-laddningsvagga-till-xtr2\/","title":{"rendered":"Testifire-CHA opladningsholder til XTR2"},"content":{"rendered":"<h1>Testifire-CHA opladningsholder til XTR2<\/h1>\n<h3 data-start=\"342\" data-end=\"381\">Opladningsholder til Testifire XTR2<\/h3>\n<p data-start=\"382\" data-end=\"594\">Testifire-CHA-opladningsholderen sikrer, at r\u00f8ggeneratoren i Testifire XTR2 altid er opladet og klar til testning.<\/p>\n<p data-start=\"382\" data-end=\"594\">Vuggedesignet g\u00f8r det nemt at placere testeren i opladningstilstand uden komplicerede tilslutninger.<\/p>\n<h3 data-start=\"596\" data-end=\"630\">Nem og hurtig installation<\/h3>\n<p data-start=\"631\" data-end=\"817\">Installationen er lige s\u00e5 nem som at skifte r\u00f8gpatronen eller batteriet.<\/p>\n<p data-start=\"631\" data-end=\"817\">Testifire-CHA tilsluttes direkte til Testifire XTR2 og giver sikker og effektiv opladning af batteriet i r\u00f8ggeneratoren.<\/p>\n<h3 data-start=\"819\" data-end=\"856\">Perfekt til professionel brug<\/h3>\n<p data-start=\"857\" data-end=\"1056\">Ladestationen er ideel til installat\u00f8rer og servicepersonale, der regelm\u00e6ssigt udf\u00f8rer r\u00f8gtestning.<\/p>\n<p data-start=\"857\" data-end=\"1056\">Den er is\u00e6r nyttig til daglig service p\u00e5 kontorer, lagerbygninger, skoler eller offentlige bygninger.<\/p>\n<p data-start=\"1063\" data-end=\"1094\"><strong data-start=\"1063\" data-end=\"1092\">TEKNISKE SPECIFIKATIONER:<\/strong><\/p>\n<ul data-start=\"1095\" data-end=\"1268\">\n<li data-start=\"1095\" data-end=\"1120\">\n<p data-start=\"1097\" data-end=\"1120\">Model: Testifire-CHA<\/p>\n<\/li>\n<li data-start=\"1121\" data-end=\"1162\">\n<p data-start=\"1123\" data-end=\"1162\">Anvendelse: Testifire XTR2 r\u00f8gtester<\/p>\n<\/li>\n<li data-start=\"1163\" data-end=\"1208\">\n<p data-start=\"1165\" data-end=\"1208\">Funktion: Opladning af r\u00f8ggeneratorens batteri<\/p>\n<\/li>\n<li data-start=\"1163\" data-end=\"1208\">Nem installation: Kan udskiftes som r\u00f8gpatron eller batteri<\/li>\n<\/ul>","protected":false},"excerpt":{"rendered":"<p>Testifire-CHA er en opladningsholder til Testifire XTR2, der g\u00f8r det nemt at oplade r\u00f8ggeneratoren.<\/p>\n<p>S\u00e6ttet erstatter batteridrift og g\u00f8r testen problemfri og p\u00e5lidelig.<\/p>","protected":false},"featured_media":162220,"template":"","meta":{"_acf_changed":false},"product_brand":[],"product_cat":[2946,4757],"product_tag":[],"class_list":{"0":"post-162222","1":"product","2":"type-product","3":"status-publish","4":"has-post-thumbnail","6":"product_cat-testifire","7":"product_cat-xtr2","8":"tm-no-options","10":"first","11":"instock","12":"taxable","13":"shipping-taxable","14":"purchasable","15":"product-type-simple"},"acf":[],"_links":{"self":[{"href":"https:\/\/secureus.se\/dk\/wp-json\/wp\/v2\/product\/162222","targetHints":{"allow":["GET"]}}],"collection":[{"href":"https:\/\/secureus.se\/dk\/wp-json\/wp\/v2\/product"}],"about":[{"href":"https:\/\/secureus.se\/dk\/wp-json\/wp\/v2\/types\/product"}],"wp:featuredmedia":[{"embeddable":true,"href":"https:\/\/secureus.se\/dk\/wp-json\/wp\/v2\/media\/162220"}],"wp:attachment":[{"href":"https:\/\/secureus.se\/dk\/wp-json\/wp\/v2\/media?parent=162222"}],"wp:term":[{"taxonomy":"product_brand","embeddable":true,"href":"https:\/\/secureus.se\/dk\/wp-json\/wp\/v2\/product_brand?post=162222"},{"taxonomy":"product_cat","embeddable":true,"href":"https:\/\/secureus.se\/dk\/wp-json\/wp\/v2\/product_cat?post=162222"},{"taxonomy":"product_tag","embeddable":true,"href":"https:\/\/secureus.se\/dk\/wp-json\/wp\/v2\/product_tag?post=162222"}],"curies":[{"name":"wp","href":"https:\/\/api.w.org\/{rel}","templated":true}]}}