{"id":162225,"date":"2025-11-21T12:45:44","date_gmt":"2025-11-21T11:45:44","guid":{"rendered":"https:\/\/secureus.se\/testifire-chak-laddningskit-till-xtr2\/"},"modified":"2026-04-08T16:05:35","modified_gmt":"2026-04-08T14:05:35","slug":"testifire-chak-laddningskit-till-xtr2","status":"publish","type":"product","link":"https:\/\/secureus.se\/dk\/testifire-chak-laddningskit-till-xtr2\/","title":{"rendered":"Testifire-CHAK opladningss\u00e6t til XTR2"},"content":{"rendered":"<h1>Testifire-CHAK opladningss\u00e6t til XTR2<\/h1>\n<h3 data-start=\"374\" data-end=\"411\">Opladningss\u00e6t til Testifire XTR2<\/h3>\n<p data-start=\"412\" data-end=\"628\">Testifire-CHAK-opladningss\u00e6ttet giver p\u00e5lidelig str\u00f8mforsyning til Testifire XTR2 og muligg\u00f8r l\u00e6ngere arbejdsskift uden afbrydelse.<\/p>\n<p data-start=\"412\" data-end=\"628\">S\u00e6ttet sikrer, at r\u00f8ggeneratoren altid er fuldt opladet og klar til test.<\/p>\n<h3 data-start=\"630\" data-end=\"654\">Nem installation<\/h3>\n<p data-start=\"655\" data-end=\"837\">Installationen er lige s\u00e5 nem som at skifte r\u00f8gpatronen eller batteriet.<\/p>\n<p data-start=\"655\" data-end=\"837\">Opladningss\u00e6ttet tilsluttes direkte til Testifire XTR2 og giver en hurtig og sikker opladning af batteriet i testeren.<\/p>\n<h3 data-start=\"839\" data-end=\"868\">Til professionel brug<\/h3>\n<p data-start=\"869\" data-end=\"1060\">Dette opladningss\u00e6t er ideelt til servicepersonale, installat\u00f8rer og ejendomsadministratorer, der regelm\u00e6ssigt tester r\u00f8galarmer.<\/p>\n<p data-start=\"869\" data-end=\"1060\">Perfekt til kontorer, skoler, lagerbygninger og offentlige bygninger.<\/p>\n<p data-start=\"1067\" data-end=\"1098\"><strong data-start=\"1067\" data-end=\"1096\">TEKNISKE SPECIFIKATIONER:<\/strong><\/p>\n<ul data-start=\"1099\" data-end=\"1273\">\n<li data-start=\"1099\" data-end=\"1125\">\n<p data-start=\"1101\" data-end=\"1125\">Model: Testifire-CHAK<\/p>\n<\/li>\n<li data-start=\"1126\" data-end=\"1167\">\n<p data-start=\"1128\" data-end=\"1167\">Anvendelse: Testifire XTR2 r\u00f8gtester<\/p>\n<\/li>\n<li data-start=\"1168\" data-end=\"1213\">\n<p data-start=\"1170\" data-end=\"1213\">Funktion: Opladning af r\u00f8ggeneratorens batteri<\/p>\n<\/li>\n<li data-start=\"1214\" data-end=\"1273\">\n<p data-start=\"1216\" data-end=\"1273\">Nem installation: Kan udskiftes som r\u00f8gpatron eller batteri<\/p>\n<\/li>\n<\/ul>","protected":false},"excerpt":{"rendered":"<p data-start=\"118\" data-end=\"343\">Testifire-CHAK er et opladningss\u00e6t til Testifire XTR2, der sikrer, at r\u00f8ggeneratoren altid er klar til test.<\/p>\n<p data-start=\"118\" data-end=\"343\">S\u00e6ttet er nemt at bruge og erstatter batteridrift ved l\u00e6ngere driftsperioder.<\/p>","protected":false},"featured_media":162224,"template":"","meta":{"_acf_changed":false},"product_brand":[],"product_cat":[4757,2946],"product_tag":[],"class_list":{"0":"post-162225","1":"product","2":"type-product","3":"status-publish","4":"has-post-thumbnail","6":"product_cat-xtr2","7":"product_cat-testifire","8":"tm-no-options","10":"first","11":"instock","12":"taxable","13":"shipping-taxable","14":"purchasable","15":"product-type-simple"},"acf":[],"_links":{"self":[{"href":"https:\/\/secureus.se\/dk\/wp-json\/wp\/v2\/product\/162225","targetHints":{"allow":["GET"]}}],"collection":[{"href":"https:\/\/secureus.se\/dk\/wp-json\/wp\/v2\/product"}],"about":[{"href":"https:\/\/secureus.se\/dk\/wp-json\/wp\/v2\/types\/product"}],"wp:featuredmedia":[{"embeddable":true,"href":"https:\/\/secureus.se\/dk\/wp-json\/wp\/v2\/media\/162224"}],"wp:attachment":[{"href":"https:\/\/secureus.se\/dk\/wp-json\/wp\/v2\/media?parent=162225"}],"wp:term":[{"taxonomy":"product_brand","embeddable":true,"href":"https:\/\/secureus.se\/dk\/wp-json\/wp\/v2\/product_brand?post=162225"},{"taxonomy":"product_cat","embeddable":true,"href":"https:\/\/secureus.se\/dk\/wp-json\/wp\/v2\/product_cat?post=162225"},{"taxonomy":"product_tag","embeddable":true,"href":"https:\/\/secureus.se\/dk\/wp-json\/wp\/v2\/product_tag?post=162225"}],"curies":[{"name":"wp","href":"https:\/\/api.w.org\/{rel}","templated":true}]}}