{"id":162229,"date":"2025-11-21T12:34:02","date_gmt":"2025-11-21T11:34:02","guid":{"rendered":"https:\/\/secureus.se\/ir-fjarrkontroll-testifire-25-till-testifire-1001-2001\/"},"modified":"2026-04-08T16:00:29","modified_gmt":"2026-04-08T14:00:29","slug":"ir-fjarrkontroll-testifire-25-till-testifire-1001-2001","status":"publish","type":"product","link":"https:\/\/secureus.se\/dk\/ir-fjarrkontroll-testifire-25-till-testifire-1001-2001\/","title":{"rendered":"IR-fjernbetjening Testifire 25 til Testifire 1001\/2001"},"content":{"rendered":"<h1>IR-fjernbetjening Testifire 25 til Testifire 1001\/2001<\/h1>\n<h3 data-start=\"291\" data-end=\"340\">Praktisk fjernbetjening til Testifire-serien<\/h3>\n<p data-start=\"341\" data-end=\"650\">Testifire 25 IR-fjernbetjeningen er et tilbeh\u00f8r, der er udviklet til at lette funktionstest med Testifire-testere (s\u00e5som Testifire 1001 og 2001).<\/p>\n<p data-start=\"341\" data-end=\"650\">N\u00e5r en detektor er placeret i en kuppel, hvor testeren ikke kan bryde fotocellen direkte med sin linse, g\u00f8r denne fjernbetjening det muligt at styre testen p\u00e5 afstand.<\/p>\n<h3 data-start=\"652\" data-end=\"689\">Nem kontrol i sv\u00e6rt tilg\u00e6ngelige omr\u00e5der<\/h3>\n<p data-start=\"690\" data-end=\"991\">Nogle installationer har detektorer monteret i kupler eller i store h\u00f8jder, hvor testinstrumentets optiske udsynsblokering ikke fungerer effektivt.<\/p>\n<p data-start=\"690\" data-end=\"991\">Med Testifire 25 kan du bruge et IR-signal til at aktivere eller deaktivere testeren uden at kr\u00e6ve fysisk synsfelt, hvilket sparer tid og forenkler arbejdsgangen.<\/p>\n<h3 data-start=\"993\" data-end=\"1024\">Fordele ved Testifire 25<\/h3>\n<ul data-start=\"1025\" data-end=\"1255\">\n<li data-start=\"1025\" data-end=\"1084\">\n<p data-start=\"1027\" data-end=\"1084\">Brugervenlig IR-fjernbetjening til Testifire-testere<\/p>\n<\/li>\n<li data-start=\"1085\" data-end=\"1137\">\n<p data-start=\"1087\" data-end=\"1137\">Aktiverer\/deaktiverer test af begr\u00e6nset synlighed<\/p>\n<\/li>\n<li data-start=\"1138\" data-end=\"1202\">\n<p data-start=\"1140\" data-end=\"1202\">Forbedrer effektiviteten ved test af sv\u00e6rt tilg\u00e6ngelige detektorer<\/p>\n<\/li>\n<li data-start=\"1203\" data-end=\"1255\">\n<p data-start=\"1205\" data-end=\"1255\">Kompatibel med Testifire 1001 og Testifire 2001<\/p>\n<\/li>\n<\/ul>\n<p data-start=\"1257\" data-end=\"1284\">TEKNISKE SPECIFIKATIONER:<\/p>\n<ul data-start=\"1285\" data-end=\"1508\">\n<li data-start=\"1285\" data-end=\"1314\">\n<p data-start=\"1287\" data-end=\"1314\">Produkt: IR-fjernbetjening<\/p>\n<\/li>\n<li data-start=\"1315\" data-end=\"1339\">\n<p data-start=\"1317\" data-end=\"1339\">Model: Testifire 25<\/p>\n<\/li>\n<li data-start=\"1340\" data-end=\"1397\">\n<p data-start=\"1342\" data-end=\"1397\">Funktion: Aktiver\/deaktiver Testifire-tester via IR<\/p>\n<\/li>\n<li data-start=\"1398\" data-end=\"1448\">\n<p data-start=\"1400\" data-end=\"1448\">Kompatibilitet: Testifire 1001, Testifire 2001<\/p>\n<\/li>\n<li data-start=\"1449\" data-end=\"1508\">\n<p data-start=\"1451\" data-end=\"1508\">Anvendelse: Til testning, hvor direkte udsyn ikke er muligt<\/p>\n<\/li>\n<\/ul>","protected":false},"excerpt":{"rendered":"<p>Testifire 25 IR-fjernbetjeningen er en simpel fjernbetjening til aktivering eller deaktivering af Testifire-testere, n\u00e5r fotocellen er sv\u00e6r at n\u00e5.<\/p>\n<p>Det forenkler test af detektorer, hvor direkte sigtelinje ikke er mulig. Velegnet til installat\u00f8rer og servicepersonale.<\/p>","protected":false},"featured_media":162228,"template":"","meta":{"_acf_changed":false},"product_brand":[],"product_cat":[2946],"product_tag":[],"class_list":{"0":"post-162229","1":"product","2":"type-product","3":"status-publish","4":"has-post-thumbnail","6":"product_cat-testifire","7":"tm-no-options","9":"first","10":"instock","11":"taxable","12":"shipping-taxable","13":"purchasable","14":"product-type-simple"},"acf":[],"_links":{"self":[{"href":"https:\/\/secureus.se\/dk\/wp-json\/wp\/v2\/product\/162229","targetHints":{"allow":["GET"]}}],"collection":[{"href":"https:\/\/secureus.se\/dk\/wp-json\/wp\/v2\/product"}],"about":[{"href":"https:\/\/secureus.se\/dk\/wp-json\/wp\/v2\/types\/product"}],"wp:featuredmedia":[{"embeddable":true,"href":"https:\/\/secureus.se\/dk\/wp-json\/wp\/v2\/media\/162228"}],"wp:attachment":[{"href":"https:\/\/secureus.se\/dk\/wp-json\/wp\/v2\/media?parent=162229"}],"wp:term":[{"taxonomy":"product_brand","embeddable":true,"href":"https:\/\/secureus.se\/dk\/wp-json\/wp\/v2\/product_brand?post=162229"},{"taxonomy":"product_cat","embeddable":true,"href":"https:\/\/secureus.se\/dk\/wp-json\/wp\/v2\/product_cat?post=162229"},{"taxonomy":"product_tag","embeddable":true,"href":"https:\/\/secureus.se\/dk\/wp-json\/wp\/v2\/product_tag?post=162229"}],"curies":[{"name":"wp","href":"https:\/\/api.w.org\/{rel}","templated":true}]}}