{"id":162231,"date":"2025-11-21T12:45:41","date_gmt":"2025-11-21T11:45:41","guid":{"rendered":"https:\/\/secureus.se\/rokgenerator-testifire-gen-1pk-till-xtr2\/"},"modified":"2026-03-26T12:24:54","modified_gmt":"2026-03-26T11:24:54","slug":"rokgenerator-testifire-gen-1pk-till-xtr2","status":"publish","type":"product","link":"https:\/\/secureus.se\/dk\/rokgenerator-testifire-gen-1pk-till-xtr2\/","title":{"rendered":"R\u00f8ggenerator Testifire-Gen-1PK til XTR2"},"content":{"rendered":"<h1>R\u00f8ggenerator Testifire-Gen-1PK til XTR2<\/h1>\n<h3 data-start=\"351\" data-end=\"399\">Udskiftningsr\u00f8ggenerator til Testifire XTR2<\/h3>\n<p data-start=\"400\" data-end=\"602\">Testifire-Gen-1PK er designet til at erstatte den eksisterende r\u00f8ggenerator i Testifire XTR2.<\/p>\n<p data-start=\"400\" data-end=\"602\">Den giver stabil og p\u00e5lidelig produktion af testr\u00f8g, hvilket sikrer korrekt test af r\u00f8gdetektorer.<\/p>\n<h3 data-start=\"604\" data-end=\"628\">Nem installation<\/h3>\n<p data-start=\"629\" data-end=\"838\">Det er lige s\u00e5 nemt at udskifte den som at skifte en r\u00f8gpatron eller et batteri.<\/p>\n<p data-start=\"629\" data-end=\"838\">R\u00f8ggeneratoren installeres direkte i Testifire XTR2 og er klar til brug p\u00e5 f\u00e5 sekunder, hvilket g\u00f8r service og vedligeholdelse effektiv og sikker.<\/p>\n<h3 data-start=\"840\" data-end=\"874\">Til professionel brug<\/h3>\n<p data-start=\"875\" data-end=\"1067\">R\u00f8ggeneratoren er ideel til installat\u00f8rer, brandteknikere og servicepersonale, der udf\u00f8rer tilbagevendende test af r\u00f8gdetektorer.<\/p>\n<p data-start=\"875\" data-end=\"1067\">Perfekt til kontorer, lagerbygninger, skoler og offentlige bygninger.<\/p>\n<p data-start=\"1074\" data-end=\"1105\"><strong data-start=\"1074\" data-end=\"1103\">TEKNISKE SPECIFIKATIONER:<\/strong><\/p>\n<ul data-start=\"1106\" data-end=\"1275\">\n<li data-start=\"1106\" data-end=\"1135\">\n<p data-start=\"1108\" data-end=\"1135\">Model: Testifire-Gen-1PK<\/p>\n<\/li>\n<li data-start=\"1136\" data-end=\"1177\">\n<p data-start=\"1138\" data-end=\"1177\">Anvendelse: Testifire XTR2 r\u00f8gtester<\/p>\n<\/li>\n<li data-start=\"1178\" data-end=\"1215\">\n<p data-start=\"1180\" data-end=\"1215\">Funktion: Udskiftningsr\u00f8ggenerator<\/p>\n<\/li>\n<li data-start=\"1216\" data-end=\"1275\">\n<p data-start=\"1218\" data-end=\"1275\">Nem installation: Kan udskiftes som batteri eller r\u00f8gpatron<\/p>\n<\/li>\n<\/ul>","protected":false},"excerpt":{"rendered":"<p data-start=\"121\" data-end=\"320\">Testifire-Gen-1PK r\u00f8ggeneratoren er en erstatningsgenerator til Testifire XTR2.<\/p>\n<p data-start=\"121\" data-end=\"320\">Det g\u00f8r det nemt at udskifte r\u00f8ggeneratoren og sikrer p\u00e5lidelig r\u00f8gtestning hver gang.<\/p>","protected":false},"featured_media":162230,"template":"","meta":{"_acf_changed":false},"product_brand":[],"product_cat":[4757,2946],"product_tag":[],"class_list":{"0":"post-162231","1":"product","2":"type-product","3":"status-publish","4":"has-post-thumbnail","6":"product_cat-xtr2","7":"product_cat-testifire","8":"tm-no-options","10":"first","11":"onbackorder","12":"taxable","13":"shipping-taxable","14":"purchasable","15":"product-type-simple"},"acf":[],"_links":{"self":[{"href":"https:\/\/secureus.se\/dk\/wp-json\/wp\/v2\/product\/162231","targetHints":{"allow":["GET"]}}],"collection":[{"href":"https:\/\/secureus.se\/dk\/wp-json\/wp\/v2\/product"}],"about":[{"href":"https:\/\/secureus.se\/dk\/wp-json\/wp\/v2\/types\/product"}],"wp:featuredmedia":[{"embeddable":true,"href":"https:\/\/secureus.se\/dk\/wp-json\/wp\/v2\/media\/162230"}],"wp:attachment":[{"href":"https:\/\/secureus.se\/dk\/wp-json\/wp\/v2\/media?parent=162231"}],"wp:term":[{"taxonomy":"product_brand","embeddable":true,"href":"https:\/\/secureus.se\/dk\/wp-json\/wp\/v2\/product_brand?post=162231"},{"taxonomy":"product_cat","embeddable":true,"href":"https:\/\/secureus.se\/dk\/wp-json\/wp\/v2\/product_cat?post=162231"},{"taxonomy":"product_tag","embeddable":true,"href":"https:\/\/secureus.se\/dk\/wp-json\/wp\/v2\/product_tag?post=162231"}],"curies":[{"name":"wp","href":"https:\/\/api.w.org\/{rel}","templated":true}]}}