{"id":162235,"date":"2025-11-21T12:27:45","date_gmt":"2025-11-21T11:27:45","guid":{"rendered":"https:\/\/secureus.se\/es3-rokkassett-for-solo-365-provare-for-rokdetektorer\/"},"modified":"2026-04-23T12:58:12","modified_gmt":"2026-04-23T10:58:12","slug":"es3-rokkassett-for-solo-365-provare-for-rokdetektorer","status":"publish","type":"product","link":"https:\/\/secureus.se\/dk\/es3-rokkassett-for-solo-365-provare-for-rokdetektorer\/","title":{"rendered":"ES3 r\u00f8gkassette til Solo 365 r\u00f8gdetektortester"},"content":{"rendered":"<h1>ES3 r\u00f8gkassette til Solo 365 r\u00f8gdetektortester<\/h1>\n<h3 data-start=\"296\" data-end=\"336\">Test af r\u00f8gdetektorer med Solo 365<\/h3>\n<p data-start=\"337\" data-end=\"611\">ES3-r\u00f8gkassetten er designet til brug i Solo 365 \u2013 en r\u00f8gdetektortester til funktionstest af branddetektorer.<\/p>\n<p data-start=\"337\" data-end=\"611\">Ved at generere defineret testr\u00f8g kan du kontrollere, at r\u00f8gdetektorer reagerer som de skal, hvilket er vigtigt for at opretholde brandsikkerheden i bygninger.<\/p>\n<h3 data-start=\"613\" data-end=\"655\">Kontrolleret og sikker r\u00f8gproduktion<\/h3>\n<p data-start=\"656\" data-end=\"926\">N\u00e5r den bruges i Solo 365, udsender ES3-patronen kontrolleret r\u00f8g, der effektivt aktiverer r\u00f8galarmer uden at skabe en egentlig brand eller farlige forhold.<\/p>\n<p data-start=\"656\" data-end=\"926\">R\u00f8gen forsvinder efter testen og efterlader ingen skadelige rester i detektoren, hvilket reducerer behovet for eftertestarbejde.<\/p>\n<h3 data-start=\"928\" data-end=\"958\">Problemfri testning p\u00e5 stedet<\/h3>\n<p data-start=\"959\" data-end=\"1211\">Denne r\u00f8gkassette g\u00f8r det muligt at udf\u00f8re funktionstest hurtigt og sikkert, uanset om det er under installation, service eller l\u00f8bende vedligeholdelse.<\/p>\n<p data-start=\"959\" data-end=\"1211\">Med Solo 365 og ES3-kassette f\u00e5r du en omkostningseffektiv og p\u00e5lidelig l\u00f8sning til test af r\u00f8gdetektorer.<\/p>\n<h3 data-start=\"1213\" data-end=\"1246\">Fordele ved ES3 r\u00f8gpatron<\/h3>\n<ul data-start=\"1247\" data-end=\"1489\">\n<li data-start=\"1247\" data-end=\"1291\">\n<p data-start=\"1249\" data-end=\"1291\">Designet til Solo 365 r\u00f8gdetektortester<\/p>\n<\/li>\n<li data-start=\"1292\" data-end=\"1342\">\n<p data-start=\"1294\" data-end=\"1342\">Genererer kontrolleret og realistisk testr\u00f8g<\/p>\n<\/li>\n<li data-start=\"1343\" data-end=\"1379\">\n<p data-start=\"1345\" data-end=\"1379\">Sikker at bruge uden brandfare<\/p>\n<\/li>\n<li data-start=\"1380\" data-end=\"1434\">\n<p data-start=\"1382\" data-end=\"1434\">Ingen st\u00f8d eller rester i detektoren efter test<\/p>\n<\/li>\n<li data-start=\"1435\" data-end=\"1489\">\n<p data-start=\"1437\" data-end=\"1489\">Velegnet til installation, service og selvkontrol<\/p>\n<\/li>\n<\/ul>\n<p data-start=\"1491\" data-end=\"1518\">TEKNISKE SPECIFIKATIONER:<\/p>\n<ul data-start=\"1519\" data-end=\"1745\">\n<li data-start=\"1519\" data-end=\"1554\">\n<p data-start=\"1521\" data-end=\"1554\">Produkt: Rygekassette \/ rygepatron<\/p>\n<\/li>\n<li data-start=\"1555\" data-end=\"1570\">\n<p data-start=\"1557\" data-end=\"1570\">Model: ES3<\/p>\n<\/li>\n<li data-start=\"1571\" data-end=\"1611\">\n<p data-start=\"1573\" data-end=\"1611\">Til brug med: Solo 365 tester<\/p>\n<\/li>\n<li data-start=\"1612\" data-end=\"1666\">\n<p data-start=\"1614\" data-end=\"1666\">Funktion: Generering af testr\u00f8g til r\u00f8gdetektorer<\/p>\n<\/li>\n<li data-start=\"1667\" data-end=\"1694\">\n<p data-start=\"1669\" data-end=\"1694\">Rester efter testning: Ingen<\/p>\n<\/li>\n<li data-start=\"1695\" data-end=\"1745\">\n<p data-start=\"1697\" data-end=\"1745\">Sikkerhed: Kontrolleret og sikker r\u00f8gproduktion<\/p>\n<\/li>\n<\/ul>","protected":false},"excerpt":{"rendered":"<p>ES3 r\u00f8gpatron er en r\u00f8gpatron til Solo 365 testere, der genererer kontrolleret testr\u00f8g til funktionstest af r\u00f8gdetektorer.<\/p>\n<p>Det sikrer, at r\u00f8galarmen reagerer korrekt uden en egentlig brand.<\/p>\n<p>Velegnet til installat\u00f8rer, servicepersonale og ejendomsejere.<\/p>","protected":false},"featured_media":162234,"template":"","meta":{"_acf_changed":false},"product_brand":[],"product_cat":[5072,5069,5089],"product_tag":[],"class_list":{"0":"post-162235","1":"product","2":"type-product","3":"status-publish","4":"has-post-thumbnail","6":"product_cat-solo-365","7":"product_cat-kassetter-rok-co","8":"product_cat-solo-365-solo-365","9":"tm-no-options","11":"first","12":"instock","13":"taxable","14":"shipping-taxable","15":"purchasable","16":"product-type-simple"},"acf":[],"_links":{"self":[{"href":"https:\/\/secureus.se\/dk\/wp-json\/wp\/v2\/product\/162235","targetHints":{"allow":["GET"]}}],"collection":[{"href":"https:\/\/secureus.se\/dk\/wp-json\/wp\/v2\/product"}],"about":[{"href":"https:\/\/secureus.se\/dk\/wp-json\/wp\/v2\/types\/product"}],"wp:featuredmedia":[{"embeddable":true,"href":"https:\/\/secureus.se\/dk\/wp-json\/wp\/v2\/media\/162234"}],"wp:attachment":[{"href":"https:\/\/secureus.se\/dk\/wp-json\/wp\/v2\/media?parent=162235"}],"wp:term":[{"taxonomy":"product_brand","embeddable":true,"href":"https:\/\/secureus.se\/dk\/wp-json\/wp\/v2\/product_brand?post=162235"},{"taxonomy":"product_cat","embeddable":true,"href":"https:\/\/secureus.se\/dk\/wp-json\/wp\/v2\/product_cat?post=162235"},{"taxonomy":"product_tag","embeddable":true,"href":"https:\/\/secureus.se\/dk\/wp-json\/wp\/v2\/product_tag?post=162235"}],"curies":[{"name":"wp","href":"https:\/\/api.w.org\/{rel}","templated":true}]}}