{"id":162245,"date":"2025-11-21T12:27:37","date_gmt":"2025-11-21T11:27:37","guid":{"rendered":"https:\/\/secureus.se\/solo-371-rokgenerator-for-solo-365\/"},"modified":"2026-04-23T12:46:18","modified_gmt":"2026-04-23T10:46:18","slug":"solo-371-rokgenerator-for-solo-365","status":"publish","type":"product","link":"https:\/\/secureus.se\/dk\/solo-371-rokgenerator-for-solo-365\/","title":{"rendered":"Solo 371 R\u00f8ggenerator til Solo 365"},"content":{"rendered":"<h1>Solo 371 R\u00f8ggenerator til Solo 365<\/h1>\n<h3 data-start=\"283\" data-end=\"331\">Reservedel til Solo 365 r\u00f8gdetektortester<\/h3>\n<p data-start=\"332\" data-end=\"576\">Solo 371 r\u00f8ggeneratoren er et erstatningsmodul til Solo 365, der fungerer med ES3 r\u00f8gpatronen.<\/p>\n<p data-start=\"332\" data-end=\"576\">R\u00f8ggeneratoren er den del af testv\u00e6rkt\u00f8jet, hvor r\u00f8gpatronen placeres, og hvor testr\u00f8g genereres for at kontrollere r\u00f8galarmens funktion.<\/p>\n<h3 data-start=\"578\" data-end=\"611\">Effektiv og sikker testning<\/h3>\n<p data-start=\"612\" data-end=\"911\">N\u00e5r ES3-r\u00f8gpatronen er installeret i Solo 371, varmes r\u00f8gpatronen op og genererer kontrolleret r\u00f8g, der aktiverer r\u00f8gdetektorer.<\/p>\n<p data-start=\"612\" data-end=\"911\">Dette muligg\u00f8r funktionstest uden nogen reel brandrisiko. Produktet er designet til at v\u00e6re robust og p\u00e5lideligt med minimal p\u00e5virkning af detektoren efter testen.<\/p>\n<h3 data-start=\"913\" data-end=\"951\">Nem installation og vedligeholdelse<\/h3>\n<p data-start=\"952\" data-end=\"1204\">Solo 371 er nem at udskifte i Solo 365-testeren, hvilket g\u00f8r det nemt at holde udstyret i god stand til tilbagevendende test p\u00e5 stedet.<\/p>\n<p data-start=\"952\" data-end=\"1204\">En fungerende r\u00f8ggenerator sikrer, at testv\u00e6rkt\u00f8jet producerer ensartede og p\u00e5lidelige resultater.<\/p>\n<h3 data-start=\"1206\" data-end=\"1233\">Fordele ved Solo 371<\/h3>\n<ul data-start=\"1234\" data-end=\"1402\">\n<li data-start=\"1234\" data-end=\"1276\">\n<p data-start=\"1236\" data-end=\"1276\">Udskiftningsenhed til Solo 365 r\u00f8ggenerator<\/p>\n<\/li>\n<li data-start=\"1277\" data-end=\"1319\">\n<p data-start=\"1279\" data-end=\"1319\">Bruges sammen med ES3 r\u00f8gpatron<\/p>\n<\/li>\n<li data-start=\"1320\" data-end=\"1362\">\n<p data-start=\"1322\" data-end=\"1362\">Genererer kontrolleret testr\u00f8g sikkert<\/p>\n<\/li>\n<li data-start=\"1363\" data-end=\"1402\">\n<p data-start=\"1365\" data-end=\"1402\">Nem at installere og vedligeholde<\/p>\n<\/li>\n<\/ul>\n<p data-start=\"1404\" data-end=\"1431\">TEKNISKE SPECIFIKATIONER:<\/p>\n<ul data-start=\"1432\" data-end=\"1626\">\n<li data-start=\"1432\" data-end=\"1472\">\n<p data-start=\"1434\" data-end=\"1472\">Produkt: R\u00f8ggenerator \/ udskiftningsenhed<\/p>\n<\/li>\n<li data-start=\"1473\" data-end=\"1493\">\n<p data-start=\"1475\" data-end=\"1493\">Model: Solo 371<\/p>\n<\/li>\n<li data-start=\"1494\" data-end=\"1534\">\n<p data-start=\"1496\" data-end=\"1534\">Til brug med: Solo 365 tester<\/p>\n<\/li>\n<li data-start=\"1535\" data-end=\"1569\">\n<p data-start=\"1537\" data-end=\"1569\">Kompatibel med: ES3 r\u00f8gpatron<\/p>\n<\/li>\n<li data-start=\"1570\" data-end=\"1626\">\n<p data-start=\"1572\" data-end=\"1626\">Funktion: Generering af testr\u00f8g til test af r\u00f8gdetektorer<\/p>\n<\/li>\n<\/ul>","protected":false},"excerpt":{"rendered":"<p>Solo 371 r\u00f8ggenerator er en erstatningsenhed til Solo 365 r\u00f8gdetektortester, hvor ES3 r\u00f8gpatronen er placeret for at generere testr\u00f8g.<\/p>\n<p>Det g\u00f8r funktionstest af r\u00f8gdetektorer nemmere og mere p\u00e5lideligt. Velegnet til serviceteknikere og installat\u00f8rer.<\/p>","protected":false},"featured_media":162244,"template":"","meta":{"_acf_changed":false},"product_brand":[],"product_cat":[5072,5089],"product_tag":[],"class_list":{"0":"post-162245","1":"product","2":"type-product","3":"status-publish","4":"has-post-thumbnail","6":"product_cat-solo-365","7":"product_cat-solo-365-solo-365","8":"tm-no-options","10":"first","11":"instock","12":"taxable","13":"shipping-taxable","14":"purchasable","15":"product-type-simple"},"acf":[],"_links":{"self":[{"href":"https:\/\/secureus.se\/dk\/wp-json\/wp\/v2\/product\/162245","targetHints":{"allow":["GET"]}}],"collection":[{"href":"https:\/\/secureus.se\/dk\/wp-json\/wp\/v2\/product"}],"about":[{"href":"https:\/\/secureus.se\/dk\/wp-json\/wp\/v2\/types\/product"}],"wp:featuredmedia":[{"embeddable":true,"href":"https:\/\/secureus.se\/dk\/wp-json\/wp\/v2\/media\/162244"}],"wp:attachment":[{"href":"https:\/\/secureus.se\/dk\/wp-json\/wp\/v2\/media?parent=162245"}],"wp:term":[{"taxonomy":"product_brand","embeddable":true,"href":"https:\/\/secureus.se\/dk\/wp-json\/wp\/v2\/product_brand?post=162245"},{"taxonomy":"product_cat","embeddable":true,"href":"https:\/\/secureus.se\/dk\/wp-json\/wp\/v2\/product_cat?post=162245"},{"taxonomy":"product_tag","embeddable":true,"href":"https:\/\/secureus.se\/dk\/wp-json\/wp\/v2\/product_tag?post=162245"}],"curies":[{"name":"wp","href":"https:\/\/api.w.org\/{rel}","templated":true}]}}