{"id":162249,"date":"2025-11-21T12:27:37","date_gmt":"2025-11-21T11:27:37","guid":{"rendered":"https:\/\/secureus.se\/solo-372-asd-samplings-adapter-for-solo-365\/"},"modified":"2026-04-08T16:06:22","modified_gmt":"2026-04-08T14:06:22","slug":"solo-372-asd-samplings-adapter-for-solo-365","status":"publish","type":"product","link":"https:\/\/secureus.se\/dk\/solo-372-asd-samplings-adapter-for-solo-365\/","title":{"rendered":"Solo 372 ASD\/sampling-adapter til Solo 365"},"content":{"rendered":"<h1>Solo 372 ASD\/sampling-adapter til Solo 365<\/h1>\n<h3 data-start=\"308\" data-end=\"354\">Adapter til pr\u00f8veudtagnings-\/aspirationssystem<\/h3>\n<p data-start=\"355\" data-end=\"675\">Solo 372 ASD\/Sampling-adapteren er en specialadapter til Solo 365 r\u00f8gdetektortester, der muligg\u00f8r funktionstest af pr\u00f8vetagnings-\/aspirationsr\u00f8gdetektorsystemer (ASD\/ASSD).<\/p>\n<p data-start=\"355\" data-end=\"675\">Ved at udskifte standardkoppen med Solo 372 f\u00e5r du den korrekte tilslutning og t\u00e6tning til at lede testr\u00f8g ind i systemets pr\u00f8vetagningskanal.<\/p>\n<h3 data-start=\"677\" data-end=\"702\">Brug med Solo 365<\/h3>\n<p data-start=\"703\" data-end=\"1026\">N\u00e5r adapteren er monteret, bruges Solo 365 sammen med ES3-r\u00f8gpatronen og r\u00f8ggeneratoren til at generere kontrolleret testr\u00f8g, der transporteres ind i pr\u00f8vetagningssystemet.<\/p>\n<p data-start=\"703\" data-end=\"1026\">Dette giver en realistisk test af detektorens respons uden risiko for en reel brand, hvilket er vigtigt for sikkerhedstjek og regelm\u00e6ssig vedligeholdelse.<\/p>\n<h3 data-start=\"1028\" data-end=\"1055\">Fordele ved Solo 372<\/h3>\n<ul data-start=\"1056\" data-end=\"1270\">\n<li data-start=\"1056\" data-end=\"1116\">\n<p data-start=\"1058\" data-end=\"1116\">G\u00f8r Solo 365 kompatibel med pr\u00f8vetagnings-\/aspirationssystemer<\/p>\n<\/li>\n<li data-start=\"1117\" data-end=\"1166\">\n<p data-start=\"1119\" data-end=\"1166\">Nem at installere i stedet for standardkoppen<\/p>\n<\/li>\n<li data-start=\"1167\" data-end=\"1223\">\n<p data-start=\"1169\" data-end=\"1223\">Sikrer korrekt forsegling og r\u00f8gfordeling for ASD\/ASSD<\/p>\n<\/li>\n<li data-start=\"1224\" data-end=\"1270\">\n<p data-start=\"1226\" data-end=\"1270\">Sikker funktionstest uden en reel brand<\/p>\n<\/li>\n<\/ul>\n<h3 data-start=\"1272\" data-end=\"1296\">Anvendelsesomr\u00e5der<\/h3>\n<ul data-start=\"1297\" data-end=\"1435\">\n<li data-start=\"1297\" data-end=\"1350\">\n<p data-start=\"1299\" data-end=\"1350\">Installationstest af pr\u00f8veudtagnings-\/aspirationssystemer<\/p>\n<\/li>\n<li data-start=\"1351\" data-end=\"1389\">\n<p data-start=\"1353\" data-end=\"1389\">Service og forebyggende vedligeholdelse<\/p>\n<\/li>\n<li data-start=\"1390\" data-end=\"1435\">\n<p data-start=\"1392\" data-end=\"1435\">Egenkontrol for ejendomme med ASD\/ASSD<\/p>\n<\/li>\n<\/ul>\n<p data-start=\"1437\" data-end=\"1464\">TEKNISKE SPECIFIKATIONER:<\/p>\n<ul data-start=\"1465\" data-end=\"1714\">\n<li data-start=\"1465\" data-end=\"1499\">\n<p data-start=\"1467\" data-end=\"1499\">Produkt: ASD\/samplingadapter<\/p>\n<\/li>\n<li data-start=\"1500\" data-end=\"1520\">\n<p data-start=\"1502\" data-end=\"1520\">Model: Solo 372<\/p>\n<\/li>\n<li data-start=\"1521\" data-end=\"1561\">\n<p data-start=\"1523\" data-end=\"1561\">Til brug med: Solo 365 tester<\/p>\n<\/li>\n<li data-start=\"1562\" data-end=\"1639\">\n<p data-start=\"1564\" data-end=\"1639\">Funktion: Adapter til test af pr\u00f8veudtagnings-\/aspirationsr\u00f8gdetektorsystemer<\/p>\n<\/li>\n<li data-start=\"1640\" data-end=\"1678\">\n<p data-start=\"1642\" data-end=\"1678\">Erstatter: Standardkop p\u00e5 Solo 365<\/p>\n<\/li>\n<li data-start=\"1679\" data-end=\"1714\">\n<p data-start=\"1681\" data-end=\"1714\">Kompatibilitet: ASD\/ASSD-system<\/p>\n<\/li>\n<\/ul>","protected":false},"excerpt":{"rendered":"<p>Solo 372 ASD\/Sampling-adapteren er et tilbeh\u00f8r til Solo 365, der muligg\u00f8r funktionstest af pr\u00f8vetagnings-\/aspirationsr\u00f8gdetektorsystemer (ASD\/ASSD).<\/p>\n<p>Den erstatter standardkoppen, s\u00e5 den passer til disse systemer og g\u00f8r testningen nemmere.<\/p>\n<p>Velegnet til installat\u00f8rer og servicepersonale.<\/p>","protected":false},"featured_media":162248,"template":"","meta":{"_acf_changed":false},"product_brand":[],"product_cat":[5072,5089],"product_tag":[],"class_list":{"0":"post-162249","1":"product","2":"type-product","3":"status-publish","4":"has-post-thumbnail","6":"product_cat-solo-365","7":"product_cat-solo-365-solo-365","8":"tm-no-options","10":"first","11":"instock","12":"taxable","13":"shipping-taxable","14":"purchasable","15":"product-type-simple"},"acf":[],"_links":{"self":[{"href":"https:\/\/secureus.se\/dk\/wp-json\/wp\/v2\/product\/162249","targetHints":{"allow":["GET"]}}],"collection":[{"href":"https:\/\/secureus.se\/dk\/wp-json\/wp\/v2\/product"}],"about":[{"href":"https:\/\/secureus.se\/dk\/wp-json\/wp\/v2\/types\/product"}],"wp:featuredmedia":[{"embeddable":true,"href":"https:\/\/secureus.se\/dk\/wp-json\/wp\/v2\/media\/162248"}],"wp:attachment":[{"href":"https:\/\/secureus.se\/dk\/wp-json\/wp\/v2\/media?parent=162249"}],"wp:term":[{"taxonomy":"product_brand","embeddable":true,"href":"https:\/\/secureus.se\/dk\/wp-json\/wp\/v2\/product_brand?post=162249"},{"taxonomy":"product_cat","embeddable":true,"href":"https:\/\/secureus.se\/dk\/wp-json\/wp\/v2\/product_cat?post=162249"},{"taxonomy":"product_tag","embeddable":true,"href":"https:\/\/secureus.se\/dk\/wp-json\/wp\/v2\/product_tag?post=162249"}],"curies":[{"name":"wp","href":"https:\/\/api.w.org\/{rel}","templated":true}]}}