{"id":162253,"date":"2025-11-21T12:21:23","date_gmt":"2025-11-21T11:21:23","guid":{"rendered":"https:\/\/secureus.se\/vd-provare-solo-461-batteridriven\/"},"modified":"2026-03-26T12:26:34","modified_gmt":"2026-03-26T11:26:34","slug":"vd-provare-solo-461-batteridriven","status":"publish","type":"product","link":"https:\/\/secureus.se\/dk\/vd-provare-solo-461-batteridriven\/","title":{"rendered":"VD-tester Solo 461 batteridrevet"},"content":{"rendered":"<h1>VD-tester Solo 461 batteridrevet<\/h1>\n<h3 data-start=\"335\" data-end=\"404\">Batteridrevet varmedetektortester til professionel brug<\/h3>\n<p data-start=\"405\" data-end=\"704\">Solo 461 er en tr\u00e5dl\u00f8s og batteridrevet VD-tester, der bruges til funktionstest af varmedetektorer i brandalarmsystemer.<\/p>\n<p data-start=\"405\" data-end=\"704\">Den er s\u00e6rligt velegnet til teknikere, der har brug for en mobil og fleksibel testl\u00f8sning uden at v\u00e6re afh\u00e6ngige af str\u00f8m fra elnettet under arbejdet.<\/p>\n<h3 data-start=\"706\" data-end=\"739\">Effektiv og sikker testning<\/h3>\n<p data-start=\"740\" data-end=\"1104\">Med Solo 461 genereres varm luft, der aktiverer varmedetektorer med udl\u00f8sningstemperaturer p\u00e5 op til cirka 90 \u00b0C.<\/p>\n<p data-start=\"740\" data-end=\"1104\">Det patenterede design sikrer, at varmen effektivt ledes mod detektorens sensor, hvilket giver hurtig og p\u00e5lidelig aktivering.<\/p>\n<p data-start=\"740\" data-end=\"1104\">Testen starter automatisk, n\u00e5r detektoren bryder den infrar\u00f8de sensor p\u00e5 testd\u00e6kslet.<\/p>\n<h3 data-start=\"1106\" data-end=\"1144\">Kompakt, fleksibel og nem at bruge<\/h3>\n<p data-start=\"1145\" data-end=\"1438\">Solo 461 er nem at bruge med \u00e9n h\u00e5nd eller sammen med adgangsmaster (s\u00e5som Solo 101, Solo 108 eller Solo 100) for at n\u00e5 detektorer i lofter op til ca. 9,3 m.<\/p>\n<p data-start=\"1145\" data-end=\"1438\">Batteridrift g\u00f8r det nemt at udf\u00f8re tests p\u00e5 flere steder uden behov for en str\u00f8mtilslutning.<\/p>\n<h3 data-start=\"1440\" data-end=\"1472\">Hvad er inkluderet og fordele<\/h3>\n<ul data-start=\"1473\" data-end=\"1905\">\n<li data-start=\"1473\" data-end=\"1537\">\n<p data-start=\"1475\" data-end=\"1537\">To genopladelige batterier (Solo 770) for lang driftstid<\/p>\n<\/li>\n<li data-start=\"1538\" data-end=\"1617\">\n<p data-start=\"1540\" data-end=\"1617\">Hurtigoplader (Solo 727), der kan tilsluttes til lysnettet eller bilens 12 V-stikkontakt<\/p>\n<\/li>\n<li data-start=\"1618\" data-end=\"1690\">\n<p data-start=\"1620\" data-end=\"1690\">Gennemsigtig testkop giver et klart udsyn til detektorens LED-indikator<\/p>\n<\/li>\n<li data-start=\"1691\" data-end=\"1770\">\n<p data-start=\"1693\" data-end=\"1770\">Ledningsl\u00f8st design for fleksibilitet ved arbejde i h\u00f8jden eller p\u00e5 steder med begr\u00e6nset plads<\/p>\n<\/li>\n<li data-start=\"1771\" data-end=\"1905\">\n<p data-start=\"1773\" data-end=\"1905\">Velegnet til b\u00e5de fasttemperatur-, differens- og kombinationsvarmedetektorer op til ca. 90 \u00b0C<\/p>\n<\/li>\n<\/ul>\n<p data-start=\"1907\" data-end=\"1934\">TEKNISKE SPECIFIKATIONER:<\/p>\n<ul data-start=\"1935\" data-end=\"2394\">\n<li data-start=\"1935\" data-end=\"1982\">\n<p data-start=\"1937\" data-end=\"1982\">Produkt: Batteridrevet varmedetektortester<\/p>\n<\/li>\n<li data-start=\"1983\" data-end=\"2023\">\n<p data-start=\"1985\" data-end=\"2023\">Model: Solo 461 (tidligere Solo 460)<\/p>\n<\/li>\n<li data-start=\"2024\" data-end=\"2117\">\n<p data-start=\"2026\" data-end=\"2117\">Str\u00f8mforsyning: Batteridrevet, inklusive 2 Solo 770-batterier og Solo 727 hurtigoplader<\/p>\n<\/li>\n<li data-start=\"2118\" data-end=\"2168\">\n<p data-start=\"2120\" data-end=\"2168\">Funktion: Funktionstest af varmedetektorer<\/p>\n<\/li>\n<li data-start=\"2169\" data-end=\"2212\">\n<p data-start=\"2171\" data-end=\"2212\">Temperatur: Op til ca. 90 \u00b0C udl\u00f8sning<\/p>\n<\/li>\n<li data-start=\"2213\" data-end=\"2294\">\n<p data-start=\"2215\" data-end=\"2294\">Kompatibilitet: Punkt-\/varmedetektorer med brudbar fotocelle, forskellige m\u00e6rker<\/p>\n<\/li>\n<li data-start=\"2295\" data-end=\"2394\">\n<p data-start=\"2297\" data-end=\"2394\">Brug med: Solo-adgangsst\u00e6nger til h\u00f8jder op til ca. 9,3 m<\/p>\n<\/li>\n<\/ul>","protected":false},"excerpt":{"rendered":"<p>Solo 461 er en batteridrevet VD-tester til funktionstest af varmedetektorer op til cirka 90 \u00b0C.<\/p>\n<p>Den er ledningsfri og leveres med to batterier og en hurtigoplader for nem og p\u00e5lidelig brug.<\/p>\n<p>Velegnet til installat\u00f8rer, teknikere og servicepersonale.<\/p>","protected":false},"featured_media":162252,"template":"","meta":{"_acf_changed":false},"product_brand":[],"product_cat":[2945,5088],"product_tag":[],"class_list":{"0":"post-162253","1":"product","2":"type-product","3":"status-publish","4":"has-post-thumbnail","6":"product_cat-solo","7":"product_cat-solo-solo","8":"tm-no-options","10":"first","11":"instock","12":"taxable","13":"shipping-taxable","14":"purchasable","15":"product-type-simple"},"acf":[],"_links":{"self":[{"href":"https:\/\/secureus.se\/dk\/wp-json\/wp\/v2\/product\/162253","targetHints":{"allow":["GET"]}}],"collection":[{"href":"https:\/\/secureus.se\/dk\/wp-json\/wp\/v2\/product"}],"about":[{"href":"https:\/\/secureus.se\/dk\/wp-json\/wp\/v2\/types\/product"}],"wp:featuredmedia":[{"embeddable":true,"href":"https:\/\/secureus.se\/dk\/wp-json\/wp\/v2\/media\/162252"}],"wp:attachment":[{"href":"https:\/\/secureus.se\/dk\/wp-json\/wp\/v2\/media?parent=162253"}],"wp:term":[{"taxonomy":"product_brand","embeddable":true,"href":"https:\/\/secureus.se\/dk\/wp-json\/wp\/v2\/product_brand?post=162253"},{"taxonomy":"product_cat","embeddable":true,"href":"https:\/\/secureus.se\/dk\/wp-json\/wp\/v2\/product_cat?post=162253"},{"taxonomy":"product_tag","embeddable":true,"href":"https:\/\/secureus.se\/dk\/wp-json\/wp\/v2\/product_tag?post=162253"}],"curies":[{"name":"wp","href":"https:\/\/api.w.org\/{rel}","templated":true}]}}