{"id":162261,"date":"2025-11-21T12:16:48","date_gmt":"2025-11-21T11:16:48","guid":{"rendered":"https:\/\/secureus.se\/batteristav-solo-770-for-solo-461-testifire-1001-testifire-2001\/"},"modified":"2026-03-26T12:26:59","modified_gmt":"2026-03-26T11:26:59","slug":"batteristav-solo-770-for-solo-461-testifire-1001-testifire-2001","status":"publish","type":"product","link":"https:\/\/secureus.se\/dk\/batteristav-solo-770-for-solo-461-testifire-1001-testifire-2001\/","title":{"rendered":"Batteristang Solo 770 til Solo 461, Testifire 1001, Testifire 2001"},"content":{"rendered":"<h1>Batteristang Solo 770 til Solo 461, Testifire 1001, Testifire 2001<\/h1>\n<h3 data-start=\"292\" data-end=\"339\">Langtidsholdbart batteri til testudstyr<\/h3>\n<p data-start=\"340\" data-end=\"660\">Solo 770-batteristangen er et genopladeligt batteri, der er specielt designet til brug i b\u00e6rbare testere som Solo 461, Testifire 1001 og Testifire 2001.<\/p>\n<p data-start=\"340\" data-end=\"660\">Batteriet er designet til at give stabil og langvarig drift under funktionstest af detektoren, hvilket g\u00f8r det til en essentiel komponent for teknikere og servicepersonale.<\/p>\n<h3 data-start=\"662\" data-end=\"697\">Kompatibilitet og brug<\/h3>\n<p data-start=\"698\" data-end=\"989\">Solo 770 er inkluderet som standard i s\u00e6t til Testifire 1000\/1001 og Testifire 2000\/2001 multikriterietesterne og i Solo 461 varmedetektortesteren.<\/p>\n<p data-start=\"698\" data-end=\"989\">Dette g\u00f8r batteristaven til en alsidig l\u00f8sning til forskellige typer detektortest, uanset om du tester r\u00f8g-, varme- eller multikriteriedetektorer.<\/p>\n<h3 data-start=\"991\" data-end=\"1023\">Opladning og alle fordelene<\/h3>\n<p data-start=\"1024\" data-end=\"1276\">Batteristangen kan kun oplades med hurtigopladeren <strong data-start=\"1074\" data-end=\"1086\">Solo 727<\/strong>, hvilket giver optimal opladningskontrol og sikkerhed.<\/p>\n<p data-start=\"1024\" data-end=\"1276\">Med den rigtige oplader f\u00e5r du hurtig genopretning af batterikapaciteten mellem arbejdshold, hvilket reducerer nedetid p\u00e5 arbejdspladsen.<\/p>\n<h3 data-start=\"1278\" data-end=\"1305\">Fordele ved Solo 770<\/h3>\n<ul data-start=\"1306\" data-end=\"1527\">\n<li data-start=\"1306\" data-end=\"1364\">\n<p data-start=\"1308\" data-end=\"1364\">Genopladeligt batteri til testere med lang driftstid<\/p>\n<\/li>\n<li data-start=\"1365\" data-end=\"1419\">\n<p data-start=\"1367\" data-end=\"1419\">Passer til Solo 461, Testifire 1001 og Testifire 2001<\/p>\n<\/li>\n<li data-start=\"1420\" data-end=\"1470\">\n<p data-start=\"1422\" data-end=\"1470\">Inkluderet i adskillige testkit fra Solo\/Testifire<\/p>\n<\/li>\n<li data-start=\"1471\" data-end=\"1527\">\n<p data-start=\"1473\" data-end=\"1527\">Oplad med Solo 727 hurtigoplader for den bedste ydeevne<\/p>\n<\/li>\n<\/ul>\n<p data-start=\"1529\" data-end=\"1556\"><strong>TEKNISKE SPECIFIKATIONER:<\/strong><\/p>\n<ul data-start=\"1557\" data-end=\"1820\">\n<li data-start=\"1557\" data-end=\"1598\">\n<p data-start=\"1559\" data-end=\"1598\">Produkt: Batteristang, genopladelig<\/p>\n<\/li>\n<li data-start=\"1599\" data-end=\"1619\">\n<p data-start=\"1601\" data-end=\"1619\">Model: Solo 770<\/p>\n<\/li>\n<li data-start=\"1620\" data-end=\"1680\">\n<p data-start=\"1622\" data-end=\"1680\">Kompatibel med: Solo 461, Testifire 1001, Testifire 2001<\/p>\n<\/li>\n<li data-start=\"1681\" data-end=\"1721\">\n<p data-start=\"1683\" data-end=\"1721\">Inkluderet i: Solo\/Testifire testkit<\/p>\n<\/li>\n<li data-start=\"1722\" data-end=\"1768\">\n<p data-start=\"1724\" data-end=\"1768\">Opladning: Kun med Solo 727 hurtigoplader<\/p>\n<\/li>\n<li data-start=\"1769\" data-end=\"1820\">\n<p data-start=\"1771\" data-end=\"1820\">Anvendelse: Str\u00f8mkilde til test af detektorer<\/p>\n<\/li>\n<\/ul>","protected":false},"excerpt":{"rendered":"<p>Solo 770 batteristangen er et genopladeligt batteri til Solo 461, Testifire 1001 og Testifire 2001.<\/p>\n<p>Den er inkluderet i multikriterie- og varmedetektorkittet og leverer p\u00e5lidelig str\u00f8m til testning p\u00e5 stedet.<\/p>\n<p>Kan kun oplades med Solo 727 hurtigoplader.<\/p>","protected":false},"featured_media":162260,"template":"","meta":{"_acf_changed":false},"product_brand":[],"product_cat":[2945,5088,5074,2946],"product_tag":[],"class_list":{"0":"post-162261","1":"product","2":"type-product","3":"status-publish","4":"has-post-thumbnail","6":"product_cat-solo","7":"product_cat-solo-solo","8":"product_cat-stromforsorjning-professionella-verktyg-for-prov-och-underhall","9":"product_cat-testifire","10":"tm-no-options","12":"first","13":"instock","14":"taxable","15":"shipping-taxable","16":"purchasable","17":"product-type-simple"},"acf":[],"_links":{"self":[{"href":"https:\/\/secureus.se\/dk\/wp-json\/wp\/v2\/product\/162261","targetHints":{"allow":["GET"]}}],"collection":[{"href":"https:\/\/secureus.se\/dk\/wp-json\/wp\/v2\/product"}],"about":[{"href":"https:\/\/secureus.se\/dk\/wp-json\/wp\/v2\/types\/product"}],"wp:featuredmedia":[{"embeddable":true,"href":"https:\/\/secureus.se\/dk\/wp-json\/wp\/v2\/media\/162260"}],"wp:attachment":[{"href":"https:\/\/secureus.se\/dk\/wp-json\/wp\/v2\/media?parent=162261"}],"wp:term":[{"taxonomy":"product_brand","embeddable":true,"href":"https:\/\/secureus.se\/dk\/wp-json\/wp\/v2\/product_brand?post=162261"},{"taxonomy":"product_cat","embeddable":true,"href":"https:\/\/secureus.se\/dk\/wp-json\/wp\/v2\/product_cat?post=162261"},{"taxonomy":"product_tag","embeddable":true,"href":"https:\/\/secureus.se\/dk\/wp-json\/wp\/v2\/product_tag?post=162261"}],"curies":[{"name":"wp","href":"https:\/\/api.w.org\/{rel}","templated":true}]}}