{"id":162263,"date":"2025-11-21T12:27:41","date_gmt":"2025-11-21T11:27:41","guid":{"rendered":"https:\/\/secureus.se\/membran-for-kopp-till-solo-365-spare-1059-001\/"},"modified":"2026-03-26T12:25:59","modified_gmt":"2026-03-26T11:25:59","slug":"membran-for-kopp-till-solo-365-spare-1059-001","status":"publish","type":"product","link":"https:\/\/secureus.se\/dk\/membran-for-kopp-till-solo-365-spare-1059-001\/","title":{"rendered":"Membran til kop til Solo 365 \u2013 Reserve 1059-001"},"content":{"rendered":"<h1>Membran til kop til Solo 365 \u2013 Reserve 1059-001<\/h1>\n<h3 data-start=\"262\" data-end=\"298\">Reservedel til Solo 365 tester<\/h3>\n<p data-start=\"299\" data-end=\"535\">Membran til kop (reservedel 1059-001) er en specifik reservedel til Solo 365 r\u00f8gdetektortesteren.<\/p>\n<p data-start=\"299\" data-end=\"535\">Membranen arbejder sammen med koppen og sikrer, at r\u00f8g genereres p\u00e5 en kontrolleret m\u00e5de og ledes korrekt mod detektoren under funktionstesten.<\/p>\n<h3 data-start=\"537\" data-end=\"566\">Forbedrer testresultaterne<\/h3>\n<p data-start=\"567\" data-end=\"840\">N\u00e5r membranen bliver slidt eller forurenet, kan det p\u00e5virke testens n\u00f8jagtighed.<\/p>\n<p data-start=\"567\" data-end=\"840\">Ved at skifte til en ny membran genoprettes testv\u00e6rkt\u00f8jets evne til at lave p\u00e5lidelige r\u00f8gdetektortests.<\/p>\n<p data-start=\"567\" data-end=\"840\">Det er en vigtig del af at opretholde n\u00f8jagtig og sikker testning.<\/p>\n<h3 data-start=\"842\" data-end=\"868\">Nem at installere<\/h3>\n<p data-start=\"869\" data-end=\"1049\">Denne membran er nem at montere p\u00e5 Solo 365-testeren og kr\u00e6ver ingen specialv\u00e6rkt\u00f8jer.<\/p>\n<p data-start=\"869\" data-end=\"1049\">Dette g\u00f8r det nemt at vedligeholde v\u00e6rkt\u00f8jet og holde det i god stand til l\u00f8bende test.<\/p>\n<h3 data-start=\"1051\" data-end=\"1084\">Fordele ved reservedele 1059-001<\/h3>\n<ul data-start=\"1085\" data-end=\"1253\">\n<li data-start=\"1085\" data-end=\"1129\">\n<p data-start=\"1087\" data-end=\"1129\">Reservedel specifikt til Solo 365 testere<\/p>\n<\/li>\n<li data-start=\"1130\" data-end=\"1182\">\n<p data-start=\"1132\" data-end=\"1182\">Sikrer korrekt t\u00e6tning og r\u00f8gfordeling<\/p>\n<\/li>\n<li data-start=\"1183\" data-end=\"1211\">\n<p data-start=\"1185\" data-end=\"1211\">Nem at udskifte om n\u00f8dvendigt<\/p>\n<\/li>\n<li data-start=\"1212\" data-end=\"1253\">\n<p data-start=\"1214\" data-end=\"1253\">Forbedrer pr\u00e6cisionen af den funktionelle test<\/p>\n<\/li>\n<\/ul>\n<p data-start=\"1255\" data-end=\"1282\">TEKNISKE SPECIFIKATIONER:<\/p>\n<ul data-start=\"1283\" data-end=\"1435\">\n<li data-start=\"1283\" data-end=\"1312\">\n<p data-start=\"1285\" data-end=\"1312\">Produkt: Membran til kop<\/p>\n<\/li>\n<li data-start=\"1313\" data-end=\"1339\">\n<p data-start=\"1315\" data-end=\"1339\">Model: Reservedel 1059-001<\/p>\n<\/li>\n<li data-start=\"1340\" data-end=\"1380\">\n<p data-start=\"1342\" data-end=\"1380\">Til brug med: Solo 365 tester<\/p>\n<\/li>\n<li data-start=\"1381\" data-end=\"1435\">\n<p data-start=\"1383\" data-end=\"1435\">Funktion: Sikre korrekt forsegling under testning<\/p>\n<\/li>\n<\/ul>","protected":false},"excerpt":{"rendered":"<p>Membran til kop til Solo 365 (reservedel 1059-001) er en reservedel til Solo 365 r\u00f8gdetektortesteren, der sikrer korrekt t\u00e6tning under funktionstest.<\/p>\n<p>Den er nem at udskifte og forbedrer r\u00f8gdetektorernes testn\u00f8jagtighed.<\/p>","protected":false},"featured_media":162262,"template":"","meta":{"_acf_changed":false},"product_brand":[],"product_cat":[5072,5089],"product_tag":[],"class_list":{"0":"post-162263","1":"product","2":"type-product","3":"status-publish","4":"has-post-thumbnail","6":"product_cat-solo-365","7":"product_cat-solo-365-solo-365","8":"tm-no-options","10":"first","11":"instock","12":"taxable","13":"shipping-taxable","14":"purchasable","15":"product-type-simple"},"acf":[],"_links":{"self":[{"href":"https:\/\/secureus.se\/dk\/wp-json\/wp\/v2\/product\/162263","targetHints":{"allow":["GET"]}}],"collection":[{"href":"https:\/\/secureus.se\/dk\/wp-json\/wp\/v2\/product"}],"about":[{"href":"https:\/\/secureus.se\/dk\/wp-json\/wp\/v2\/types\/product"}],"wp:featuredmedia":[{"embeddable":true,"href":"https:\/\/secureus.se\/dk\/wp-json\/wp\/v2\/media\/162262"}],"wp:attachment":[{"href":"https:\/\/secureus.se\/dk\/wp-json\/wp\/v2\/media?parent=162263"}],"wp:term":[{"taxonomy":"product_brand","embeddable":true,"href":"https:\/\/secureus.se\/dk\/wp-json\/wp\/v2\/product_brand?post=162263"},{"taxonomy":"product_cat","embeddable":true,"href":"https:\/\/secureus.se\/dk\/wp-json\/wp\/v2\/product_cat?post=162263"},{"taxonomy":"product_tag","embeddable":true,"href":"https:\/\/secureus.se\/dk\/wp-json\/wp\/v2\/product_tag?post=162263"}],"curies":[{"name":"wp","href":"https:\/\/api.w.org\/{rel}","templated":true}]}}