{"id":162269,"date":"2025-11-21T12:16:48","date_gmt":"2025-11-21T11:16:48","guid":{"rendered":"https:\/\/secureus.se\/snabbladdare-solo-727-for-batteri-solo-770\/"},"modified":"2026-04-08T16:01:46","modified_gmt":"2026-04-08T14:01:46","slug":"snabbladdare-solo-727-for-batteri-solo-770","status":"publish","type":"product","link":"https:\/\/secureus.se\/dk\/snabbladdare-solo-727-for-batteri-solo-770\/","title":{"rendered":"Solo 727 hurtigoplader til Solo 770 batteri"},"content":{"rendered":"<h1>Solo 727 hurtigoplader til Solo 770 batteri<\/h1>\n<h3 data-start=\"360\" data-end=\"403\">Hurtigoplader til Solo 770 batteristang<\/h3>\n<p data-start=\"404\" data-end=\"802\">Solo 727 er en hurtigoplader, der er specielt udviklet til Solo 770 genopladelige batteristave.<\/p>\n<p data-start=\"404\" data-end=\"802\">Disse batterier bruges i b\u00e6rbare detektortestere s\u00e5som Solo 461 (varmedetektortester) og i multikriterietestere. <strong data-start=\"610\" data-end=\"633\">Testifire 1000\/1001<\/strong> og <strong data-start=\"638\" data-end=\"661\">Testild 2000\/2001<\/strong>, hvilket g\u00f8r Solo 727 til et vigtigt tilbeh\u00f8r til at holde dit testudstyr klar til brug.<\/p>\n<h3 data-start=\"804\" data-end=\"837\">Hurtig og fleksibel opladning<\/h3>\n<p data-start=\"838\" data-end=\"1183\">Opladeren kan tilsluttes direkte til en standard 230 V stikkontakt eller til en 12 V stikkontakt i bilen, hvilket giver fleksibilitet p\u00e5 arbejdspladsen.<\/p>\n<p data-start=\"838\" data-end=\"1183\">Den er designet til at give en hurtig og sikker opladning af Solo 770, og den r\u00f8de markering p\u00e5 kablet g\u00f8r det nemt at identificere den korrekte forbindelse til batteriet.<\/p>\n<h3 data-start=\"1185\" data-end=\"1237\">Nem at bruge og p\u00e5lidelig str\u00f8mforsyning<\/h3>\n<p data-start=\"1238\" data-end=\"1525\">Med Solo 727 f\u00e5r du en stabil opladningsl\u00f8sning, der minimerer nedetid og sikrer, at dine batterier er klar, n\u00e5r du har brug for dem.<\/p>\n<p data-start=\"1238\" data-end=\"1525\">Dette g\u00f8r det nemt at teste r\u00f8g-, varme- og CO-detektorer under installation, service eller vedligeholdelse.<\/p>\n<p data-start=\"1527\" data-end=\"1554\">TEKNISKE SPECIFIKATIONER:<\/p>\n<ul data-start=\"1555\" data-end=\"1946\">\n<li data-start=\"1555\" data-end=\"1596\">\n<p data-start=\"1557\" data-end=\"1596\">Produkt: Batterioplader\/hurtigoplader<\/p>\n<\/li>\n<li data-start=\"1597\" data-end=\"1621\">\n<p data-start=\"1599\" data-end=\"1621\">Model: Solo 727\u2011001<\/p>\n<\/li>\n<li data-start=\"1622\" data-end=\"1686\">\n<p data-start=\"1624\" data-end=\"1686\">Pakken indeholder: Solo 727 hurtigoplader til Solo 770<\/p>\n<\/li>\n<li data-start=\"1687\" data-end=\"1727\">\n<p data-start=\"1689\" data-end=\"1727\">Kompatibilitet: Solo 770 batteristik<\/p>\n<\/li>\n<li data-start=\"1728\" data-end=\"1792\">\n<p data-start=\"1730\" data-end=\"1792\">Str\u00f8mforsyning: 230 V v\u00e6gtilslutning og 12 V stikkontakt i k\u00f8ret\u00f8j<\/p>\n<\/li>\n<li data-start=\"1793\" data-end=\"1859\">\n<p data-start=\"1795\" data-end=\"1859\">Funktion: Opladning af Solo 770-batteri til testudstyr<\/p>\n<\/li>\n<li data-start=\"1860\" data-end=\"1946\">\n<p data-start=\"1862\" data-end=\"1946\">Anvendelse: Oplader kun Solo 770-batteriskaftet<\/p>\n<\/li>\n<\/ul>","protected":false},"excerpt":{"rendered":"<p data-start=\"0\" data-end=\"338\">Solo 727 Rapid Charger er en batterioplader designet til Solo 770 batteristangen, der bruges i testudstyr som Solo 461 og Testifire-serien.<\/p>\n<p data-start=\"0\" data-end=\"338\">Den oplader batteriet hurtigt fra 230 V eller 12 V.<\/p>\n<p data-start=\"0\" data-end=\"338\">Velegnet til teknikere og servicepersonale, der har brug for hurtig og p\u00e5lidelig str\u00f8mforsyning.<\/p>\n<p data-start=\"340\" data-end=\"359\">","protected":false},"featured_media":162268,"template":"","meta":{"_acf_changed":false},"product_brand":[],"product_cat":[2945,5088,5074,2946],"product_tag":[],"class_list":{"0":"post-162269","1":"product","2":"type-product","3":"status-publish","4":"has-post-thumbnail","6":"product_cat-solo","7":"product_cat-solo-solo","8":"product_cat-stromforsorjning-professionella-verktyg-for-prov-och-underhall","9":"product_cat-testifire","10":"tm-no-options","12":"first","13":"instock","14":"taxable","15":"shipping-taxable","16":"purchasable","17":"product-type-simple"},"acf":[],"_links":{"self":[{"href":"https:\/\/secureus.se\/dk\/wp-json\/wp\/v2\/product\/162269","targetHints":{"allow":["GET"]}}],"collection":[{"href":"https:\/\/secureus.se\/dk\/wp-json\/wp\/v2\/product"}],"about":[{"href":"https:\/\/secureus.se\/dk\/wp-json\/wp\/v2\/types\/product"}],"wp:featuredmedia":[{"embeddable":true,"href":"https:\/\/secureus.se\/dk\/wp-json\/wp\/v2\/media\/162268"}],"wp:attachment":[{"href":"https:\/\/secureus.se\/dk\/wp-json\/wp\/v2\/media?parent=162269"}],"wp:term":[{"taxonomy":"product_brand","embeddable":true,"href":"https:\/\/secureus.se\/dk\/wp-json\/wp\/v2\/product_brand?post=162269"},{"taxonomy":"product_cat","embeddable":true,"href":"https:\/\/secureus.se\/dk\/wp-json\/wp\/v2\/product_cat?post=162269"},{"taxonomy":"product_tag","embeddable":true,"href":"https:\/\/secureus.se\/dk\/wp-json\/wp\/v2\/product_tag?post=162269"}],"curies":[{"name":"wp","href":"https:\/\/api.w.org\/{rel}","templated":true}]}}