{"id":162273,"date":"2025-11-21T12:10:21","date_gmt":"2025-11-21T11:10:21","guid":{"rendered":"https:\/\/secureus.se\/teleskopstang-45-m-solo-100-for-solo-och-testifire-produkterna\/"},"modified":"2026-04-08T16:00:23","modified_gmt":"2026-04-08T14:00:23","slug":"teleskopstang-45-m-solo-100-for-solo-och-testifire-produkterna","status":"publish","type":"product","link":"https:\/\/secureus.se\/dk\/teleskopstang-45-m-solo-100-for-solo-och-testifire-produkterna\/","title":{"rendered":"Teleskopstang 4,5 m Solo 100 til Solo- og Testifire-produkter"},"content":{"rendered":"<h1>Teleskopstang 4,5 m Solo 100 til Solo- og Testifire-produkter<\/h1>\n<h3 data-start=\"357\" data-end=\"406\">Fleksibel teleskopstang til test i h\u00f8jden<\/h3>\n<p data-start=\"407\" data-end=\"656\">Teleskopstangen Solo 100 er en professionel og brugervenlig adgangsstang i glasfiber til funktionstest og service af detektorer i brandalarmsystemer.<\/p>\n<p data-start=\"407\" data-end=\"656\">Det giver dig stabil r\u00e6kkevidde uden stige og g\u00f8r det nemt at udf\u00f8re test p\u00e5 loftmonterede detektorer.<\/p>\n<h3 data-start=\"658\" data-end=\"689\">Design og brug<\/h3>\n<p data-start=\"690\" data-end=\"1085\">Solo 100 best\u00e5r af fire teleskopsektioner, der kan forl\u00e6nges til 4,5 m, hvilket giver en r\u00e6kkevidde, der typisk n\u00e5r detektorer monteret op til cirka 6 m over gulvet.<\/p>\n<p data-start=\"690\" data-end=\"1085\">Fastg\u00f8r dit Solo- eller Testifire-v\u00e6rkt\u00f8j til toppen af stangen for at udf\u00f8re r\u00f8g-, varme- eller CO-detektortests uden at skulle klatre op ad stiger.<\/p>\n<h3 data-start=\"1087\" data-end=\"1121\">Kombin\u00e9r for endnu h\u00f8jere lofter<\/h3>\n<p data-start=\"1122\" data-end=\"1402\">Hvis du har brug for at n\u00e5 h\u00f8jere, kan Solo 100 kombineres med op til tre Solo 101 forl\u00e6ngerst\u00e6nger for at n\u00e5 en samlet testh\u00f8jde p\u00e5 op til cirka 9,3 m.<\/p>\n<p data-start=\"1122\" data-end=\"1402\">Dette g\u00f8r den ideel til store lokaler, kontorer og andre bygninger med h\u00f8jt til loftet.<\/p>\n<h3 data-start=\"1404\" data-end=\"1431\">Fordele ved Solo 100<\/h3>\n<ul data-start=\"1432\" data-end=\"1718\">\n<li data-start=\"1432\" data-end=\"1487\">\n<p data-start=\"1434\" data-end=\"1487\">Teleskopstang med fire sektioner for fleksibel l\u00e6ngde<\/p>\n<\/li>\n<li data-start=\"1488\" data-end=\"1529\">\n<p data-start=\"1490\" data-end=\"1529\">R\u00e6kkevidde op til ca. 6 m alene<\/p>\n<\/li>\n<li data-start=\"1530\" data-end=\"1597\">\n<p data-start=\"1532\" data-end=\"1597\">Kan forl\u00e6nges til ca. 9,3 m med Solo 101 forl\u00e6ngerst\u00e6nger<\/p>\n<\/li>\n<li data-start=\"1598\" data-end=\"1662\">\n<p data-start=\"1600\" data-end=\"1662\">Let og ikke-ledende glasfiberdesign for sikker brug<\/p>\n<\/li>\n<li data-start=\"1663\" data-end=\"1718\">\n<p data-start=\"1665\" data-end=\"1718\">Kompatibel med Solo- og Testifire-testv\u00e6rkt\u00f8jer<\/p>\n<\/li>\n<\/ul>\n<p data-start=\"1720\" data-end=\"1747\">TEKNISKE SPECIFIKATIONER:<\/p>\n<ul data-start=\"1748\" data-end=\"2212\">\n<li data-start=\"1748\" data-end=\"1774\">\n<p data-start=\"1750\" data-end=\"1774\">Produkt: Teleskopstang<\/p>\n<\/li>\n<li data-start=\"1775\" data-end=\"1795\">\n<p data-start=\"1777\" data-end=\"1795\">Model: Solo 100<\/p>\n<\/li>\n<li data-start=\"1796\" data-end=\"1820\">\n<p data-start=\"1798\" data-end=\"1820\">Sektioner: 4 stykker<\/p>\n<\/li>\n<li data-start=\"1821\" data-end=\"1846\">\n<p data-start=\"1823\" data-end=\"1846\">Udtrukket l\u00e6ngde: 4,5 m<\/p>\n<\/li>\n<li data-start=\"1847\" data-end=\"1939\">\n<p data-start=\"1849\" data-end=\"1939\">R\u00e6kkevidde: Op til ca. 6 m loftsh\u00f8jde uden udtr\u00e6k<\/p>\n<\/li>\n<li data-start=\"1940\" data-end=\"2033\">\n<p data-start=\"1942\" data-end=\"2033\">Kompatibel med: Solo og Testifire testv\u00e6rkt\u00f8jer<\/p>\n<\/li>\n<li data-start=\"2034\" data-end=\"2134\">\n<p data-start=\"2036\" data-end=\"2134\">Kan udvides med: Op til 3\u00d7 Solo 101 for totalh\u00f8jde ~9,3 m<\/p>\n<\/li>\n<li data-start=\"2135\" data-end=\"2212\">\n<p data-start=\"2137\" data-end=\"2212\">Materiale: Glasfiber, ikke-ledende<\/p>\n<\/li>\n<\/ul>","protected":false},"excerpt":{"rendered":"<p>Solo 100 teleskopstangen er en robust 4,5 m stang med fire sektioner, der giver adgang til detektorer op til cirka 6 m loftsh\u00f8jde.<\/p>\n<p>Den er kompatibel med Solo- og Testifire-testv\u00e6rkt\u00f8jer og kan udvides med forl\u00e6ngerst\u00e6nger for st\u00f8rre h\u00f8jde.<\/p>\n<p>Velegnet til installat\u00f8rer og servicepersonale.<\/p>","protected":false},"featured_media":162272,"template":"","meta":{"_acf_changed":false},"product_brand":[],"product_cat":[2945,5070,5088,5072,5089,2946],"product_tag":[],"class_list":{"0":"post-162273","1":"product","2":"type-product","3":"status-publish","4":"has-post-thumbnail","6":"product_cat-solo","7":"product_cat-provstanger","8":"product_cat-solo-solo","9":"product_cat-solo-365","10":"product_cat-solo-365-solo-365","11":"product_cat-testifire","12":"tm-no-options","14":"first","15":"instock","16":"taxable","17":"shipping-taxable","18":"purchasable","19":"product-type-simple"},"acf":[],"_links":{"self":[{"href":"https:\/\/secureus.se\/dk\/wp-json\/wp\/v2\/product\/162273","targetHints":{"allow":["GET"]}}],"collection":[{"href":"https:\/\/secureus.se\/dk\/wp-json\/wp\/v2\/product"}],"about":[{"href":"https:\/\/secureus.se\/dk\/wp-json\/wp\/v2\/types\/product"}],"wp:featuredmedia":[{"embeddable":true,"href":"https:\/\/secureus.se\/dk\/wp-json\/wp\/v2\/media\/162272"}],"wp:attachment":[{"href":"https:\/\/secureus.se\/dk\/wp-json\/wp\/v2\/media?parent=162273"}],"wp:term":[{"taxonomy":"product_brand","embeddable":true,"href":"https:\/\/secureus.se\/dk\/wp-json\/wp\/v2\/product_brand?post=162273"},{"taxonomy":"product_cat","embeddable":true,"href":"https:\/\/secureus.se\/dk\/wp-json\/wp\/v2\/product_cat?post=162273"},{"taxonomy":"product_tag","embeddable":true,"href":"https:\/\/secureus.se\/dk\/wp-json\/wp\/v2\/product_tag?post=162273"}],"curies":[{"name":"wp","href":"https:\/\/api.w.org\/{rel}","templated":true}]}}