{"id":162277,"date":"2025-11-21T12:10:19","date_gmt":"2025-11-21T11:10:19","guid":{"rendered":"https:\/\/secureus.se\/provstangsforlangare-113-m-solo-101-for-solo-och-testifire-produkterna\/"},"modified":"2026-04-08T16:02:05","modified_gmt":"2026-04-08T14:02:05","slug":"provstangsforlangare-113-m-solo-101-for-solo-och-testifire-produkterna","status":"publish","type":"product","link":"https:\/\/secureus.se\/dk\/provstangsforlangare-113-m-solo-101-for-solo-och-testifire-produkterna\/","title":{"rendered":"Teststangforl\u00e6nger 1,13 m \u2013 Solo 101 til Solo- og Testifire-produkter"},"content":{"rendered":"<h1>Teststangforl\u00e6nger 1,13 m \u2013 Solo 101 til Solo- og Testifire-produkter<\/h1>\n<h3 data-start=\"262\" data-end=\"312\">Forl\u00e6ng din teleskopstang for st\u00f8rre r\u00e6kkevidde<\/h3>\n<p data-start=\"313\" data-end=\"507\">Solo 101 teststangsforl\u00e6ngeren er designet til at give ekstra r\u00e6kkevidde ved test af r\u00f8g-, varme- og CO-detektorer.<\/p>\n<p data-start=\"313\" data-end=\"507\">Den passer prim\u00e6rt til Solo 110, men kan ogs\u00e5 bruges med Solo 108 og Solo 100.<\/p>\n<h3 data-start=\"509\" data-end=\"534\">Fleksibel brug<\/h3>\n<p data-start=\"535\" data-end=\"782\">Hver forl\u00e6nger er 0,5 m lang og kan forbindes med op til tre stykker, hvilket giver en samlet ekstra h\u00f8jde p\u00e5 1,5 m.<\/p>\n<p data-start=\"535\" data-end=\"782\">Dette g\u00f8r det nemt at n\u00e5 h\u00f8jt monterede detektorer uden stige og \u00f8ger effektiviteten under service og installation.<\/p>\n<h3 data-start=\"784\" data-end=\"811\">Fordele ved Solo 101<\/h3>\n<ul data-start=\"812\" data-end=\"1030\">\n<li data-start=\"812\" data-end=\"861\">\n<p data-start=\"814\" data-end=\"861\">Forl\u00e6nger teleskopst\u00e6nger med 0,5 m pr. enhed<\/p>\n<\/li>\n<li data-start=\"862\" data-end=\"912\">\n<p data-start=\"864\" data-end=\"912\">Kompatibel med Solo 110, Solo 108 og Solo 100<\/p>\n<\/li>\n<li data-start=\"913\" data-end=\"981\">\n<p data-start=\"915\" data-end=\"981\">Kan forbindes op til 3 stk. for i alt 1,5 m ekstra r\u00e6kkevidde<\/p>\n<\/li>\n<li data-start=\"982\" data-end=\"1030\">\n<p data-start=\"984\" data-end=\"1030\">Nem og praktisk at bruge p\u00e5 arbejdspladsen<\/p>\n<\/li>\n<\/ul>\n<p data-start=\"1032\" data-end=\"1059\">TEKNISKE SPECIFIKATIONER:<\/p>\n<ul data-start=\"1060\" data-end=\"1309\">\n<li data-start=\"1060\" data-end=\"1093\">\n<p data-start=\"1062\" data-end=\"1093\">Produkt: Teststangforl\u00e6nger<\/p>\n<\/li>\n<li data-start=\"1094\" data-end=\"1114\">\n<p data-start=\"1096\" data-end=\"1114\">Model: Solo 101<\/p>\n<\/li>\n<li data-start=\"1115\" data-end=\"1141\">\n<p data-start=\"1117\" data-end=\"1141\">L\u00e6ngde pr. enhed: 0,5 m<\/p>\n<\/li>\n<li data-start=\"1142\" data-end=\"1190\">\n<p data-start=\"1144\" data-end=\"1190\">Kompatibel med: Solo 110, Solo 108, Solo 100<\/p>\n<\/li>\n<li data-start=\"1191\" data-end=\"1240\">\n<p data-start=\"1193\" data-end=\"1240\">Maks. antal tilsluttede: 3 stk. (i alt 1,5 m)<\/p>\n<\/li>\n<li data-start=\"1241\" data-end=\"1309\">\n<p data-start=\"1243\" data-end=\"1309\">Anvendelse: Forl\u00e6nger teleskopst\u00e6nger ved test af detektorer<\/p>\n<\/li>\n<\/ul>","protected":false},"excerpt":{"rendered":"<p>Solo 101 forl\u00e6ngeren til pr\u00f8vefiskeri er en 0,5 m forl\u00e6nger til teleskopiske fiskest\u00e6nger som Solo 110, Solo 108 og Solo 100.<\/p>\n<p>Den g\u00f8r det muligt at n\u00e5 h\u00f8jere til loftet ved test af detektorer, og kan tilsluttes op til tre.<\/p>","protected":false},"featured_media":162276,"template":"","meta":{"_acf_changed":false},"product_brand":[],"product_cat":[2945,5070,5088,5089,5072,2946],"product_tag":[],"class_list":{"0":"post-162277","1":"product","2":"type-product","3":"status-publish","4":"has-post-thumbnail","6":"product_cat-solo","7":"product_cat-provstanger","8":"product_cat-solo-solo","9":"product_cat-solo-365-solo-365","10":"product_cat-solo-365","11":"product_cat-testifire","12":"tm-no-options","14":"first","15":"instock","16":"taxable","17":"shipping-taxable","18":"purchasable","19":"product-type-simple"},"acf":[],"_links":{"self":[{"href":"https:\/\/secureus.se\/dk\/wp-json\/wp\/v2\/product\/162277","targetHints":{"allow":["GET"]}}],"collection":[{"href":"https:\/\/secureus.se\/dk\/wp-json\/wp\/v2\/product"}],"about":[{"href":"https:\/\/secureus.se\/dk\/wp-json\/wp\/v2\/types\/product"}],"wp:featuredmedia":[{"embeddable":true,"href":"https:\/\/secureus.se\/dk\/wp-json\/wp\/v2\/media\/162276"}],"wp:attachment":[{"href":"https:\/\/secureus.se\/dk\/wp-json\/wp\/v2\/media?parent=162277"}],"wp:term":[{"taxonomy":"product_brand","embeddable":true,"href":"https:\/\/secureus.se\/dk\/wp-json\/wp\/v2\/product_brand?post=162277"},{"taxonomy":"product_cat","embeddable":true,"href":"https:\/\/secureus.se\/dk\/wp-json\/wp\/v2\/product_cat?post=162277"},{"taxonomy":"product_tag","embeddable":true,"href":"https:\/\/secureus.se\/dk\/wp-json\/wp\/v2\/product_tag?post=162277"}],"curies":[{"name":"wp","href":"https:\/\/api.w.org\/{rel}","templated":true}]}}