{"id":162487,"date":"2026-02-19T16:01:28","date_gmt":"2026-02-19T15:01:28","guid":{"rendered":"https:\/\/secureus.se\/ajax-curtain-outdoor-jeweller-vit\/"},"modified":"2026-03-09T20:38:10","modified_gmt":"2026-03-09T19:38:10","slug":"ajax-curtain-outdoor-jeweller-vit","status":"publish","type":"product","link":"https:\/\/secureus.se\/dk\/ajax-curtain-outdoor-jeweller-vit\/","title":{"rendered":"Ajax Gardin Udend\u00f8rs Hvid"},"content":{"rendered":"<h1>Ajax Gardin Udend\u00f8rs Juveler Hvid<\/h1>\n<p data-start=\"256\" data-end=\"584\">Ajax Curtain Outdoor Jeweller er en professionel tr\u00e5dl\u00f8s gardinbev\u00e6gelsesdetektor udviklet til pr\u00e6cis perimeteroverv\u00e5gning b\u00e5de udend\u00f8rs og indend\u00f8rs.<\/p>\n<p data-start=\"256\" data-end=\"584\">Den er designet til at beskytte de mest s\u00e5rbare omr\u00e5der af ejendommen \u2013 vinduer, d\u00f8re, porte, hegn, passager og andre \u00e5bninger \u2013 hvor tidlig opdagelse af indbrud er afg\u00f8rende.<\/p>\n<p data-start=\"586\" data-end=\"964\">I mods\u00e6tning til traditionelle bev\u00e6gelsesdetektorer arbejder Curtain Outdoor Jeweller med en smal og retningsbestemt detektionszone, hvilket g\u00f8r det muligt at skabe effektiv beskyttelse langs bygningsgr\u00e6nsen uden at begr\u00e6nse bev\u00e6gelsen inden for omr\u00e5det.<\/p>\n<p data-start=\"586\" data-end=\"964\">Dette g\u00f8r den ideel til boliger, erhvervsejendomme, lagerbygninger, kontorer og andre sikkerhedskritiske milj\u00f8er, hvor perimeteralarmer er p\u00e5kr\u00e6vet.<\/p>\n<h3 data-section-id=\"wllvvg\" data-start=\"971\" data-end=\"1015\">Pr\u00e6cis gardindetektion til perimeteralarm<\/h3>\n<p data-start=\"1016\" data-end=\"1323\">Curtain Outdoor Jeweller bruger en smal detektionsvinkel p\u00e5 kun omkring 8\u00b0, hvilket skaber en pr\u00e6cis og kontrolleret overv\u00e5gningszone langs v\u00e6gge, vinduer eller passager.<\/p>\n<p data-start=\"1016\" data-end=\"1323\">Dette g\u00f8r det muligt at opdage indbrud, selv f\u00f8r nogen g\u00e5r ind i bygningen, hvilket giver effektiv beskyttelse af ejendommen.<\/p>\n<p data-start=\"1325\" data-end=\"1567\">Bev\u00e6gelse kan detekteres op til 12 meter v\u00e6k afh\u00e6ngigt af installationsh\u00f8jde og indstillinger.<\/p>\n<p data-start=\"1325\" data-end=\"1567\">Sensoren kan justeres til forskellige omr\u00e5der og milj\u00f8er, hvilket giver stor fleksibilitet under installationen.<\/p>\n<p data-start=\"1569\" data-end=\"1602\">Dette g\u00f8r den s\u00e6rligt velegnet til:<\/p>\n<ul data-start=\"1604\" data-end=\"1752\">\n<li data-section-id=\"1xft39\" data-start=\"1604\" data-end=\"1631\">\n<p data-start=\"1606\" data-end=\"1631\">Facader og yderv\u00e6gge<\/p>\n<\/li>\n<li data-section-id=\"1cgn0ty\" data-start=\"1632\" data-end=\"1657\">\n<p data-start=\"1634\" data-end=\"1657\">Indgange og bagd\u00f8re<\/p>\n<\/li>\n<li data-section-id=\"1o408z9\" data-start=\"1658\" data-end=\"1674\">\n<p data-start=\"1660\" data-end=\"1674\">Garageporte<\/p>\n<\/li>\n<li data-section-id=\"1g65czz\" data-start=\"1675\" data-end=\"1693\">\n<p data-start=\"1677\" data-end=\"1693\">Vinduessektioner<\/p>\n<\/li>\n<li data-section-id=\"9ybatx\" data-start=\"1694\" data-end=\"1716\">\n<p data-start=\"1696\" data-end=\"1716\">Porte og hegn<\/p>\n<\/li>\n<li data-section-id=\"w2qid0\" data-start=\"1717\" data-end=\"1752\">\n<p data-start=\"1719\" data-end=\"1752\">Gangstier og smalle rum<\/p>\n<\/li>\n<\/ul>\n<h3 data-start=\"1719\" data-end=\"1752\">Dobbelt teknologi for maksimal p\u00e5lidelighed<\/h3>\n<p data-start=\"1803\" data-end=\"2042\">For at sikre den h\u00f8jest mulige driftssikkerhed bruger Ajax Curtain Outdoor Jeweller avanceret dobbelt bev\u00e6gelsesdetektion.<\/p>\n<p data-start=\"1803\" data-end=\"2042\">Enheden kombinerer to PIR-sensorer med en K-b\u00e5nds mikrob\u00f8lgesensor, der arbejder sammen om at analysere bev\u00e6gelse.<\/p>\n<p data-start=\"2044\" data-end=\"2225\">N\u00e5r PIR-sensorerne registrerer temperatur\u00e6ndringer, analyseres signalet yderligere af mikrob\u00f8lgesensoren.<\/p>\n<p data-start=\"2044\" data-end=\"2225\">Dette g\u00f8r det muligt for systemet at skelne mellem reelle indtr\u00e6ngen og milj\u00f8p\u00e5virkninger s\u00e5som:<\/p>\n<ul data-start=\"2227\" data-end=\"2364\">\n<li data-section-id=\"1g0hmau\" data-start=\"2227\" data-end=\"2243\">\n<p data-start=\"2229\" data-end=\"2243\">Vindbev\u00e6gelser<\/p>\n<\/li>\n<li data-section-id=\"7d6fv2\" data-start=\"2244\" data-end=\"2284\">\n<p data-start=\"2246\" data-end=\"2284\">Luftstr\u00f8mme fra ventilation eller klimaanl\u00e6g<\/p>\n<\/li>\n<li data-section-id=\"1gm22ep\" data-start=\"2285\" data-end=\"2318\">\n<p data-start=\"2287\" data-end=\"2318\">Hurtige temperatur\u00e6ndringer<\/p>\n<\/li>\n<li data-section-id=\"nr5uo0\" data-start=\"2319\" data-end=\"2342\">\n<p data-start=\"2321\" data-end=\"2342\">Sollysrefleksioner<\/p>\n<\/li>\n<li data-section-id=\"uf3obh\" data-start=\"2343\" data-end=\"2364\">\n<p data-start=\"2345\" data-end=\"2364\">Bev\u00e6gelige plantedele<\/p>\n<\/li>\n<\/ul>\n<p data-start=\"2366\" data-end=\"2634\">Den indbyggede SmartDetect-algoritme analyserer ogs\u00e5 varmesignatur, objektst\u00f8rrelse og bev\u00e6gelsesm\u00f8nstre, f\u00f8r den aktiverer en alarm.<\/p>\n<p data-start=\"2366\" data-end=\"2634\">Resultatet er meget h\u00f8j n\u00f8jagtighed og minimale falske alarmer, selv i udfordrende udend\u00f8rsmilj\u00f8er.<\/p>\n<h3 data-section-id=\"sjcg9y\" data-start=\"2641\" data-end=\"2679\">Intelligent filtrering af falske alarmer<\/h3>\n<p data-start=\"2680\" data-end=\"2938\">Curtain Outdoor Jeweller bruger korrelationsanalyse mellem sensorer til at bekr\u00e6fte bev\u00e6gelse, f\u00f8r der sendes en alarm.<\/p>\n<p data-start=\"2680\" data-end=\"2938\">Systemet aktiverer kun mikrob\u00f8lgesensoren, n\u00e5r PIR-sensorerne registrerer matchende signaler, hvilket yderligere forbedrer n\u00f8jagtigheden.<\/p>\n<p data-start=\"2940\" data-end=\"3149\">Derudover er der temperaturkompensation, der sikrer korrekt funktion, selv n\u00e5r omgivelsestemperaturen er t\u00e6t p\u00e5 kropstemperatur, for eksempel p\u00e5 varme sommerdage.<\/p>\n<h3 data-section-id=\"cv1b6d\" data-start=\"3156\" data-end=\"3193\">Dyreimmunitet for en sikker hverdag<\/h3>\n<p data-start=\"3194\" data-end=\"3410\">N\u00e5r detektoren er installeret og konfigureret korrekt, reagerer den ikke p\u00e5 k\u00e6ledyr op til en h\u00f8jde p\u00e5 cirka 1 meter.<\/p>\n<p data-start=\"3194\" data-end=\"3410\">Dette g\u00f8r den ideel til boliger og ejendomme, hvor dyr bev\u00e6ger sig frit i n\u00e6rheden af beskyttede omr\u00e5der.<\/p>\n<p data-start=\"3412\" data-end=\"3615\">Ved at justere installationsh\u00f8jden og detektionspositionen kan sensoren optimeres til at ignorere mindre dyr, samtidig med at den opretholder en h\u00f8j f\u00f8lsomhed over for mennesker.<\/p>","protected":false},"excerpt":{"rendered":"<p>Ajax Curtain Outdoor Jeweller er en avanceret tr\u00e5dl\u00f8s gardinbev\u00e6gelsesdetektor til b\u00e5de udend\u00f8rs og indend\u00f8rs brug.<\/p>\n<p>Den er udviklet til at beskytte vinduer, d\u00f8re, porte og andre passager med pr\u00e6cis perimeteroverv\u00e5gning.<\/p>\n<p>Med dobbelt detektionsteknologi, op til 12 meters r\u00e6kkevidde og intelligent filtrering af falske alarmer, giver den p\u00e5lidelig sikkerhed i alle milj\u00f8er.<\/p>\n<p>Enheden er vejrbestandig, har immunitet over for k\u00e6ledyr og har op til 3 \u00e5rs batterilevetid, hvilket g\u00f8r den ideel til professionelle alarminstallationer.<\/p>","protected":false},"featured_media":162485,"template":"","meta":{"_acf_changed":false},"product_brand":[],"product_cat":[3156,3157],"product_tag":[],"class_list":{"0":"post-162487","1":"product","2":"type-product","3":"status-publish","4":"has-post-thumbnail","6":"product_cat-rorelse-och-kamera","7":"product_cat-utomhussakerhet","8":"pa_brands-ajax-systems","9":"pa_farg-vit","10":"tm-no-options","12":"first","13":"instock","14":"taxable","15":"shipping-taxable","16":"purchasable","17":"product-type-simple"},"acf":[],"_links":{"self":[{"href":"https:\/\/secureus.se\/dk\/wp-json\/wp\/v2\/product\/162487","targetHints":{"allow":["GET"]}}],"collection":[{"href":"https:\/\/secureus.se\/dk\/wp-json\/wp\/v2\/product"}],"about":[{"href":"https:\/\/secureus.se\/dk\/wp-json\/wp\/v2\/types\/product"}],"wp:featuredmedia":[{"embeddable":true,"href":"https:\/\/secureus.se\/dk\/wp-json\/wp\/v2\/media\/162485"}],"wp:attachment":[{"href":"https:\/\/secureus.se\/dk\/wp-json\/wp\/v2\/media?parent=162487"}],"wp:term":[{"taxonomy":"product_brand","embeddable":true,"href":"https:\/\/secureus.se\/dk\/wp-json\/wp\/v2\/product_brand?post=162487"},{"taxonomy":"product_cat","embeddable":true,"href":"https:\/\/secureus.se\/dk\/wp-json\/wp\/v2\/product_cat?post=162487"},{"taxonomy":"product_tag","embeddable":true,"href":"https:\/\/secureus.se\/dk\/wp-json\/wp\/v2\/product_tag?post=162487"}],"curies":[{"name":"wp","href":"https:\/\/api.w.org\/{rel}","templated":true}]}}