{"id":162570,"date":"2025-09-15T11:16:44","date_gmt":"2025-09-15T09:16:44","guid":{"rendered":"https:\/\/secureus.se\/?post_type=product&#038;p=162570"},"modified":"2026-04-09T15:42:47","modified_gmt":"2026-04-09T13:42:47","slug":"securex-vibrasense","status":"publish","type":"product","link":"https:\/\/secureus.se\/dk\/securex-vibrasense\/","title":{"rendered":"SecureX VibraSense \u2013 Vibrationsdetektor med indbygget n\u00f8dalarm (SOS)"},"content":{"rendered":"<h2 data-start=\"195\" data-end=\"261\">SecureX VibraSense \u2013 vibrationssensor med indbygget n\u00f8dalarm (SOS)<\/h2>\n<p data-start=\"263\" data-end=\"583\">SecureX VibraSense er en <strong data-start=\"288\" data-end=\"329\">f\u00f8lsom og p\u00e5lidelig vibrationssensor<\/strong> som beskytter d\u00f8re, vinduer, glasoverflader og andre s\u00e5rbare genstande mod indbrud og manipulation. Sensoren reagerer direkte p\u00e5 st\u00f8d, boring og indbrudsfors\u00f8g og sender straks en alarm til <strong data-start=\"513\" data-end=\"531\">SecureX Hub<\/strong>, som h\u00e5ndterer alarmer og notifikationer centralt i systemet.<\/p>\n<p data-start=\"585\" data-end=\"722\">Alle begivenheder vises i <strong data-start=\"608\" data-end=\"634\">Stonehouse Smart-appen<\/strong>, hvor du f\u00e5r push-notifikationer i realtid og fuld kontrol over sikkerheden \u2013 direkte p\u00e5 din mobil.<\/p>\n<hr data-start=\"724\" data-end=\"727\" \/>\n<h3 data-start=\"729\" data-end=\"777\">Effektiv beskyttelse mod manipulation og indbrud<\/h3>\n<p data-start=\"778\" data-end=\"981\">VibraSense er designet til at registrere fors\u00f8g p\u00e5 indbrud, selv f\u00f8r en d\u00f8r, et vindue eller en rude \u00e5bnes. Den avancerede vibrationsdetektion g\u00f8r sensoren s\u00e6rligt effektiv til at beskytte mod:<\/p>\n<ul data-start=\"982\" data-end=\"1043\">\n<li data-start=\"982\" data-end=\"1015\">\n<p data-start=\"984\" data-end=\"1015\">st\u00f8d og kraftige vibrationer<\/p>\n<\/li>\n<li data-start=\"1016\" data-end=\"1028\">\n<p data-start=\"1018\" data-end=\"1028\">boring<\/p>\n<\/li>\n<li data-start=\"1029\" data-end=\"1043\">\n<p data-start=\"1031\" data-end=\"1043\">fors\u00f8g p\u00e5 at bryde<\/p>\n<\/li>\n<\/ul>\n<p data-start=\"1045\" data-end=\"1122\">Dette giver et ekstra lag af sikkerhed sammenlignet med traditionelle magnetiske kontakter.<\/p>\n<hr data-start=\"1124\" data-end=\"1127\" \/>\n<h3 data-start=\"1129\" data-end=\"1182\">Indbygget SOS-knap \u2013 ekstra sikkerhed n\u00e5r det er n\u00f8dvendigt<\/h3>\n<p data-start=\"1183\" data-end=\"1341\">Udover indbrudsbeskyttelse har SecureX VibraSense en <strong data-start=\"1230\" data-end=\"1251\">indbygget SOS-knap<\/strong> som kan bruges som n\u00f8dalarm. Med et enkelt tryk sendes en alarm via SecureX-systemet.<\/p>\n<p data-start=\"1343\" data-end=\"1374\">SOS-funktionen er ideel til:<\/p>\n<ul data-start=\"1375\" data-end=\"1497\">\n<li data-start=\"1375\" data-end=\"1393\">\n<p data-start=\"1377\" data-end=\"1393\">\u00e6ldre mennesker<\/p>\n<\/li>\n<li data-start=\"1394\" data-end=\"1429\">\n<p data-start=\"1396\" data-end=\"1429\">boliger med behov for ekstra sikkerhed<\/p>\n<\/li>\n<li data-start=\"1430\" data-end=\"1458\">\n<p data-start=\"1432\" data-end=\"1458\">sundheds- og socialplejemilj\u00f8er<\/p>\n<\/li>\n<li data-start=\"1459\" data-end=\"1497\">\n<p data-start=\"1461\" data-end=\"1497\">situationer, hvor der er behov for hurtig hj\u00e6lp<\/p>\n<\/li>\n<\/ul>\n<p data-start=\"1499\" data-end=\"1559\">En tydelig LED-indikator bekr\u00e6fter, at alarmen er blevet aktiveret.<\/p>\n<hr data-start=\"1561\" data-end=\"1564\" \/>\n<h3 data-start=\"1566\" data-end=\"1606\">Nem installation og lang batterilevetid<\/h3>\n<p data-start=\"1607\" data-end=\"1842\">VibraSense monteres hurtigt og nemt med den medf\u00f8lgende dobbeltkl\u00e6bende tape \u2013 helt uden ledninger. Sensoren drives af <strong data-start=\"1725\" data-end=\"1748\">1 \u00d7 A23 12V batteri<\/strong> og har et lavt str\u00f8mforbrug, hvilket giver op til <strong data-start=\"1799\" data-end=\"1819\">2 \u00e5rs standbytid<\/strong> under normal brug.<\/p>\n<hr data-start=\"1844\" data-end=\"1847\" \/>\n<h3 data-start=\"1849\" data-end=\"1879\">En del af SecureX-systemet<\/h3>\n<p data-start=\"1880\" data-end=\"1974\">SecureX VibraSense er en sensor til SecureX og bruges altid sammen med SecureX-hubben.<\/p>\n<ul data-start=\"1976\" data-end=\"2160\">\n<li data-start=\"1976\" data-end=\"2015\">\n<p data-start=\"1978\" data-end=\"2015\">Sensoren forbindes til SecureX-hubben<\/p>\n<\/li>\n<li data-start=\"2016\" data-end=\"2056\">\n<p data-start=\"2018\" data-end=\"2056\">Alarmer og notifikationer administreres via hubben<\/p>\n<\/li>\n<li data-start=\"2057\" data-end=\"2119\">\n<p data-start=\"2059\" data-end=\"2119\">Kompatibilitet med <strong data-start=\"2078\" data-end=\"2117\">Tuya og Smart Life foreg\u00e5r via hubben<\/strong><\/p>\n<\/li>\n<li data-start=\"2120\" data-end=\"2160\">\n<p data-start=\"2122\" data-end=\"2160\">Sensoren kan ikke bruges separat<\/p>\n<\/li>\n<\/ul>\n<p data-start=\"2162\" data-end=\"2215\">Dette g\u00e6lder for dette produkt og alle SecureX-sensorer.<\/p>\n<hr data-start=\"2217\" data-end=\"2220\" \/>\n<h3 data-start=\"2222\" data-end=\"2244\">Fordele i korte tr\u00e6k<\/h3>\n<ul data-start=\"2245\" data-end=\"2574\">\n<li data-start=\"2245\" data-end=\"2288\">\n<p data-start=\"2247\" data-end=\"2288\">F\u00f8lsom og pr\u00e6cis vibrationsdetektion<\/p>\n<\/li>\n<li data-start=\"2289\" data-end=\"2332\">\n<p data-start=\"2291\" data-end=\"2332\">Beskyttelse mod st\u00f8d, boring og indbrudsfors\u00f8g<\/p>\n<\/li>\n<li data-start=\"2333\" data-end=\"2366\">\n<p data-start=\"2335\" data-end=\"2366\">Indbygget SOS-knap til n\u00f8dalarm<\/p>\n<\/li>\n<li data-start=\"2367\" data-end=\"2406\">\n<p data-start=\"2369\" data-end=\"2406\">Tydelig LED-indikator for alarmstatus<\/p>\n<\/li>\n<li data-start=\"2407\" data-end=\"2446\">\n<p data-start=\"2409\" data-end=\"2446\">Fuld integration via SecureX-hubben<\/p>\n<\/li>\n<li data-start=\"2447\" data-end=\"2487\">\n<p data-start=\"2449\" data-end=\"2487\">Push-notifikationer i Stonehouse Smart-appen<\/p>\n<\/li>\n<li data-start=\"2488\" data-end=\"2529\">\n<p data-start=\"2490\" data-end=\"2529\">Nem installation uden ledninger<\/p>\n<\/li>\n<li data-start=\"2530\" data-end=\"2574\">\n<p data-start=\"2532\" data-end=\"2574\">Lavt str\u00f8mforbrug og lang batterilevetid<\/p>\n<\/li>\n<\/ul>\n<hr data-start=\"2576\" data-end=\"2579\" \/>\n<h3 data-start=\"2581\" data-end=\"2611\">Typiske anvendelser<\/h3>\n<ul data-start=\"2612\" data-end=\"2737\">\n<li data-start=\"2612\" data-end=\"2634\">\n<p data-start=\"2614\" data-end=\"2634\">D\u00f8re og vinduer<\/p>\n<\/li>\n<li data-start=\"2635\" data-end=\"2664\">\n<p data-start=\"2637\" data-end=\"2664\">Glasoverflader og butiksvinduer<\/p>\n<\/li>\n<li data-start=\"2665\" data-end=\"2697\">\n<p data-start=\"2667\" data-end=\"2697\">Pengeskabe, opbevaringsrum og garager<\/p>\n<\/li>\n<li data-start=\"2698\" data-end=\"2737\">\n<p data-start=\"2700\" data-end=\"2737\">Ekstra n\u00f8dalarmer i hjem og sundhedsmilj\u00f8er<\/p>\n<\/li>\n<\/ul>\n<hr data-start=\"2739\" data-end=\"2742\" \/>\n<h3 data-start=\"2744\" data-end=\"2769\">Teknisk specifikation<\/h3>\n<ul data-start=\"2770\" data-end=\"3049\">\n<li data-start=\"2770\" data-end=\"2794\">\n<p data-start=\"2772\" data-end=\"2794\">Batteri: A23 12V \u00d7 1<\/p>\n<\/li>\n<li data-start=\"2795\" data-end=\"2819\">\n<p data-start=\"2797\" data-end=\"2819\">Standby-str\u00f8m: &lt;10 mA<\/p>\n<\/li>\n<li data-start=\"2820\" data-end=\"2841\">\n<p data-start=\"2822\" data-end=\"2841\">Alarmstr\u00f8m: \u226420 mA<\/p>\n<\/li>\n<li data-start=\"2842\" data-end=\"2896\">\n<p data-start=\"2844\" data-end=\"2896\">Kommunikation: 433 MHz (EV1527), kodet til SecureX<\/p>\n<\/li>\n<li data-start=\"2897\" data-end=\"2928\">\n<p data-start=\"2899\" data-end=\"2928\">R\u00e6kkevidde: \u2265100 m (sigtelinje)<\/p>\n<\/li>\n<li data-start=\"2929\" data-end=\"2969\">\n<p data-start=\"2931\" data-end=\"2969\">Driftstemperatur: \u221210 \u00b0C til +50 \u00b0C<\/p>\n<\/li>\n<li data-start=\"2970\" data-end=\"3023\">\n<p data-start=\"2972\" data-end=\"3023\">Relativ luftfugtighed: \u226495 % (ikke-kondenserende)<\/p>\n<\/li>\n<li data-start=\"3024\" data-end=\"3049\">\n<p data-start=\"3026\" data-end=\"3049\">Dimensioner: 65 \u00d7 31 \u00d7 15 mm<\/p>\n<\/li>\n<\/ul>","protected":false},"excerpt":{"rendered":"<p>Vibrationssensor til SecureX-systemet, der advarer ved st\u00f8d, boring og fors\u00f8g p\u00e5 brud.<\/p>\n<p>Indbygget SOS-knap til n\u00f8dalarmer og notifikationer i realtid via SecureX hub og Stonehouse Smart-appen.<\/p>","protected":false},"featured_media":162565,"template":"","meta":{"_acf_changed":false},"product_brand":[],"product_cat":[5061],"product_tag":[],"class_list":{"0":"post-162570","1":"product","2":"type-product","3":"status-publish","4":"has-post-thumbnail","6":"product_cat-securex-larmsensorer","7":"pa_brands-securex-connect-pro","8":"pa_brands-stonehouse-smart","9":"tm-no-options","11":"first","12":"instock","13":"sale","14":"taxable","15":"shipping-taxable","16":"purchasable","17":"product-type-simple"},"acf":[],"_links":{"self":[{"href":"https:\/\/secureus.se\/dk\/wp-json\/wp\/v2\/product\/162570","targetHints":{"allow":["GET"]}}],"collection":[{"href":"https:\/\/secureus.se\/dk\/wp-json\/wp\/v2\/product"}],"about":[{"href":"https:\/\/secureus.se\/dk\/wp-json\/wp\/v2\/types\/product"}],"wp:featuredmedia":[{"embeddable":true,"href":"https:\/\/secureus.se\/dk\/wp-json\/wp\/v2\/media\/162565"}],"wp:attachment":[{"href":"https:\/\/secureus.se\/dk\/wp-json\/wp\/v2\/media?parent=162570"}],"wp:term":[{"taxonomy":"product_brand","embeddable":true,"href":"https:\/\/secureus.se\/dk\/wp-json\/wp\/v2\/product_brand?post=162570"},{"taxonomy":"product_cat","embeddable":true,"href":"https:\/\/secureus.se\/dk\/wp-json\/wp\/v2\/product_cat?post=162570"},{"taxonomy":"product_tag","embeddable":true,"href":"https:\/\/secureus.se\/dk\/wp-json\/wp\/v2\/product_tag?post=162570"}],"curies":[{"name":"wp","href":"https:\/\/api.w.org\/{rel}","templated":true}]}}