{"id":162575,"date":"2025-09-15T11:16:44","date_gmt":"2025-09-15T09:16:44","guid":{"rendered":"https:\/\/secureus.se\/?post_type=product&#038;p=162575"},"modified":"2026-04-09T15:42:43","modified_gmt":"2026-04-09T13:42:43","slug":"securex-doorsense-garage-larm","status":"publish","type":"product","link":"https:\/\/secureus.se\/dk\/securex-doorsense-garage-larm\/","title":{"rendered":"SecureX DoorSense Garage \u2013 Tr\u00e5dl\u00f8s til rulleporte og industriporte"},"content":{"rendered":"<h2 data-start=\"238\" data-end=\"323\">SecureX DoorSense Garage \u2013 tr\u00e5dl\u00f8s sensor til garageporte og industriporte<\/h2>\n<p data-start=\"325\" data-end=\"653\">SecureX DoorSense Garage er en <strong data-start=\"356\" data-end=\"396\">robust og p\u00e5lidelig tr\u00e5dl\u00f8s sensor<\/strong> udviklet til at overv\u00e5ge garageporte, rulleporte, industriporte og porte. Sensoren registrerer straks, n\u00e5r en port \u00e5bnes eller manipuleres, og sender en alarm direkte til <strong data-start=\"593\" data-end=\"611\">SecureX Hub<\/strong>, som h\u00e5ndterer alarmen centralt i systemet.<\/p>\n<p data-start=\"655\" data-end=\"811\">Via <strong data-start=\"659\" data-end=\"685\">Stonehouse Smart-appen<\/strong> Du modtager push-notifikationer i realtid og et fuldt overblik over status for portene \u2013 uanset om du er p\u00e5 stedet eller eksternt.<\/p>\n<hr data-start=\"813\" data-end=\"816\" \/>\n<h3 data-start=\"818\" data-end=\"858\">P\u00e5lidelig beskyttelse til kr\u00e6vende milj\u00f8er<\/h3>\n<p data-start=\"859\" data-end=\"1110\">DoorSense Garage er designet til at fungere i b\u00e5de private og industrielle milj\u00f8er. Den kan modst\u00e5 h\u00f8j luftfugtighed (op til 95 % RF uden kondens) og er designet til stabil drift selv i garager, lagerbygninger og v\u00e6rksteder, hvor temperatur og milj\u00f8 kan variere.<\/p>\n<p data-start=\"1112\" data-end=\"1251\">Det kompakte og diskrete design g\u00f8r sensoren nem at montere selv p\u00e5 st\u00f8rre porte og d\u00f8re, uden at forstyrre funktion eller udseende.<\/p>\n<hr data-start=\"1253\" data-end=\"1256\" \/>\n<h3 data-start=\"1258\" data-end=\"1300\">Stabil kommunikation og lang batterilevetid<\/h3>\n<p data-start=\"1301\" data-end=\"1541\">Sensoren kommunikerer tr\u00e5dl\u00f8st via <strong data-start=\"1335\" data-end=\"1355\">433 MHz (EV1527)<\/strong> med SecureX-hubben og er kodet til SecureX-systemet for sikker og stabil transmission. DoorSense Garage drives af en <strong data-start=\"1472\" data-end=\"1491\">23A 12V batteri<\/strong>, hvilket giver lang driftstid og minimal vedligeholdelse.<\/p>\n<hr data-start=\"1543\" data-end=\"1546\" \/>\n<h3 data-start=\"1548\" data-end=\"1578\">En del af SecureX-systemet<\/h3>\n<p data-start=\"1579\" data-end=\"1679\">SecureX DoorSense Garage er en sensor til SecureX og bruges altid sammen med SecureX-hubben.<\/p>\n<ul data-start=\"1681\" data-end=\"1862\">\n<li data-start=\"1681\" data-end=\"1720\">\n<p data-start=\"1683\" data-end=\"1720\">Sensoren forbindes til SecureX-hubben<\/p>\n<\/li>\n<li data-start=\"1721\" data-end=\"1758\">\n<p data-start=\"1723\" data-end=\"1758\">Al alarmh\u00e5ndtering sker via hubben<\/p>\n<\/li>\n<li data-start=\"1759\" data-end=\"1821\">\n<p data-start=\"1761\" data-end=\"1821\">Kompatibilitet med <strong data-start=\"1780\" data-end=\"1819\">Tuya og Smart Life foreg\u00e5r via hubben<\/strong><\/p>\n<\/li>\n<li data-start=\"1822\" data-end=\"1862\">\n<p data-start=\"1824\" data-end=\"1862\">Sensoren kan ikke bruges separat<\/p>\n<\/li>\n<\/ul>\n<p data-start=\"1864\" data-end=\"1921\">Dette g\u00e6lder for dette produkt og alle SecureX-sensorer.<\/p>\n<hr data-start=\"1923\" data-end=\"1926\" \/>\n<h3 data-start=\"1928\" data-end=\"1950\">Fordele i korte tr\u00e6k<\/h3>\n<ul data-start=\"1951\" data-end=\"2283\">\n<li data-start=\"1951\" data-end=\"2016\">\n<p data-start=\"1953\" data-end=\"2016\">Velegnet til garageporte, rulleporte og industriporte<\/p>\n<\/li>\n<li data-start=\"2017\" data-end=\"2056\">\n<p data-start=\"2019\" data-end=\"2056\">Alarm ved \u00e5bning eller manipulation<\/p>\n<\/li>\n<li data-start=\"2057\" data-end=\"2096\">\n<p data-start=\"2059\" data-end=\"2096\">Fuld integration med SecureX-hubben<\/p>\n<\/li>\n<li data-start=\"2097\" data-end=\"2137\">\n<p data-start=\"2099\" data-end=\"2137\">Push-notifikationer i Stonehouse Smart-appen<\/p>\n<\/li>\n<li data-start=\"2138\" data-end=\"2180\">\n<p data-start=\"2140\" data-end=\"2180\">Stabil tr\u00e5dl\u00f8s kommunikation (433 MHz)<\/p>\n<\/li>\n<li data-start=\"2181\" data-end=\"2224\">\n<p data-start=\"2183\" data-end=\"2224\">Holdbar konstruktion til kr\u00e6vende milj\u00f8er<\/p>\n<\/li>\n<li data-start=\"2225\" data-end=\"2260\">\n<p data-start=\"2227\" data-end=\"2260\">Batteridrift for lang levetid<\/p>\n<\/li>\n<li data-start=\"2261\" data-end=\"2283\">\n<p data-start=\"2263\" data-end=\"2283\">Nem installation<\/p>\n<\/li>\n<\/ul>\n<hr data-start=\"2285\" data-end=\"2288\" \/>\n<h3 data-start=\"2290\" data-end=\"2320\">Typiske anvendelser<\/h3>\n<ul data-start=\"2321\" data-end=\"2456\">\n<li data-start=\"2321\" data-end=\"2365\">\n<p data-start=\"2323\" data-end=\"2365\">Garageporte i villaer og lejlighedsbygninger<\/p>\n<\/li>\n<li data-start=\"2366\" data-end=\"2405\">\n<p data-start=\"2368\" data-end=\"2405\">Industriporte og rulleporte<\/p>\n<\/li>\n<li data-start=\"2406\" data-end=\"2423\">\n<p data-start=\"2408\" data-end=\"2423\">Opbevaringspladser<\/p>\n<\/li>\n<li data-start=\"2424\" data-end=\"2456\">\n<p data-start=\"2426\" data-end=\"2456\">V\u00e6rksteder og butikslokaler<\/p>\n<\/li>\n<\/ul>\n<hr data-start=\"2458\" data-end=\"2461\" \/>\n<h3 data-start=\"2463\" data-end=\"2488\">Teknisk specifikation<\/h3>\n<ul data-start=\"2489\" data-end=\"2704\">\n<li data-start=\"2489\" data-end=\"2506\">\n<p data-start=\"2491\" data-end=\"2506\">Model: SS010<\/p>\n<\/li>\n<li data-start=\"2507\" data-end=\"2544\">\n<p data-start=\"2509\" data-end=\"2544\">Str\u00f8mforsyning: 23A 12V batteri<\/p>\n<\/li>\n<li data-start=\"2545\" data-end=\"2599\">\n<p data-start=\"2547\" data-end=\"2599\">Kommunikation: 433 MHz (EV1527), kodet til SecureX<\/p>\n<\/li>\n<li data-start=\"2600\" data-end=\"2647\">\n<p data-start=\"2602\" data-end=\"2647\">Relativ luftfugtighed: &lt;95% (ikke-kondenserende)<\/p>\n<\/li>\n<li data-start=\"2648\" data-end=\"2668\">\n<p data-start=\"2650\" data-end=\"2668\">V\u00e6gt: ca. 0,05 kg<\/p>\n<\/li>\n<li data-start=\"2669\" data-end=\"2704\">\n<p data-start=\"2671\" data-end=\"2704\">Emballagem\u00e5l: 10 \u00d7 8 \u00d7 6 cm<\/p>\n<\/li>\n<\/ul>\n<hr data-start=\"2706\" data-end=\"2709\" \/>\n<h3 data-start=\"2711\" data-end=\"2731\">Leveringsindhold<\/h3>\n<ul data-start=\"2732\" data-end=\"2818\">\n<li data-start=\"2732\" data-end=\"2773\">\n<p data-start=\"2734\" data-end=\"2773\">SecureX DoorSense Garagesensor: 1 stk.<\/p>\n<\/li>\n<li data-start=\"2774\" data-end=\"2801\">\n<p data-start=\"2776\" data-end=\"2801\">Monteringsskruer: 4 stk.<\/p>\n<\/li>\n<li data-start=\"2802\" data-end=\"2818\">\n<p data-start=\"2804\" data-end=\"2818\">Manuel: 1 stk.<\/p>\n<\/li>\n<\/ul>","protected":false},"excerpt":{"rendered":"<p>SecureX DoorSense til rulleporte og industriporte er en tr\u00e5dl\u00f8s magnetkontakt, der giver p\u00e5lidelig overv\u00e5gning via WiFi og 433 MHz.<\/p>\n<p>Fuldt integreret med SecureX-hubben, tilpasset Stonehouse Smart-appen og kompatibel med Tuya\/Smart Life.<\/p>\n<p>Nem installation og lang levetid med 23A 12V batteri.<\/p>","protected":false},"featured_media":162571,"template":"","meta":{"_acf_changed":false},"product_brand":[],"product_cat":[5061],"product_tag":[],"class_list":{"0":"post-162575","1":"product","2":"type-product","3":"status-publish","4":"has-post-thumbnail","6":"product_cat-securex-larmsensorer","7":"pa_brands-securex-connect-pro","8":"pa_brands-stonehouse-smart","9":"tm-no-options","11":"first","12":"instock","13":"sale","14":"taxable","15":"shipping-taxable","16":"purchasable","17":"product-type-simple"},"acf":[],"_links":{"self":[{"href":"https:\/\/secureus.se\/dk\/wp-json\/wp\/v2\/product\/162575","targetHints":{"allow":["GET"]}}],"collection":[{"href":"https:\/\/secureus.se\/dk\/wp-json\/wp\/v2\/product"}],"about":[{"href":"https:\/\/secureus.se\/dk\/wp-json\/wp\/v2\/types\/product"}],"wp:featuredmedia":[{"embeddable":true,"href":"https:\/\/secureus.se\/dk\/wp-json\/wp\/v2\/media\/162571"}],"wp:attachment":[{"href":"https:\/\/secureus.se\/dk\/wp-json\/wp\/v2\/media?parent=162575"}],"wp:term":[{"taxonomy":"product_brand","embeddable":true,"href":"https:\/\/secureus.se\/dk\/wp-json\/wp\/v2\/product_brand?post=162575"},{"taxonomy":"product_cat","embeddable":true,"href":"https:\/\/secureus.se\/dk\/wp-json\/wp\/v2\/product_cat?post=162575"},{"taxonomy":"product_tag","embeddable":true,"href":"https:\/\/secureus.se\/dk\/wp-json\/wp\/v2\/product_tag?post=162575"}],"curies":[{"name":"wp","href":"https:\/\/api.w.org\/{rel}","templated":true}]}}