{"id":162610,"date":"2025-09-15T11:16:43","date_gmt":"2025-09-15T09:16:43","guid":{"rendered":"https:\/\/secureus.se\/?post_type=product&#038;p=162610"},"modified":"2026-04-09T15:46:35","modified_gmt":"2026-04-09T13:46:35","slug":"securex-sirenguard-inomhussiren-110-db","status":"publish","type":"product","link":"https:\/\/secureus.se\/dk\/securex-sirenguard-inomhussiren-110-db\/","title":{"rendered":"SecureX SirenGuard \u2013 Indend\u00f8rs sirene 110dB med stroboskoplys (lang r\u00e6kkevidde)"},"content":{"rendered":"<h2 data-start=\"191\" data-end=\"269\">SecureX SirenGuard \u2013 kraftfuld indend\u00f8rs sirene med lang r\u00e6kkevidde (op til 500 m)<\/h2>\n<p data-start=\"271\" data-end=\"574\">SecureX SirenGuard er en <strong data-start=\"296\" data-end=\"335\">kraftfuld og fleksibel indend\u00f8rs sirene<\/strong> hvilket forbedrer dit SecureX-alarmsystem med en klar og effektiv lydalarm p\u00e5 op til <strong data-start=\"426\" data-end=\"436\">110dB<\/strong>Sirenen er udviklet til b\u00e5de private og erhvervsm\u00e6ssige milj\u00f8er, hvor h\u00f8j lydstyrke, stabil kommunikation og driftssikkerhed er afg\u00f8rende.<\/p>\n<p data-start=\"576\" data-end=\"850\">Med <strong data-start=\"580\" data-end=\"601\">Langtr\u00e6kkende teknologi<\/strong> du f\u00e5r stabil tr\u00e5dl\u00f8s kommunikation med op til <strong data-start=\"651\" data-end=\"685\">500 meter r\u00e6kkevidde i frit udsyn<\/strong>, hvilket g\u00f8r SirenGuard ideel selv i st\u00f8rre ejendomme. Systemet underst\u00f8tter op til <strong data-start=\"771\" data-end=\"785\">10 sirener<\/strong>, s\u00e5 alarmen kan h\u00f8res tydeligt i hele anl\u00e6gget i tilf\u00e6lde af en h\u00e6ndelse.<\/p>\n<hr data-start=\"852\" data-end=\"855\" \/>\n<h3 data-start=\"857\" data-end=\"897\">Tilpasningsdygtig til milj\u00f8 og behov<\/h3>\n<p data-start=\"898\" data-end=\"993\">SecureX SirenGuard kan nemt justeres, s\u00e5 den passer til forskellige typer installationer og milj\u00f8er.<\/p>\n<p data-start=\"995\" data-end=\"1015\">Du kan v\u00e6lge mellem:<\/p>\n<ul data-start=\"1016\" data-end=\"1096\">\n<li data-start=\"1016\" data-end=\"1035\">\n<p data-start=\"1018\" data-end=\"1035\"><strong data-start=\"1018\" data-end=\"1035\">5 lydstyrkeniveauer<\/strong><\/p>\n<\/li>\n<li data-start=\"1036\" data-end=\"1062\">\n<p data-start=\"1038\" data-end=\"1062\"><strong data-start=\"1038\" data-end=\"1062\">2 forskellige alarmsignaler<\/strong><\/p>\n<\/li>\n<li data-start=\"1063\" data-end=\"1096\">\n<p data-start=\"1065\" data-end=\"1096\"><strong data-start=\"1065\" data-end=\"1096\">4 alarmtidsindstillinger<\/strong><\/p>\n<\/li>\n<li data-start=\"1063\" data-end=\"1096\"><strong>Sirenen har et indbygget stroboskoplys til visuel indikation.<\/strong><\/li>\n<\/ul>\n<p data-start=\"1098\" data-end=\"1193\">Dette g\u00f8r sirenen lige s\u00e5 velegnet i villaer og lejligheder som i butikker, lagerbygninger og kontorlokaler.<\/p>\n<hr data-start=\"1195\" data-end=\"1198\" \/>\n<h3 data-start=\"1200\" data-end=\"1236\">Batteribackup for ekstra ro i sindet<\/h3>\n<p data-start=\"1237\" data-end=\"1435\">SirenGuard er udstyret med en <strong data-start=\"1268\" data-end=\"1305\">indbygget 1000 mAh lithiumbatteri<\/strong>, hvilket sikrer, at sirenen forts\u00e6tter med at fungere selv i tilf\u00e6lde af str\u00f8mafbrydelse. Opladningen foreg\u00e5r problemfrit via <strong data-start=\"1407\" data-end=\"1434\">USB Type-C (DC 5V \/ 1A)<\/strong>.<\/p>\n<p data-start=\"1437\" data-end=\"1589\">Sirenen er designet til stabil drift i temperaturer fra <strong data-start=\"1497\" data-end=\"1519\">\u221220\u00b0C til +50\u00b0C<\/strong> og har et kompakt og diskret design, der passer ind i de fleste milj\u00f8er.<\/p>\n<hr data-start=\"1591\" data-end=\"1594\" \/>\n<h3 data-start=\"1596\" data-end=\"1626\">En del af SecureX-systemet<\/h3>\n<p data-start=\"1627\" data-end=\"1734\">SecureX SirenGuard er en systemkomponent til SecureX og bruges altid sammen med <strong data-start=\"1715\" data-end=\"1733\">SecureX Hub<\/strong>.<\/p>\n<ul data-start=\"1736\" data-end=\"1930\">\n<li data-start=\"1736\" data-end=\"1775\">\n<p data-start=\"1738\" data-end=\"1775\">Sirenen opretter forbindelse til SecureX-hubben<\/p>\n<\/li>\n<li data-start=\"1776\" data-end=\"1813\">\n<p data-start=\"1778\" data-end=\"1813\">Al alarmh\u00e5ndtering sker via hubben<\/p>\n<\/li>\n<li data-start=\"1814\" data-end=\"1894\">\n<p data-start=\"1816\" data-end=\"1894\">Kompatibilitet med <strong data-start=\"1835\" data-end=\"1892\">Stonehouse Smart, Tuya og Smart Life styres via hubben<\/strong><\/p>\n<\/li>\n<li data-start=\"1895\" data-end=\"1930\">\n<p data-start=\"1897\" data-end=\"1930\">Sirenen bruges ikke alene<\/p>\n<\/li>\n<\/ul>\n<hr data-start=\"1932\" data-end=\"1935\" \/>\n<h3 data-start=\"1937\" data-end=\"1959\">Fordele i korte tr\u00e6k<\/h3>\n<ul data-start=\"1960\" data-end=\"2253\">\n<li data-start=\"1960\" data-end=\"1997\">\n<p data-start=\"1962\" data-end=\"1997\">H\u00f8j lydalarm op til 110 dB<\/p>\n<\/li>\n<li data-start=\"1998\" data-end=\"2054\">\n<p data-start=\"2000\" data-end=\"2054\">Langdistancekommunikation med op til 500 m r\u00e6kkevidde<\/p>\n<\/li>\n<li data-start=\"2055\" data-end=\"2083\">\n<p data-start=\"2057\" data-end=\"2083\">5 justerbare lydstyrkeniveauer<\/p>\n<\/li>\n<li data-start=\"2084\" data-end=\"2118\">\n<p data-start=\"2086\" data-end=\"2118\">2 alarmsignaler og 4 alarmtidspunkter<\/p>\n<\/li>\n<li data-start=\"2119\" data-end=\"2166\">\n<p data-start=\"2121\" data-end=\"2166\">Underst\u00f8ttelse af op til 10 sirener i samme system<\/p>\n<\/li>\n<li data-start=\"2167\" data-end=\"2204\">\n<p data-start=\"2169\" data-end=\"2204\">Indbygget 1000 mAh batteri (backup)<\/p>\n<\/li>\n<li data-start=\"2205\" data-end=\"2223\">\n<p data-start=\"2207\" data-end=\"2223\">USB-C-opladning<\/p>\n<\/li>\n<li data-start=\"2224\" data-end=\"2253\">\n<p data-start=\"2226\" data-end=\"2253\">Kompakt og robust design<\/p>\n<\/li>\n<\/ul>\n<hr data-start=\"2255\" data-end=\"2258\" \/>\n<h3 data-start=\"2260\" data-end=\"2290\">Typiske anvendelser<\/h3>\n<ul data-start=\"2291\" data-end=\"2401\">\n<li data-start=\"2291\" data-end=\"2316\">\n<p data-start=\"2293\" data-end=\"2316\">Villaer og lejligheder<\/p>\n<\/li>\n<li data-start=\"2317\" data-end=\"2345\">\n<p data-start=\"2319\" data-end=\"2345\">Erhvervsejendomme<\/p>\n<\/li>\n<li data-start=\"2346\" data-end=\"2367\">\n<p data-start=\"2348\" data-end=\"2367\">Butikker og lagre<\/p>\n<\/li>\n<li data-start=\"2368\" data-end=\"2401\">\n<p data-start=\"2370\" data-end=\"2401\">Avancerede alarminstallationer<\/p>\n<\/li>\n<\/ul>\n<hr data-start=\"2403\" data-end=\"2406\" \/>\n<h3 data-start=\"2408\" data-end=\"2433\">Teknisk specifikation<\/h3>\n<ul data-start=\"2434\" data-end=\"2786\">\n<li data-start=\"2434\" data-end=\"2479\">\n<p data-start=\"2436\" data-end=\"2479\">Str\u00f8mforsyning: DC 5V\/1A (USB Type-C)<\/p>\n<\/li>\n<li data-start=\"2480\" data-end=\"2516\">\n<p data-start=\"2482\" data-end=\"2516\">Batteri: 3,7 V \/ 1000 mAh litium<\/p>\n<\/li>\n<li data-start=\"2517\" data-end=\"2548\">\n<p data-start=\"2519\" data-end=\"2548\">Lydniveau: Op til 110 dB<\/p>\n<\/li>\n<li data-start=\"2549\" data-end=\"2570\">\n<p data-start=\"2551\" data-end=\"2570\">Lydstyrkeniveauer: 5 stk.<\/p>\n<\/li>\n<li data-start=\"2571\" data-end=\"2598\">\n<p data-start=\"2573\" data-end=\"2598\">Alarmtilstande: 4 muligheder<\/p>\n<\/li>\n<li data-start=\"2599\" data-end=\"2622\">\n<p data-start=\"2601\" data-end=\"2622\">Toner: 2 muligheder<\/p>\n<\/li>\n<li data-start=\"2623\" data-end=\"2672\">\n<p data-start=\"2625\" data-end=\"2672\">Tr\u00e5dl\u00f8s teknologi: Lang r\u00e6kkevidde, SecureX-kodet<\/p>\n<\/li>\n<li data-start=\"2673\" data-end=\"2715\">\n<p data-start=\"2675\" data-end=\"2715\">R\u00e6kkevidde: Op til ca. 500 m (udsynsfelt)<\/p>\n<\/li>\n<li data-start=\"2716\" data-end=\"2756\">\n<p data-start=\"2718\" data-end=\"2756\">Arbejdstemperatur: \u221220 \u00b0C til +50 \u00b0C<\/p>\n<\/li>\n<li data-start=\"2757\" data-end=\"2786\">\n<p data-start=\"2759\" data-end=\"2786\">Dimensioner: 135 \u00d7 100 \u00d7 27,5 mm<\/p>\n<\/li>\n<\/ul>\n<hr data-start=\"2788\" data-end=\"2791\" \/>\n<h3 data-start=\"2793\" data-end=\"2813\">Leveringsindhold<\/h3>\n<ul data-start=\"2814\" data-end=\"2966\">\n<li data-start=\"2814\" data-end=\"2855\">\n<p data-start=\"2816\" data-end=\"2855\">SecureX SirenGuard indend\u00f8rs sirene: 1 stk.<\/p>\n<\/li>\n<li data-start=\"2856\" data-end=\"2886\">\n<p data-start=\"2858\" data-end=\"2886\">V\u00e6gmonteringsplade: 1 stk.<\/p>\n<\/li>\n<li data-start=\"2887\" data-end=\"2904\">\n<p data-start=\"2889\" data-end=\"2904\">Skruer: 4 stk.<\/p>\n<\/li>\n<li data-start=\"2905\" data-end=\"2920\">\n<p data-start=\"2907\" data-end=\"2920\">Stik: 4 stk.<\/p>\n<\/li>\n<li data-start=\"2921\" data-end=\"2949\">\n<p data-start=\"2923\" data-end=\"2949\">USB-C str\u00f8madapter: 1 stk.<\/p>\n<\/li>\n<li data-start=\"2950\" data-end=\"2966\">\n<p data-start=\"2952\" data-end=\"2966\">Manuel: 1 stk.<\/p>\n<\/li>\n<\/ul>","protected":false},"excerpt":{"rendered":"<p>SecureX indend\u00f8rssirenen med Long Range-protokol giver en kraftfuld lyd p\u00e5 110 dB og har justerbar lydstyrke i fem niveauer.<\/p>\n<p>Sirenen har et indbygget stroboskoplys til visuel indikation.<\/p>\n<p>Udstyret med et genopladeligt batteri, flere alarmtilstande og p\u00e5lidelig langdistancekommunikation.<\/p>","protected":false},"featured_media":162607,"template":"","meta":{"_acf_changed":false},"product_brand":[],"product_cat":[5064],"product_tag":[],"class_list":{"0":"post-162610","1":"product","2":"type-product","3":"status-publish","4":"has-post-thumbnail","6":"product_cat-securex-sirener","7":"pa_brands-securex-connect-pro","8":"pa_brands-stonehouse-smart","9":"tm-no-options","11":"first","12":"instock","13":"sale","14":"taxable","15":"shipping-taxable","16":"purchasable","17":"product-type-simple"},"acf":[],"_links":{"self":[{"href":"https:\/\/secureus.se\/dk\/wp-json\/wp\/v2\/product\/162610","targetHints":{"allow":["GET"]}}],"collection":[{"href":"https:\/\/secureus.se\/dk\/wp-json\/wp\/v2\/product"}],"about":[{"href":"https:\/\/secureus.se\/dk\/wp-json\/wp\/v2\/types\/product"}],"wp:featuredmedia":[{"embeddable":true,"href":"https:\/\/secureus.se\/dk\/wp-json\/wp\/v2\/media\/162607"}],"wp:attachment":[{"href":"https:\/\/secureus.se\/dk\/wp-json\/wp\/v2\/media?parent=162610"}],"wp:term":[{"taxonomy":"product_brand","embeddable":true,"href":"https:\/\/secureus.se\/dk\/wp-json\/wp\/v2\/product_brand?post=162610"},{"taxonomy":"product_cat","embeddable":true,"href":"https:\/\/secureus.se\/dk\/wp-json\/wp\/v2\/product_cat?post=162610"},{"taxonomy":"product_tag","embeddable":true,"href":"https:\/\/secureus.se\/dk\/wp-json\/wp\/v2\/product_tag?post=162610"}],"curies":[{"name":"wp","href":"https:\/\/api.w.org\/{rel}","templated":true}]}}