{"id":162649,"date":"2025-09-15T11:16:41","date_gmt":"2025-09-15T09:16:41","guid":{"rendered":"https:\/\/secureus.se\/?post_type=product&#038;p=162649"},"modified":"2026-04-20T10:13:32","modified_gmt":"2026-04-20T08:13:32","slug":"securex-connect-pro-kit-touchskarm","status":"publish","type":"product","link":"https:\/\/secureus.se\/dk\/securex-connect-pro-kit-touchskarm\/","title":{"rendered":"SecureX Connect Pro Starter Package \u2013 svensk version med touchscreen, 4G og app"},"content":{"rendered":"<h2>SecureX Connect Pro Kit - dansk version (Komplet startpakke)<\/h2>\n<p>Alarm uden abonnement med 3 \u00e5rs garanti og fuld support via Swedish Stonehouse Security AB.<\/p>\n<p>SecureX Connect Pro er hjertet i SecureX-systemet \u2013 en kraftfuld alarmcentral med <strong>7\u2033 ber\u00f8ringssk\u00e6rm<\/strong> som samler alle SecureX-enheder i \u00e9t system.<\/p>\n<p>Med den enkle opstartsmenu kan alle konfigurere alarmen p\u00e5 cirka 30 minutter. Menuen viser p\u00e5 svensk, hvordan man g\u00f8r det., <span style=\"text-decoration: underline;\"><strong>Menuen f\u00f8lger altid det sprog, du har valgt<\/strong><\/span> at have som standard.<\/p>\n<p>I tilf\u00e6lde af alarm starter sirenerne, og du modtager alarmen p\u00e5 din mobiltelefon via appen. Hvis du har valgt og konfigureret et 4G SIM-kort, sendes en SMS og en talebesked til din telefon.<\/p>\n<p>Stemmen annoncerer p\u00e5 dit sprog, hvilken sektion der er blevet udl\u00f8st, og du kan ogs\u00e5 lytte til, hvad der sker i din ejendom. Hvis du f.eks. har en lydl\u00f8s SOS-alarm, kan personen tale til dig, og du kan tale og kommunikere med dem via hubbens indbyggede mikrofon.<\/p>\n<p>SecureX-alarmen <strong>panel (med display og almindelig tekst), talebeskeder og Stonehouse Smart App<\/strong> tilg\u00e6ngelig p\u00e5:<\/p>\n<p><em><strong><span style=\"text-decoration: underline;\">Svensk, engelsk, tysk, finsk, fransk, hollandsk, polsk, spansk, norsk og dansk.<\/span><\/strong><\/em><\/p>\n<hr \/>\n<ul>\n<li>7\u201d ber\u00f8ringssk\u00e6rm med lang r\u00e6kkevidde\/LoRa<\/li>\n<li>Op til <strong>200 tr\u00e5dl\u00f8se enheder<\/strong><\/li>\n<li><strong>Wi-Fi, 2G og 4G<\/strong> til forbindelse<\/li>\n<li>Indbygget sirene (op til 120 dB) + <strong>backupbatteri 5000 mAh<\/strong><\/li>\n<li>Fjernbetjening og notifikationer via app<\/li>\n<li>Nem at udvide om n\u00f8dvendigt<\/li>\n<\/ul>\n<hr \/>\n<h3>Funktioner og fordele<\/h3>\n<ul>\n<li><strong>7\u201d IPS-ber\u00f8ringssk\u00e6rm (1024\u00d7600)<\/strong> \u2013 klar og nem at bruge<\/li>\n<li>Indbyggede protokoller: <strong>433 MHz (EV1527)<\/strong> og <strong>868 MHz<\/strong> med SecureX-kryptering<\/li>\n<li><strong>Lang r\u00e6kkevidde<\/strong> \u2013 op til ca. <strong>500 meter<\/strong> r\u00e6kkevidde (synslinje)<\/li>\n<li>Hybridunderst\u00f8ttelse: <strong>200 tr\u00e5dl\u00f8se enheder + 8 kablede zoner<\/strong><\/li>\n<li>Indbygget sirene + <strong>sabotagealarm<\/strong><\/li>\n<li><strong>Backup-batteri 5000 mAh<\/strong> \u2013 drift selv under str\u00f8mafbrydelser<\/li>\n<li>Tovejskommunikation og flere n\u00f8dnumre<\/li>\n<li><strong>Gratis OTA-opdateringer<\/strong> via Stonehouse Smart-appen<\/li>\n<li><strong>10 sprog + stemmeinformation:<\/strong> Svensk, norsk, dansk, finsk, engelsk, tysk, polsk, fransk, spansk, hollandsk<\/li>\n<li>Nem installation via <strong>USB-C eller 12V<\/strong><\/li>\n<\/ul>\n<hr \/>\n<h3>App- og smarte integrationer<\/h3>\n<ul>\n<li>Fuld kontrol via <strong>Stonehouse Smart-appen<\/strong><\/li>\n<li><strong>Tuya &amp; Smart Life<\/strong> underst\u00f8ttet (via hub)<\/li>\n<li>Mulighed for at oprette scener\/automatiseringer (f.eks. belysning i tilf\u00e6lde af alarm)<\/li>\n<li>St\u00f8tte til <strong>Google Assistent<\/strong><\/li>\n<\/ul>\n<hr \/>\n<h3>Certificeringer og kvalitet<\/h3>\n<ul>\n<li>CE<\/li>\n<li>RoHS<\/li>\n<li>N\u00c5<\/li>\n<li>FCC-ID (H700)<\/li>\n<li>UKCA (H700)<\/li>\n<li>ERP \u2013 energieffektivt design<\/li>\n<\/ul>\n<hr \/>\n<h3>Dette er inkluderet i SecureX Connect Pro Kit<\/h3>\n<ul>\n<li><strong>1 stk<\/strong> SecureX Connect Pro-panel \u2013 7\u201d LoRa-panel med ber\u00f8ringssk\u00e6rm<\/li>\n<li><strong>2 stk<\/strong> SecureX QuickControl fjernbetjeninger<\/li>\n<li><strong>1 stk<\/strong> SecureX MotionEye Pro \u2013 PIR-bev\u00e6gelsesdetektor<\/li>\n<li><strong>1 stk<\/strong> SecureX DoorSense Pro \u2013 magnetisk kontakt til d\u00f8r\/vindue<\/li>\n<li><strong>3 stk.<\/strong> Selvkl\u00e6bende alarmklisterm\u00e6rker i aluminium i st\u00f8rrelse (A8) 52x74 mm<\/li>\n<li>Panelbeslag til montering<\/li>\n<li>Skruer og plugs til panelmontering<\/li>\n<\/ul>\n<p>&nbsp;<\/p>","protected":false},"excerpt":{"rendered":"<h2>SecureX Connect Pro Kit - dansk version (Komplet startpakke)<\/h2>\n<p class=\"\" data-start=\"307\" data-end=\"466\">Den svenske ber\u00f8ringssk\u00e6rm og den enkle opstartsvejledning g\u00f8r systemet nemt at komme i gang med.<\/p>\n<p class=\"\" data-start=\"307\" data-end=\"466\">Hubben samler alle SecureX-enheder i \u00e9t smart og brugervenligt system.<\/p>\n<p class=\"\" data-start=\"307\" data-end=\"466\">Du modtager alarmer direkte p\u00e5 din mobiltelefon, og med et 4G SIM-kort kan du ogs\u00e5 modtage SMS og talebeskeder i tilf\u00e6lde af alarm.<\/p>\n<p class=\"\" data-start=\"307\" data-end=\"466\">Panelet har indbygget sirene, sabotagealarm, backup-batteri og styres via svensk. <strong data-start=\"348\" data-end=\"374\">Stonehouse Smart-appen<\/strong>, og er kompatibel med <strong data-start=\"399\" data-end=\"420\" data-is-only-node=\"\">Tuya &amp; Smart Life<\/strong>.<\/p>\n<p data-start=\"307\" data-end=\"466\">SecureX-alarmen <strong>panel (med display og almindelig tekst), talebeskeder og Stonehouse Smart App<\/strong> F\u00e5s p\u00e5 svensk, engelsk, tysk, finsk, fransk, hollandsk, polsk, spansk, norsk og dansk.<\/p>","protected":false},"featured_media":162736,"template":"","meta":{"_acf_changed":false},"product_brand":[],"product_cat":[5060,5059],"product_tag":[],"class_list":{"0":"post-162649","1":"product","2":"type-product","3":"status-publish","4":"has-post-thumbnail","6":"product_cat-securex-kit-hub","7":"product_cat-smart-larm-securex","8":"pa_brands-securex-connect-pro","9":"pa_brands-stonehouse-smart","10":"tm-no-options","12":"first","13":"instock","14":"sale","15":"taxable","16":"shipping-taxable","17":"purchasable","18":"product-type-simple"},"acf":[],"_links":{"self":[{"href":"https:\/\/secureus.se\/dk\/wp-json\/wp\/v2\/product\/162649","targetHints":{"allow":["GET"]}}],"collection":[{"href":"https:\/\/secureus.se\/dk\/wp-json\/wp\/v2\/product"}],"about":[{"href":"https:\/\/secureus.se\/dk\/wp-json\/wp\/v2\/types\/product"}],"wp:featuredmedia":[{"embeddable":true,"href":"https:\/\/secureus.se\/dk\/wp-json\/wp\/v2\/media\/162736"}],"wp:attachment":[{"href":"https:\/\/secureus.se\/dk\/wp-json\/wp\/v2\/media?parent=162649"}],"wp:term":[{"taxonomy":"product_brand","embeddable":true,"href":"https:\/\/secureus.se\/dk\/wp-json\/wp\/v2\/product_brand?post=162649"},{"taxonomy":"product_cat","embeddable":true,"href":"https:\/\/secureus.se\/dk\/wp-json\/wp\/v2\/product_cat?post=162649"},{"taxonomy":"product_tag","embeddable":true,"href":"https:\/\/secureus.se\/dk\/wp-json\/wp\/v2\/product_tag?post=162649"}],"curies":[{"name":"wp","href":"https:\/\/api.w.org\/{rel}","templated":true}]}}