{"id":162900,"date":"2026-03-04T16:07:02","date_gmt":"2026-03-04T15:07:02","guid":{"rendered":"https:\/\/secureus.se\/jojo-nyckelhallare-heavy-duty-60-cm-stalwire\/"},"modified":"2026-04-22T08:34:35","modified_gmt":"2026-04-22T06:34:35","slug":"jojo-nyckelhallare-heavy-duty-60-cm-stalwire","status":"publish","type":"product","link":"https:\/\/secureus.se\/dk\/jojo-nyckelhallare-heavy-duty-60-cm-stalwire\/","title":{"rendered":"JOJO N\u00f8gleholder Heavy Duty \u2013 60 cm st\u00e5ltr\u00e5d \u2013 Udtr\u00e6kkelig n\u00f8glespole (sort)"},"content":{"rendered":"<h1 data-start=\"616\" data-end=\"671\">JOJO N\u00f8gleholder Heavy Duty \u2013 60 cm st\u00e5ltr\u00e5d \u2013 Udtr\u00e6kkelig n\u00f8glespole (sort)<\/h1>\n<p data-start=\"673\" data-end=\"966\">Denne <strong data-start=\"679\" data-end=\"712\">Robust JOJO n\u00f8gleholder<\/strong> er designet til professionelle brugere, der har brug for en p\u00e5lidelig l\u00f8sning til n\u00f8gler og adgangskort.<\/p>\n<p data-start=\"673\" data-end=\"966\">Den udtr\u00e6kkelige <strong data-start=\"830\" data-end=\"858\">st\u00e5ltr\u00e5d p\u00e5 cirka 60 cm<\/strong> g\u00f8r det nemt at bruge n\u00f8gler eller RFID-kort uden at skulle tage dem af b\u00e6ltet eller arbejdst\u00f8jet.<\/p>\n<p data-start=\"968\" data-end=\"1083\">Den slidst\u00e6rke plast- og metalkonstruktion g\u00f8r modellen velegnet til daglig brug i kr\u00e6vende milj\u00f8er som f.eks.:<\/p>\n<ul data-start=\"1085\" data-end=\"1201\">\n<li data-start=\"1085\" data-end=\"1104\">\n<p data-start=\"1087\" data-end=\"1104\">Ejendomsadministration<\/p>\n<\/li>\n<li data-start=\"1105\" data-end=\"1126\">\n<p data-start=\"1107\" data-end=\"1126\">Byggepladser<\/p>\n<\/li>\n<li data-start=\"1127\" data-end=\"1149\">\n<p data-start=\"1129\" data-end=\"1149\">Industri og lager<\/p>\n<\/li>\n<li data-start=\"1150\" data-end=\"1174\">\n<p data-start=\"1152\" data-end=\"1174\">Service og teknikere<\/p>\n<\/li>\n<li data-start=\"1175\" data-end=\"1201\">\n<p data-start=\"1177\" data-end=\"1201\">Sikkerhed og overv\u00e5gning<\/p>\n<\/li>\n<\/ul>\n<p data-start=\"1203\" data-end=\"1386\">JOJO holder dine n\u00f8gler sikre, mens de altid er lige ved h\u00e5nden. Perfekt til personale, der h\u00e5ndterer adgangskontrolsystemer, teknisk udstyr eller flere n\u00f8gler i l\u00f8bet af arbejdsdagen.<\/p>\n<hr data-start=\"1388\" data-end=\"1391\" \/>\n<h2 data-start=\"1393\" data-end=\"1407\">Perfekt til<\/h2>\n<ul data-start=\"1409\" data-end=\"1505\">\n<li data-start=\"1409\" data-end=\"1426\">\n<p data-start=\"1411\" data-end=\"1426\">N\u00f8gleringe<\/p>\n<\/li>\n<li data-start=\"1427\" data-end=\"1441\">\n<p data-start=\"1429\" data-end=\"1441\">Adgangskort<\/p>\n<\/li>\n<li data-start=\"1442\" data-end=\"1457\">\n<p data-start=\"1444\" data-end=\"1457\">RFID tags<\/p>\n<\/li>\n<li data-start=\"1458\" data-end=\"1472\">\n<p data-start=\"1460\" data-end=\"1472\">ID-kort<\/p>\n<\/li>\n<li data-start=\"1473\" data-end=\"1505\">\n<p data-start=\"1475\" data-end=\"1505\">Servicepersonale og teknikere<\/p>\n<\/li>\n<\/ul>\n<hr data-start=\"1507\" data-end=\"1510\" \/>\n<h2 data-start=\"1512\" data-end=\"1523\">Fordele<\/h2>\n<ul data-start=\"1525\" data-end=\"1752\">\n<li data-start=\"1525\" data-end=\"1581\">\n<p data-start=\"1527\" data-end=\"1581\">Robust konstruktion til professionel brug<\/p>\n<\/li>\n<li data-start=\"1582\" data-end=\"1617\">\n<p data-start=\"1584\" data-end=\"1617\">Udtr\u00e6kkelig <strong data-start=\"1594\" data-end=\"1615\">st\u00e5ltr\u00e5d ca. 60 cm<\/strong><\/p>\n<\/li>\n<li data-start=\"1618\" data-end=\"1654\">\n<p data-start=\"1620\" data-end=\"1654\">Robust design i plastik og metal<\/p>\n<\/li>\n<li data-start=\"1655\" data-end=\"1706\">\n<p data-start=\"1657\" data-end=\"1706\">Velegnet til n\u00f8gler, adgangskort og RFID-tags<\/p>\n<\/li>\n<li data-start=\"1707\" data-end=\"1752\">\n<p data-start=\"1709\" data-end=\"1752\">Perfekt til sikkerhed, ejendom og service<\/p>\n<\/li>\n<\/ul>\n<hr data-start=\"1754\" data-end=\"1757\" \/>\n<h2 data-start=\"1759\" data-end=\"1783\">Teknisk specifikation<\/h2>\n<p data-start=\"1785\" data-end=\"1812\">Materiale<br data-start=\"1793\" data-end=\"1796\" \/>Plast \/ Metal<\/p>\n<p data-start=\"1814\" data-end=\"1828\">Farve<br data-start=\"1818\" data-end=\"1821\" \/>Sort<\/p>\n<p data-start=\"1830\" data-end=\"1846\">V\u00e6gt<br data-start=\"1834\" data-end=\"1837\" \/>omkring 36 g<\/p>\n<p data-start=\"1848\" data-end=\"1879\">Ledningsl\u00e6ngde<br data-start=\"1857\" data-end=\"1860\" \/>ca. 60 cm (st\u00e5ltr\u00e5d)<\/p>","protected":false},"excerpt":{"rendered":"<p data-start=\"388\" data-end=\"644\">Kraftig <strong data-start=\"396\" data-end=\"447\">JOJO n\u00f8gleholder med forl\u00e6ngelig 60 cm st\u00e5lkabel<\/strong>, udviklet til byggeri, industri og andre kr\u00e6vende arbejdsmilj\u00f8er.<\/p>\n<p data-start=\"388\" data-end=\"644\">Den robuste konstruktion g\u00f8r den perfekt til n\u00f8gler, adgangskort og ID-kort, der skal v\u00e6re let tilg\u00e6ngelige i l\u00f8bet af arbejdsdagen.<\/p>\n<p data-start=\"646\" data-end=\"747\">Robust design, der kan h\u00e5ndtere daglig brug inden for omr\u00e5der som byggeri, ejendomme, service og sikkerhed.<\/p>","protected":false},"featured_media":162896,"template":"","meta":{"_acf_changed":false},"product_brand":[],"product_cat":[1676,2901],"product_tag":[2958],"class_list":{"0":"post-162900","1":"product","2":"type-product","3":"status-publish","4":"has-post-thumbnail","6":"product_cat-jojos-och-nyckelringar","7":"product_cat-jojo-yoyo-alltid-i-lager","8":"product_tag-stonehouse-produkt","9":"product_shipping_class-postnord-varubrev","10":"pa_brands-stonehouse-security","11":"pa_farg-svart","12":"pa_rfid-tillbehor-jojo","13":"tm-no-options","15":"first","16":"instock","17":"sale","18":"featured","19":"taxable","20":"shipping-taxable","21":"purchasable","22":"product-type-simple"},"acf":[],"_links":{"self":[{"href":"https:\/\/secureus.se\/dk\/wp-json\/wp\/v2\/product\/162900","targetHints":{"allow":["GET"]}}],"collection":[{"href":"https:\/\/secureus.se\/dk\/wp-json\/wp\/v2\/product"}],"about":[{"href":"https:\/\/secureus.se\/dk\/wp-json\/wp\/v2\/types\/product"}],"wp:featuredmedia":[{"embeddable":true,"href":"https:\/\/secureus.se\/dk\/wp-json\/wp\/v2\/media\/162896"}],"wp:attachment":[{"href":"https:\/\/secureus.se\/dk\/wp-json\/wp\/v2\/media?parent=162900"}],"wp:term":[{"taxonomy":"product_brand","embeddable":true,"href":"https:\/\/secureus.se\/dk\/wp-json\/wp\/v2\/product_brand?post=162900"},{"taxonomy":"product_cat","embeddable":true,"href":"https:\/\/secureus.se\/dk\/wp-json\/wp\/v2\/product_cat?post=162900"},{"taxonomy":"product_tag","embeddable":true,"href":"https:\/\/secureus.se\/dk\/wp-json\/wp\/v2\/product_tag?post=162900"}],"curies":[{"name":"wp","href":"https:\/\/api.w.org\/{rel}","templated":true}]}}