{"id":163651,"date":"2026-04-09T15:34:58","date_gmt":"2026-04-09T13:34:58","guid":{"rendered":"https:\/\/secureus.se\/?post_type=product&#038;p=163651"},"modified":"2026-04-09T16:08:56","modified_gmt":"2026-04-09T14:08:56","slug":"securex-connect-pro-larmpaket-villa-svensk-version","status":"publish","type":"product","link":"https:\/\/secureus.se\/dk\/securex-connect-pro-larmpaket-villa-svensk-version\/","title":{"rendered":"SecureX Connect Pro Alarmpakke Villa \u2013 svensk version"},"content":{"rendered":"<h2>SecureX Connect Pro Kit \u2013 Svensk version (Komplett villapaket)<\/h2>\n<p>Alarm uden abonnement med 3 \u00e5rs garanti og fuld support via Swedish Stonehouse Security AB.<\/p>\n<p>SecureX Connect Pro er hjertet i SecureX-systemet \u2013 en kraftfuld alarmcentral med <strong>7\u2033 ber\u00f8ringssk\u00e6rm<\/strong> som samler alle SecureX-enheder i \u00e9t system.<\/p>\n<p>Med den enkle opstartsmenu kan alle konfigurere alarmen p\u00e5 cirka 30 minutter. Menuen viser p\u00e5 svensk, hvordan man g\u00f8r det., <span style=\"text-decoration: underline;\"><strong>Menuen f\u00f8lger altid det sprog, du har valgt<\/strong><\/span> at have som standard.<\/p>\n<p>I tilf\u00e6lde af alarm starter sirenerne, og du modtager alarmen p\u00e5 din mobiltelefon via appen. Hvis du har valgt og konfigureret et 4G SIM-kort, sendes en SMS og en talebesked til din telefon.<\/p>\n<p>Stemmen annoncerer p\u00e5 dit sprog, hvilken sektion der er blevet udl\u00f8st, og du kan ogs\u00e5 lytte til, hvad der sker i din ejendom. Hvis du f.eks. har en lydl\u00f8s SOS-alarm, kan personen tale til dig, og du kan tale og kommunikere med dem via hubbens indbyggede mikrofon.<\/p>\n<p>SecureX-alarmen <strong>panel (med display og almindelig tekst), talebeskeder og Stonehouse Smart App<\/strong> tilg\u00e6ngelig p\u00e5:<\/p>\n<p><em><strong><span style=\"text-decoration: underline;\">Svensk, engelsk, tysk, finsk, fransk, hollandsk, polsk, spansk, norsk og dansk.<\/span><\/strong><\/em><\/p>\n<hr \/>\n<ul>\n<li>7\u201d ber\u00f8ringssk\u00e6rm med lang r\u00e6kkevidde\/LoRa<\/li>\n<li>Op til <strong>200 tr\u00e5dl\u00f8se enheder<\/strong><\/li>\n<li><strong>Wi-Fi, 2G og 4G<\/strong> til forbindelse<\/li>\n<li>Indbygget sirene (op til 120 dB) + <strong>backupbatteri 5000 mAh<\/strong><\/li>\n<li>Fjernbetjening og notifikationer via app<\/li>\n<li>Nem at udvide om n\u00f8dvendigt<\/li>\n<\/ul>\n<hr \/>\n<h3>Funktioner og fordele<\/h3>\n<ul>\n<li><strong>7\u201d IPS-ber\u00f8ringssk\u00e6rm (1024\u00d7600)<\/strong> \u2013 klar og nem at bruge<\/li>\n<li>Indbyggede protokoller: <strong>433 MHz (EV1527)<\/strong> og <strong>868 MHz<\/strong> med SecureX-kryptering<\/li>\n<li><strong>Lang r\u00e6kkevidde<\/strong> \u2013 op til ca. <strong>500 meter<\/strong> r\u00e6kkevidde (synslinje)<\/li>\n<li>Hybridunderst\u00f8ttelse: <strong>200 tr\u00e5dl\u00f8se enheder + 8 kablede zoner<\/strong><\/li>\n<li>Indbygget sirene + <strong>sabotagealarm<\/strong><\/li>\n<li><strong>Backup-batteri 5000 mAh<\/strong> \u2013 drift selv under str\u00f8mafbrydelser<\/li>\n<li>Tovejskommunikation og flere n\u00f8dnumre<\/li>\n<li><strong>Gratis OTA-opdateringer<\/strong> via Stonehouse Smart-appen<\/li>\n<li><strong>10 sprog + stemmeinformation:<\/strong> Svensk, norsk, dansk, finsk, engelsk, tysk, polsk, fransk, spansk, hollandsk<\/li>\n<li>Nem installation via <strong>USB-C eller 12V<\/strong><\/li>\n<\/ul>\n<hr \/>\n<h3>App- og smarte integrationer<\/h3>\n<ul>\n<li>Fuld kontrol via <strong>Stonehouse Smart-appen<\/strong><\/li>\n<li><strong>Tuya &amp; Smart Life<\/strong> underst\u00f8ttet (via hub)<\/li>\n<li>Mulighed for at oprette scener\/automatiseringer (f.eks. belysning i tilf\u00e6lde af alarm)<\/li>\n<li>St\u00f8tte til <strong>Google Assistent<\/strong><\/li>\n<\/ul>\n<hr \/>\n<h3>Certificeringer og kvalitet<\/h3>\n<ul>\n<li>CE<\/li>\n<li>RoHS<\/li>\n<li>N\u00c5<\/li>\n<li>FCC-ID (H700)<\/li>\n<li>UKCA (H700)<\/li>\n<li>ERP \u2013 energieffektivt design<\/li>\n<\/ul>\n<hr \/>\n<h3>Detta ing\u00e5r i SecureX Connect Pro Villa Kit<\/h3>\n<ul>\n<li><strong>1 stk<\/strong> SecureX Connect Pro-panel \u2013 7\u201d LoRa-panel med ber\u00f8ringssk\u00e6rm<\/li>\n<li><strong>2 stk<\/strong> SecureX QuickControl fjernbetjeninger<\/li>\n<li><strong>4 st<\/strong> SecureX MotionEye Pro \u2013 PIR-bev\u00e6gelsesdetektor<\/li>\n<li><strong>3 stk.<\/strong> SecureX DoorSense Pro \u2013 magnetisk kontakt til d\u00f8r\/vindue<\/li>\n<li><strong>2 stk<\/strong> SecureX SmokeGuard &#8211; Interconnected r\u00f6kdetetektor med 10 \u00e5rs livsl\u00e4ngd<\/li>\n<li><strong>3 stk.<\/strong> Selvkl\u00e6bende alarmklisterm\u00e6rker i aluminium i st\u00f8rrelse (A8) 52x74 mm<\/li>\n<li>Panelbeslag til montering<\/li>\n<li>Skruer og plugs til panelmontering<\/li>\n<\/ul>\n<p>&nbsp;<\/p>","protected":false},"excerpt":{"rendered":"<div class=\"flex flex-col text-sm pb-25\">\n<section class=\"text-token-text-primary w-full focus:outline-none [--shadow-height:45px] has-data-writing-block:pointer-events-none has-data-writing-block:-mt-(--shadow-height) has-data-writing-block:pt-(--shadow-height) [&amp;:has([data-writing-block])&gt;*]:pointer-events-auto scroll-mt-[calc(var(--header-height)+min(200px,max(70px,20svh)))]\" dir=\"auto\" data-turn-id=\"request-WEB:49b43856-904b-4adc-a395-8f9ed8638279-13\" data-testid=\"conversation-turn-28\" data-scroll-anchor=\"true\" data-turn=\"assistant\">\n<div class=\"text-base my-auto mx-auto pb-10 [--thread-content-margin:var(--thread-content-margin-xs,calc(var(--spacing)*4))] @w-sm\/main:[--thread-content-margin:var(--thread-content-margin-sm,calc(var(--spacing)*6))] @w-lg\/main:[--thread-content-margin:var(--thread-content-margin-lg,calc(var(--spacing)*16))] px-(--thread-content-margin)\">\n<div class=\"[--thread-content-max-width:40rem] @w-lg\/main:[--thread-content-max-width:48rem] mx-auto max-w-(--thread-content-max-width) flex-1 group\/turn-messages focus-visible:outline-hidden relative flex w-full min-w-0 flex-col agent-turn\">\n<div class=\"flex max-w-full flex-col gap-4 grow\">\n<div class=\"min-h-8 text-message relative flex w-full flex-col items-end gap-2 text-start break-words whitespace-normal outline-none keyboard-focused:focus-ring [.text-message+&amp;]:mt-1\" dir=\"auto\" tabindex=\"0\" data-message-author-role=\"assistant\" data-message-id=\"1d784d06-f863-40b2-9537-d62fccac1cf5\" data-message-model-slug=\"gpt-5-4-thinking\" data-turn-start-message=\"true\">\n<div class=\"flex w-full flex-col gap-1 empty:hidden\">\n<div class=\"markdown prose dark:prose-invert w-full wrap-break-word light markdown-new-styling\">\n<p data-start=\"69\" data-end=\"187\"><strong data-start=\"69\" data-end=\"102\">SecureX Connect Pro Villa Kit<\/strong> \u00e4r ett komplett och ut\u00f6kat larmpaket f\u00f6r villa med skydd mot b\u00e5de inbrott och brand.<\/p>\n<p data-start=\"734\" data-end=\"904\">Den <strong data-start=\"738\" data-end=\"762\">enkla uppstartsmenyn<\/strong> guidar dig steg f\u00f6r steg vid installationen, vilket g\u00f6r systemet smidigt att komma ig\u00e5ng med \u00e4ven f\u00f6r dig som inte installerat larm tidigare.<\/p>\n<p data-start=\"1211\" data-end=\"1276\"><strong data-start=\"1211\" data-end=\"1230\">Certifieringar:<\/strong> CE, RoHS, REACH, FCC ID (H700), UKCA och ERP.<\/p>\n<p data-start=\"1278\" data-end=\"1394\" data-is-last-node=\"\" data-is-only-node=\"\">Larmet \u00e4r <strong data-start=\"1288\" data-end=\"1307\">utan abonnemang<\/strong>, levereras med <strong data-start=\"1323\" data-end=\"1340\">3 \u00e5rs garanti<\/strong> och support.<\/p>\n<\/div>\n<\/div>\n<\/div>\n<\/div>\n<div class=\"z-0 flex min-h-[46px] justify-start\"><\/div>\n<div class=\"mt-3 w-full empty:hidden\">\n<div class=\"text-center\"><\/div>\n<\/div>\n<\/div>\n<\/div>\n<\/section>\n<\/div>\n<div class=\"pointer-events-none h-px w-px absolute bottom-0\" aria-hidden=\"true\" data-edge=\"true\"><\/div>\n","protected":false},"featured_media":164316,"template":"","meta":{"_acf_changed":false},"product_brand":[],"product_cat":[5060,5059],"product_tag":[],"class_list":{"0":"post-163651","1":"product","2":"type-product","3":"status-publish","4":"has-post-thumbnail","6":"product_cat-securex-kit-hub","7":"product_cat-smart-larm-securex","8":"pa_brands-securex-connect-pro","9":"pa_brands-stonehouse-smart","10":"tm-no-options","12":"first","13":"instock","14":"sale","15":"taxable","16":"shipping-taxable","17":"purchasable","18":"product-type-woosb"},"acf":[],"_links":{"self":[{"href":"https:\/\/secureus.se\/dk\/wp-json\/wp\/v2\/product\/163651","targetHints":{"allow":["GET"]}}],"collection":[{"href":"https:\/\/secureus.se\/dk\/wp-json\/wp\/v2\/product"}],"about":[{"href":"https:\/\/secureus.se\/dk\/wp-json\/wp\/v2\/types\/product"}],"wp:featuredmedia":[{"embeddable":true,"href":"https:\/\/secureus.se\/dk\/wp-json\/wp\/v2\/media\/164316"}],"wp:attachment":[{"href":"https:\/\/secureus.se\/dk\/wp-json\/wp\/v2\/media?parent=163651"}],"wp:term":[{"taxonomy":"product_brand","embeddable":true,"href":"https:\/\/secureus.se\/dk\/wp-json\/wp\/v2\/product_brand?post=163651"},{"taxonomy":"product_cat","embeddable":true,"href":"https:\/\/secureus.se\/dk\/wp-json\/wp\/v2\/product_cat?post=163651"},{"taxonomy":"product_tag","embeddable":true,"href":"https:\/\/secureus.se\/dk\/wp-json\/wp\/v2\/product_tag?post=163651"}],"curies":[{"name":"wp","href":"https:\/\/api.w.org\/{rel}","templated":true}]}}