{"id":163762,"date":"2026-02-25T11:40:11","date_gmt":"2026-02-25T10:40:11","guid":{"rendered":"https:\/\/secureus.se\/securex-vision-r7-4mp-inomhuskamera-skarm-videosamtal\/"},"modified":"2026-04-09T16:43:13","modified_gmt":"2026-04-09T14:43:13","slug":"securex-vision-r7-4mp-inomhuskamera-skarm-videosamtal","status":"publish","type":"product","link":"https:\/\/secureus.se\/dk\/securex-vision-r7-4mp-inomhuskamera-skarm-videosamtal\/","title":{"rendered":"SecureX Vision R7 Home 4MP Indend\u00f8rskamera med Sk\u00e6rm | Videoopkald | 2.4G\/5G WiFi"},"content":{"rendered":"<h3 data-section-id=\"1wjzkjz\" data-start=\"0\" data-end=\"83\">SecureX Vision R7 Home 4MP Indend\u00f8rskamera med Sk\u00e6rm | Videoopkald | 2.4G\/5G WiFi<\/h3>\n<p data-start=\"85\" data-end=\"466\">SecureX Vision R7 Home er et smart indend\u00f8rskamera, der kombinerer skarpe billeder, nem kommunikation og tydelig privatlivsbeskyttelse via linsebeskyttelse.<\/p>\n<p data-start=\"85\" data-end=\"466\">Den er perfekt som babyalarm, k\u00e6ledyrskamera eller ekstra sikkerhed derhjemme og p\u00e5 kontoret. Takket v\u00e6re den indbyggede <strong data-start=\"324\" data-end=\"342\">2,8 tommer sk\u00e6rm<\/strong> og <strong data-start=\"347\" data-end=\"362\">videoopkald<\/strong> Du kan hurtigt komme i kontakt med din familie direkte via kameraet, mens du har fuld kontrol over din mobiltelefon.<\/p>\n<p data-start=\"468\" data-end=\"646\">Kameraet styres i <strong data-start=\"484\" data-end=\"510\">Stonehouse Smart-appen<\/strong>, hvilket er <strong data-start=\"519\" data-end=\"542\">kompatibel med Tuya<\/strong> og <strong data-start=\"547\" data-end=\"561\">Smart hjem<\/strong>, hvilket g\u00f8r installationen problemfri og giver en stabil platform til daglig brug.<\/p>\n<hr data-start=\"648\" data-end=\"651\" \/>\n<h2 data-section-id=\"1gpnp0r\" data-start=\"653\" data-end=\"698\">Skarpt 4MP-billede og bredt udsyn over rummet<\/h2>\n<p data-start=\"699\" data-end=\"953\">Med <strong data-start=\"703\" data-end=\"721\">4MP opl\u00f8sning<\/strong> Du f\u00e5r et klarere billede end standard 1080p, hvilket g\u00f8r det nemmere at se detaljer. Kameraet har en <strong data-start=\"821\" data-end=\"836\">3,6 mm linse<\/strong> og kan panorere vandret op til <strong data-start=\"876\" data-end=\"884\">355\u00b0<\/strong>, s\u00e5 du kan d\u00e6kke store dele af rummet og f\u00e5 et bedre helhedsbillede.<\/p>\n<hr data-start=\"955\" data-end=\"958\" \/>\n<h2 data-section-id=\"1prpgli\" data-start=\"960\" data-end=\"1003\">Videoopkald og smarte opkaldsfunktioner<\/h2>\n<p data-start=\"1004\" data-end=\"1155\">Den indbyggede sk\u00e6rm g\u00f8r kameraet ekstra praktisk i hverdagen. Du kan bruge <strong data-start=\"1079\" data-end=\"1094\">videoopkald<\/strong> at tale med b\u00f8rn, \u00e6ldre sl\u00e6gtninge eller andre i hjemmet.<\/p>\n<p data-start=\"1157\" data-end=\"1361\">Der er ogs\u00e5 en <strong data-start=\"1175\" data-end=\"1198\">fysisk opkaldsknap<\/strong> p\u00e5 enheden, og kameraet underst\u00f8tter, at \u00e9t kamera kalder et andet kamera. Dette kan v\u00e6re nyttigt, hvis du \u00f8nsker nem kommunikation mellem to rum eller to steder.<\/p>\n<hr data-start=\"1363\" data-end=\"1366\" \/>\n<h2 data-section-id=\"1d0114u\" data-start=\"1368\" data-end=\"1408\">Privatlivsbeskyttelse, der f\u00f8les \u00e6gte<\/h2>\n<p data-start=\"1409\" data-end=\"1468\">SecureX Vision R7 Home har et klart fokus p\u00e5 privatliv:<\/p>\n<ul data-start=\"1470\" data-end=\"1638\">\n<li data-section-id=\"pp1ji9\" data-start=\"1470\" data-end=\"1568\">\n<p data-start=\"1472\" data-end=\"1568\"><strong data-start=\"1472\" data-end=\"1491\">Privatlivstilstand<\/strong> som kan aktiveres i appen, s\u00e5 s\u00e6ttes videostreamen p\u00e5 pause, og mikrofonen slukkes<\/p>\n<\/li>\n<li data-section-id=\"1esn4b2\" data-start=\"1569\" data-end=\"1638\">\n<p data-start=\"1571\" data-end=\"1638\"><strong data-start=\"1571\" data-end=\"1591\">Fysisk linsebeskyttelse<\/strong> der d\u00e6kker linsen, n\u00e5r du vil v\u00e6re helt privat<\/p>\n<\/li>\n<\/ul>\n<p data-start=\"1640\" data-end=\"1738\">Det betyder, at kameraet fungerer lige s\u00e5 godt, n\u00e5r du vil overv\u00e5ge, som n\u00e5r du vil f\u00f8le dig uforstyrret derhjemme.<\/p>\n<hr data-start=\"1740\" data-end=\"1743\" \/>\n<h2 data-section-id=\"1ki735n\" data-start=\"1745\" data-end=\"1778\">Tovejslyd med st\u00f8jreduktion<\/h2>\n<p data-start=\"1779\" data-end=\"1985\">Kameraet har <strong data-start=\"1791\" data-end=\"1806\">tovejs lyd<\/strong> med <strong data-start=\"1811\" data-end=\"1829\">st\u00f8jreduktion<\/strong>, hvilket giver klarere samtaler.<\/p>\n<p data-start=\"1779\" data-end=\"1985\">Den er udstyret med <strong data-start=\"1880\" data-end=\"1912\">en mikrofon og en h\u00f8jttaler<\/strong>, s\u00e5 du kan tale og lytte direkte via appen, selv n\u00e5r du ikke er hjemme.<\/p>\n<hr data-start=\"1987\" data-end=\"1990\" \/>\n<h2 data-section-id=\"100p609\" data-start=\"1992\" data-end=\"2033\">Nattesyn og alarm med hurtige notifikationer<\/h2>\n<p data-start=\"2034\" data-end=\"2217\">N\u00e5r det bliver m\u00f8rkt, tager kameraet <strong data-start=\"2066\" data-end=\"2083\">IR-nattesyn<\/strong> ovenfor, med usynlige IR-dioder og r\u00e6kkevidde op til <strong data-start=\"2135\" data-end=\"2147\">10 meter<\/strong>.<\/p>\n<p data-start=\"2034\" data-end=\"2217\">Kameraet kan reagere p\u00e5 begge dele <strong data-start=\"2177\" data-end=\"2188\">bev\u00e6gelse<\/strong> og <strong data-start=\"2193\" data-end=\"2201\">sund<\/strong>, og du kan f\u00e5:<\/p>\n<ul data-start=\"2219\" data-end=\"2337\">\n<li data-section-id=\"1s0fw60\" data-start=\"2219\" data-end=\"2272\">\n<p data-start=\"2221\" data-end=\"2272\"><strong data-start=\"2221\" data-end=\"2236\">Push-notifikationer<\/strong> hurtigt, ofte inden for 1 til 2 sekunder<\/p>\n<\/li>\n<li data-section-id=\"1bpyrub\" data-start=\"2273\" data-end=\"2297\">\n<p data-start=\"2275\" data-end=\"2297\">Alarmer i appen i realtid<\/p>\n<\/li>\n<li data-section-id=\"12i8kev\" data-start=\"2298\" data-end=\"2337\">\n<p data-start=\"2300\" data-end=\"2337\"><strong data-start=\"2300\" data-end=\"2309\">Sirene<\/strong> som kan aktiveres efter behov<\/p>\n<\/li>\n<\/ul>\n<p data-start=\"2339\" data-end=\"2427\">Kameraet er ogs\u00e5 hurtigt til at &quot;v\u00e5gne op&quot;, hvilket giver en mere \u00f8jeblikkelig oplevelse, n\u00e5r man ser live.<\/p>\n<hr data-start=\"2429\" data-end=\"2432\" \/>\n<h2 data-section-id=\"68gfoq\" data-start=\"2434\" data-end=\"2477\">Optagelse d\u00f8gnet rundt og under begivenheder<\/h2>\n<p data-start=\"2478\" data-end=\"2498\">Du kan v\u00e6lge mellem:<\/p>\n<ul data-start=\"2499\" data-end=\"2589\">\n<li data-section-id=\"11q0oug\" data-start=\"2499\" data-end=\"2541\">\n<p data-start=\"2501\" data-end=\"2541\"><strong data-start=\"2501\" data-end=\"2526\">24 timers optagelse<\/strong> (sammenh\u00e6ngende)<\/p>\n<\/li>\n<li data-section-id=\"1qr1ta8\" data-start=\"2542\" data-end=\"2589\">\n<p data-start=\"2544\" data-end=\"2589\"><strong data-start=\"2544\" data-end=\"2566\">Optagelse af begivenhed<\/strong> ved bev\u00e6gelse eller alarm<\/p>\n<\/li>\n<\/ul>\n<p data-start=\"2591\" data-end=\"2677\">Dette giver dig fleksibilitet afh\u00e6ngigt af, om du vil optage alt eller kun n\u00e5r noget sker.<\/p>\n<hr data-start=\"2679\" data-end=\"2682\" \/>\n<h2 data-section-id=\"189c860\" data-start=\"2684\" data-end=\"2715\">Lagring med MicroSD og cloud-lagring til video i Stonehouse Smart-appen.<\/h2>\n<p data-start=\"2716\" data-end=\"2933\">Kameraet underst\u00f8tter <strong data-start=\"2732\" data-end=\"2769\">MicroSD (TF-kort) op til 128 GB<\/strong> til lokal optagelse.<\/p>\n<p data-start=\"2716\" data-end=\"2933\">Det har ogs\u00e5 <strong data-start=\"2806\" data-end=\"2821\">cloud-lagring<\/strong> med <strong data-start=\"2826\" data-end=\"2856\">7 dages gratis pr\u00f8veperiode<\/strong> (hvis du vil bruge cloud i stedet for eller i till\u00e6g til hukommelseskort).<\/p>\n<p data-start=\"2716\" data-end=\"2933\"><img decoding=\"async\" class=\"alignnone wp-image-163832\" src=\"https:\/\/secureus.se\/wp-content\/uploads\/2026\/02\/monlagring-7-dagar-ingar.png\" alt=\"\" width=\"347\" height=\"150\" srcset=\"https:\/\/secureus.se\/wp-content\/uploads\/2026\/02\/monlagring-7-dagar-ingar.png 602w, https:\/\/secureus.se\/wp-content\/uploads\/2026\/02\/monlagring-7-dagar-ingar-18x8.png 18w, https:\/\/secureus.se\/wp-content\/uploads\/2026\/02\/monlagring-7-dagar-ingar-350x151.png 350w, https:\/\/secureus.se\/wp-content\/uploads\/2026\/02\/monlagring-7-dagar-ingar-64x28.png 64w\" sizes=\"(max-width: 347px) 100vw, 347px\" \/><br \/>\n<strong data-start=\"73\" data-end=\"127\">Pr\u00f8v cloud-lagring gratis i 7 dage direkte i appen.<\/strong><br data-start=\"127\" data-end=\"130\" \/>Kompatible SecureX-kameraer inkluderer en gratis pr\u00f8veperiode p\u00e5 cloudlagring, perfekt hvis du vil pr\u00f8ve cloudlagring af video som alternativ til hukommelseskort eller som en ekstra sikker backup.<\/p>\n<hr data-start=\"2935\" data-end=\"2938\" \/>\n<h2 data-section-id=\"ssu35u\" data-start=\"2940\" data-end=\"3004\">Stabil forbindelse med 2.4G og 5G WiFi samt Bluetooth-parring<\/h2>\n<p data-start=\"3005\" data-end=\"3177\">SecureX Vision R7 Home underst\u00f8tter <strong data-start=\"3036\" data-end=\"3054\">dobbeltb\u00e5nds-WiFi<\/strong>, begge <strong data-start=\"3061\" data-end=\"3082\">2,4 GHz og 5 GHz<\/strong>, hvilket g\u00f8r det nemmere at f\u00e5 en stabil forbindelse i forskellige hjem. Installationen er problemfri via:<\/p>\n<ul data-start=\"3178\" data-end=\"3222\">\n<li data-section-id=\"1pwomwu\" data-start=\"3178\" data-end=\"3201\">\n<p data-start=\"3180\" data-end=\"3201\"><strong data-start=\"3180\" data-end=\"3201\">Bluetooth-parring<\/strong><\/p>\n<\/li>\n<li data-section-id=\"6n413z\" data-start=\"3202\" data-end=\"3222\">\n<p data-start=\"3204\" data-end=\"3222\"><strong data-start=\"3204\" data-end=\"3222\">QR-kodescanning<\/strong><\/p>\n<\/li>\n<\/ul>\n<p data-start=\"3224\" data-end=\"3321\">Kameraet bruges med <strong data-start=\"3244\" data-end=\"3270\">Stonehouse Smart-appen<\/strong> og er kompatibel med <strong data-start=\"3293\" data-end=\"3301\">Tuya<\/strong> og <strong data-start=\"3306\" data-end=\"3320\">Smart hjem<\/strong>.<\/p>\n<hr data-start=\"3323\" data-end=\"3326\" \/>\n<h2 data-section-id=\"10zgi1z\" data-start=\"3328\" data-end=\"3363\">Ekstra smarte detaljer i hverdagen<\/h2>\n<p data-start=\"3364\" data-end=\"3433\">Udover overv\u00e5gning og opkald har kameraet flere praktiske funktioner:<\/p>\n<ul data-start=\"3434\" data-end=\"3539\">\n<li data-section-id=\"1sxozmx\" data-start=\"3434\" data-end=\"3477\">\n<p data-start=\"3436\" data-end=\"3477\"><strong data-start=\"3436\" data-end=\"3477\">Temperatur- og luftfugtighedsvisning<\/strong><\/p>\n<\/li>\n<li data-section-id=\"1s3ujnl\" data-start=\"3478\" data-end=\"3539\">\n<p data-start=\"3480\" data-end=\"3539\">Mulighed for at sp\u00f8rge <strong data-start=\"3501\" data-end=\"3528\">baggrundsbillede\/tapet<\/strong> p\u00e5 sk\u00e6rmen<\/p>\n<\/li>\n<\/ul>\n<h3 data-section-id=\"6lr8u8\" data-start=\"148\" data-end=\"176\"><\/h3>\n<h3 data-section-id=\"6lr8u8\" data-start=\"148\" data-end=\"176\">Tekniske specifikationer<\/h3>\n<p data-start=\"178\" data-end=\"296\"><strong data-start=\"178\" data-end=\"193\">L\u00f8sning:<\/strong> 4MP skarpt og detaljeret billede<br data-start=\"222\" data-end=\"225\" \/>Giver klare livebilleder og optagelser med god skarphed til hjemmet og kontoret.<\/p>\n<p data-start=\"298\" data-end=\"399\"><strong data-start=\"298\" data-end=\"308\">Sk\u00e6rm:<\/strong> 2,8 tommer indbygget sk\u00e6rm<br data-start=\"332\" data-end=\"335\" \/>J\u00e6vnt overblik direkte p\u00e5 enheden under installation og inspektion.<\/p>\n<p data-start=\"401\" data-end=\"478\"><strong data-start=\"401\" data-end=\"410\">Linse:<\/strong> 3,6 mm<br data-start=\"417\" data-end=\"420\" \/>Balanceret synsvinkel, der effektivt d\u00e6kker rummet.<\/p>\n<p data-start=\"480\" data-end=\"587\"><strong data-start=\"480\" data-end=\"495\">Panorering:<\/strong> 0\u00b0 til 355\u00b0 vandret rotation<br data-start=\"529\" data-end=\"532\" \/>N\u00e6sten fuld 360\u00b0 d\u00e6kning, s\u00e5 du minimerer d\u00f8de vinkler.<\/p>\n<p data-start=\"589\" data-end=\"709\"><strong data-start=\"589\" data-end=\"598\">Sund:<\/strong> Tovejslyd med st\u00f8jreduktion<br data-start=\"629\" data-end=\"632\" \/>1 mikrofon og 1 h\u00f8jttaler giver dig mulighed for at tale og lytte tydeligt via appen.<\/p>\n<p data-start=\"711\" data-end=\"848\"><strong data-start=\"711\" data-end=\"725\">Opdagelse:<\/strong> Bev\u00e6gelses- og lydregistrering<br data-start=\"752\" data-end=\"755\" \/>\u2022 Indbygget sirene<br data-start=\"770\" data-end=\"773\" \/>\u2022 Notifikationer i realtid i appen<br data-start=\"796\" data-end=\"799\" \/>Du modtager en \u00f8jeblikkelig besked p\u00e5 din mobiltelefon, n\u00e5r der sker noget.<\/p>\n<p data-start=\"850\" data-end=\"931\"><strong data-start=\"850\" data-end=\"865\">Nattesyn:<\/strong> IR-nattesyn op til 10 meter<br data-start=\"897\" data-end=\"900\" \/>Klart billede selv i totalt m\u00f8rke.<\/p>\n<p data-start=\"933\" data-end=\"1075\"><strong data-start=\"933\" data-end=\"948\">Indspilning:<\/strong><br data-start=\"948\" data-end=\"951\" \/>\u2022 Kontinuerlig 24-timers optagelse<br data-start=\"980\" data-end=\"983\" \/>\u2022 H\u00e6ndelsesbaseret optagelse ved alarm<br data-start=\"1020\" data-end=\"1023\" \/>V\u00e6lg, hvordan kameraet skal fungere, afh\u00e6ngigt af dine behov.<\/p>\n<p data-start=\"1077\" data-end=\"1204\"><strong data-start=\"1077\" data-end=\"1089\">Opbevaring:<\/strong> MicroSD TF op til 128 GB<br data-start=\"1116\" data-end=\"1119\" \/><strong data-start=\"1119\" data-end=\"1134\">Cloud-tjeneste:<\/strong> 7-dages gratis pr\u00f8veperiode<br data-start=\"1162\" data-end=\"1165\" \/>Fleksibel lagring lokalt eller i skyen.<\/p>\n<p data-start=\"1206\" data-end=\"1337\"><strong data-start=\"1206\" data-end=\"1218\">Netv\u00e6rk:<\/strong><br data-start=\"1218\" data-end=\"1221\" \/>\u2022 2,4 GHz og 5 GHz Wi-Fi<br data-start=\"1245\" data-end=\"1248\" \/>\u2022 Bluetooth-parring<br data-start=\"1267\" data-end=\"1270\" \/>\u2022 QR-kodeforbindelse<br data-start=\"1288\" data-end=\"1291\" \/>Hurtig og nem installation direkte via appen.<\/p>\n<p data-start=\"1339\" data-end=\"1415\"><strong data-start=\"1339\" data-end=\"1360\">Str\u00f8mforsyning:<\/strong> 5V 1 til 2A via USB-C<br data-start=\"1383\" data-end=\"1386\" \/>Stabil og moderne forbindelse.<\/p>\n<p data-start=\"1417\" data-end=\"1493\"><strong data-start=\"1417\" data-end=\"1439\">Anvendelsesomr\u00e5de:<\/strong> Indend\u00f8rs<br data-start=\"1447\" data-end=\"1450\" \/>Perfekt til hjemmet, kontoret, butikken eller lageret.<\/p>\n<p data-start=\"1495\" data-end=\"1557\"><strong data-start=\"1495\" data-end=\"1510\">Driftsmilj\u00f8:<\/strong> -20\u00b0C til +55\u00b0C<br data-start=\"1527\" data-end=\"1530\" \/>10 til 85% luftfugtighed<\/p>","protected":false},"excerpt":{"rendered":"<p>SecureX Vision R7 Home er et smart indend\u00f8rskamera med <strong data-start=\"477\" data-end=\"484\">4MP<\/strong> og <strong data-start=\"489\" data-end=\"506\">indbygget sk\u00e6rm<\/strong> til videoopkald.<\/p>\n<p>30 dages gratis cloud-lagring af video i Stonehouse Smart-appen.<\/p>\n<p>F\u00e5 et livebillede p\u00e5 din mobiltelefon, tal via tovejslyd og se i m\u00f8rke med nattesyn.<\/p>\n<p>Kameraet styres i <strong data-start=\"617\" data-end=\"643\">Stonehouse Smart-appen<\/strong>, kompatibel med <strong data-start=\"660\" data-end=\"668\">Tuya<\/strong> og <strong data-start=\"673\" data-end=\"687\">Smart hjem<\/strong>.<\/p>","protected":false},"featured_media":163777,"template":"","meta":{"_acf_changed":false},"product_brand":[],"product_cat":[5125,5126],"product_tag":[],"class_list":{"0":"post-163762","1":"product","2":"type-product","3":"status-publish","4":"has-post-thumbnail","6":"product_cat-overvakningskameror-inomhus","7":"product_cat-natverkskameror","8":"pa_brands-securex-vision","9":"pa_brands-stonehouse-smart","10":"tm-no-options","12":"first","13":"instock","14":"taxable","15":"shipping-taxable","16":"purchasable","17":"product-type-simple"},"acf":[],"_links":{"self":[{"href":"https:\/\/secureus.se\/dk\/wp-json\/wp\/v2\/product\/163762","targetHints":{"allow":["GET"]}}],"collection":[{"href":"https:\/\/secureus.se\/dk\/wp-json\/wp\/v2\/product"}],"about":[{"href":"https:\/\/secureus.se\/dk\/wp-json\/wp\/v2\/types\/product"}],"wp:featuredmedia":[{"embeddable":true,"href":"https:\/\/secureus.se\/dk\/wp-json\/wp\/v2\/media\/163777"}],"wp:attachment":[{"href":"https:\/\/secureus.se\/dk\/wp-json\/wp\/v2\/media?parent=163762"}],"wp:term":[{"taxonomy":"product_brand","embeddable":true,"href":"https:\/\/secureus.se\/dk\/wp-json\/wp\/v2\/product_brand?post=163762"},{"taxonomy":"product_cat","embeddable":true,"href":"https:\/\/secureus.se\/dk\/wp-json\/wp\/v2\/product_cat?post=163762"},{"taxonomy":"product_tag","embeddable":true,"href":"https:\/\/secureus.se\/dk\/wp-json\/wp\/v2\/product_tag?post=163762"}],"curies":[{"name":"wp","href":"https:\/\/api.w.org\/{rel}","templated":true}]}}