{"id":164170,"date":"2026-04-07T15:41:25","date_gmt":"2026-04-07T13:41:25","guid":{"rendered":"https:\/\/secureus.se\/magicard-eventkort-140-x-54-mm-m9007-440-langformat-plastkort-100-pack\/"},"modified":"2026-04-23T12:31:47","modified_gmt":"2026-04-23T10:31:47","slug":"magicard-eventkort-140-x-54-mm-m9007-440-langformat-plastkort-100-pack","status":"publish","type":"product","link":"https:\/\/secureus.se\/dk\/magicard-eventkort-140-x-54-mm-m9007-440-langformat-plastkort-100-pack\/","title":{"rendered":"Magicard M9007-440 Langformatkort 140 x 54 mm \u2013 100 stk."},"content":{"rendered":"<p data-start=\"389\" data-end=\"699\">Magicard M9007-440 er plastikkort i h\u00f8j kvalitet i langformat (140 x 54 mm), der er designet til brug med Magicard E+ Event Card Printer. Disse kort er et fremragende valg til events, messer og konferencer, hvor du \u00f8nsker at skabe professionelle og visuelt tiltalende adgangskort med mere plads end standardkort.<\/p>\n<p data-start=\"701\" data-end=\"985\">Det l\u00e6ngere format giver mulighed for at inkludere flere oplysninger p\u00e5 kortet, s\u00e5som navne, virksomheder, QR-koder, stregkoder, sponsorlogoer og adgangsniveauer. Dette g\u00f8r dem s\u00e6rligt velegnede til anvendelser som VIP-pas, backstage-pas og fremm\u00f8depas, hvor klarhed og design er vigtigt.<\/p>\n<p data-start=\"987\" data-end=\"1173\">Kortenes plastmateriale giver en betydeligt mere holdbar og professionel l\u00f8sning sammenlignet med traditionelle papirpas. De er holdbare, slidst\u00e6rke og giver et eksklusivt indtryk, n\u00e5r de bruges.<\/p>\n<p data-start=\"1175\" data-end=\"1318\">Magicard M9007-440 er fuldt kompatibel med Magicard E+ og sikrer optimal udskriftskvalitet og problemfri brug i din kortprinter.<\/p>\n<hr data-start=\"1320\" data-end=\"1323\" \/>\n<h3 data-section-id=\"174tte9\" data-start=\"1325\" data-end=\"1343\"><span role=\"text\"><strong data-start=\"1329\" data-end=\"1343\">Egenskaber<\/strong><\/span><\/h3>\n<ul data-start=\"1345\" data-end=\"1578\">\n<li data-section-id=\"1t8bn7j\" data-start=\"1345\" data-end=\"1376\">Langformatkort: 140 x 54 mm<\/li>\n<li data-section-id=\"1sq427d\" data-start=\"1377\" data-end=\"1420\">Perfekt til event- og konferencepas<\/li>\n<li data-section-id=\"1n9ah8l\" data-start=\"1421\" data-end=\"1463\">Mere plads til information og design<\/li>\n<li data-section-id=\"v49ea9\" data-start=\"1464\" data-end=\"1509\">H\u00f8j kvalitet og holdbart plastmateriale<\/li>\n<li data-section-id=\"5h45n1\" data-start=\"1510\" data-end=\"1552\">Tilpasset til Magicard E+ kortprintere<\/li>\n<li data-section-id=\"3jmkwk\" data-start=\"1553\" data-end=\"1578\">Emballage: 100 kort<\/li>\n<\/ul>\n<hr data-start=\"1580\" data-end=\"1583\" \/>\n<p data-start=\"1585\" data-end=\"1651\"><strong data-start=\"1585\" data-end=\"1614\">Producentens varenummer:<\/strong> M9007-440<br data-start=\"1624\" data-end=\"1627\" \/><strong data-start=\"1627\" data-end=\"1643\">Produktv\u00e6gt:<\/strong> 0,50 kg<\/p>","protected":false},"excerpt":{"rendered":"<p>Magicard M9007-440 er hvide langformatkort, der m\u00e5ler 140 x 54 mm, specielt designet til Magicard E+ kortprintere. Perfekt til eventkort, konferencer og ID-kort, hvor du har brug for ekstra plads til information og design.<\/p>","protected":false},"featured_media":164168,"template":"","meta":{"_acf_changed":false},"product_brand":[],"product_cat":[4235],"product_tag":[],"class_list":{"0":"post-164170","1":"product","2":"type-product","3":"status-publish","4":"has-post-thumbnail","6":"product_cat-plastkort-utan-chip","7":"pa_brands-magicard","8":"tm-no-options","10":"first","11":"outofstock","12":"sale","13":"taxable","14":"shipping-taxable","15":"purchasable","16":"product-type-simple"},"acf":[],"_links":{"self":[{"href":"https:\/\/secureus.se\/dk\/wp-json\/wp\/v2\/product\/164170","targetHints":{"allow":["GET"]}}],"collection":[{"href":"https:\/\/secureus.se\/dk\/wp-json\/wp\/v2\/product"}],"about":[{"href":"https:\/\/secureus.se\/dk\/wp-json\/wp\/v2\/types\/product"}],"wp:featuredmedia":[{"embeddable":true,"href":"https:\/\/secureus.se\/dk\/wp-json\/wp\/v2\/media\/164168"}],"wp:attachment":[{"href":"https:\/\/secureus.se\/dk\/wp-json\/wp\/v2\/media?parent=164170"}],"wp:term":[{"taxonomy":"product_brand","embeddable":true,"href":"https:\/\/secureus.se\/dk\/wp-json\/wp\/v2\/product_brand?post=164170"},{"taxonomy":"product_cat","embeddable":true,"href":"https:\/\/secureus.se\/dk\/wp-json\/wp\/v2\/product_cat?post=164170"},{"taxonomy":"product_tag","embeddable":true,"href":"https:\/\/secureus.se\/dk\/wp-json\/wp\/v2\/product_tag?post=164170"}],"curies":[{"name":"wp","href":"https:\/\/api.w.org\/{rel}","templated":true}]}}