{"id":164195,"date":"2026-04-07T17:21:40","date_gmt":"2026-04-07T15:21:40","guid":{"rendered":"https:\/\/secureus.se\/?post_type=product&#038;p=164195"},"modified":"2026-04-23T12:30:38","modified_gmt":"2026-04-23T10:30:38","slug":"zebra-105999-701-rengoringskit-for-zxp-series-7-12-pack","status":"publish","type":"product","link":"https:\/\/secureus.se\/dk\/zebra-105999-701-rengoringskit-for-zxp-series-7-12-pack\/","title":{"rendered":"Zebra 105999-701 Reng\u00f8ringss\u00e6t til ZXP-serien 7 \u2013 12-pak"},"content":{"rendered":"<p>Zebra ZXP Series 7 printerrenses\u00e6ttet er den praktiske vedligeholdelsesl\u00f8sning, du kan tilbyde dine kunder. Det best\u00e5r af reng\u00f8ringskort af h\u00f8j kvalitet, der garanterer grundigt rene printerkomponenter.<\/p>\n<ul>\n<li>12x Reng\u00f8ringskort til printbane<\/li>\n<li>12x reng\u00f8ringskort til f\u00f8der<\/li>\n<li>Kompatibel med Zebra ZXP Series 7 kortprintere<\/li>\n<li>Producentens kode: 105999-701<\/li>\n<\/ul>\n<p>\n <strong><br \/>\n Produktv\u00e6gt:<br \/>\n 0,21 kg<br \/>\n <\/strong>\n <\/p>","protected":false},"excerpt":{"rendered":"<p>Zebra ZXP Series 7 printerrenses\u00e6ttet er den praktiske vedligeholdelsesl\u00f8sning, du kan tilbyde dine kunder. Det best\u00e5r af reng\u00f8ringskort af h\u00f8j kvalitet, der garanterer grundigt rene printerkomponenter.<\/p>","protected":false},"featured_media":164194,"template":"","meta":{"_acf_changed":false},"product_brand":[],"product_cat":[4807],"product_tag":[],"class_list":{"0":"post-164195","1":"product","2":"type-product","3":"status-publish","4":"has-post-thumbnail","6":"product_cat-rengoringskit","7":"product_shipping_class-postnord-varubrev","8":"pa_brands-zebra-2","9":"tm-no-options","11":"first","12":"instock","13":"taxable","14":"shipping-taxable","15":"purchasable","16":"product-type-simple"},"acf":[],"_links":{"self":[{"href":"https:\/\/secureus.se\/dk\/wp-json\/wp\/v2\/product\/164195","targetHints":{"allow":["GET"]}}],"collection":[{"href":"https:\/\/secureus.se\/dk\/wp-json\/wp\/v2\/product"}],"about":[{"href":"https:\/\/secureus.se\/dk\/wp-json\/wp\/v2\/types\/product"}],"wp:featuredmedia":[{"embeddable":true,"href":"https:\/\/secureus.se\/dk\/wp-json\/wp\/v2\/media\/164194"}],"wp:attachment":[{"href":"https:\/\/secureus.se\/dk\/wp-json\/wp\/v2\/media?parent=164195"}],"wp:term":[{"taxonomy":"product_brand","embeddable":true,"href":"https:\/\/secureus.se\/dk\/wp-json\/wp\/v2\/product_brand?post=164195"},{"taxonomy":"product_cat","embeddable":true,"href":"https:\/\/secureus.se\/dk\/wp-json\/wp\/v2\/product_cat?post=164195"},{"taxonomy":"product_tag","embeddable":true,"href":"https:\/\/secureus.se\/dk\/wp-json\/wp\/v2\/product_tag?post=164195"}],"curies":[{"name":"wp","href":"https:\/\/api.w.org\/{rel}","templated":true}]}}