{"id":164246,"date":"2026-04-08T14:28:20","date_gmt":"2026-04-08T12:28:20","guid":{"rendered":"https:\/\/secureus.se\/magicard-600-duo-id-kortsskrivare-med-elatec-smartkortkodning-dubbelsidig\/"},"modified":"2026-04-23T12:29:33","modified_gmt":"2026-04-23T10:29:33","slug":"magicard-600-duo-id-kortsskrivare-med-elatec-smartkortkodning-dubbelsidig","status":"publish","type":"product","link":"https:\/\/secureus.se\/dk\/magicard-600-duo-id-kortsskrivare-med-elatec-smartkortkodning-dubbelsidig\/","title":{"rendered":"Magicard 600 DUO ID-kortprinter med Elatec Smart Card-kodning \u2013 dobbeltsidet"},"content":{"rendered":"<h3 data-section-id=\"vtzcj9\" data-start=\"806\" data-end=\"868\">Magicard 600 DUO - ID-kortprinter med smartkort (Elatec)<\/h3>\n<p data-start=\"870\" data-end=\"1158\">Magicard 600 DUO med Elatec smartcard-kodning er en kraftfuld og fremtidssikret l\u00f8sning til organisationer, der har brug for at producere ID-kort med integreret chip- eller RFID-teknologi. Den er s\u00e6rligt velegnet til moderne adgangskontrolsystemer, hvor kort bruges til b\u00e5de identifikation og adgangskontrol.<\/p>\n<p data-start=\"1160\" data-end=\"1329\">Med underst\u00f8ttelse af smartkortteknologi som MIFARE, DESFire og iClass kan du skabe avancerede kortl\u00f8sninger, der fungerer i alt fra adgangskontrol til betalings- og medlemskabssystemer.<\/p>\n<hr data-start=\"1331\" data-end=\"1334\" \/>\n<h3 data-section-id=\"yhdfvv\" data-start=\"1336\" data-end=\"1384\">Smartkortkodning til moderne sikkerhedssystemer<\/h3>\n<p data-start=\"1386\" data-end=\"1460\">Denne model er udstyret med Elatec-encoder og underst\u00f8tter adskillige teknologier:<\/p>\n<ul data-start=\"1462\" data-end=\"1533\">\n<li data-section-id=\"o133mk\" data-start=\"1462\" data-end=\"1472\">MIFARE<\/li>\n<li data-section-id=\"1hjdjxe\" data-start=\"1473\" data-end=\"1484\">DESFire<\/li>\n<li data-section-id=\"1bfu70v\" data-start=\"1485\" data-end=\"1495\">iKlasse<\/li>\n<li data-section-id=\"3hwhh3\" data-start=\"1496\" data-end=\"1533\">Andre RFID- og chipbaserede kort<\/li>\n<\/ul>\n<p data-start=\"1535\" data-end=\"1566\">Dette g\u00f8r printeren ideel til:<\/p>\n<ul data-start=\"1568\" data-end=\"1696\">\n<li data-section-id=\"1hskxmw\" data-start=\"1568\" data-end=\"1603\">Adgangskontrol og adgangskontrolsystemer<\/li>\n<li data-section-id=\"3kjqaz\" data-start=\"1604\" data-end=\"1637\">Firmakort med tilladelser<\/li>\n<li data-section-id=\"117akqm\" data-start=\"1638\" data-end=\"1667\">Campuskort og studiekort<\/li>\n<li data-section-id=\"18ru7kn\" data-start=\"1668\" data-end=\"1696\">Medlemskort med funktion<\/li>\n<\/ul>\n<p data-start=\"1698\" data-end=\"1773\">En optimal l\u00f8sning for organisationer, der \u00f8nsker at arbejde med kontaktl\u00f8se kort.<\/p>\n<hr data-start=\"1775\" data-end=\"1778\" \/>\n<h3 data-section-id=\"ivhira\" data-start=\"1780\" data-end=\"1825\">H\u00f8j opl\u00f8sning og professionel kvalitet<\/h3>\n<p data-start=\"1827\" data-end=\"1889\">Magicard 600 leverer udskrifter med en opl\u00f8sning p\u00e5 600 x 300 dpi og giver:<\/p>\n<ul data-start=\"1891\" data-end=\"2008\">\n<li data-section-id=\"139tkdq\" data-start=\"1891\" data-end=\"1926\">Skarp tekst selv i sm\u00e5 st\u00f8rrelser<\/li>\n<li data-section-id=\"1ogffzk\" data-start=\"1927\" data-end=\"1963\">Ryd QR-koder og stregkoder<\/li>\n<li data-section-id=\"1j0drns\" data-start=\"1964\" data-end=\"2008\">H\u00f8jt detaljeringsniveau i billeder og logoer<\/li>\n<\/ul>\n<p data-start=\"2010\" data-end=\"2072\">Perfekt til ID-kort, hvor b\u00e5de design og funktion er afg\u00f8rende.<\/p>\n<hr data-start=\"2074\" data-end=\"2077\" \/>\n<h3 data-section-id=\"1y69j9m\" data-start=\"2079\" data-end=\"2123\">Dobbeltsidet udskrivning for yderligere information<\/h3>\n<p data-start=\"2125\" data-end=\"2189\">Med automatisk dobbeltsidet udskrivning kan du maksimere kortets overfladeareal:<\/p>\n<ul data-start=\"2191\" data-end=\"2282\">\n<li data-section-id=\"1o8z68t\" data-start=\"2191\" data-end=\"2229\">Forside: foto, navn og identitet<\/li>\n<li data-section-id=\"1fe1qeg\" data-start=\"2230\" data-end=\"2282\">Bagside: regler, kodning eller ekstra information<\/li>\n<\/ul>\n<p data-start=\"2284\" data-end=\"2329\">Giver mere professionelle og funktionelle kort.<\/p>\n<hr data-start=\"2331\" data-end=\"2334\" \/>\n<h3 data-section-id=\"9wohmo\" data-start=\"2336\" data-end=\"2368\">Hurtig produktion i h\u00f8j volumen<\/h3>\n<p data-start=\"2370\" data-end=\"2415\">Magicard 600 DUO er bygget til effektiv drift:<\/p>\n<ul data-start=\"2417\" data-end=\"2521\">\n<li data-section-id=\"d0p5ki\" data-start=\"2417\" data-end=\"2452\">Op til 190 farvekort i timen<\/li>\n<li data-section-id=\"1m3q1f6\" data-start=\"2453\" data-end=\"2486\">Cirka 18-20 sekunder pr. kort<\/li>\n<li data-section-id=\"1do7c5c\" data-start=\"2487\" data-end=\"2521\">Stabil og p\u00e5lidelig produktion<\/li>\n<\/ul>\n<p data-start=\"2523\" data-end=\"2582\">Perfekt til organisationer med kontinuerlig kortproduktion.<\/p>\n<hr data-start=\"2584\" data-end=\"2587\" \/>\n<h3 data-section-id=\"1fdoess\" data-start=\"2589\" data-end=\"2640\">Avanceret sikkerhed \u2013 beskytter b\u00e5de kort og data<\/h3>\n<p data-start=\"2642\" data-end=\"2698\">Magicard 600 er en af de mest sikre printere i sin klasse:<\/p>\n<ul data-start=\"2700\" data-end=\"2868\">\n<li data-section-id=\"1hgdx4n\" data-start=\"2700\" data-end=\"2750\"><strong data-start=\"2702\" data-end=\"2729\">HoloKote\u00ae vandm\u00e6rke<\/strong> til visuel beskyttelse<\/li>\n<li data-section-id=\"sz6ym4\" data-start=\"2751\" data-end=\"2808\"><strong data-start=\"2753\" data-end=\"2774\">Digital makulering<\/strong> som sletter data efter udskrivning<\/li>\n<li data-section-id=\"dqmdn2\" data-start=\"2809\" data-end=\"2868\"><strong data-start=\"2811\" data-end=\"2834\">Trusselsbenchmarking<\/strong> for sikkerhedsgennemg\u00e5et platform<\/li>\n<\/ul>\n<p data-start=\"2870\" data-end=\"2928\">Giver sikker h\u00e5ndtering af personoplysninger og kortproduktion.<\/p>\n<hr data-start=\"2930\" data-end=\"2933\" \/>\n<h3 data-section-id=\"ad0oan\" data-start=\"2935\" data-end=\"2980\">Nem integration og fleksibel tilslutning<\/h3>\n<ul data-start=\"2982\" data-end=\"3063\">\n<li data-section-id=\"142d0jd\" data-start=\"2982\" data-end=\"3002\">USB og Ethernet<\/li>\n<li data-section-id=\"91a0vs\" data-start=\"3003\" data-end=\"3034\">WiFi via medf\u00f8lgende dongle<\/li>\n<li data-section-id=\"12m8nbp\" data-start=\"3035\" data-end=\"3063\">Plug &amp; play-installation<\/li>\n<\/ul>\n<p data-start=\"3065\" data-end=\"3118\">Nem at installere og bruge i eksisterende systemer.<\/p>\n<hr data-start=\"3120\" data-end=\"3123\" \/>\n<h3 data-section-id=\"1bq7pu6\" data-start=\"3125\" data-end=\"3152\">Markedsf\u00f8rende garanti<\/h3>\n<p data-start=\"3154\" data-end=\"3200\">Magicard 600 leveres med <strong data-start=\"3181\" data-end=\"3199\">Magisk d\u00e6ksel Plus<\/strong>:<\/p>\n<ul data-start=\"3202\" data-end=\"3298\">\n<li data-section-id=\"l98imx\" data-start=\"3202\" data-end=\"3219\">3 \u00e5rs garanti<\/li>\n<li data-section-id=\"1u05asm\" data-start=\"3220\" data-end=\"3239\">Printhoved inkluderet<\/li>\n<li data-section-id=\"1q8zhc\" data-start=\"3240\" data-end=\"3267\">Hot swap\/l\u00e5neforfatter<\/li>\n<li data-section-id=\"n39f82\" data-start=\"3268\" data-end=\"3298\">Mulighed for forl\u00e6ngelse<\/li>\n<\/ul>\n<p data-start=\"3300\" data-end=\"3338\">Sikrer sikker drift og minimerer afbrydelser.<\/p>\n<hr data-start=\"3340\" data-end=\"3343\" \/>\n<h3 data-section-id=\"12w8785\" data-start=\"3345\" data-end=\"3390\">Tekniske specifikationer (resum\u00e9)<\/h3>\n<ul data-start=\"3392\" data-end=\"3711\">\n<li data-section-id=\"3ocq9i\" data-start=\"3392\" data-end=\"3426\">Model: Magicard 600 DUO Smart<\/li>\n<li data-section-id=\"1vn1bje\" data-start=\"3427\" data-end=\"3452\">Udskrivning: Dobbeltsidet<\/li>\n<li data-section-id=\"5e1idc\" data-start=\"3453\" data-end=\"3482\">Opl\u00f8sning: 600 x 300 dpi<\/li>\n<li data-section-id=\"17nzkcu\" data-start=\"3483\" data-end=\"3521\">Hastighed: op til 190 kort\/time<\/li>\n<li data-section-id=\"zw1en0\" data-start=\"3522\" data-end=\"3553\">Kodning: Smartkort (Elatec)<\/li>\n<li data-section-id=\"gg7zr9\" data-start=\"3554\" data-end=\"3591\">Kortformat: CR80 \/ CR79 (valgbar)<\/li>\n<li data-section-id=\"2472fa\" data-start=\"3592\" data-end=\"3625\">Korttyper: PVC, PET, komposit<\/li>\n<li data-section-id=\"6qlhy1\" data-start=\"3626\" data-end=\"3655\">Kapacitet: 100 ind \/ 70 ud<\/li>\n<li data-section-id=\"16s8c15\" data-start=\"3656\" data-end=\"3691\">Forbindelse: USB, Ethernet, WiFi<\/li>\n<li data-section-id=\"5s4j7b\" data-start=\"3692\" data-end=\"3711\">V\u00e6gt: ca. 7,0 kg<\/li>\n<\/ul>\n<hr data-start=\"3713\" data-end=\"3716\" \/>\n<h3 data-section-id=\"11hcs70\" data-start=\"3718\" data-end=\"3742\">Vigtigt at overveje<\/h3>\n<ul data-start=\"3744\" data-end=\"3863\">\n<li data-section-id=\"ddg5am\" data-start=\"3744\" data-end=\"3765\">B\u00e5nd medf\u00f8lger ikke<\/li>\n<li data-section-id=\"ul3fqp\" data-start=\"3766\" data-end=\"3813\">Originale Magicard-forbrugsvarer anbefales<\/li>\n<li data-section-id=\"1wlkmq0\" data-start=\"3814\" data-end=\"3863\">Regelm\u00e6ssig reng\u00f8ring er n\u00f8dvendig for optimal drift<\/li>\n<\/ul>\n<hr data-start=\"3865\" data-end=\"3868\" \/>\n<h3 data-section-id=\"ethgyn\" data-start=\"3870\" data-end=\"3885\">Perfekt til<\/h3>\n<ul data-start=\"3887\" data-end=\"4049\">\n<li data-section-id=\"jrnl2k\" data-start=\"3887\" data-end=\"3923\">Virksomheder med moderne adgangskontrolsystemer<\/li>\n<li data-section-id=\"ei9hza\" data-start=\"3924\" data-end=\"3950\">Skoler og universiteter<\/li>\n<li data-section-id=\"ybzfw\" data-start=\"3951\" data-end=\"3980\">Sikkerhedsklassificerede milj\u00f8er<\/li>\n<li data-section-id=\"nm32nw\" data-start=\"3981\" data-end=\"4008\">Medlemskab og adgangskort<\/li>\n<li data-section-id=\"55y88r\" data-start=\"4009\" data-end=\"4049\">RFID- og chipbaserede kortl\u00f8sninger<\/li>\n<\/ul>\n<p data-start=\"4084\" data-end=\"4117\">Denne model er det rigtige valg, hvis du:<\/p>\n<ul data-start=\"4118\" data-end=\"4259\">\n<li data-section-id=\"15hkcbh\" data-start=\"4118\" data-end=\"4150\">behov <strong data-start=\"4128\" data-end=\"4148\">smartkort \/ RFID<\/strong><\/li>\n<li data-section-id=\"1ultewf\" data-start=\"4151\" data-end=\"4205\">mangel <strong data-start=\"4161\" data-end=\"4203\">H\u00f8j sikkerhed og fremtidssikret l\u00f8sning<\/strong><\/li>\n<li data-section-id=\"1m60g6n\" data-start=\"4206\" data-end=\"4259\">kr\u00e6ver <strong data-start=\"4215\" data-end=\"4259\">professionel kvalitet og h\u00f8j hastighed<\/strong><\/li>\n<\/ul>","protected":false},"excerpt":{"rendered":"<p data-start=\"279\" data-end=\"557\">Magicard 600 DUO med Elatec smartcard-kodning er en avanceret dobbeltsidet ID-kortprinter til sikker og professionel kortproduktion. Med en opl\u00f8sning p\u00e5 600 dpi, op til 190 kort\/time og underst\u00f8ttelse af RFID- og chipkort er den ideel til moderne adgangskontrolsystemer og sikkerhedsl\u00f8sninger.<\/p>\n<ul data-start=\"559\" data-end=\"774\">\n<li data-section-id=\"1uls68x\" data-start=\"559\" data-end=\"592\">Dobbeltsidet udskrivning (duplex)<\/li>\n<li data-section-id=\"1qzgasc\" data-start=\"593\" data-end=\"638\">Smartkortkodning via Elatec (RFID \/ chip)<\/li>\n<li data-section-id=\"13nuq2a\" data-start=\"639\" data-end=\"678\">600 x 300 dpi for h\u00f8j detaljekvalitet<\/li>\n<li data-section-id=\"h41vfp\" data-start=\"679\" data-end=\"710\">Op til 190 kort i timen<\/li>\n<li data-section-id=\"sg0mgt\" data-start=\"711\" data-end=\"747\">HoloKote\u00ae sikkerhedsvandm\u00e6rke<\/li>\n<li data-section-id=\"1mvdtqc\" data-start=\"748\" data-end=\"774\">WiFi, USB og Ethernet<\/li>\n<\/ul>","protected":false},"featured_media":164240,"template":"","meta":{"_acf_changed":false},"product_brand":[],"product_cat":[3208],"product_tag":[],"class_list":{"0":"post-164246","1":"product","2":"type-product","3":"status-publish","4":"has-post-thumbnail","6":"product_cat-magicard","7":"product_shipping_class-tunga-paket","8":"pa_brands-magicard","9":"tm-no-options","11":"first","12":"instock","13":"sale","14":"taxable","15":"shipping-taxable","16":"purchasable","17":"product-type-simple"},"acf":[],"_links":{"self":[{"href":"https:\/\/secureus.se\/dk\/wp-json\/wp\/v2\/product\/164246","targetHints":{"allow":["GET"]}}],"collection":[{"href":"https:\/\/secureus.se\/dk\/wp-json\/wp\/v2\/product"}],"about":[{"href":"https:\/\/secureus.se\/dk\/wp-json\/wp\/v2\/types\/product"}],"wp:featuredmedia":[{"embeddable":true,"href":"https:\/\/secureus.se\/dk\/wp-json\/wp\/v2\/media\/164240"}],"wp:attachment":[{"href":"https:\/\/secureus.se\/dk\/wp-json\/wp\/v2\/media?parent=164246"}],"wp:term":[{"taxonomy":"product_brand","embeddable":true,"href":"https:\/\/secureus.se\/dk\/wp-json\/wp\/v2\/product_brand?post=164246"},{"taxonomy":"product_cat","embeddable":true,"href":"https:\/\/secureus.se\/dk\/wp-json\/wp\/v2\/product_cat?post=164246"},{"taxonomy":"product_tag","embeddable":true,"href":"https:\/\/secureus.se\/dk\/wp-json\/wp\/v2\/product_tag?post=164246"}],"curies":[{"name":"wp","href":"https:\/\/api.w.org\/{rel}","templated":true}]}}