{"id":164262,"date":"2026-04-08T16:17:10","date_gmt":"2026-04-08T14:17:10","guid":{"rendered":"https:\/\/secureus.se\/magicard-300-duo-id-kortsskrivare-med-kodare-for-magnetremsa-dubbelsidig\/"},"modified":"2026-04-23T12:29:01","modified_gmt":"2026-04-23T10:29:01","slug":"magicard-300-duo-id-kortsskrivare-med-kodare-for-magnetremsa-dubbelsidig","status":"publish","type":"product","link":"https:\/\/secureus.se\/dk\/magicard-300-duo-id-kortsskrivare-med-kodare-for-magnetremsa-dubbelsidig\/","title":{"rendered":"Magicard 300 DUO ID-kortprinter med magnetstribe-encoder \u2013 dobbeltsidet"},"content":{"rendered":"<h3 data-section-id=\"1p6qzav\" data-start=\"749\" data-end=\"826\">Magicard 300 DUO \u2013 Magnetisk stribe ID-kortprinter til hverdagsbrug<\/h3>\n<p data-start=\"828\" data-end=\"1087\">Magicard 300 DUO (P-MAG-3300-0022) er en fleksibel og omkostningseffektiv ID-kortprinter med indbygget magnetstribekodning. Den er designet til virksomheder, skoler og organisationer, der har brug for at producere funktionelle kort til b\u00e5de identifikation og systembrug.<\/p>\n<p data-start=\"1089\" data-end=\"1275\">Den er perfekt til milj\u00f8er, hvor kort bruges i adgangskontrolsystemer, medlemsregistre eller tids- og fremm\u00f8desystemer, og hvor stabil drift og brugervenlighed er vigtigere end avancerede virksomhedsfunktioner.<\/p>\n<hr data-start=\"1277\" data-end=\"1280\" \/>\n<h3 data-section-id=\"1wm78rs\" data-start=\"1282\" data-end=\"1327\">Magnetisk stribekodning for bred kompatibilitet<\/h3>\n<p data-start=\"1329\" data-end=\"1438\">Printeren er udstyret med magnetisk kodning i henhold til ISO-standarder (HiCo og LoCo), hvilket giver dig mulighed for at producere:<\/p>\n<ul data-start=\"1440\" data-end=\"1538\">\n<li data-section-id=\"1h53p7w\" data-start=\"1440\" data-end=\"1454\">Adgangskort<\/li>\n<li data-section-id=\"1hu0lpe\" data-start=\"1455\" data-end=\"1486\">Personalekort med autorisation<\/li>\n<li data-section-id=\"15h7qs1\" data-start=\"1487\" data-end=\"1502\">Medlemskort<\/li>\n<li data-section-id=\"vjf6bz\" data-start=\"1503\" data-end=\"1538\">Tids- og fremm\u00f8desystemkort<\/li>\n<\/ul>\n<p data-start=\"1540\" data-end=\"1611\">En simpel og gennempr\u00f8vet l\u00f8sning, der fungerer med mange eksisterende systemer.<\/p>\n<hr data-start=\"1613\" data-end=\"1616\" \/>\n<h3 data-section-id=\"vxhmmy\" data-start=\"1618\" data-end=\"1653\">Professionel printkvalitet<\/h3>\n<p data-start=\"1655\" data-end=\"1717\">Magicard 300 leverer udskrifter med en opl\u00f8sning p\u00e5 300 x 300 dpi og giver:<\/p>\n<ul data-start=\"1719\" data-end=\"1787\">\n<li data-section-id=\"phpm8s\" data-start=\"1719\" data-end=\"1742\">Klare fotografier<\/li>\n<li data-section-id=\"w9cw7n\" data-start=\"1743\" data-end=\"1763\">Skarpe logoer<\/li>\n<li data-section-id=\"1u9ihby\" data-start=\"1764\" data-end=\"1787\">God farvegengivelse<\/li>\n<\/ul>\n<p data-start=\"1789\" data-end=\"1932\">Perfekt til organisationer, der \u00f8nsker stilfulde og professionelle kort uden at g\u00e5 op i premiumsegmentet.<\/p>\n<hr data-start=\"1934\" data-end=\"1937\" \/>\n<h3 data-section-id=\"jeuuy4\" data-start=\"1939\" data-end=\"1980\">Dobbeltsidet udskrivning for mere funktionalitet<\/h3>\n<p data-start=\"1982\" data-end=\"2039\">Med duplexudskrivning kan du bruge begge sider af kortet:<\/p>\n<ul data-start=\"2041\" data-end=\"2122\">\n<li data-section-id=\"hm56il\" data-start=\"2041\" data-end=\"2073\">Forside: foto og identitet<\/li>\n<li data-section-id=\"uidnes\" data-start=\"2074\" data-end=\"2122\">Bagside: stregkode, regler eller information<\/li>\n<\/ul>\n<p data-start=\"2124\" data-end=\"2165\">Giver mere funktionelle og nyttige kort.<\/p>\n<hr data-start=\"2167\" data-end=\"2170\" \/>\n<h3 data-section-id=\"1hx0kiy\" data-start=\"2172\" data-end=\"2210\">Effektiv og stabil kortproduktion<\/h3>\n<p data-start=\"2212\" data-end=\"2256\">Magicard 300 er bygget til daglig brug:<\/p>\n<ul data-start=\"2258\" data-end=\"2363\">\n<li data-section-id=\"78jwjh\" data-start=\"2258\" data-end=\"2293\">Op til 160 farvekort i timen<\/li>\n<li data-section-id=\"1t4kpyp\" data-start=\"2294\" data-end=\"2335\">Op til 720 sort-hvide kort i timen<\/li>\n<li data-section-id=\"td1inv\" data-start=\"2336\" data-end=\"2363\">Cirka 23 sekunder pr. kort<\/li>\n<\/ul>\n<p data-start=\"2365\" data-end=\"2456\">Perfekt til virksomheder, der producerer sm\u00e5 oplag.<\/p>\n<hr data-start=\"2458\" data-end=\"2461\" \/>\n<h3 data-section-id=\"6vgjf0\" data-start=\"2463\" data-end=\"2483\">Indbygget sikkerhed<\/h3>\n<ul data-start=\"2485\" data-end=\"2643\">\n<li data-section-id=\"m6s4sw\" data-start=\"2485\" data-end=\"2543\"><strong data-start=\"2487\" data-end=\"2514\">HoloKote\u00ae vandm\u00e6rke<\/strong> beskytter kort mod kopiering<\/li>\n<li data-section-id=\"l5p6j2\" data-start=\"2544\" data-end=\"2581\">Mulighed for at bruge dit eget design<\/li>\n<li data-section-id=\"1oe6gbh\" data-start=\"2582\" data-end=\"2643\"><strong data-start=\"2584\" data-end=\"2605\">Digital makulering<\/strong> sletter f\u00f8lsomme data efter udskrivning<\/li>\n<\/ul>\n<p data-start=\"2645\" data-end=\"2724\">Giver ekstra beskyttelse uden ekstra omkostninger.<\/p>\n<hr data-start=\"2726\" data-end=\"2729\" \/>\n<h3 data-section-id=\"l8c361\" data-start=\"2731\" data-end=\"2769\">Nem installation og integration<\/h3>\n<ul data-start=\"2771\" data-end=\"2855\">\n<li data-section-id=\"142d0jd\" data-start=\"2771\" data-end=\"2791\">USB og Ethernet<\/li>\n<li data-section-id=\"14vqazo\" data-start=\"2792\" data-end=\"2807\">Tilslut og spil<\/li>\n<li data-section-id=\"vh9oew\" data-start=\"2808\" data-end=\"2855\">Nem at bruge uden avanceret IT-viden<\/li>\n<\/ul>\n<p data-start=\"2857\" data-end=\"2912\">Perfekt til organisationer, der \u00f8nsker at komme hurtigt i gang.<\/p>\n<hr data-start=\"2914\" data-end=\"2917\" \/>\n<h3 data-section-id=\"c4vq3j\" data-start=\"2919\" data-end=\"2954\">P\u00e5lidelig og omkostningseffektiv<\/h3>\n<p data-start=\"2956\" data-end=\"3003\">Magicard 300 er bygget til langvarig brug:<\/p>\n<ul data-start=\"3005\" data-end=\"3081\">\n<li data-section-id=\"bk74no\" data-start=\"3005\" data-end=\"3028\">Stabil konstruktion<\/li>\n<li data-section-id=\"1ffk2yp\" data-start=\"3029\" data-end=\"3060\">Effektiv b\u00e5ndh\u00e5ndtering<\/li>\n<li data-section-id=\"1j0twub\" data-start=\"3061\" data-end=\"3081\">Lave driftsomkostninger<\/li>\n<\/ul>\n<p data-start=\"3083\" data-end=\"3182\">Printeren optimerer ogs\u00e5 farveb\u00e5ndet for at reducere spild.<\/p>\n<hr data-start=\"3184\" data-end=\"3187\" \/>\n<h3 data-section-id=\"iwf276\" data-start=\"3189\" data-end=\"3213\">Garanti og sikkerhed<\/h3>\n<ul data-start=\"3215\" data-end=\"3296\">\n<li data-section-id=\"l98imx\" data-start=\"3215\" data-end=\"3232\">3 \u00e5rs garanti<\/li>\n<li data-section-id=\"1dh68nb\" data-start=\"3233\" data-end=\"3265\">Adgang til global support<\/li>\n<li data-section-id=\"n39f82\" data-start=\"3266\" data-end=\"3296\">Mulighed for forl\u00e6ngelse<\/li>\n<\/ul>\n<p data-start=\"3298\" data-end=\"3403\">G\u00e6lder ved brug af originale forbrugsvarer og korrekt vedligeholdelse.<\/p>\n<hr data-start=\"3405\" data-end=\"3408\" \/>\n<h3 data-section-id=\"12w8785\" data-start=\"3410\" data-end=\"3455\">Tekniske specifikationer (resum\u00e9)<\/h3>\n<ul data-start=\"3457\" data-end=\"3764\">\n<li data-section-id=\"1czvx41\" data-start=\"3457\" data-end=\"3489\">Model: Magicard 300 DUO Mag<\/li>\n<li data-section-id=\"1qqs0g4\" data-start=\"3490\" data-end=\"3524\">Artikelnummer: P-MAG-3300-0022<\/li>\n<li data-section-id=\"1vn1bje\" data-start=\"3525\" data-end=\"3550\">Udskrivning: Dobbeltsidet<\/li>\n<li data-section-id=\"1nsuhxh\" data-start=\"3551\" data-end=\"3580\">Opl\u00f8sning: 300 x 300 dpi<\/li>\n<li data-section-id=\"1c6m1mp\" data-start=\"3581\" data-end=\"3619\">Hastighed: op til 160 kort\/time<\/li>\n<li data-section-id=\"1brngb0\" data-start=\"3620\" data-end=\"3658\">Kodning: Magnetstribe (HiCo \/ LoCo)<\/li>\n<li data-section-id=\"6qlhy1\" data-start=\"3659\" data-end=\"3688\">Kapacitet: 100 ind \/ 70 ud<\/li>\n<li data-section-id=\"1fr1ygq\" data-start=\"3689\" data-end=\"3716\">Kortformat: CR80 \/ CR79<\/li>\n<li data-section-id=\"794tec\" data-start=\"3717\" data-end=\"3746\">Forbindelse: USB, Ethernet<\/li>\n<li data-section-id=\"qnevs9\" data-start=\"3747\" data-end=\"3764\">V\u00e6gt: ca. 5 kg<\/li>\n<\/ul>\n<hr data-start=\"3766\" data-end=\"3769\" \/>\n<h3 data-section-id=\"11hcs70\" data-start=\"3771\" data-end=\"3795\">Vigtigt at overveje<\/h3>\n<ul data-start=\"3797\" data-end=\"3910\">\n<li data-section-id=\"ddg5am\" data-start=\"3797\" data-end=\"3818\">B\u00e5nd medf\u00f8lger ikke<\/li>\n<li data-section-id=\"1cpnj4x\" data-start=\"3819\" data-end=\"3878\">Det anbefales at bruge originale Magicard-forbrugsvarer<\/li>\n<li data-section-id=\"1wxbumd\" data-start=\"3879\" data-end=\"3910\">Regelm\u00e6ssig reng\u00f8ring n\u00f8dvendig<\/li>\n<\/ul>\n<hr data-start=\"3912\" data-end=\"3915\" \/>\n<h3 data-section-id=\"ethgyn\" data-start=\"3917\" data-end=\"3932\">Perfekt til<\/h3>\n<ul data-start=\"3934\" data-end=\"4078\">\n<li data-section-id=\"xat3aq\" data-start=\"3934\" data-end=\"3962\">Virksomheder med adgangskontrolsystemer<\/li>\n<li data-section-id=\"15fzodf\" data-start=\"3963\" data-end=\"3991\">Medlemskort og kundekort<\/li>\n<li data-section-id=\"6jwi6n\" data-start=\"3992\" data-end=\"4018\">Tids- og fremm\u00f8desystem<\/li>\n<li data-section-id=\"1tpxwi7\" data-start=\"4019\" data-end=\"4048\">Skoler og organisationer<\/li>\n<li data-section-id=\"ox6rg2\" data-start=\"4049\" data-end=\"4078\">Daglig produktion af ID-kort<\/li>\n<\/ul>\n<hr data-start=\"4080\" data-end=\"4083\" \/>\n<h2 data-section-id=\"1nhgcqf\" data-start=\"4085\" data-end=\"4111\"><span role=\"text\"><strong data-start=\"4088\" data-end=\"4111\">Hurtig positionering<\/strong><\/span><\/h2>\n<p data-start=\"4113\" data-end=\"4148\">Dette er den rigtige model for dig, der:<\/p>\n<ul data-start=\"4149\" data-end=\"4269\">\n<li data-section-id=\"15munqe\" data-start=\"4149\" data-end=\"4175\">behov <strong data-start=\"4159\" data-end=\"4173\">magnetisk kort<\/strong><\/li>\n<li data-section-id=\"143dn4f\" data-start=\"4176\" data-end=\"4223\">vil have en <strong data-start=\"4189\" data-end=\"4221\">Prisbillig og stabil printer<\/strong><\/li>\n<li data-section-id=\"1tsstp7\" data-start=\"4224\" data-end=\"4269\">leder efter en <strong data-start=\"4235\" data-end=\"4269\">enkel l\u00f8sning til daglig drift<\/strong><\/li>\n<\/ul>","protected":false},"excerpt":{"rendered":"<p data-start=\"323\" data-end=\"518\">Magicard 300 DUO med magnetstribekodning er en p\u00e5lidelig og brugervenlig ID-kortprinter til virksomheder og organisationer. Perfekt til adgangskort og medlemskort med magnetisk funktion i den daglige drift.<\/p>\n<ul data-start=\"520\" data-end=\"717\">\n<li data-section-id=\"1uls68x\" data-start=\"520\" data-end=\"553\">Dobbeltsidet udskrivning (duplex)<\/li>\n<li data-section-id=\"as5o0n\" data-start=\"554\" data-end=\"589\">Magnetstribekodning (HiCo \/ LoCo)<\/li>\n<li data-section-id=\"192foqf\" data-start=\"590\" data-end=\"623\">300 x 300 dpi til skarpe kort<\/li>\n<li data-section-id=\"78jwjh\" data-start=\"624\" data-end=\"659\">Op til 160 farvekort i timen<\/li>\n<li data-section-id=\"sg0mgt\" data-start=\"660\" data-end=\"696\">HoloKote\u00ae sikkerhedsvandm\u00e6rke<\/li>\n<li data-section-id=\"142d0jd\" data-start=\"697\" data-end=\"717\">USB og Ethernet<\/li>\n<\/ul>","protected":false},"featured_media":164256,"template":"","meta":{"_acf_changed":false},"product_brand":[],"product_cat":[3208],"product_tag":[],"class_list":{"0":"post-164262","1":"product","2":"type-product","3":"status-publish","4":"has-post-thumbnail","6":"product_cat-magicard","7":"pa_brands-magicard","8":"tm-no-options","10":"first","11":"instock","12":"sale","13":"taxable","14":"shipping-taxable","15":"purchasable","16":"product-type-simple"},"acf":[],"_links":{"self":[{"href":"https:\/\/secureus.se\/dk\/wp-json\/wp\/v2\/product\/164262","targetHints":{"allow":["GET"]}}],"collection":[{"href":"https:\/\/secureus.se\/dk\/wp-json\/wp\/v2\/product"}],"about":[{"href":"https:\/\/secureus.se\/dk\/wp-json\/wp\/v2\/types\/product"}],"wp:featuredmedia":[{"embeddable":true,"href":"https:\/\/secureus.se\/dk\/wp-json\/wp\/v2\/media\/164256"}],"wp:attachment":[{"href":"https:\/\/secureus.se\/dk\/wp-json\/wp\/v2\/media?parent=164262"}],"wp:term":[{"taxonomy":"product_brand","embeddable":true,"href":"https:\/\/secureus.se\/dk\/wp-json\/wp\/v2\/product_brand?post=164262"},{"taxonomy":"product_cat","embeddable":true,"href":"https:\/\/secureus.se\/dk\/wp-json\/wp\/v2\/product_cat?post=164262"},{"taxonomy":"product_tag","embeddable":true,"href":"https:\/\/secureus.se\/dk\/wp-json\/wp\/v2\/product_tag?post=164262"}],"curies":[{"name":"wp","href":"https:\/\/api.w.org\/{rel}","templated":true}]}}