{"id":164269,"date":"2026-04-08T16:17:13","date_gmt":"2026-04-08T14:17:13","guid":{"rendered":"https:\/\/secureus.se\/magicard-300-duo-id-kortsskrivare-med-elatec-smartkortkodning-dubbelsidig\/"},"modified":"2026-04-23T12:28:42","modified_gmt":"2026-04-23T10:28:42","slug":"magicard-300-duo-id-kortsskrivare-med-elatec-smartkortkodning-dubbelsidig","status":"publish","type":"product","link":"https:\/\/secureus.se\/dk\/magicard-300-duo-id-kortsskrivare-med-elatec-smartkortkodning-dubbelsidig\/","title":{"rendered":"Magicard 300 DUO ID-kortprinter med Elatec Smart Card-kodning \u2013 dobbeltsidet"},"content":{"rendered":"<h3 data-section-id=\"1eqca0g\" data-start=\"794\" data-end=\"856\">Magicard 300 DUO \u2013 ID-kortsskrivare med smartkortskodare (Elatec)<\/h3>\n<p data-start=\"858\" data-end=\"1152\">Magicard 300 DUO (P-MAG-3300-0023) \u00e4r en anv\u00e4ndarv\u00e4nlig och kostnadseffektiv ID-kortsskrivare med inbyggd smartkortkodning via Elatec. Den \u00e4r idealisk f\u00f6r f\u00f6retag, skolor och organisationer som vill producera moderna ID-kort med RFID eller chipfunktion f\u00f6r passersystem och andra applikationer.<\/p>\n<p data-start=\"1154\" data-end=\"1341\">Denna modell kombinerar enkel anv\u00e4ndning med st\u00f6d f\u00f6r avancerade kortl\u00f6sningar, vilket g\u00f6r den till ett perfekt steg upp fr\u00e5n enklare skrivare utan att g\u00e5 hela v\u00e4gen till enterprise-niv\u00e5.<\/p>\n<hr data-start=\"1343\" data-end=\"1346\" \/>\n<h3 data-section-id=\"7rvy8a\" data-start=\"1348\" data-end=\"1387\">Smartkortkodning f\u00f6r moderna system<\/h3>\n<p data-start=\"1389\" data-end=\"1465\">Med st\u00f6d f\u00f6r flera smartkortsteknologier kan du skapa funktionella kort f\u00f6r:<\/p>\n<ul data-start=\"1467\" data-end=\"1588\">\n<li data-section-id=\"1hskxmw\" data-start=\"1467\" data-end=\"1502\">Adgangskontrol og adgangskontrolsystemer<\/li>\n<li data-section-id=\"59wxmx\" data-start=\"1503\" data-end=\"1535\">F\u00f6retags-ID med beh\u00f6righeter<\/li>\n<li data-section-id=\"tiy3qr\" data-start=\"1536\" data-end=\"1563\">Student- och campuskort<\/li>\n<li data-section-id=\"1wdrb5w\" data-start=\"1564\" data-end=\"1588\">Medlemskort med RFID<\/li>\n<\/ul>\n<p data-start=\"1590\" data-end=\"1615\">St\u00f6d f\u00f6r teknologier som:<\/p>\n<ul data-start=\"1617\" data-end=\"1694\">\n<li data-section-id=\"o133mk\" data-start=\"1617\" data-end=\"1627\">MIFARE<\/li>\n<li data-section-id=\"1hjdjxe\" data-start=\"1628\" data-end=\"1639\">DESFire<\/li>\n<li data-section-id=\"1bfu70v\" data-start=\"1640\" data-end=\"1650\">iKlasse<\/li>\n<li data-section-id=\"y8o3k6\" data-start=\"1651\" data-end=\"1694\">Kontaktchip (beroende p\u00e5 konfiguration)<\/li>\n<\/ul>\n<p data-start=\"1696\" data-end=\"1777\">Ger en framtidss\u00e4ker l\u00f6sning f\u00f6r organisationer som arbetar med kontaktl\u00f6sa kort.<\/p>\n<hr data-start=\"1779\" data-end=\"1782\" \/>\n<h3 data-section-id=\"vxhmmy\" data-start=\"1784\" data-end=\"1819\">Professionel printkvalitet<\/h3>\n<p data-start=\"1821\" data-end=\"1883\">Magicard 300 leverer udskrifter med en opl\u00f8sning p\u00e5 300 x 300 dpi og giver:<\/p>\n<ul data-start=\"1885\" data-end=\"1953\">\n<li data-section-id=\"phpm8s\" data-start=\"1885\" data-end=\"1908\">Klare fotografier<\/li>\n<li data-section-id=\"w9cw7n\" data-start=\"1909\" data-end=\"1929\">Skarpe logoer<\/li>\n<li data-section-id=\"1u9ihby\" data-start=\"1930\" data-end=\"1953\">God farvegengivelse<\/li>\n<\/ul>\n<p data-start=\"1955\" data-end=\"2059\">Perfekt f\u00f6r daglig kortproduktion med ett professionellt resultat.<\/p>\n<hr data-start=\"2061\" data-end=\"2064\" \/>\n<h3 data-section-id=\"jeuuy4\" data-start=\"2066\" data-end=\"2107\">Dobbeltsidet udskrivning for mere funktionalitet<\/h3>\n<p data-start=\"2109\" data-end=\"2178\">Med automatisk dobbeltsidet udskrivning kan du bruge hele kortoverfladen:<\/p>\n<ul data-start=\"2180\" data-end=\"2265\">\n<li data-section-id=\"hm56il\" data-start=\"2180\" data-end=\"2212\">Forside: foto og identitet<\/li>\n<li data-section-id=\"1fe1qeg\" data-start=\"2213\" data-end=\"2265\">Bagside: regler, kodning eller ekstra information<\/li>\n<\/ul>\n<p data-start=\"2267\" data-end=\"2305\">Ger mer funktionella kort i praktiken.<\/p>\n<hr data-start=\"2307\" data-end=\"2310\" \/>\n<h3 data-section-id=\"rnqd60\" data-start=\"2312\" data-end=\"2346\">Effektiv produktion i vardagen<\/h3>\n<p data-start=\"2348\" data-end=\"2387\">Magicard 300 \u00e4r byggd f\u00f6r stabil drift:<\/p>\n<ul data-start=\"2389\" data-end=\"2498\">\n<li data-section-id=\"78jwjh\" data-start=\"2389\" data-end=\"2424\">Op til 160 farvekort i timen<\/li>\n<li data-section-id=\"1t4kpyp\" data-start=\"2425\" data-end=\"2466\">Op til 720 sort-hvide kort i timen<\/li>\n<li data-section-id=\"1n6agks\" data-start=\"2467\" data-end=\"2498\">Cirka 23 sekunder pr. farvekort<\/li>\n<\/ul>\n<p data-start=\"2500\" data-end=\"2595\">Perfekt f\u00f6r verksamheter med kontinuerlig kortproduktion.<\/p>\n<hr data-start=\"2597\" data-end=\"2600\" \/>\n<h3 data-section-id=\"6vgjf0\" data-start=\"2602\" data-end=\"2622\">Indbygget sikkerhed<\/h3>\n<ul data-start=\"2624\" data-end=\"2754\">\n<li data-section-id=\"1hgdx4n\" data-start=\"2624\" data-end=\"2674\"><strong data-start=\"2626\" data-end=\"2653\">HoloKote\u00ae vandm\u00e6rke<\/strong> til visuel beskyttelse<\/li>\n<li data-section-id=\"9zrpbc\" data-start=\"2675\" data-end=\"2700\">Anpassningsbar design<\/li>\n<li data-section-id=\"16g0s5p\" data-start=\"2701\" data-end=\"2754\"><strong data-start=\"2703\" data-end=\"2724\">Digital makulering<\/strong> sletter data efter udskrivning<\/li>\n<\/ul>\n<p data-start=\"2756\" data-end=\"2847\">Ger b\u00e5de s\u00e4krare kort och b\u00e4ttre skydd av persondata.<\/p>\n<hr data-start=\"2849\" data-end=\"2852\" \/>\n<h3 data-section-id=\"l8c361\" data-start=\"2854\" data-end=\"2892\">Nem installation og integration<\/h3>\n<ul data-start=\"2894\" data-end=\"2974\">\n<li data-section-id=\"142d0jd\" data-start=\"2894\" data-end=\"2914\">USB og Ethernet<\/li>\n<li data-section-id=\"14vqazo\" data-start=\"2915\" data-end=\"2930\">Tilslut og spil<\/li>\n<li data-section-id=\"1be31mw\" data-start=\"2931\" data-end=\"2974\">Enkel att integrera i befintliga system<\/li>\n<\/ul>\n<p data-start=\"2976\" data-end=\"3022\">Passar organisationer utan avancerad IT-milj\u00f6.<\/p>\n<hr data-start=\"3024\" data-end=\"3027\" \/>\n<h3 data-section-id=\"16h16n3\" data-start=\"3029\" data-end=\"3068\">Stabil og omkostningseffektiv l\u00f8sning<\/h3>\n<p data-start=\"3070\" data-end=\"3118\">Magicard 300 \u00e4r byggd f\u00f6r l\u00e5ngsiktig anv\u00e4ndning:<\/p>\n<ul data-start=\"3120\" data-end=\"3200\">\n<li data-section-id=\"j96c48\" data-start=\"3120\" data-end=\"3143\">Robust konstruktion<\/li>\n<li data-section-id=\"1itc5tk\" data-start=\"3144\" data-end=\"3179\">Effektiv brug af b\u00e5nd<\/li>\n<li data-section-id=\"1j0twub\" data-start=\"3180\" data-end=\"3200\">Lave driftsomkostninger<\/li>\n<\/ul>\n<p data-start=\"3202\" data-end=\"3303\">Skrivaren optimerar dessutom utskriften f\u00f6r att minimera spill.<\/p>\n<hr data-start=\"3305\" data-end=\"3308\" \/>\n<h3 data-section-id=\"iwf276\" data-start=\"3310\" data-end=\"3334\">Garanti og sikkerhed<\/h3>\n<ul data-start=\"3336\" data-end=\"3403\">\n<li data-section-id=\"l98imx\" data-start=\"3336\" data-end=\"3353\">3 \u00e5rs garanti<\/li>\n<li data-section-id=\"qgpyvg\" data-start=\"3354\" data-end=\"3372\">Global support<\/li>\n<li data-section-id=\"n39f82\" data-start=\"3373\" data-end=\"3403\">Mulighed for forl\u00e6ngelse<\/li>\n<\/ul>\n<p data-start=\"3405\" data-end=\"3510\">G\u00e6lder ved brug af originale forbrugsvarer og korrekt vedligeholdelse.<\/p>\n<hr data-start=\"3512\" data-end=\"3515\" \/>\n<h3 data-section-id=\"12w8785\" data-start=\"3517\" data-end=\"3562\">Tekniske specifikationer (resum\u00e9)<\/h3>\n<ul data-start=\"3564\" data-end=\"3866\">\n<li data-section-id=\"sei0c3\" data-start=\"3564\" data-end=\"3598\">Modell: Magicard 300 DUO Smart<\/li>\n<li data-section-id=\"1qqrznp\" data-start=\"3599\" data-end=\"3633\">Artikelnummer: P-MAG-3300-0023<\/li>\n<li data-section-id=\"1vn1bje\" data-start=\"3634\" data-end=\"3659\">Udskrivning: Dobbeltsidet<\/li>\n<li data-section-id=\"1nsuhxh\" data-start=\"3660\" data-end=\"3689\">Opl\u00f8sning: 300 x 300 dpi<\/li>\n<li data-section-id=\"1c6m1mp\" data-start=\"3690\" data-end=\"3728\">Hastighed: op til 160 kort\/time<\/li>\n<li data-section-id=\"zw1en0\" data-start=\"3729\" data-end=\"3760\">Kodning: Smartkort (Elatec)<\/li>\n<li data-section-id=\"6qlhy1\" data-start=\"3761\" data-end=\"3790\">Kapacitet: 100 ind \/ 70 ud<\/li>\n<li data-section-id=\"1fr1ygq\" data-start=\"3791\" data-end=\"3818\">Kortformat: CR80 \/ CR79<\/li>\n<li data-section-id=\"794tec\" data-start=\"3819\" data-end=\"3848\">Forbindelse: USB, Ethernet<\/li>\n<li data-section-id=\"qnevs9\" data-start=\"3849\" data-end=\"3866\">V\u00e6gt: ca. 5 kg<\/li>\n<\/ul>\n<hr data-start=\"3868\" data-end=\"3871\" \/>\n<h3 data-section-id=\"11hcs70\" data-start=\"3873\" data-end=\"3897\">Vigtigt at overveje<\/h3>\n<ul data-start=\"3899\" data-end=\"4000\">\n<li data-section-id=\"ddg5am\" data-start=\"3899\" data-end=\"3920\">B\u00e5nd medf\u00f8lger ikke<\/li>\n<li data-section-id=\"ul3fqp\" data-start=\"3921\" data-end=\"3968\">Originale Magicard-forbrugsvarer anbefales<\/li>\n<li data-section-id=\"1wxbumd\" data-start=\"3969\" data-end=\"4000\">Regelm\u00e6ssig reng\u00f8ring n\u00f8dvendig<\/li>\n<\/ul>\n<hr data-start=\"4002\" data-end=\"4005\" \/>\n<h3 data-section-id=\"ethgyn\" data-start=\"4007\" data-end=\"4022\">Perfekt til<\/h3>\n<ul data-start=\"4024\" data-end=\"4183\">\n<li data-section-id=\"1htqaue\" data-start=\"4024\" data-end=\"4057\">F\u00f6retag med RFID-passersystem<\/li>\n<li data-section-id=\"ei9hza\" data-start=\"4058\" data-end=\"4084\">Skoler og universiteter<\/li>\n<li data-section-id=\"nm32nw\" data-start=\"4085\" data-end=\"4112\">Medlemskab og adgangskort<\/li>\n<li data-section-id=\"248698\" data-start=\"4113\" data-end=\"4153\">Organisationer som anv\u00e4nder chipkort<\/li>\n<li data-section-id=\"ox6rg2\" data-start=\"4154\" data-end=\"4183\">Daglig ID-kortsproduktion<\/li>\n<\/ul>\n<hr data-start=\"4185\" data-end=\"4188\" \/>\n<h2 data-section-id=\"1nhgcqf\" data-start=\"4190\" data-end=\"4216\"><span role=\"text\"><strong data-start=\"4193\" data-end=\"4216\">Hurtig positionering<\/strong><\/span><\/h2>\n<p data-start=\"4218\" data-end=\"4253\">Dette er den rigtige model for dig, der:<\/p>\n<ul data-start=\"4254\" data-end=\"4380\">\n<li data-section-id=\"15hkcbh\" data-start=\"4254\" data-end=\"4286\">behov <strong data-start=\"4264\" data-end=\"4284\">smartkort \/ RFID<\/strong><\/li>\n<li data-section-id=\"mzm5zp\" data-start=\"4287\" data-end=\"4333\">vill ha en <strong data-start=\"4300\" data-end=\"4331\">prisv\u00e4rd och modern l\u00f6sning<\/strong><\/li>\n<li data-section-id=\"njjjun\" data-start=\"4334\" data-end=\"4380\">leder efter en <strong data-start=\"4345\" data-end=\"4380\">enkel skrivare f\u00f6r daglig drift<\/strong><\/li>\n<\/ul>","protected":false},"excerpt":{"rendered":"<p data-start=\"331\" data-end=\"552\">Magicard 300 DUO med Elatec smartcard-kodning er en fleksibel og sikker ID-kortprinter til organisationer, der arbejder med RFID- og chipkort. Perfekt til adgangskontrolsystemer, skoler og virksomheder, der har brug for moderne kortl\u00f8sninger.<\/p>\n<ul data-start=\"554\" data-end=\"762\">\n<li data-section-id=\"1uls68x\" data-start=\"554\" data-end=\"587\">Dobbeltsidet udskrivning (duplex)<\/li>\n<li data-section-id=\"1qzgasc\" data-start=\"588\" data-end=\"633\">Smartkortkodning via Elatec (RFID \/ chip)<\/li>\n<li data-section-id=\"vguep3\" data-start=\"634\" data-end=\"668\">300 x 300 dpi til klare kort<\/li>\n<li data-section-id=\"78jwjh\" data-start=\"669\" data-end=\"704\">Op til 160 farvekort i timen<\/li>\n<li data-section-id=\"sg0mgt\" data-start=\"705\" data-end=\"741\">HoloKote\u00ae sikkerhedsvandm\u00e6rke<\/li>\n<li data-section-id=\"142d0jd\" data-start=\"742\" data-end=\"762\">USB og Ethernet<\/li>\n<\/ul>","protected":false},"featured_media":164263,"template":"","meta":{"_acf_changed":false},"product_brand":[],"product_cat":[3208],"product_tag":[],"class_list":{"0":"post-164269","1":"product","2":"type-product","3":"status-publish","4":"has-post-thumbnail","6":"product_cat-magicard","7":"product_shipping_class-tunga-paket","8":"pa_brands-magicard","9":"tm-no-options","11":"first","12":"instock","13":"sale","14":"taxable","15":"shipping-taxable","16":"purchasable","17":"product-type-simple"},"acf":[],"_links":{"self":[{"href":"https:\/\/secureus.se\/dk\/wp-json\/wp\/v2\/product\/164269","targetHints":{"allow":["GET"]}}],"collection":[{"href":"https:\/\/secureus.se\/dk\/wp-json\/wp\/v2\/product"}],"about":[{"href":"https:\/\/secureus.se\/dk\/wp-json\/wp\/v2\/types\/product"}],"wp:featuredmedia":[{"embeddable":true,"href":"https:\/\/secureus.se\/dk\/wp-json\/wp\/v2\/media\/164263"}],"wp:attachment":[{"href":"https:\/\/secureus.se\/dk\/wp-json\/wp\/v2\/media?parent=164269"}],"wp:term":[{"taxonomy":"product_brand","embeddable":true,"href":"https:\/\/secureus.se\/dk\/wp-json\/wp\/v2\/product_brand?post=164269"},{"taxonomy":"product_cat","embeddable":true,"href":"https:\/\/secureus.se\/dk\/wp-json\/wp\/v2\/product_cat?post=164269"},{"taxonomy":"product_tag","embeddable":true,"href":"https:\/\/secureus.se\/dk\/wp-json\/wp\/v2\/product_tag?post=164269"}],"curies":[{"name":"wp","href":"https:\/\/api.w.org\/{rel}","templated":true}]}}