{"id":164293,"date":"2026-04-08T17:17:09","date_gmt":"2026-04-08T15:17:09","guid":{"rendered":"https:\/\/secureus.se\/magicard-prima-451-uno-enkelsidig-lamineringsmodul-for-prima-8\/"},"modified":"2026-04-08T17:46:50","modified_gmt":"2026-04-08T15:46:50","slug":"magicard-prima-451-uno-enkelsidig-lamineringsmodul-for-prima-8","status":"publish","type":"product","link":"https:\/\/secureus.se\/dk\/magicard-prima-451-uno-enkelsidig-lamineringsmodul-for-prima-8\/","title":{"rendered":"Magicard Prima 451 UNO \u2013 Enkeltsidet lamineringsmodul til Prima 8"},"content":{"rendered":"<h3 data-section-id=\"1n3cgt1\" data-start=\"541\" data-end=\"594\">Magicard Prima 451 \u2013 Lamineringsmodul til Prima 8<\/h3>\n<p data-start=\"596\" data-end=\"823\">Magicard Prima 451 UNO er et lamineringsmodul, der bruges sammen med Magicard Prima 8 ID-kortprinteren. Det er ikke en selvst\u00e6ndig enhed, men tilsluttes direkte til printeren og bliver en integreret del af kortproduktionen.<\/p>\n<p data-start=\"825\" data-end=\"954\">Efter kortet er printet i Prima 8, sendes det til lamineringsmaskinen, hvor et beskyttende laminat p\u00e5f\u00f8res kortets overflade.<\/p>\n<hr data-start=\"956\" data-end=\"959\" \/>\n<h3 data-section-id=\"1r1tgt6\" data-start=\"961\" data-end=\"990\">Forl\u00e6ng dine korts levetid<\/h3>\n<p data-start=\"992\" data-end=\"1026\">Ved at p\u00e5f\u00f8re en beskyttende film:<\/p>\n<ul data-start=\"1028\" data-end=\"1151\">\n<li data-section-id=\"14vkc1t\" data-start=\"1028\" data-end=\"1068\">Beskytter kortet mod ridser og slid<\/li>\n<li data-section-id=\"1jtmpnt\" data-start=\"1069\" data-end=\"1111\">Reducerer risikoen for falmning og skader<\/li>\n<li data-section-id=\"ipzwfc\" data-start=\"1112\" data-end=\"1151\">Forl\u00e6nger kortets levetid betydeligt<\/li>\n<\/ul>\n<p data-start=\"1153\" data-end=\"1226\">Perfekt til kort, der bruges dagligt, s\u00e5som adgangskort og ID-kort.<\/p>\n<hr data-start=\"1228\" data-end=\"1231\" \/>\n<h3 data-section-id=\"1r0opps\" data-start=\"1233\" data-end=\"1265\">\u00d8get sikkerhed med laminering<\/h3>\n<p data-start=\"1267\" data-end=\"1320\">Laminering giver ogs\u00e5 yderligere beskyttelse mod manipulation:<\/p>\n<ul data-start=\"1322\" data-end=\"1462\">\n<li data-section-id=\"50d43l\" data-start=\"1322\" data-end=\"1368\">Mulighed for at bruge holografiske laminater<\/li>\n<li data-section-id=\"18m8xwa\" data-start=\"1369\" data-end=\"1411\">Sv\u00e6rere at kopiere eller \u00e6ndre kortet<\/li>\n<li data-section-id=\"t8o7jq\" data-start=\"1412\" data-end=\"1462\">Giver et mere professionelt og selvsikkert udseende<\/li>\n<\/ul>\n<p data-start=\"1464\" data-end=\"1523\">Dette er is\u00e6r vigtigt i milj\u00f8er med h\u00f8je sikkerhedskrav.<\/p>\n<hr data-start=\"1525\" data-end=\"1528\" \/>\n<h3 data-section-id=\"1bdglp2\" data-start=\"1530\" data-end=\"1563\">Integreres direkte med Prima 8<\/h3>\n<p data-start=\"1565\" data-end=\"1619\">Magicard Prima 451 er designet til problemfri integration:<\/p>\n<ul data-start=\"1621\" data-end=\"1754\">\n<li data-section-id=\"23hzlv\" data-start=\"1621\" data-end=\"1661\">Forbindes direkte til Magicard Prima 8<\/li>\n<li data-section-id=\"15m0klg\" data-start=\"1662\" data-end=\"1714\">Arbejder automatisk i samme flow som udskriften<\/li>\n<li data-section-id=\"1bdxuvr\" data-start=\"1715\" data-end=\"1754\">Ingen manuel h\u00e5ndtering mellem trinene<\/li>\n<\/ul>\n<p data-start=\"1756\" data-end=\"1805\">Tilbyder effektiv og professionel kortproduktion.<\/p>\n<hr data-start=\"1807\" data-end=\"1810\" \/>\n<h3 data-section-id=\"ii88un\" data-start=\"1812\" data-end=\"1837\">Enkeltsidet laminering<\/h3>\n<p data-start=\"1839\" data-end=\"1888\">Denne model er ensidet (UNO), hvilket betyder:<\/p>\n<ul data-start=\"1890\" data-end=\"1996\">\n<li data-section-id=\"92ajlp\" data-start=\"1890\" data-end=\"1925\">Laminering p\u00e5 den ene side af kortet<\/li>\n<li data-section-id=\"1ivtv61\" data-start=\"1926\" data-end=\"1949\">Hurtigere produktion<\/li>\n<li data-section-id=\"12j667m\" data-start=\"1950\" data-end=\"1996\">Perfekt n\u00e5r kun fronten beh\u00f8ver beskyttelse<\/li>\n<\/ul>\n<hr data-start=\"1998\" data-end=\"2001\" \/>\n<h3 data-section-id=\"12w8785\" data-start=\"2003\" data-end=\"2048\">Tekniske specifikationer (resum\u00e9)<\/h3>\n<ul data-start=\"2050\" data-end=\"2235\">\n<li data-section-id=\"7xdso4\" data-start=\"2050\" data-end=\"2084\">Model: Magicard Prima 451 UNO<\/li>\n<li data-section-id=\"lxk7jy\" data-start=\"2085\" data-end=\"2118\">Artikelnummer: P-MAG-PRIMA451<\/li>\n<li data-section-id=\"ujw5rn\" data-start=\"2119\" data-end=\"2144\">Type: Lamineringsmodul<\/li>\n<li data-section-id=\"1bhsvrv\" data-start=\"2145\" data-end=\"2171\">Laminering: Enkeltsidet<\/li>\n<li data-section-id=\"7bvnx8\" data-start=\"2172\" data-end=\"2215\">Kompatibilitet: Kun Magicard Prima 8<\/li>\n<li data-section-id=\"1p5l0ew\" data-start=\"2216\" data-end=\"2235\">V\u00e6gt: ca. 8,0 kg<\/li>\n<\/ul>\n<hr data-start=\"2237\" data-end=\"2240\" \/>\n<h3 data-section-id=\"11hcs70\" data-start=\"2242\" data-end=\"2266\">Vigtigt at overveje<\/h3>\n<ul data-start=\"2268\" data-end=\"2397\">\n<li data-section-id=\"atkjxm\" data-start=\"2268\" data-end=\"2320\">Dette er et valgfrit modul, ikke et selvst\u00e6ndigt produkt.<\/li>\n<li data-section-id=\"3xj7dn\" data-start=\"2321\" data-end=\"2365\">Kr\u00e6ver Magicard Prima 8 for at bruge<\/li>\n<li data-section-id=\"1grqf0h\" data-start=\"2366\" data-end=\"2397\">Laminatfilm s\u00e6lges separat<\/li>\n<\/ul>\n<hr data-start=\"2399\" data-end=\"2402\" \/>\n<h3 data-section-id=\"ethgyn\" data-start=\"2404\" data-end=\"2419\">Perfekt til<\/h3>\n<ul data-start=\"2421\" data-end=\"2589\">\n<li data-section-id=\"7w669v\" data-start=\"2421\" data-end=\"2451\">Holdbare ID-kort<\/li>\n<li data-section-id=\"dn5tss\" data-start=\"2452\" data-end=\"2486\">Adgangskort i daglig brug<\/li>\n<li data-section-id=\"2f67aj\" data-start=\"2487\" data-end=\"2504\">Sikkerhedskort<\/li>\n<li data-section-id=\"1sg2zja\" data-start=\"2505\" data-end=\"2551\">Organisationer med h\u00f8je krav til holdbarhed<\/li>\n<li data-section-id=\"1o8fass\" data-start=\"2552\" data-end=\"2589\">Milj\u00f8er hvor kort bruges ofte<\/li>\n<\/ul>\n<hr data-start=\"2591\" data-end=\"2594\" \/>\n<h2 data-section-id=\"1nhgcqf\" data-start=\"2596\" data-end=\"2622\"><span role=\"text\"><strong data-start=\"2599\" data-end=\"2622\">Hurtig positionering<\/strong><\/span><\/h2>\n<p data-start=\"2624\" data-end=\"2656\">Dette er det rigtige valg for dig, der:<\/p>\n<ul data-start=\"2657\" data-end=\"2776\">\n<li data-section-id=\"652ri9\" data-start=\"2657\" data-end=\"2690\">bruger <strong data-start=\"2668\" data-end=\"2688\">Magicard Prima 8<\/strong><\/li>\n<li data-section-id=\"i69evg\" data-start=\"2691\" data-end=\"2732\">mangel <strong data-start=\"2698\" data-end=\"2730\">forl\u00e6nge kortenes levetid<\/strong><\/li>\n<li data-section-id=\"136q5fa\" data-start=\"2733\" data-end=\"2776\">behov <strong data-start=\"2743\" data-end=\"2776\">Ekstra sikkerhed via laminering<\/strong><\/li>\n<\/ul>","protected":false},"excerpt":{"rendered":"<p data-start=\"124\" data-end=\"325\">Magicard Prima 451 er et enkeltsidet lamineringsmodul til Magicard Prima 8 ID-kortprinteren. Det p\u00e5f\u00f8rer et beskyttende laminat p\u00e5 kortet for \u00f8get holdbarhed, l\u00e6ngere levetid og forbedret sikkerhed.<\/p>\n<ul data-start=\"327\" data-end=\"509\">\n<li data-section-id=\"ce0vzz\" data-start=\"327\" data-end=\"368\">Lamineringsmodul til Magicard Prima 8<\/li>\n<li data-section-id=\"1cinnkk\" data-start=\"369\" data-end=\"400\">Enkeltsidet laminering (UNO)<\/li>\n<li data-section-id=\"1qnxbtd\" data-start=\"401\" data-end=\"439\">Beskytter kort mod slid og ridser<\/li>\n<li data-section-id=\"8h6f1f\" data-start=\"440\" data-end=\"466\">\u00d8ger kortets levetid<\/li>\n<li data-section-id=\"1kkgy16\" data-start=\"467\" data-end=\"509\">Underst\u00f8ttelse af holografiske sikkerhedslaminater<\/li>\n<\/ul>","protected":false},"featured_media":164291,"template":"","meta":{"_acf_changed":false},"product_brand":[],"product_cat":[3208],"product_tag":[],"class_list":{"0":"post-164293","1":"product","2":"type-product","3":"status-publish","4":"has-post-thumbnail","6":"product_cat-magicard","7":"pa_brands-magicard","8":"tm-no-options","10":"first","11":"instock","12":"sale","13":"taxable","14":"shipping-taxable","15":"purchasable","16":"product-type-simple"},"acf":[],"_links":{"self":[{"href":"https:\/\/secureus.se\/dk\/wp-json\/wp\/v2\/product\/164293","targetHints":{"allow":["GET"]}}],"collection":[{"href":"https:\/\/secureus.se\/dk\/wp-json\/wp\/v2\/product"}],"about":[{"href":"https:\/\/secureus.se\/dk\/wp-json\/wp\/v2\/types\/product"}],"wp:featuredmedia":[{"embeddable":true,"href":"https:\/\/secureus.se\/dk\/wp-json\/wp\/v2\/media\/164291"}],"wp:attachment":[{"href":"https:\/\/secureus.se\/dk\/wp-json\/wp\/v2\/media?parent=164293"}],"wp:term":[{"taxonomy":"product_brand","embeddable":true,"href":"https:\/\/secureus.se\/dk\/wp-json\/wp\/v2\/product_brand?post=164293"},{"taxonomy":"product_cat","embeddable":true,"href":"https:\/\/secureus.se\/dk\/wp-json\/wp\/v2\/product_cat?post=164293"},{"taxonomy":"product_tag","embeddable":true,"href":"https:\/\/secureus.se\/dk\/wp-json\/wp\/v2\/product_tag?post=164293"}],"curies":[{"name":"wp","href":"https:\/\/api.w.org\/{rel}","templated":true}]}}