{"id":164471,"date":"2026-04-15T13:17:32","date_gmt":"2026-04-15T11:17:32","guid":{"rendered":"https:\/\/secureus.se\/?post_type=product&#038;p=164471"},"modified":"2026-05-08T08:48:42","modified_gmt":"2026-05-08T06:48:42","slug":"ajax-kompatibel-tagg-vit-bricka-till-keypad-plus-outdoor-och-touchscreen-ev2-4k-plus","status":"publish","type":"product","link":"https:\/\/secureus.se\/dk\/ajax-kompatibel-tagg-vit-bricka-till-keypad-plus-outdoor-och-touchscreen-ev2-4k-plus\/","title":{"rendered":"Ajax-kompatibel tag (hvid) \u2013 Tag til KeyPad Plus, udend\u00f8rs og touchsk\u00e6rm | EV2 4K Plus"},"content":{"rendered":"<p data-start=\"600\" data-end=\"763\">Ajax Compatible Tag (hvid) er et smart og overkommeligt alternativ til det originale Ajax-tag, udviklet til at fungere sammen med Ajax KeyPad Plus og TouchScreen.<\/p>\n<p data-start=\"765\" data-end=\"1026\">Den er udstyret med en \u00e6gte Mifare DESFire-chip fra NXP, hvilket betyder, at du f\u00e5r det samme h\u00f8je sikkerhedsniveau som i originale produkter. Den avancerede kryptering beskytter mod kopiering og uautoriseret adgang, samtidig med at den er enkel og problemfri at bruge.<\/p>\n<p data-start=\"1028\" data-end=\"1237\">Ligesom med den originale brik aktiverer eller deaktiverer du alarmen ved at holde brikken mod tastaturet. Ingen kode eller app kr\u00e6ves, hvilket g\u00f8r den perfekt til familie, medarbejdere eller lejlighedsvise brugere.<\/p>\n<p data-start=\"1239\" data-end=\"1441\">En klar fordel ved denne m\u00e6rke er dens format. Den er en smule mindre og tyndere end Ajax-originalen, hvilket g\u00f8r den nemmere at b\u00e6re p\u00e5 sin n\u00f8glering. Mange mennesker s\u00e6tter pris p\u00e5 det mere kompakte design i hverdagen.<\/p>\n<p data-start=\"1660\" data-end=\"1866\">Vi tilbyder ogs\u00e5 muligheden for gravering. Du kan f.eks. v\u00e6lge nummerering eller dit eget logo direkte p\u00e5 taggen, hvilket g\u00f8r det nemt at holde styr p\u00e5 brugere og tilladelser.<\/p>\n<p data-start=\"1868\" data-end=\"2048\">M\u00e6rket er lavet af slidst\u00e6rkt ABS-materiale og leveres med en original chip fra NXP. Det er p\u00e5 lager i store m\u00e6ngder og kan leveres hurtigt, selv ved st\u00f8rre ordrer.<\/p>\n<hr data-start=\"2168\" data-end=\"2171\" \/>\n<h2 data-section-id=\"4wkmjn\" data-start=\"2173\" data-end=\"2204\"><span role=\"text\"><strong data-start=\"2176\" data-end=\"2204\">Tekniske specifikationer<\/strong><\/span><\/h2>\n<ul data-start=\"2205\" data-end=\"2532\">\n<li data-section-id=\"1k933n6\" data-start=\"2205\" data-end=\"2251\"><strong>Kommunikationsteknologi<\/strong>Mifare DESFire\u00ae (NXP original)<\/li>\n<li data-section-id=\"c63o5z\" data-start=\"2252\" data-end=\"2289\"><strong>Standard<\/strong>ISO 14443-A (13,56 MHz)<\/li>\n<li data-section-id=\"18f098c\" data-start=\"2290\" data-end=\"2334\"><strong>Kryptering<\/strong>128-bit avanceret DESFire-kryptering<\/li>\n<li data-section-id=\"6941yt\" data-start=\"2335\" data-end=\"2416\"><strong>Kompatibilitet<\/strong>Ajax KeyPad Plus og TouchScreen samt DESFire-baserede systemer<\/li>\n<li data-section-id=\"18ldt2h\" data-start=\"2417\" data-end=\"2434\"><strong>Materiale<\/strong>ABS<\/li>\n<li data-section-id=\"14m3c96\" data-start=\"2435\" data-end=\"2466\"><strong>Dimensioner<\/strong>: 43 \u00d7 29 \u00d7 4 mm<\/li>\n<li data-section-id=\"17n4yqt\" data-start=\"2467\" data-end=\"2480\"><strong>Farve<\/strong>: Sort<\/li>\n<li data-section-id=\"l2858j\" data-start=\"2481\" data-end=\"2532\"><strong>Gravering<\/strong>Ja, mulighed for f.eks. nummer, navn, besked eller logo<\/li>\n<\/ul>","protected":false},"excerpt":{"rendered":"<p data-start=\"205\" data-end=\"288\">Ajax-kompatibel tag (hvid) \u2013 Tag til KeyPad Plus og touchsk\u00e6rm<\/p>\n<p data-start=\"290\" data-end=\"451\">Prisbilligt alternativ til den originale Ajax-tag med samme h\u00f8je sikkerhed og en anden farve. Udstyret med Mifare DESFire fra NXP for krypteret og sikker adgang til Ajax-systemer.<\/p>\n<p data-start=\"453\" data-end=\"569\">Lige s\u00e5 god som originalen, men mindre og mere fleksibelt format og muligheden for gravering g\u00f8r den perfekt til b\u00e5de privat og professionel brug. Du kan f.eks. v\u00e6lge nummerering eller dit eget logo direkte p\u00e5 taggen, hvilket g\u00f8r det nemt at holde styr p\u00e5 brugere og tilladelser.<\/p>\n<p data-start=\"453\" data-end=\"569\">\u00c5ben <strong>\u201c&quot;Vis tilpasningsmuligheder&quot;\u201d<\/strong> at v\u00e6lge gravering af nummer, navn eller logo p\u00e5 dit m\u00e6rke.<\/p>","protected":false},"featured_media":163678,"template":"","meta":{"_acf_changed":false},"product_brand":[],"product_cat":[5129],"product_tag":[],"class_list":{"0":"post-164471","1":"product","2":"type-product","3":"status-publish","4":"has-post-thumbnail","6":"product_cat-ajax-taggar-kort","7":"product_shipping_class-postnord-varubrev","8":"pa_brands-secureus","9":"tm-has-options","11":"first","12":"instock","13":"featured","14":"taxable","15":"shipping-taxable","16":"purchasable","17":"product-type-simple"},"acf":[],"_links":{"self":[{"href":"https:\/\/secureus.se\/dk\/wp-json\/wp\/v2\/product\/164471","targetHints":{"allow":["GET"]}}],"collection":[{"href":"https:\/\/secureus.se\/dk\/wp-json\/wp\/v2\/product"}],"about":[{"href":"https:\/\/secureus.se\/dk\/wp-json\/wp\/v2\/types\/product"}],"wp:featuredmedia":[{"embeddable":true,"href":"https:\/\/secureus.se\/dk\/wp-json\/wp\/v2\/media\/163678"}],"wp:attachment":[{"href":"https:\/\/secureus.se\/dk\/wp-json\/wp\/v2\/media?parent=164471"}],"wp:term":[{"taxonomy":"product_brand","embeddable":true,"href":"https:\/\/secureus.se\/dk\/wp-json\/wp\/v2\/product_brand?post=164471"},{"taxonomy":"product_cat","embeddable":true,"href":"https:\/\/secureus.se\/dk\/wp-json\/wp\/v2\/product_cat?post=164471"},{"taxonomy":"product_tag","embeddable":true,"href":"https:\/\/secureus.se\/dk\/wp-json\/wp\/v2\/product_tag?post=164471"}],"curies":[{"name":"wp","href":"https:\/\/api.w.org\/{rel}","templated":true}]}}