{"id":164489,"date":"2026-04-16T11:48:29","date_gmt":"2026-04-16T09:48:29","guid":{"rendered":"https:\/\/secureus.se\/?post_type=product&#038;p=164489"},"modified":"2026-04-16T12:06:00","modified_gmt":"2026-04-16T10:06:00","slug":"seriekopplad-brandvarnare-tradlos-rf-rokdetektor-10-ars-batteri-en14604","status":"publish","type":"product","link":"https:\/\/secureus.se\/dk\/seriekopplad-brandvarnare-tradlos-rf-rokdetektor-10-ars-batteri-en14604\/","title":{"rendered":"Serieforbundet r\u00f8galarm tr\u00e5dl\u00f8s RF \u2013 R\u00f8gdetektor 10 \u00e5rs batteri EN14604"},"content":{"rendered":"<h2 data-section-id=\"14qb479\" data-start=\"346\" data-end=\"404\">Seriekopplad Brandvarnare Tr\u00e5dl\u00f6s RF med 10-\u00e5rs Batteri<\/h2>\n<p data-start=\"406\" data-end=\"643\">Skapa ett s\u00e4krare hem med en <strong data-start=\"435\" data-end=\"464\">seriekopplad brandvarnare<\/strong> som varnar i hela bostaden samtidigt. Denna <strong data-start=\"509\" data-end=\"534\">tr\u00e5dl\u00f6sa brandvarnare<\/strong> anv\u00e4nder RF-teknik f\u00f6r att koppla ihop flera enheter direkt med varandra utan behov av WiFi, app eller hubb.<\/p>\n<p data-start=\"645\" data-end=\"844\">N\u00e4r en brandvarnare uppt\u00e4cker r\u00f6k aktiveras samtliga sammankopplade enheter direkt. Det ger snabb varning i flera rum samtidigt och \u00f6kar m\u00f6jligheten att uppt\u00e4cka brand i tid, oavsett var den startar.<\/p>\n<p data-start=\"846\" data-end=\"992\">Den utl\u00f6sande enheten forts\u00e4tter att ljuda \u00e4ven om \u00f6vriga brandvarnare tystas, vilket g\u00f6r det enkelt att snabbt hitta r\u00e4tt plats och agera direkt.<\/p>\n<p data-start=\"994\" data-end=\"1120\">Det inbyggda batteriet har upp till <strong data-start=\"1030\" data-end=\"1050\">10 \u00e5rs livsl\u00e4ngd<\/strong>, vilket minimerar underh\u00e5ll och g\u00f6r installationen smidig fr\u00e5n start.<\/p>\n<p data-start=\"1122\" data-end=\"1245\">Perfekt f\u00f6r villa, l\u00e4genhet, fritidshus, kontor och gemensamma utrymmen d\u00e4r du vill ha ett enkelt men effektivt brandskydd.<\/p>\n<h2 data-section-id=\"9wy3q1\" data-start=\"1247\" data-end=\"1258\">Fordele<\/h2>\n<ul data-start=\"1260\" data-end=\"1574\">\n<li data-section-id=\"13g6r4g\" data-start=\"1260\" data-end=\"1318\">Seriekopplad brandvarnare med tr\u00e5dl\u00f6s RF-kommunikation<\/li>\n<li data-section-id=\"10m4ggg\" data-start=\"1319\" data-end=\"1352\">Alle enheder alarmerer samtidigt<\/li>\n<li data-section-id=\"srpl60\" data-start=\"1353\" data-end=\"1389\">Ingen Wi-Fi, app eller hub kr\u00e6ves<\/li>\n<li data-section-id=\"x1fcfh\" data-start=\"1390\" data-end=\"1431\">10-\u00e5rs batteri f\u00f6r minimalt underh\u00e5ll<\/li>\n<li data-section-id=\"19o44eo\" data-start=\"1432\" data-end=\"1454\">Enkel takmontering<\/li>\n<li data-section-id=\"bkvsqo\" data-start=\"1455\" data-end=\"1501\">Den utl\u00f6sande enheten forts\u00e4tter att ljuda<\/li>\n<li data-section-id=\"1sr2hql\" data-start=\"1502\" data-end=\"1525\">EN14604-certificeret<\/li>\n<li data-section-id=\"ek06aj\" data-start=\"1526\" data-end=\"1574\">Passar hem, fritidshus och flerplansbost\u00e4der<\/li>\n<\/ul>","protected":false},"excerpt":{"rendered":"<ul>\n<li data-section-id=\"3seaxf\" data-start=\"610\" data-end=\"673\">Serieforbundne r\u00f8galarmer til hurtig advarsel i hele hjemmet \u2013 tilslut op til 100.<\/li>\n<li data-section-id=\"rt5atx\" data-start=\"674\" data-end=\"730\">Tr\u00e5dl\u00f8s RF-teknologi uden behov for WiFi, app eller hub<\/li>\n<li data-section-id=\"1gmivzb\" data-start=\"731\" data-end=\"797\">Alle sammenkoblede enheder alarmerer samtidigt, n\u00e5r der udvikles r\u00f8g.<\/li>\n<li data-section-id=\"1gzfdil\" data-start=\"798\" data-end=\"861\">10 \u00e5rs batteri for problemfri drift og minimal vedligeholdelse<\/li>\n<li data-section-id=\"ne19te\" data-start=\"862\" data-end=\"911\">EN14604-certificeret for sikker drift<\/li>\n<li data-section-id=\"1f0a402\" data-start=\"912\" data-end=\"974\">Velegnet til villaer, lejligheder, feriehuse og f\u00e6llesarealer<\/li>\n<\/ul>","protected":false},"featured_media":164514,"template":"","meta":{"_acf_changed":false},"product_brand":[],"product_cat":[5130],"product_tag":[],"class_list":{"0":"post-164489","1":"product","2":"type-product","3":"status-publish","4":"has-post-thumbnail","6":"product_cat-tradlosa-brandvarnare","7":"product_shipping_class-postnord-varubrev","8":"pa_brands-secureus","9":"tm-no-options","11":"first","12":"instock","13":"taxable","14":"shipping-taxable","15":"product-type-simple"},"acf":[],"_links":{"self":[{"href":"https:\/\/secureus.se\/dk\/wp-json\/wp\/v2\/product\/164489","targetHints":{"allow":["GET"]}}],"collection":[{"href":"https:\/\/secureus.se\/dk\/wp-json\/wp\/v2\/product"}],"about":[{"href":"https:\/\/secureus.se\/dk\/wp-json\/wp\/v2\/types\/product"}],"wp:featuredmedia":[{"embeddable":true,"href":"https:\/\/secureus.se\/dk\/wp-json\/wp\/v2\/media\/164514"}],"wp:attachment":[{"href":"https:\/\/secureus.se\/dk\/wp-json\/wp\/v2\/media?parent=164489"}],"wp:term":[{"taxonomy":"product_brand","embeddable":true,"href":"https:\/\/secureus.se\/dk\/wp-json\/wp\/v2\/product_brand?post=164489"},{"taxonomy":"product_cat","embeddable":true,"href":"https:\/\/secureus.se\/dk\/wp-json\/wp\/v2\/product_cat?post=164489"},{"taxonomy":"product_tag","embeddable":true,"href":"https:\/\/secureus.se\/dk\/wp-json\/wp\/v2\/product_tag?post=164489"}],"curies":[{"name":"wp","href":"https:\/\/api.w.org\/{rel}","templated":true}]}}