{"id":164536,"date":"2026-04-16T13:54:00","date_gmt":"2026-04-16T11:54:00","guid":{"rendered":"https:\/\/secureus.se\/?post_type=product&#038;p=164536"},"modified":"2026-04-23T10:16:54","modified_gmt":"2026-04-23T08:16:54","slug":"dorrhallarmagnet-inklusive-ankare-400n-fe230","status":"publish","type":"product","link":"https:\/\/secureus.se\/dk\/dorrhallarmagnet-inklusive-ankare-400n-fe230\/","title":{"rendered":"D\u00f8rholdermagnet inklusive anker 400N FE230"},"content":{"rendered":"<p data-start=\"50\" data-end=\"305\"><strong data-start=\"50\" data-end=\"59\">FE230<\/strong> er en d\u00f8rholdermagnet inklusive anker til overflademontering p\u00e5 v\u00e6g eller konsol. Enheden har en holdekraft p\u00e5 <strong data-start=\"177\" data-end=\"186\">400 N<\/strong> og er udstyret med en d\u00f8rlukkeknap, der kan monteres p\u00e5 toppen eller p\u00e5 h\u00f8jre eller venstre side af enheden.<\/p>\n<p data-start=\"307\" data-end=\"570\">Kabelindf\u00f8ring kan foretages fra siden, toppen eller bagsiden. D\u00f8rmagneten er konstrueret med en presset spole og har en anti-remanens-ben, der h\u00e5ndterer eventuel restmagnetisme. FE230 er ogs\u00e5 udstyret med integrerede beskyttelsesdioder for at modvirke str\u00f8mstigninger.<\/p>\n<p data-start=\"572\" data-end=\"810\">D\u00f8rmagnetens beskyttelsesklasse er <strong data-start=\"609\" data-end=\"617\">IP54<\/strong>. Plastikhuset er lavet af <strong data-start=\"647\" data-end=\"659\">Bayblend<\/strong> med <strong data-start=\"664\" data-end=\"686\">30 % PA6 glasfiber<\/strong>, hvilket g\u00f8r det betydeligt st\u00e6rkere end standard ABS. Materialet giver h\u00f8j varmebestandighed, god slagfasthed og h\u00f8j stivhed.<\/p>\n<p data-start=\"812\" data-end=\"1032\">For nem og praktisk installation leveres d\u00f8rholdermagneten med skrueforbindelser til kablet. Huset er forboret for hurtig og nem installation. FE230 leveres ogs\u00e5 med en ankerplade med justerbar vinkel.<\/p>\n<h2 data-section-id=\"fnvs8i\" data-start=\"1034\" data-end=\"1047\">Egenskaber<\/h2>\n<ul data-start=\"1048\" data-end=\"1245\">\n<li data-section-id=\"18xs1m3\" data-start=\"1048\" data-end=\"1082\">Lavt str\u00f8mforbrug, <strong data-start=\"1073\" data-end=\"1082\">1,6 W<\/strong><\/li>\n<li data-section-id=\"17qhkv4\" data-start=\"1083\" data-end=\"1107\">Holder str\u00f8mmen t\u00e6ndt <strong data-start=\"1098\" data-end=\"1107\">400 N<\/strong><\/li>\n<li data-section-id=\"56gdae\" data-start=\"1108\" data-end=\"1128\">Anti-rester n\u00e5l<\/li>\n<li data-section-id=\"1f4b2jy\" data-start=\"1129\" data-end=\"1174\">Beskyttelsesdioder og beskyttelse mod omvendt polaritet<\/li>\n<li data-section-id=\"1vxgf0x\" data-start=\"1175\" data-end=\"1204\">Indbygget d\u00f8rlukningsknap<\/li>\n<li data-section-id=\"1or1j1j\" data-start=\"1205\" data-end=\"1225\"><strong data-start=\"1207\" data-end=\"1225\">EN1155-godkendt<\/strong><\/li>\n<li data-section-id=\"elw8us\" data-start=\"1226\" data-end=\"1245\">Ankerplade inkluderet<\/li>\n<\/ul>\n<h2 data-section-id=\"pfyasx\" data-start=\"1247\" data-end=\"1263\">Teknisk data<\/h2>\n<ul data-start=\"1264\" data-end=\"1577\">\n<li data-section-id=\"m4al6v\" data-start=\"1264\" data-end=\"1294\"><strong data-start=\"1266\" data-end=\"1287\">Sp\u00e6ndingsforsyning:<\/strong> 24 VDC<\/li>\n<li data-section-id=\"8aukmp\" data-start=\"1295\" data-end=\"1314\"><strong data-start=\"1297\" data-end=\"1308\">Effekt:<\/strong> 1,6 W<\/li>\n<li data-section-id=\"xkucxb\" data-start=\"1315\" data-end=\"1337\"><strong data-start=\"1317\" data-end=\"1331\">Holdekraft:<\/strong> 400 N<\/li>\n<li data-section-id=\"vq1ojm\" data-start=\"1338\" data-end=\"1388\"><strong data-start=\"1340\" data-end=\"1359\">Beskyttelsesklasse:<\/strong> Magnet IP54, tilslutning IP42<\/li>\n<li data-section-id=\"1so7cfg\" data-start=\"1389\" data-end=\"1436\"><strong data-start=\"1391\" data-end=\"1419\">Dimensioner (H x B x D):<\/strong> 110 x 85 x 38 mm<\/li>\n<li data-section-id=\"1sp9xbs\" data-start=\"1437\" data-end=\"1466\"><strong data-start=\"1439\" data-end=\"1463\">D\u00f8rlukningsknap:<\/strong> Ja<\/li>\n<li data-section-id=\"1issdkq\" data-start=\"1467\" data-end=\"1489\"><strong data-start=\"1469\" data-end=\"1486\">Beskyttelsesdioder:<\/strong> Ja<\/li>\n<li data-section-id=\"1ogf65j\" data-start=\"1490\" data-end=\"1536\"><strong data-start=\"1492\" data-end=\"1533\">Beskyttelse mod omvendt polaritet:<\/strong> Ja<\/li>\n<li data-section-id=\"1fdxiq\" data-start=\"1537\" data-end=\"1553\"><strong data-start=\"1539\" data-end=\"1550\">EN1155:<\/strong> Ja<\/li>\n<li data-section-id=\"16c2jcj\" data-start=\"1554\" data-end=\"1577\"><strong data-start=\"1556\" data-end=\"1571\">Driftscyklus:<\/strong> 100 %<\/li>\n<\/ul>","protected":false},"excerpt":{"rendered":"<p data-start=\"37\" data-end=\"423\"><strong data-start=\"37\" data-end=\"128\">FE230 er en kraftig d\u00f8rholdermagnet til overflademontering p\u00e5 v\u00e6g eller konsol.<\/strong> Den har en holdekraft p\u00e5 400 N, en indbygget d\u00f8rlukningsknap og leveres med en justerbar ankerplade. Magneten er lavet af slidst\u00e6rkt materiale, har beskyttelse mod str\u00f8mspidser og omvendt polaritet og er godkendt i henhold til EN1155. Velegnet til installationer, hvor driftssikkerhed og nem installation er vigtige.<\/p>","protected":false},"featured_media":164535,"template":"","meta":{"_acf_changed":false},"product_brand":[],"product_cat":[1560],"product_tag":[],"class_list":{"0":"post-164536","1":"product","2":"type-product","3":"status-publish","4":"has-post-thumbnail","6":"product_cat-branddorrstangning","7":"tm-no-options","9":"first","10":"instock","11":"sale","12":"taxable","13":"shipping-taxable","14":"purchasable","15":"product-type-simple"},"acf":[],"_links":{"self":[{"href":"https:\/\/secureus.se\/dk\/wp-json\/wp\/v2\/product\/164536","targetHints":{"allow":["GET"]}}],"collection":[{"href":"https:\/\/secureus.se\/dk\/wp-json\/wp\/v2\/product"}],"about":[{"href":"https:\/\/secureus.se\/dk\/wp-json\/wp\/v2\/types\/product"}],"wp:featuredmedia":[{"embeddable":true,"href":"https:\/\/secureus.se\/dk\/wp-json\/wp\/v2\/media\/164535"}],"wp:attachment":[{"href":"https:\/\/secureus.se\/dk\/wp-json\/wp\/v2\/media?parent=164536"}],"wp:term":[{"taxonomy":"product_brand","embeddable":true,"href":"https:\/\/secureus.se\/dk\/wp-json\/wp\/v2\/product_brand?post=164536"},{"taxonomy":"product_cat","embeddable":true,"href":"https:\/\/secureus.se\/dk\/wp-json\/wp\/v2\/product_cat?post=164536"},{"taxonomy":"product_tag","embeddable":true,"href":"https:\/\/secureus.se\/dk\/wp-json\/wp\/v2\/product_tag?post=164536"}],"curies":[{"name":"wp","href":"https:\/\/api.w.org\/{rel}","templated":true}]}}