{"id":164751,"date":"2026-04-22T15:08:23","date_gmt":"2026-04-22T13:08:23","guid":{"rendered":"https:\/\/secureus.se\/evolis-zenius-2-expert-id-kortskrivare-med-usb-ethernet-enkelsidig\/"},"modified":"2026-04-24T14:02:26","modified_gmt":"2026-04-24T12:02:26","slug":"evolis-zenius-2-expert-id-kortskrivare-med-usb-ethernet-enkelsidig","status":"publish","type":"product","link":"https:\/\/secureus.se\/dk\/evolis-zenius-2-expert-id-kortskrivare-med-usb-ethernet-enkelsidig\/","title":{"rendered":"Evolis Zenius 2 Expert ID-kortprinter med USB og Ethernet (enkeltsidet)"},"content":{"rendered":"<p>Oplev den avancerede Evolis Zenius 2 Expert ID-kortprinter, der kombinerer fleksibilitet med h\u00f8j ydeevne. Med muligheden for at udskrive enkeltsidede ID-kort er denne printer det perfekte valg til kontorer, skoler og arrangementer. Tilslut den nemt via USB eller Ethernet, og lav professionelle ID-kort p\u00e5 ingen tid. Det elegante design og den brugervenlige gr\u00e6nseflade g\u00f8r det nemt at lave brugerdefinerede kort i h\u00f8j kvalitet. Med Evolis Zenius 2 Expert f\u00e5r du en p\u00e5lidelig og effektiv l\u00f8sning til dine ID-kortbehov.<\/p>","protected":false},"excerpt":{"rendered":"<ul>\n<li>Brugervenlig, enkeltsidet ID-kortprinter<\/li>\n<li>Udskrivningshastighed p\u00e5 700 kort\/time (sort\/hvid) eller 180 kort\/time (YMCKO)<\/li>\n<li>Udskriver i standard CR80-kortst\u00f8rrelse, inklusive PVC, PET, ABS og komposit-PVC<\/li>\n<li>Mulighed for at udskrive fra smartphone og tablet<\/li>\n<li>Magnetisk stribe-encoder inkluderet<\/li>\n<li>Intern USB-port med Ethernet-forbindelse<\/li>\n<li>Producentens varenummer: ZN2-0002<\/li>\n<li>V\u00e6gt: 8,00 kg<\/li>\n<\/ul>","protected":false},"featured_media":164746,"template":"","meta":{"_acf_changed":false},"product_brand":[],"product_cat":[3205],"product_tag":[],"class_list":{"0":"post-164751","1":"product","2":"type-product","3":"status-publish","4":"has-post-thumbnail","6":"product_cat-evolis","7":"product_shipping_class-tunga-paket","8":"pa_brands-evolis","9":"tm-no-options","11":"first","12":"instock","13":"sale","14":"taxable","15":"shipping-taxable","16":"purchasable","17":"product-type-simple"},"acf":[],"_links":{"self":[{"href":"https:\/\/secureus.se\/dk\/wp-json\/wp\/v2\/product\/164751","targetHints":{"allow":["GET"]}}],"collection":[{"href":"https:\/\/secureus.se\/dk\/wp-json\/wp\/v2\/product"}],"about":[{"href":"https:\/\/secureus.se\/dk\/wp-json\/wp\/v2\/types\/product"}],"wp:featuredmedia":[{"embeddable":true,"href":"https:\/\/secureus.se\/dk\/wp-json\/wp\/v2\/media\/164746"}],"wp:attachment":[{"href":"https:\/\/secureus.se\/dk\/wp-json\/wp\/v2\/media?parent=164751"}],"wp:term":[{"taxonomy":"product_brand","embeddable":true,"href":"https:\/\/secureus.se\/dk\/wp-json\/wp\/v2\/product_brand?post=164751"},{"taxonomy":"product_cat","embeddable":true,"href":"https:\/\/secureus.se\/dk\/wp-json\/wp\/v2\/product_cat?post=164751"},{"taxonomy":"product_tag","embeddable":true,"href":"https:\/\/secureus.se\/dk\/wp-json\/wp\/v2\/product_tag?post=164751"}],"curies":[{"name":"wp","href":"https:\/\/api.w.org\/{rel}","templated":true}]}}